{"id":47296,"date":"2021-09-26T14:00:08","date_gmt":"2021-09-26T12:00:08","guid":{"rendered":"https:\/\/www.uhl-menu.com\/gtc\/"},"modified":"2026-01-31T15:07:10","modified_gmt":"2026-01-31T14:07:10","slug":"gtc","status":"publish","type":"page","link":"https:\/\/www.uhl-menu.com\/it\/gtc\/","title":{"rendered":"Termini e condizioni generali"},"content":{"rendered":"","protected":false},"excerpt":{"rendered":"","protected":false},"author":1,"featured_media":0,"parent":0,"menu_order":20,"comment_status":"closed","ping_status":"closed","template":"","meta":{"_acf_changed":false,"footnotes":""},"class_list":["post-47296","page","type-page","status-publish","hentry"],"acf":[],"yoast_head":"<!-- This site is optimized with the Yoast SEO plugin v26.0 - https:\/\/yoast.com\/wordpress\/plugins\/seo\/ -->\n<title>\u1455\u2776\u1450 Termini e condizioni generali - \u27a1\ufe0f menu de Uhl<\/title>\n<meta name=\"description\" content=\"\u276d\u276d\u276d Hochwertige Speisekarten und Getr\u00e4nkekarten von UHL \u27a1\ufe0f Handgefertigte Spitzenqualti\u00e4t \u2705 Veredeln Sie Ihre Marke \u2705\" \/>\n<meta name=\"robots\" content=\"index, follow, max-snippet:-1, max-image-preview:large, max-video-preview:-1\" \/>\n<link rel=\"canonical\" href=\"https:\/\/www.uhl-menu.com\/it\/gtc\/\" \/>\n<meta property=\"og:locale\" content=\"it_IT\" \/>\n<meta property=\"og:type\" content=\"article\" \/>\n<meta property=\"og:title\" content=\"\u1455\u2776\u1450 Termini e condizioni generali - \u27a1\ufe0f menu de Uhl\" \/>\n<meta property=\"og:description\" content=\"\u276d\u276d\u276d Hochwertige Speisekarten und Getr\u00e4nkekarten von UHL \u27a1\ufe0f Handgefertigte Spitzenqualti\u00e4t \u2705 Veredeln Sie Ihre Marke \u2705\" \/>\n<meta property=\"og:url\" content=\"https:\/\/www.uhl-menu.com\/it\/gtc\/\" \/>\n<meta property=\"og:site_name\" content=\"menu de Uhl\" \/>\n<meta property=\"article:publisher\" content=\"https:\/\/www.facebook.com\/uhlspeisekarten\" \/>\n<meta property=\"article:modified_time\" content=\"2026-01-31T14:07:10+00:00\" \/>\n<meta name=\"twitter:card\" content=\"summary_large_image\" \/>\n<script type=\"application\/ld+json\" class=\"yoast-schema-graph\">{\"@context\":\"https:\/\/schema.org\",\"@graph\":[{\"@type\":\"WebPage\",\"@id\":\"https:\/\/www.uhl-menu.com\/it\/gtc\/\",\"url\":\"https:\/\/www.uhl-menu.com\/it\/gtc\/\",\"name\":\"\u1455\u2776\u1450 Termini e condizioni generali - \u27a1\ufe0f menu de Uhl\",\"isPartOf\":{\"@id\":\"https:\/\/www.uhl-menu.com\/it\/#website\"},\"datePublished\":\"2021-09-26T12:00:08+00:00\",\"dateModified\":\"2026-01-31T14:07:10+00:00\",\"description\":\"\u276d\u276d\u276d Hochwertige Speisekarten und Getr\u00e4nkekarten von UHL \u27a1\ufe0f Handgefertigte Spitzenqualti\u00e4t \u2705 Veredeln Sie Ihre Marke \u2705\",\"breadcrumb\":{\"@id\":\"https:\/\/www.uhl-menu.com\/it\/gtc\/#breadcrumb\"},\"inLanguage\":\"it-IT\",\"potentialAction\":[{\"@type\":\"ReadAction\",\"target\":[\"https:\/\/www.uhl-menu.com\/it\/gtc\/\"]}]},{\"@type\":\"BreadcrumbList\",\"@id\":\"https:\/\/www.uhl-menu.com\/it\/gtc\/#breadcrumb\",\"itemListElement\":[{\"@type\":\"ListItem\",\"position\":1,\"name\":\"Startseite\",\"item\":\"https:\/\/www.uhl-menu.com\/it\/\"},{\"@type\":\"ListItem\",\"position\":2,\"name\":\"Termini e condizioni generali\"}]},{\"@type\":\"WebSite\",\"@id\":\"https:\/\/www.uhl-menu.com\/it\/#website\",\"url\":\"https:\/\/www.uhl-menu.com\/it\/\",\"name\":\"menu de Uhl\",\"description\":\"e fabricant de menus UHL, fond\u00e9 en 1982, s&#039;est donn\u00e9 d\u00e8s ses d\u00e9buts pour mission de se sp\u00e9cialiser dans les menus et les cartes des vins.\",\"publisher\":{\"@id\":\"https:\/\/www.uhl-menu.com\/it\/#organization\"},\"potentialAction\":[{\"@type\":\"SearchAction\",\"target\":{\"@type\":\"EntryPoint\",\"urlTemplate\":\"https:\/\/www.uhl-menu.com\/it\/?s={search_term_string}\"},\"query-input\":{\"@type\":\"PropertyValueSpecification\",\"valueRequired\":true,\"valueName\":\"search_term_string\"}}],\"inLanguage\":\"it-IT\"},{\"@type\":\"Organization\",\"@id\":\"https:\/\/www.uhl-menu.com\/it\/#organization\",\"name\":\"menu de Uhl\",\"url\":\"https:\/\/www.uhl-menu.com\/it\/\",\"logo\":{\"@type\":\"ImageObject\",\"inLanguage\":\"it-IT\",\"@id\":\"https:\/\/www.uhl-menu.com\/it\/#\/schema\/logo\/image\/\",\"url\":\"https:\/\/www.uhl-menu.com\/wp-content\/uploads\/uhl-logo.png\",\"contentUrl\":\"https:\/\/www.uhl-menu.com\/wp-content\/uploads\/uhl-logo.png\",\"width\":66,\"height\":41,\"caption\":\"menu de Uhl\"},\"image\":{\"@id\":\"https:\/\/www.uhl-menu.com\/it\/#\/schema\/logo\/image\/\"},\"sameAs\":[\"https:\/\/www.facebook.com\/uhlspeisekarten\",\"https:\/\/www.youtube.com\/channel\/UCz6fCHDC_EvIaFfibirEF8A\/videos\"]}]}<\/script>\n<!-- \/ Yoast SEO plugin. -->","yoast_head_json":{"title":"\u1455\u2776\u1450 Termini e condizioni generali - \u27a1\ufe0f menu de Uhl","description":"\u276d\u276d\u276d Hochwertige Speisekarten und Getr\u00e4nkekarten von UHL \u27a1\ufe0f Handgefertigte Spitzenqualti\u00e4t \u2705 Veredeln Sie Ihre Marke \u2705","robots":{"index":"index","follow":"follow","max-snippet":"max-snippet:-1","max-image-preview":"max-image-preview:large","max-video-preview":"max-video-preview:-1"},"canonical":"https:\/\/www.uhl-menu.com\/it\/gtc\/","og_locale":"it_IT","og_type":"article","og_title":"\u1455\u2776\u1450 Termini e condizioni generali - \u27a1\ufe0f menu de Uhl","og_description":"\u276d\u276d\u276d Hochwertige Speisekarten und Getr\u00e4nkekarten von UHL \u27a1\ufe0f Handgefertigte Spitzenqualti\u00e4t \u2705 Veredeln Sie Ihre Marke \u2705","og_url":"https:\/\/www.uhl-menu.com\/it\/gtc\/","og_site_name":"menu de Uhl","article_publisher":"https:\/\/www.facebook.com\/uhlspeisekarten","article_modified_time":"2026-01-31T14:07:10+00:00","twitter_card":"summary_large_image","schema":{"@context":"https:\/\/schema.org","@graph":[{"@type":"WebPage","@id":"https:\/\/www.uhl-menu.com\/it\/gtc\/","url":"https:\/\/www.uhl-menu.com\/it\/gtc\/","name":"\u1455\u2776\u1450 Termini e condizioni generali - \u27a1\ufe0f menu de Uhl","isPartOf":{"@id":"https:\/\/www.uhl-menu.com\/it\/#website"},"datePublished":"2021-09-26T12:00:08+00:00","dateModified":"2026-01-31T14:07:10+00:00","description":"\u276d\u276d\u276d Hochwertige Speisekarten und Getr\u00e4nkekarten von UHL \u27a1\ufe0f Handgefertigte Spitzenqualti\u00e4t \u2705 Veredeln Sie Ihre Marke \u2705","breadcrumb":{"@id":"https:\/\/www.uhl-menu.com\/it\/gtc\/#breadcrumb"},"inLanguage":"it-IT","potentialAction":[{"@type":"ReadAction","target":["https:\/\/www.uhl-menu.com\/it\/gtc\/"]}]},{"@type":"BreadcrumbList","@id":"https:\/\/www.uhl-menu.com\/it\/gtc\/#breadcrumb","itemListElement":[{"@type":"ListItem","position":1,"name":"Startseite","item":"https:\/\/www.uhl-menu.com\/it\/"},{"@type":"ListItem","position":2,"name":"Termini e condizioni generali"}]},{"@type":"WebSite","@id":"https:\/\/www.uhl-menu.com\/it\/#website","url":"https:\/\/www.uhl-menu.com\/it\/","name":"menu de Uhl","description":"e fabricant de menus UHL, fond\u00e9 en 1982, s&#039;est donn\u00e9 d\u00e8s ses d\u00e9buts pour mission de se sp\u00e9cialiser dans les menus et les cartes des vins.","publisher":{"@id":"https:\/\/www.uhl-menu.com\/it\/#organization"},"potentialAction":[{"@type":"SearchAction","target":{"@type":"EntryPoint","urlTemplate":"https:\/\/www.uhl-menu.com\/it\/?s={search_term_string}"},"query-input":{"@type":"PropertyValueSpecification","valueRequired":true,"valueName":"search_term_string"}}],"inLanguage":"it-IT"},{"@type":"Organization","@id":"https:\/\/www.uhl-menu.com\/it\/#organization","name":"menu de Uhl","url":"https:\/\/www.uhl-menu.com\/it\/","logo":{"@type":"ImageObject","inLanguage":"it-IT","@id":"https:\/\/www.uhl-menu.com\/it\/#\/schema\/logo\/image\/","url":"https:\/\/www.uhl-menu.com\/wp-content\/uploads\/uhl-logo.png","contentUrl":"https:\/\/www.uhl-menu.com\/wp-content\/uploads\/uhl-logo.png","width":66,"height":41,"caption":"menu de Uhl"},"image":{"@id":"https:\/\/www.uhl-menu.com\/it\/#\/schema\/logo\/image\/"},"sameAs":["https:\/\/www.facebook.com\/uhlspeisekarten","https:\/\/www.youtube.com\/channel\/UCz6fCHDC_EvIaFfibirEF8A\/videos"]}]}},"_links":{"self":[{"href":"https:\/\/www.uhl-menu.com\/it\/wp-json\/wp\/v2\/pages\/47296","targetHints":{"allow":["GET"]}}],"collection":[{"href":"https:\/\/www.uhl-menu.com\/it\/wp-json\/wp\/v2\/pages"}],"about":[{"href":"https:\/\/www.uhl-menu.com\/it\/wp-json\/wp\/v2\/types\/page"}],"author":[{"embeddable":true,"href":"https:\/\/www.uhl-menu.com\/it\/wp-json\/wp\/v2\/users\/1"}],"replies":[{"embeddable":true,"href":"https:\/\/www.uhl-menu.com\/it\/wp-json\/wp\/v2\/comments?post=47296"}],"version-history":[{"count":2,"href":"https:\/\/www.uhl-menu.com\/it\/wp-json\/wp\/v2\/pages\/47296\/revisions"}],"predecessor-version":[{"id":79412,"href":"https:\/\/www.uhl-menu.com\/it\/wp-json\/wp\/v2\/pages\/47296\/revisions\/79412"}],"wp:attachment":[{"href":"https:\/\/www.uhl-menu.com\/it\/wp-json\/wp\/v2\/media?parent=47296"}],"curies":[{"name":"wp","href":"https:\/\/api.w.org\/{rel}","templated":true}]}}