{"id":47313,"date":"2021-09-26T16:54:56","date_gmt":"2021-09-26T14:54:56","guid":{"rendered":"https:\/\/www.uhl-menu.com\/menu-delle-bevande\/"},"modified":"2025-03-17T14:02:38","modified_gmt":"2025-03-17T13:02:38","slug":"menu-delle-bevande","status":"publish","type":"page","link":"https:\/\/www.uhl-menu.com\/it\/menu-delle-bevande\/","title":{"rendered":"Menu delle bevande"},"content":{"rendered":"","protected":false},"excerpt":{"rendered":"","protected":false},"author":1,"featured_media":47277,"parent":0,"menu_order":5,"comment_status":"closed","ping_status":"closed","template":"","meta":{"_acf_changed":false,"footnotes":""},"class_list":["post-47313","page","type-page","status-publish","has-post-thumbnail","hentry"],"acf":[],"yoast_head":"<!-- This site is optimized with the Yoast SEO plugin v26.0 - https:\/\/yoast.com\/wordpress\/plugins\/seo\/ -->\n<title>\u1455\u2776\u1450 Menu per bevande di UHL \u27a1\ufe0f Realizzato a mano di alta qualit\u00e0<\/title>\n<meta name=\"description\" content=\"Men\u00f9 per bevande di alta qualit\u00e0 di UHL \u27a1\ufe0f Qualit\u00e0 superiore fatta a mano \u2705 Perfeziona il tuo marchio \u2705 Richiedi un campione ORA\" \/>\n<meta name=\"robots\" content=\"index, follow, max-snippet:-1, max-image-preview:large, max-video-preview:-1\" \/>\n<link rel=\"canonical\" href=\"https:\/\/www.uhl-menu.com\/it\/menu-delle-bevande\/\" \/>\n<meta property=\"og:locale\" content=\"it_IT\" \/>\n<meta property=\"og:type\" content=\"article\" \/>\n<meta property=\"og:title\" content=\"\u1455\u2776\u1450 Menu per bevande di UHL \u27a1\ufe0f Realizzato a mano di alta qualit\u00e0\" \/>\n<meta property=\"og:description\" content=\"Men\u00f9 per bevande di alta qualit\u00e0 di UHL \u27a1\ufe0f Qualit\u00e0 superiore fatta a mano \u2705 Perfeziona il tuo marchio \u2705 Richiedi un campione ORA\" \/>\n<meta property=\"og:url\" content=\"https:\/\/www.uhl-menu.com\/it\/menu-delle-bevande\/\" \/>\n<meta property=\"og:site_name\" content=\"menu de Uhl\" \/>\n<meta property=\"article:publisher\" content=\"https:\/\/www.facebook.com\/uhlspeisekarten\" \/>\n<meta property=\"article:modified_time\" content=\"2025-03-17T13:02:38+00:00\" \/>\n<meta property=\"og:image\" content=\"https:\/\/www.uhl-menu.com\/wp-content\/uploads\/uebersicht-getraenkekarten.jpg\" \/>\n\t<meta property=\"og:image:width\" content=\"800\" \/>\n\t<meta property=\"og:image:height\" content=\"556\" \/>\n\t<meta property=\"og:image:type\" content=\"image\/jpeg\" \/>\n<meta name=\"twitter:card\" content=\"summary_large_image\" \/>\n<script type=\"application\/ld+json\" class=\"yoast-schema-graph\">{\"@context\":\"https:\/\/schema.org\",\"@graph\":[{\"@type\":\"WebPage\",\"@id\":\"https:\/\/www.uhl-menu.com\/it\/menu-delle-bevande\/\",\"url\":\"https:\/\/www.uhl-menu.com\/it\/menu-delle-bevande\/\",\"name\":\"\u1455\u2776\u1450 Menu per bevande di UHL \u27a1\ufe0f Realizzato a mano di alta qualit\u00e0\",\"isPartOf\":{\"@id\":\"https:\/\/www.uhl-menu.com\/it\/#website\"},\"primaryImageOfPage\":{\"@id\":\"https:\/\/www.uhl-menu.com\/it\/menu-delle-bevande\/#primaryimage\"},\"image\":{\"@id\":\"https:\/\/www.uhl-menu.com\/it\/menu-delle-bevande\/#primaryimage\"},\"thumbnailUrl\":\"https:\/\/www.uhl-menu.com\/wp-content\/uploads\/uebersicht-getraenkekarten.jpg\",\"datePublished\":\"2021-09-26T14:54:56+00:00\",\"dateModified\":\"2025-03-17T13:02:38+00:00\",\"description\":\"Men\u00f9 per bevande di alta qualit\u00e0 di UHL \u27a1\ufe0f Qualit\u00e0 superiore fatta a mano \u2705 Perfeziona il tuo marchio \u2705 Richiedi un campione ORA\",\"breadcrumb\":{\"@id\":\"https:\/\/www.uhl-menu.com\/it\/menu-delle-bevande\/#breadcrumb\"},\"inLanguage\":\"it-IT\",\"potentialAction\":[{\"@type\":\"ReadAction\",\"target\":[\"https:\/\/www.uhl-menu.com\/it\/menu-delle-bevande\/\"]}]},{\"@type\":\"ImageObject\",\"inLanguage\":\"it-IT\",\"@id\":\"https:\/\/www.uhl-menu.com\/it\/menu-delle-bevande\/#primaryimage\",\"url\":\"https:\/\/www.uhl-menu.com\/wp-content\/uploads\/uebersicht-getraenkekarten.jpg\",\"contentUrl\":\"https:\/\/www.uhl-menu.com\/wp-content\/uploads\/uebersicht-getraenkekarten.jpg\",\"width\":800,\"height\":556},{\"@type\":\"BreadcrumbList\",\"@id\":\"https:\/\/www.uhl-menu.com\/it\/menu-delle-bevande\/#breadcrumb\",\"itemListElement\":[{\"@type\":\"ListItem\",\"position\":1,\"name\":\"Startseite\",\"item\":\"https:\/\/www.uhl-menu.com\/it\/\"},{\"@type\":\"ListItem\",\"position\":2,\"name\":\"Menu delle bevande\"}]},{\"@type\":\"WebSite\",\"@id\":\"https:\/\/www.uhl-menu.com\/it\/#website\",\"url\":\"https:\/\/www.uhl-menu.com\/it\/\",\"name\":\"menu de Uhl\",\"description\":\"e fabricant de menus UHL, fond\u00e9 en 1982, s&#039;est donn\u00e9 d\u00e8s ses d\u00e9buts pour mission de se sp\u00e9cialiser dans les menus et les cartes des vins.\",\"publisher\":{\"@id\":\"https:\/\/www.uhl-menu.com\/it\/#organization\"},\"potentialAction\":[{\"@type\":\"SearchAction\",\"target\":{\"@type\":\"EntryPoint\",\"urlTemplate\":\"https:\/\/www.uhl-menu.com\/it\/?s={search_term_string}\"},\"query-input\":{\"@type\":\"PropertyValueSpecification\",\"valueRequired\":true,\"valueName\":\"search_term_string\"}}],\"inLanguage\":\"it-IT\"},{\"@type\":\"Organization\",\"@id\":\"https:\/\/www.uhl-menu.com\/it\/#organization\",\"name\":\"menu de Uhl\",\"url\":\"https:\/\/www.uhl-menu.com\/it\/\",\"logo\":{\"@type\":\"ImageObject\",\"inLanguage\":\"it-IT\",\"@id\":\"https:\/\/www.uhl-menu.com\/it\/#\/schema\/logo\/image\/\",\"url\":\"https:\/\/www.uhl-menu.com\/wp-content\/uploads\/uhl-logo.png\",\"contentUrl\":\"https:\/\/www.uhl-menu.com\/wp-content\/uploads\/uhl-logo.png\",\"width\":66,\"height\":41,\"caption\":\"menu de Uhl\"},\"image\":{\"@id\":\"https:\/\/www.uhl-menu.com\/it\/#\/schema\/logo\/image\/\"},\"sameAs\":[\"https:\/\/www.facebook.com\/uhlspeisekarten\",\"https:\/\/www.youtube.com\/channel\/UCz6fCHDC_EvIaFfibirEF8A\/videos\"]}]}<\/script>\n<!-- \/ Yoast SEO plugin. -->","yoast_head_json":{"title":"\u1455\u2776\u1450 Menu per bevande di UHL \u27a1\ufe0f Realizzato a mano di alta qualit\u00e0","description":"Men\u00f9 per bevande di alta qualit\u00e0 di UHL \u27a1\ufe0f Qualit\u00e0 superiore fatta a mano \u2705 Perfeziona il tuo marchio \u2705 Richiedi un campione ORA","robots":{"index":"index","follow":"follow","max-snippet":"max-snippet:-1","max-image-preview":"max-image-preview:large","max-video-preview":"max-video-preview:-1"},"canonical":"https:\/\/www.uhl-menu.com\/it\/menu-delle-bevande\/","og_locale":"it_IT","og_type":"article","og_title":"\u1455\u2776\u1450 Menu per bevande di UHL \u27a1\ufe0f Realizzato a mano di alta qualit\u00e0","og_description":"Men\u00f9 per bevande di alta qualit\u00e0 di UHL \u27a1\ufe0f Qualit\u00e0 superiore fatta a mano \u2705 Perfeziona il tuo marchio \u2705 Richiedi un campione ORA","og_url":"https:\/\/www.uhl-menu.com\/it\/menu-delle-bevande\/","og_site_name":"menu de Uhl","article_publisher":"https:\/\/www.facebook.com\/uhlspeisekarten","article_modified_time":"2025-03-17T13:02:38+00:00","og_image":[{"width":800,"height":556,"url":"https:\/\/www.uhl-menu.com\/wp-content\/uploads\/uebersicht-getraenkekarten.jpg","type":"image\/jpeg"}],"twitter_card":"summary_large_image","schema":{"@context":"https:\/\/schema.org","@graph":[{"@type":"WebPage","@id":"https:\/\/www.uhl-menu.com\/it\/menu-delle-bevande\/","url":"https:\/\/www.uhl-menu.com\/it\/menu-delle-bevande\/","name":"\u1455\u2776\u1450 Menu per bevande di UHL \u27a1\ufe0f Realizzato a mano di alta qualit\u00e0","isPartOf":{"@id":"https:\/\/www.uhl-menu.com\/it\/#website"},"primaryImageOfPage":{"@id":"https:\/\/www.uhl-menu.com\/it\/menu-delle-bevande\/#primaryimage"},"image":{"@id":"https:\/\/www.uhl-menu.com\/it\/menu-delle-bevande\/#primaryimage"},"thumbnailUrl":"https:\/\/www.uhl-menu.com\/wp-content\/uploads\/uebersicht-getraenkekarten.jpg","datePublished":"2021-09-26T14:54:56+00:00","dateModified":"2025-03-17T13:02:38+00:00","description":"Men\u00f9 per bevande di alta qualit\u00e0 di UHL \u27a1\ufe0f Qualit\u00e0 superiore fatta a mano \u2705 Perfeziona il tuo marchio \u2705 Richiedi un campione ORA","breadcrumb":{"@id":"https:\/\/www.uhl-menu.com\/it\/menu-delle-bevande\/#breadcrumb"},"inLanguage":"it-IT","potentialAction":[{"@type":"ReadAction","target":["https:\/\/www.uhl-menu.com\/it\/menu-delle-bevande\/"]}]},{"@type":"ImageObject","inLanguage":"it-IT","@id":"https:\/\/www.uhl-menu.com\/it\/menu-delle-bevande\/#primaryimage","url":"https:\/\/www.uhl-menu.com\/wp-content\/uploads\/uebersicht-getraenkekarten.jpg","contentUrl":"https:\/\/www.uhl-menu.com\/wp-content\/uploads\/uebersicht-getraenkekarten.jpg","width":800,"height":556},{"@type":"BreadcrumbList","@id":"https:\/\/www.uhl-menu.com\/it\/menu-delle-bevande\/#breadcrumb","itemListElement":[{"@type":"ListItem","position":1,"name":"Startseite","item":"https:\/\/www.uhl-menu.com\/it\/"},{"@type":"ListItem","position":2,"name":"Menu delle bevande"}]},{"@type":"WebSite","@id":"https:\/\/www.uhl-menu.com\/it\/#website","url":"https:\/\/www.uhl-menu.com\/it\/","name":"menu de Uhl","description":"e fabricant de menus UHL, fond\u00e9 en 1982, s&#039;est donn\u00e9 d\u00e8s ses d\u00e9buts pour mission de se sp\u00e9cialiser dans les menus et les cartes des vins.","publisher":{"@id":"https:\/\/www.uhl-menu.com\/it\/#organization"},"potentialAction":[{"@type":"SearchAction","target":{"@type":"EntryPoint","urlTemplate":"https:\/\/www.uhl-menu.com\/it\/?s={search_term_string}"},"query-input":{"@type":"PropertyValueSpecification","valueRequired":true,"valueName":"search_term_string"}}],"inLanguage":"it-IT"},{"@type":"Organization","@id":"https:\/\/www.uhl-menu.com\/it\/#organization","name":"menu de Uhl","url":"https:\/\/www.uhl-menu.com\/it\/","logo":{"@type":"ImageObject","inLanguage":"it-IT","@id":"https:\/\/www.uhl-menu.com\/it\/#\/schema\/logo\/image\/","url":"https:\/\/www.uhl-menu.com\/wp-content\/uploads\/uhl-logo.png","contentUrl":"https:\/\/www.uhl-menu.com\/wp-content\/uploads\/uhl-logo.png","width":66,"height":41,"caption":"menu de Uhl"},"image":{"@id":"https:\/\/www.uhl-menu.com\/it\/#\/schema\/logo\/image\/"},"sameAs":["https:\/\/www.facebook.com\/uhlspeisekarten","https:\/\/www.youtube.com\/channel\/UCz6fCHDC_EvIaFfibirEF8A\/videos"]}]}},"_links":{"self":[{"href":"https:\/\/www.uhl-menu.com\/it\/wp-json\/wp\/v2\/pages\/47313","targetHints":{"allow":["GET"]}}],"collection":[{"href":"https:\/\/www.uhl-menu.com\/it\/wp-json\/wp\/v2\/pages"}],"about":[{"href":"https:\/\/www.uhl-menu.com\/it\/wp-json\/wp\/v2\/types\/page"}],"author":[{"embeddable":true,"href":"https:\/\/www.uhl-menu.com\/it\/wp-json\/wp\/v2\/users\/1"}],"replies":[{"embeddable":true,"href":"https:\/\/www.uhl-menu.com\/it\/wp-json\/wp\/v2\/comments?post=47313"}],"version-history":[{"count":1,"href":"https:\/\/www.uhl-menu.com\/it\/wp-json\/wp\/v2\/pages\/47313\/revisions"}],"predecessor-version":[{"id":47314,"href":"https:\/\/www.uhl-menu.com\/it\/wp-json\/wp\/v2\/pages\/47313\/revisions\/47314"}],"wp:featuredmedia":[{"embeddable":true,"href":"https:\/\/www.uhl-menu.com\/it\/wp-json\/wp\/v2\/media\/47277"}],"wp:attachment":[{"href":"https:\/\/www.uhl-menu.com\/it\/wp-json\/wp\/v2\/media?parent=47313"}],"curies":[{"name":"wp","href":"https:\/\/api.w.org\/{rel}","templated":true}]}}