{"id":47317,"date":"2021-09-26T21:23:30","date_gmt":"2021-09-26T19:23:30","guid":{"rendered":"https:\/\/www.uhl-menu.com\/schede\/"},"modified":"2025-03-17T14:02:38","modified_gmt":"2025-03-17T13:02:38","slug":"schede","status":"publish","type":"page","link":"https:\/\/www.uhl-menu.com\/it\/schede\/","title":{"rendered":"Schede"},"content":{"rendered":"","protected":false},"excerpt":{"rendered":"","protected":false},"author":1,"featured_media":47320,"parent":0,"menu_order":8,"comment_status":"closed","ping_status":"closed","template":"","meta":{"_acf_changed":false,"footnotes":""},"class_list":["post-47317","page","type-page","status-publish","has-post-thumbnail","hentry"],"acf":[],"yoast_head":"<!-- This site is optimized with the Yoast SEO plugin v26.0 - https:\/\/yoast.com\/wordpress\/plugins\/seo\/ -->\n<title>\u1455\u2776\u1450 UHL clipboard \u27a1\ufe0f Presentazione elegante del menu!<\/title>\n<meta name=\"description\" content=\"Cartelloni e lavagne di alta qualit\u00e0 di UHL \u27a1\ufe0f Per la presentazione del tuo menu \u2705 Per perfezionare il tuo marchio \u2705 Richiedi subito un campione\" \/>\n<meta name=\"robots\" content=\"index, follow, max-snippet:-1, max-image-preview:large, max-video-preview:-1\" \/>\n<link rel=\"canonical\" href=\"https:\/\/www.uhl-menu.com\/it\/schede\/\" \/>\n<meta property=\"og:locale\" content=\"it_IT\" \/>\n<meta property=\"og:type\" content=\"article\" \/>\n<meta property=\"og:title\" content=\"\u1455\u2776\u1450 UHL clipboard \u27a1\ufe0f Presentazione elegante del menu!\" \/>\n<meta property=\"og:description\" content=\"Cartelloni e lavagne di alta qualit\u00e0 di UHL \u27a1\ufe0f Per la presentazione del tuo menu \u2705 Per perfezionare il tuo marchio \u2705 Richiedi subito un campione\" \/>\n<meta property=\"og:url\" content=\"https:\/\/www.uhl-menu.com\/it\/schede\/\" \/>\n<meta property=\"og:site_name\" content=\"menu de Uhl\" \/>\n<meta property=\"article:publisher\" content=\"https:\/\/www.facebook.com\/uhlspeisekarten\" \/>\n<meta property=\"article:modified_time\" content=\"2025-03-17T13:02:38+00:00\" \/>\n<meta property=\"og:image\" content=\"https:\/\/www.uhl-menu.com\/wp-content\/uploads\/uebersicht-klemmbretter.jpg\" \/>\n\t<meta property=\"og:image:width\" content=\"800\" \/>\n\t<meta property=\"og:image:height\" content=\"556\" \/>\n\t<meta property=\"og:image:type\" content=\"image\/jpeg\" \/>\n<meta name=\"twitter:card\" content=\"summary_large_image\" \/>\n<script type=\"application\/ld+json\" class=\"yoast-schema-graph\">{\"@context\":\"https:\/\/schema.org\",\"@graph\":[{\"@type\":\"WebPage\",\"@id\":\"https:\/\/www.uhl-menu.com\/it\/schede\/\",\"url\":\"https:\/\/www.uhl-menu.com\/it\/schede\/\",\"name\":\"\u1455\u2776\u1450 UHL clipboard \u27a1\ufe0f Presentazione elegante del menu!\",\"isPartOf\":{\"@id\":\"https:\/\/www.uhl-menu.com\/it\/#website\"},\"primaryImageOfPage\":{\"@id\":\"https:\/\/www.uhl-menu.com\/it\/schede\/#primaryimage\"},\"image\":{\"@id\":\"https:\/\/www.uhl-menu.com\/it\/schede\/#primaryimage\"},\"thumbnailUrl\":\"https:\/\/www.uhl-menu.com\/wp-content\/uploads\/uebersicht-klemmbretter.jpg\",\"datePublished\":\"2021-09-26T19:23:30+00:00\",\"dateModified\":\"2025-03-17T13:02:38+00:00\",\"description\":\"Cartelloni e lavagne di alta qualit\u00e0 di UHL \u27a1\ufe0f Per la presentazione del tuo menu \u2705 Per perfezionare il tuo marchio \u2705 Richiedi subito un campione\",\"breadcrumb\":{\"@id\":\"https:\/\/www.uhl-menu.com\/it\/schede\/#breadcrumb\"},\"inLanguage\":\"it-IT\",\"potentialAction\":[{\"@type\":\"ReadAction\",\"target\":[\"https:\/\/www.uhl-menu.com\/it\/schede\/\"]}]},{\"@type\":\"ImageObject\",\"inLanguage\":\"it-IT\",\"@id\":\"https:\/\/www.uhl-menu.com\/it\/schede\/#primaryimage\",\"url\":\"https:\/\/www.uhl-menu.com\/wp-content\/uploads\/uebersicht-klemmbretter.jpg\",\"contentUrl\":\"https:\/\/www.uhl-menu.com\/wp-content\/uploads\/uebersicht-klemmbretter.jpg\",\"width\":800,\"height\":556},{\"@type\":\"BreadcrumbList\",\"@id\":\"https:\/\/www.uhl-menu.com\/it\/schede\/#breadcrumb\",\"itemListElement\":[{\"@type\":\"ListItem\",\"position\":1,\"name\":\"Startseite\",\"item\":\"https:\/\/www.uhl-menu.com\/it\/\"},{\"@type\":\"ListItem\",\"position\":2,\"name\":\"Schede\"}]},{\"@type\":\"WebSite\",\"@id\":\"https:\/\/www.uhl-menu.com\/it\/#website\",\"url\":\"https:\/\/www.uhl-menu.com\/it\/\",\"name\":\"menu de Uhl\",\"description\":\"e fabricant de menus UHL, fond\u00e9 en 1982, s&#039;est donn\u00e9 d\u00e8s ses d\u00e9buts pour mission de se sp\u00e9cialiser dans les menus et les cartes des vins.\",\"publisher\":{\"@id\":\"https:\/\/www.uhl-menu.com\/it\/#organization\"},\"potentialAction\":[{\"@type\":\"SearchAction\",\"target\":{\"@type\":\"EntryPoint\",\"urlTemplate\":\"https:\/\/www.uhl-menu.com\/it\/?s={search_term_string}\"},\"query-input\":{\"@type\":\"PropertyValueSpecification\",\"valueRequired\":true,\"valueName\":\"search_term_string\"}}],\"inLanguage\":\"it-IT\"},{\"@type\":\"Organization\",\"@id\":\"https:\/\/www.uhl-menu.com\/it\/#organization\",\"name\":\"menu de Uhl\",\"url\":\"https:\/\/www.uhl-menu.com\/it\/\",\"logo\":{\"@type\":\"ImageObject\",\"inLanguage\":\"it-IT\",\"@id\":\"https:\/\/www.uhl-menu.com\/it\/#\/schema\/logo\/image\/\",\"url\":\"https:\/\/www.uhl-menu.com\/wp-content\/uploads\/uhl-logo.png\",\"contentUrl\":\"https:\/\/www.uhl-menu.com\/wp-content\/uploads\/uhl-logo.png\",\"width\":66,\"height\":41,\"caption\":\"menu de Uhl\"},\"image\":{\"@id\":\"https:\/\/www.uhl-menu.com\/it\/#\/schema\/logo\/image\/\"},\"sameAs\":[\"https:\/\/www.facebook.com\/uhlspeisekarten\",\"https:\/\/www.youtube.com\/channel\/UCz6fCHDC_EvIaFfibirEF8A\/videos\"]}]}<\/script>\n<!-- \/ Yoast SEO plugin. -->","yoast_head_json":{"title":"\u1455\u2776\u1450 UHL clipboard \u27a1\ufe0f Presentazione elegante del menu!","description":"Cartelloni e lavagne di alta qualit\u00e0 di UHL \u27a1\ufe0f Per la presentazione del tuo menu \u2705 Per perfezionare il tuo marchio \u2705 Richiedi subito un campione","robots":{"index":"index","follow":"follow","max-snippet":"max-snippet:-1","max-image-preview":"max-image-preview:large","max-video-preview":"max-video-preview:-1"},"canonical":"https:\/\/www.uhl-menu.com\/it\/schede\/","og_locale":"it_IT","og_type":"article","og_title":"\u1455\u2776\u1450 UHL clipboard \u27a1\ufe0f Presentazione elegante del menu!","og_description":"Cartelloni e lavagne di alta qualit\u00e0 di UHL \u27a1\ufe0f Per la presentazione del tuo menu \u2705 Per perfezionare il tuo marchio \u2705 Richiedi subito un campione","og_url":"https:\/\/www.uhl-menu.com\/it\/schede\/","og_site_name":"menu de Uhl","article_publisher":"https:\/\/www.facebook.com\/uhlspeisekarten","article_modified_time":"2025-03-17T13:02:38+00:00","og_image":[{"width":800,"height":556,"url":"https:\/\/www.uhl-menu.com\/wp-content\/uploads\/uebersicht-klemmbretter.jpg","type":"image\/jpeg"}],"twitter_card":"summary_large_image","schema":{"@context":"https:\/\/schema.org","@graph":[{"@type":"WebPage","@id":"https:\/\/www.uhl-menu.com\/it\/schede\/","url":"https:\/\/www.uhl-menu.com\/it\/schede\/","name":"\u1455\u2776\u1450 UHL clipboard \u27a1\ufe0f Presentazione elegante del menu!","isPartOf":{"@id":"https:\/\/www.uhl-menu.com\/it\/#website"},"primaryImageOfPage":{"@id":"https:\/\/www.uhl-menu.com\/it\/schede\/#primaryimage"},"image":{"@id":"https:\/\/www.uhl-menu.com\/it\/schede\/#primaryimage"},"thumbnailUrl":"https:\/\/www.uhl-menu.com\/wp-content\/uploads\/uebersicht-klemmbretter.jpg","datePublished":"2021-09-26T19:23:30+00:00","dateModified":"2025-03-17T13:02:38+00:00","description":"Cartelloni e lavagne di alta qualit\u00e0 di UHL \u27a1\ufe0f Per la presentazione del tuo menu \u2705 Per perfezionare il tuo marchio \u2705 Richiedi subito un campione","breadcrumb":{"@id":"https:\/\/www.uhl-menu.com\/it\/schede\/#breadcrumb"},"inLanguage":"it-IT","potentialAction":[{"@type":"ReadAction","target":["https:\/\/www.uhl-menu.com\/it\/schede\/"]}]},{"@type":"ImageObject","inLanguage":"it-IT","@id":"https:\/\/www.uhl-menu.com\/it\/schede\/#primaryimage","url":"https:\/\/www.uhl-menu.com\/wp-content\/uploads\/uebersicht-klemmbretter.jpg","contentUrl":"https:\/\/www.uhl-menu.com\/wp-content\/uploads\/uebersicht-klemmbretter.jpg","width":800,"height":556},{"@type":"BreadcrumbList","@id":"https:\/\/www.uhl-menu.com\/it\/schede\/#breadcrumb","itemListElement":[{"@type":"ListItem","position":1,"name":"Startseite","item":"https:\/\/www.uhl-menu.com\/it\/"},{"@type":"ListItem","position":2,"name":"Schede"}]},{"@type":"WebSite","@id":"https:\/\/www.uhl-menu.com\/it\/#website","url":"https:\/\/www.uhl-menu.com\/it\/","name":"menu de Uhl","description":"e fabricant de menus UHL, fond\u00e9 en 1982, s&#039;est donn\u00e9 d\u00e8s ses d\u00e9buts pour mission de se sp\u00e9cialiser dans les menus et les cartes des vins.","publisher":{"@id":"https:\/\/www.uhl-menu.com\/it\/#organization"},"potentialAction":[{"@type":"SearchAction","target":{"@type":"EntryPoint","urlTemplate":"https:\/\/www.uhl-menu.com\/it\/?s={search_term_string}"},"query-input":{"@type":"PropertyValueSpecification","valueRequired":true,"valueName":"search_term_string"}}],"inLanguage":"it-IT"},{"@type":"Organization","@id":"https:\/\/www.uhl-menu.com\/it\/#organization","name":"menu de Uhl","url":"https:\/\/www.uhl-menu.com\/it\/","logo":{"@type":"ImageObject","inLanguage":"it-IT","@id":"https:\/\/www.uhl-menu.com\/it\/#\/schema\/logo\/image\/","url":"https:\/\/www.uhl-menu.com\/wp-content\/uploads\/uhl-logo.png","contentUrl":"https:\/\/www.uhl-menu.com\/wp-content\/uploads\/uhl-logo.png","width":66,"height":41,"caption":"menu de Uhl"},"image":{"@id":"https:\/\/www.uhl-menu.com\/it\/#\/schema\/logo\/image\/"},"sameAs":["https:\/\/www.facebook.com\/uhlspeisekarten","https:\/\/www.youtube.com\/channel\/UCz6fCHDC_EvIaFfibirEF8A\/videos"]}]}},"_links":{"self":[{"href":"https:\/\/www.uhl-menu.com\/it\/wp-json\/wp\/v2\/pages\/47317","targetHints":{"allow":["GET"]}}],"collection":[{"href":"https:\/\/www.uhl-menu.com\/it\/wp-json\/wp\/v2\/pages"}],"about":[{"href":"https:\/\/www.uhl-menu.com\/it\/wp-json\/wp\/v2\/types\/page"}],"author":[{"embeddable":true,"href":"https:\/\/www.uhl-menu.com\/it\/wp-json\/wp\/v2\/users\/1"}],"replies":[{"embeddable":true,"href":"https:\/\/www.uhl-menu.com\/it\/wp-json\/wp\/v2\/comments?post=47317"}],"version-history":[{"count":1,"href":"https:\/\/www.uhl-menu.com\/it\/wp-json\/wp\/v2\/pages\/47317\/revisions"}],"predecessor-version":[{"id":47321,"href":"https:\/\/www.uhl-menu.com\/it\/wp-json\/wp\/v2\/pages\/47317\/revisions\/47321"}],"wp:featuredmedia":[{"embeddable":true,"href":"https:\/\/www.uhl-menu.com\/it\/wp-json\/wp\/v2\/media\/47320"}],"wp:attachment":[{"href":"https:\/\/www.uhl-menu.com\/it\/wp-json\/wp\/v2\/media?parent=47317"}],"curies":[{"name":"wp","href":"https:\/\/api.w.org\/{rel}","templated":true}]}}