{"id":47381,"date":"2021-09-26T16:30:34","date_gmt":"2021-09-26T14:30:34","guid":{"rendered":"https:\/\/www.uhl-menu.com\/menu\/"},"modified":"2026-01-20T13:07:41","modified_gmt":"2026-01-20T12:07:41","slug":"menu","status":"publish","type":"page","link":"https:\/\/www.uhl-menu.com\/it\/menu\/","title":{"rendered":"Menu"},"content":{"rendered":"","protected":false},"excerpt":{"rendered":"","protected":false},"author":1,"featured_media":47352,"parent":0,"menu_order":4,"comment_status":"closed","ping_status":"closed","template":"","meta":{"_acf_changed":false,"footnotes":""},"class_list":["post-47381","page","type-page","status-publish","has-post-thumbnail","hentry"],"acf":[],"yoast_head":"<!-- This site is optimized with the Yoast SEO plugin v26.0 - https:\/\/yoast.com\/wordpress\/plugins\/seo\/ -->\n<title>\u1455\u2776\u1450 Menus from UHL \u27a1\ufe0f Handmade top quality<\/title>\n<meta name=\"description\" content=\"\u276d\u276d\u276dHigh-quality menus from UHL \u27a1\ufe0f Handmade top quality \u2705 Enhance your brand \u2705 Request a sample NOW\" \/>\n<meta name=\"robots\" content=\"index, follow, max-snippet:-1, max-image-preview:large, max-video-preview:-1\" \/>\n<link rel=\"canonical\" href=\"https:\/\/www.uhl-menu.com\/it\/menu\/\" \/>\n<meta property=\"og:locale\" content=\"it_IT\" \/>\n<meta property=\"og:type\" content=\"article\" \/>\n<meta property=\"og:title\" content=\"\u1455\u2776\u1450 Menus from UHL \u27a1\ufe0f Handmade top quality\" \/>\n<meta property=\"og:description\" content=\"\u276d\u276d\u276dHigh-quality menus from UHL \u27a1\ufe0f Handmade top quality \u2705 Enhance your brand \u2705 Request a sample NOW\" \/>\n<meta property=\"og:url\" content=\"https:\/\/www.uhl-menu.com\/it\/menu\/\" \/>\n<meta property=\"og:site_name\" content=\"menu de Uhl\" \/>\n<meta property=\"article:publisher\" content=\"https:\/\/www.facebook.com\/uhlspeisekarten\" \/>\n<meta property=\"article:modified_time\" content=\"2026-01-20T12:07:41+00:00\" \/>\n<meta property=\"og:image\" content=\"https:\/\/www.uhl-menu.com\/wp-content\/uploads\/speisekarten-gastronomie-restaurants-4.jpg\" \/>\n\t<meta property=\"og:image:width\" content=\"2500\" \/>\n\t<meta property=\"og:image:height\" content=\"1715\" \/>\n\t<meta property=\"og:image:type\" content=\"image\/jpeg\" \/>\n<meta name=\"twitter:card\" content=\"summary_large_image\" \/>\n<meta name=\"twitter:label1\" content=\"Tempo di lettura stimato\" \/>\n\t<meta name=\"twitter:data1\" content=\"1 minuto\" \/>\n<script type=\"application\/ld+json\" class=\"yoast-schema-graph\">{\"@context\":\"https:\/\/schema.org\",\"@graph\":[{\"@type\":\"WebPage\",\"@id\":\"https:\/\/www.uhl-menu.com\/it\/menu\/\",\"url\":\"https:\/\/www.uhl-menu.com\/it\/menu\/\",\"name\":\"\u1455\u2776\u1450 Menus from UHL \u27a1\ufe0f Handmade top quality\",\"isPartOf\":{\"@id\":\"https:\/\/www.uhl-menu.com\/it\/#website\"},\"primaryImageOfPage\":{\"@id\":\"https:\/\/www.uhl-menu.com\/it\/menu\/#primaryimage\"},\"image\":{\"@id\":\"https:\/\/www.uhl-menu.com\/it\/menu\/#primaryimage\"},\"thumbnailUrl\":\"https:\/\/www.uhl-menu.com\/wp-content\/uploads\/speisekarten-gastronomie-restaurants-4.jpg\",\"datePublished\":\"2021-09-26T14:30:34+00:00\",\"dateModified\":\"2026-01-20T12:07:41+00:00\",\"description\":\"\u276d\u276d\u276dHigh-quality menus from UHL \u27a1\ufe0f Handmade top quality \u2705 Enhance your brand \u2705 Request a sample NOW\",\"breadcrumb\":{\"@id\":\"https:\/\/www.uhl-menu.com\/it\/menu\/#breadcrumb\"},\"inLanguage\":\"it-IT\",\"potentialAction\":[{\"@type\":\"ReadAction\",\"target\":[\"https:\/\/www.uhl-menu.com\/it\/menu\/\"]}]},{\"@type\":\"ImageObject\",\"inLanguage\":\"it-IT\",\"@id\":\"https:\/\/www.uhl-menu.com\/it\/menu\/#primaryimage\",\"url\":\"https:\/\/www.uhl-menu.com\/wp-content\/uploads\/speisekarten-gastronomie-restaurants-4.jpg\",\"contentUrl\":\"https:\/\/www.uhl-menu.com\/wp-content\/uploads\/speisekarten-gastronomie-restaurants-4.jpg\",\"width\":2500,\"height\":1715},{\"@type\":\"BreadcrumbList\",\"@id\":\"https:\/\/www.uhl-menu.com\/it\/menu\/#breadcrumb\",\"itemListElement\":[{\"@type\":\"ListItem\",\"position\":1,\"name\":\"Startseite\",\"item\":\"https:\/\/www.uhl-menu.com\/it\/\"},{\"@type\":\"ListItem\",\"position\":2,\"name\":\"Menu\"}]},{\"@type\":\"WebSite\",\"@id\":\"https:\/\/www.uhl-menu.com\/it\/#website\",\"url\":\"https:\/\/www.uhl-menu.com\/it\/\",\"name\":\"menu de Uhl\",\"description\":\"e fabricant de menus UHL, fond\u00e9 en 1982, s&#039;est donn\u00e9 d\u00e8s ses d\u00e9buts pour mission de se sp\u00e9cialiser dans les menus et les cartes des vins.\",\"publisher\":{\"@id\":\"https:\/\/www.uhl-menu.com\/it\/#organization\"},\"potentialAction\":[{\"@type\":\"SearchAction\",\"target\":{\"@type\":\"EntryPoint\",\"urlTemplate\":\"https:\/\/www.uhl-menu.com\/it\/?s={search_term_string}\"},\"query-input\":{\"@type\":\"PropertyValueSpecification\",\"valueRequired\":true,\"valueName\":\"search_term_string\"}}],\"inLanguage\":\"it-IT\"},{\"@type\":\"Organization\",\"@id\":\"https:\/\/www.uhl-menu.com\/it\/#organization\",\"name\":\"menu de Uhl\",\"url\":\"https:\/\/www.uhl-menu.com\/it\/\",\"logo\":{\"@type\":\"ImageObject\",\"inLanguage\":\"it-IT\",\"@id\":\"https:\/\/www.uhl-menu.com\/it\/#\/schema\/logo\/image\/\",\"url\":\"https:\/\/www.uhl-menu.com\/wp-content\/uploads\/uhl-logo.png\",\"contentUrl\":\"https:\/\/www.uhl-menu.com\/wp-content\/uploads\/uhl-logo.png\",\"width\":66,\"height\":41,\"caption\":\"menu de Uhl\"},\"image\":{\"@id\":\"https:\/\/www.uhl-menu.com\/it\/#\/schema\/logo\/image\/\"},\"sameAs\":[\"https:\/\/www.facebook.com\/uhlspeisekarten\",\"https:\/\/www.youtube.com\/channel\/UCz6fCHDC_EvIaFfibirEF8A\/videos\"]}]}<\/script>\n<!-- \/ Yoast SEO plugin. -->","yoast_head_json":{"title":"\u1455\u2776\u1450 Menus from UHL \u27a1\ufe0f Handmade top quality","description":"\u276d\u276d\u276dHigh-quality menus from UHL \u27a1\ufe0f Handmade top quality \u2705 Enhance your brand \u2705 Request a sample NOW","robots":{"index":"index","follow":"follow","max-snippet":"max-snippet:-1","max-image-preview":"max-image-preview:large","max-video-preview":"max-video-preview:-1"},"canonical":"https:\/\/www.uhl-menu.com\/it\/menu\/","og_locale":"it_IT","og_type":"article","og_title":"\u1455\u2776\u1450 Menus from UHL \u27a1\ufe0f Handmade top quality","og_description":"\u276d\u276d\u276dHigh-quality menus from UHL \u27a1\ufe0f Handmade top quality \u2705 Enhance your brand \u2705 Request a sample NOW","og_url":"https:\/\/www.uhl-menu.com\/it\/menu\/","og_site_name":"menu de Uhl","article_publisher":"https:\/\/www.facebook.com\/uhlspeisekarten","article_modified_time":"2026-01-20T12:07:41+00:00","og_image":[{"width":2500,"height":1715,"url":"https:\/\/www.uhl-menu.com\/wp-content\/uploads\/speisekarten-gastronomie-restaurants-4.jpg","type":"image\/jpeg"}],"twitter_card":"summary_large_image","twitter_misc":{"Tempo di lettura stimato":"1 minuto"},"schema":{"@context":"https:\/\/schema.org","@graph":[{"@type":"WebPage","@id":"https:\/\/www.uhl-menu.com\/it\/menu\/","url":"https:\/\/www.uhl-menu.com\/it\/menu\/","name":"\u1455\u2776\u1450 Menus from UHL \u27a1\ufe0f Handmade top quality","isPartOf":{"@id":"https:\/\/www.uhl-menu.com\/it\/#website"},"primaryImageOfPage":{"@id":"https:\/\/www.uhl-menu.com\/it\/menu\/#primaryimage"},"image":{"@id":"https:\/\/www.uhl-menu.com\/it\/menu\/#primaryimage"},"thumbnailUrl":"https:\/\/www.uhl-menu.com\/wp-content\/uploads\/speisekarten-gastronomie-restaurants-4.jpg","datePublished":"2021-09-26T14:30:34+00:00","dateModified":"2026-01-20T12:07:41+00:00","description":"\u276d\u276d\u276dHigh-quality menus from UHL \u27a1\ufe0f Handmade top quality \u2705 Enhance your brand \u2705 Request a sample NOW","breadcrumb":{"@id":"https:\/\/www.uhl-menu.com\/it\/menu\/#breadcrumb"},"inLanguage":"it-IT","potentialAction":[{"@type":"ReadAction","target":["https:\/\/www.uhl-menu.com\/it\/menu\/"]}]},{"@type":"ImageObject","inLanguage":"it-IT","@id":"https:\/\/www.uhl-menu.com\/it\/menu\/#primaryimage","url":"https:\/\/www.uhl-menu.com\/wp-content\/uploads\/speisekarten-gastronomie-restaurants-4.jpg","contentUrl":"https:\/\/www.uhl-menu.com\/wp-content\/uploads\/speisekarten-gastronomie-restaurants-4.jpg","width":2500,"height":1715},{"@type":"BreadcrumbList","@id":"https:\/\/www.uhl-menu.com\/it\/menu\/#breadcrumb","itemListElement":[{"@type":"ListItem","position":1,"name":"Startseite","item":"https:\/\/www.uhl-menu.com\/it\/"},{"@type":"ListItem","position":2,"name":"Menu"}]},{"@type":"WebSite","@id":"https:\/\/www.uhl-menu.com\/it\/#website","url":"https:\/\/www.uhl-menu.com\/it\/","name":"menu de Uhl","description":"e fabricant de menus UHL, fond\u00e9 en 1982, s&#039;est donn\u00e9 d\u00e8s ses d\u00e9buts pour mission de se sp\u00e9cialiser dans les menus et les cartes des vins.","publisher":{"@id":"https:\/\/www.uhl-menu.com\/it\/#organization"},"potentialAction":[{"@type":"SearchAction","target":{"@type":"EntryPoint","urlTemplate":"https:\/\/www.uhl-menu.com\/it\/?s={search_term_string}"},"query-input":{"@type":"PropertyValueSpecification","valueRequired":true,"valueName":"search_term_string"}}],"inLanguage":"it-IT"},{"@type":"Organization","@id":"https:\/\/www.uhl-menu.com\/it\/#organization","name":"menu de Uhl","url":"https:\/\/www.uhl-menu.com\/it\/","logo":{"@type":"ImageObject","inLanguage":"it-IT","@id":"https:\/\/www.uhl-menu.com\/it\/#\/schema\/logo\/image\/","url":"https:\/\/www.uhl-menu.com\/wp-content\/uploads\/uhl-logo.png","contentUrl":"https:\/\/www.uhl-menu.com\/wp-content\/uploads\/uhl-logo.png","width":66,"height":41,"caption":"menu de Uhl"},"image":{"@id":"https:\/\/www.uhl-menu.com\/it\/#\/schema\/logo\/image\/"},"sameAs":["https:\/\/www.facebook.com\/uhlspeisekarten","https:\/\/www.youtube.com\/channel\/UCz6fCHDC_EvIaFfibirEF8A\/videos"]}]}},"_links":{"self":[{"href":"https:\/\/www.uhl-menu.com\/it\/wp-json\/wp\/v2\/pages\/47381","targetHints":{"allow":["GET"]}}],"collection":[{"href":"https:\/\/www.uhl-menu.com\/it\/wp-json\/wp\/v2\/pages"}],"about":[{"href":"https:\/\/www.uhl-menu.com\/it\/wp-json\/wp\/v2\/types\/page"}],"author":[{"embeddable":true,"href":"https:\/\/www.uhl-menu.com\/it\/wp-json\/wp\/v2\/users\/1"}],"replies":[{"embeddable":true,"href":"https:\/\/www.uhl-menu.com\/it\/wp-json\/wp\/v2\/comments?post=47381"}],"version-history":[{"count":8,"href":"https:\/\/www.uhl-menu.com\/it\/wp-json\/wp\/v2\/pages\/47381\/revisions"}],"predecessor-version":[{"id":77581,"href":"https:\/\/www.uhl-menu.com\/it\/wp-json\/wp\/v2\/pages\/47381\/revisions\/77581"}],"wp:featuredmedia":[{"embeddable":true,"href":"https:\/\/www.uhl-menu.com\/it\/wp-json\/wp\/v2\/media\/47352"}],"wp:attachment":[{"href":"https:\/\/www.uhl-menu.com\/it\/wp-json\/wp\/v2\/media?parent=47381"}],"curies":[{"name":"wp","href":"https:\/\/api.w.org\/{rel}","templated":true}]}}