{"id":42766,"date":"2021-11-25T13:48:27","date_gmt":"2021-11-25T12:48:27","guid":{"rendered":"https:\/\/www.uhl-menu.com\/produkt\/clip-card-premium\/"},"modified":"2026-01-07T10:16:05","modified_gmt":"2026-01-07T09:16:05","slug":"clip-card-premium","status":"publish","type":"product","link":"https:\/\/www.uhl-menu.com\/it\/produkt\/clip-card-premium\/","title":{"rendered":"Clip card Premium"},"content":{"rendered":"<p>La versione premium del menu a clip si caratterizza per i materiali di alta qualit\u00e0 utilizzati per la copertina e per la parte interna. In questa versione del classico menu, le pagine sono inoltre tenute in posizione da una striscia in plastica separata nel dorso a morsetto. Questo garantisce un supporto perfetto e consente di ridurre o ampliare la propria offerta in modo flessibile e personalizzato in qualsiasi momento.  <\/p>\n<p>La copertina e l&#8217;interno delle schede a clip sono caratterizzati da bordi chiusi e antipiega. Su richiesta, \u00e8 possibile inserire una striscia magnetica all&#8217;interno per aggiungere una pagina di consigli. \u00c8 disponibile una protezione angolare in oro o argento.  <\/p>\n","protected":false},"excerpt":{"rendered":"<p>La versione premium del menu a clip si caratterizza per i materiali di alta qualit\u00e0 utilizzati per la copertina e per la parte interna. In questa versione del classico menu, le pagine sono inoltre tenute in posizione da una striscia in plastica separata nel dorso a morsetto. Questo garantisce un supporto perfetto e consente di [&hellip;]<\/p>\n","protected":false},"featured_media":42768,"template":"","meta":{"_acf_changed":false},"product_brand":[],"product_cat":[774,840,776,778,775,773,779,798,782,841,800,780,777],"product_tag":[],"class_list":{"0":"post-42766","1":"product","2":"type-product","3":"status-publish","4":"has-post-thumbnail","6":"product_cat-copertina-rigida","7":"product_cat-flessibile","8":"product_cat-idrorepellente","9":"product_cat-imitazione-di-pelle","10":"product_cat-insensibile-al-grasso","11":"product_cat-menu","12":"product_cat-lino","13":"product_cat-liste-dei-vini","14":"product_cat-materiale-sintetico","15":"product_cat-menu-delle-bevande","16":"product_cat-numero-flessibile-di-pagine","17":"product_cat-scatola-di-cartone","18":"product_cat-vera-pelle","19":"pa_format-l-11x11x30-it","20":"pa_format-m-11x11x21-it","21":"pa_format-s-11x11x15-it","22":"tm-has-options","24":"first","25":"instock","26":"taxable","27":"shipping-taxable","28":"purchasable","29":"product-type-variable"},"acf":[],"yoast_head":"<!-- This site is optimized with the Yoast SEO plugin v26.0 - https:\/\/yoast.com\/wordpress\/plugins\/seo\/ -->\n<title>Clip card Premium \u00bb Premium menu with clamp back - menu de Uhl<\/title>\n<meta name=\"robots\" content=\"index, follow, max-snippet:-1, max-image-preview:large, max-video-preview:-1\" \/>\n<link rel=\"canonical\" href=\"https:\/\/www.uhl-menu.com\/it\/produkt\/clip-card-premium\/\" \/>\n<meta property=\"og:locale\" content=\"it_IT\" \/>\n<meta property=\"og:type\" content=\"article\" \/>\n<meta property=\"og:title\" content=\"Clip card Premium \u00bb Premium menu with clamp back - menu de Uhl\" \/>\n<meta property=\"og:description\" content=\"La versione premium del menu a clip si caratterizza per i materiali di alta qualit\u00e0 utilizzati per la copertina e per la parte interna. In questa versione del classico menu, le pagine sono inoltre tenute in posizione da una striscia in plastica separata nel dorso a morsetto. Questo garantisce un supporto perfetto e consente di [&hellip;]\" \/>\n<meta property=\"og:url\" content=\"https:\/\/www.uhl-menu.com\/it\/produkt\/clip-card-premium\/\" \/>\n<meta property=\"og:site_name\" content=\"menu de Uhl\" \/>\n<meta property=\"article:publisher\" content=\"https:\/\/www.facebook.com\/uhlspeisekarten\" \/>\n<meta property=\"article:modified_time\" content=\"2026-01-07T09:16:05+00:00\" \/>\n<meta property=\"og:image\" content=\"https:\/\/www.uhl-menu.com\/wp-content\/uploads\/png-1024x720.png\" \/>\n\t<meta property=\"og:image:width\" content=\"1024\" \/>\n\t<meta property=\"og:image:height\" content=\"720\" \/>\n\t<meta property=\"og:image:type\" content=\"image\/png\" \/>\n<meta name=\"twitter:card\" content=\"summary_large_image\" \/>\n<meta name=\"twitter:label1\" content=\"Tempo di lettura stimato\" \/>\n\t<meta name=\"twitter:data1\" content=\"1 minuto\" \/>\n<script type=\"application\/ld+json\" class=\"yoast-schema-graph\">{\"@context\":\"https:\/\/schema.org\",\"@graph\":[{\"@type\":\"WebPage\",\"@id\":\"https:\/\/www.uhl-menu.com\/it\/produkt\/clip-card-premium\/\",\"url\":\"https:\/\/www.uhl-menu.com\/it\/produkt\/clip-card-premium\/\",\"name\":\"Clip card Premium \u00bb Premium menu with clamp back - menu de Uhl\",\"isPartOf\":{\"@id\":\"https:\/\/www.uhl-menu.com\/it\/#website\"},\"primaryImageOfPage\":{\"@id\":\"https:\/\/www.uhl-menu.com\/it\/produkt\/clip-card-premium\/#primaryimage\"},\"image\":{\"@id\":\"https:\/\/www.uhl-menu.com\/it\/produkt\/clip-card-premium\/#primaryimage\"},\"thumbnailUrl\":\"https:\/\/www.uhl-menu.com\/wp-content\/uploads\/png.png\",\"datePublished\":\"2021-11-25T12:48:27+00:00\",\"dateModified\":\"2026-01-07T09:16:05+00:00\",\"breadcrumb\":{\"@id\":\"https:\/\/www.uhl-menu.com\/it\/produkt\/clip-card-premium\/#breadcrumb\"},\"inLanguage\":\"it-IT\",\"potentialAction\":[{\"@type\":\"ReadAction\",\"target\":[\"https:\/\/www.uhl-menu.com\/it\/produkt\/clip-card-premium\/\"]}]},{\"@type\":\"ImageObject\",\"inLanguage\":\"it-IT\",\"@id\":\"https:\/\/www.uhl-menu.com\/it\/produkt\/clip-card-premium\/#primaryimage\",\"url\":\"https:\/\/www.uhl-menu.com\/wp-content\/uploads\/png.png\",\"contentUrl\":\"https:\/\/www.uhl-menu.com\/wp-content\/uploads\/png.png\",\"width\":3542,\"height\":2490},{\"@type\":\"BreadcrumbList\",\"@id\":\"https:\/\/www.uhl-menu.com\/it\/produkt\/clip-card-premium\/#breadcrumb\",\"itemListElement\":[{\"@type\":\"ListItem\",\"position\":1,\"name\":\"Startseite\",\"item\":\"https:\/\/www.uhl-menu.com\/it\/\"},{\"@type\":\"ListItem\",\"position\":2,\"name\":\"Negozio\",\"item\":\"https:\/\/www.uhl-menu.com\/it\/negozio\/\"},{\"@type\":\"ListItem\",\"position\":3,\"name\":\"Clip card Premium\"}]},{\"@type\":\"WebSite\",\"@id\":\"https:\/\/www.uhl-menu.com\/it\/#website\",\"url\":\"https:\/\/www.uhl-menu.com\/it\/\",\"name\":\"menu de Uhl\",\"description\":\"e fabricant de menus UHL, fond\u00e9 en 1982, s&#039;est donn\u00e9 d\u00e8s ses d\u00e9buts pour mission de se sp\u00e9cialiser dans les menus et les cartes des vins.\",\"publisher\":{\"@id\":\"https:\/\/www.uhl-menu.com\/it\/#organization\"},\"potentialAction\":[{\"@type\":\"SearchAction\",\"target\":{\"@type\":\"EntryPoint\",\"urlTemplate\":\"https:\/\/www.uhl-menu.com\/it\/?s={search_term_string}\"},\"query-input\":{\"@type\":\"PropertyValueSpecification\",\"valueRequired\":true,\"valueName\":\"search_term_string\"}}],\"inLanguage\":\"it-IT\"},{\"@type\":\"Organization\",\"@id\":\"https:\/\/www.uhl-menu.com\/it\/#organization\",\"name\":\"menu de Uhl\",\"url\":\"https:\/\/www.uhl-menu.com\/it\/\",\"logo\":{\"@type\":\"ImageObject\",\"inLanguage\":\"it-IT\",\"@id\":\"https:\/\/www.uhl-menu.com\/it\/#\/schema\/logo\/image\/\",\"url\":\"https:\/\/www.uhl-menu.com\/wp-content\/uploads\/uhl-logo.png\",\"contentUrl\":\"https:\/\/www.uhl-menu.com\/wp-content\/uploads\/uhl-logo.png\",\"width\":66,\"height\":41,\"caption\":\"menu de Uhl\"},\"image\":{\"@id\":\"https:\/\/www.uhl-menu.com\/it\/#\/schema\/logo\/image\/\"},\"sameAs\":[\"https:\/\/www.facebook.com\/uhlspeisekarten\",\"https:\/\/www.youtube.com\/channel\/UCz6fCHDC_EvIaFfibirEF8A\/videos\"]}]}<\/script>\n<!-- \/ Yoast SEO plugin. -->","yoast_head_json":{"title":"Clip card Premium \u00bb Premium menu with clamp back - menu de Uhl","robots":{"index":"index","follow":"follow","max-snippet":"max-snippet:-1","max-image-preview":"max-image-preview:large","max-video-preview":"max-video-preview:-1"},"canonical":"https:\/\/www.uhl-menu.com\/it\/produkt\/clip-card-premium\/","og_locale":"it_IT","og_type":"article","og_title":"Clip card Premium \u00bb Premium menu with clamp back - menu de Uhl","og_description":"La versione premium del menu a clip si caratterizza per i materiali di alta qualit\u00e0 utilizzati per la copertina e per la parte interna. In questa versione del classico menu, le pagine sono inoltre tenute in posizione da una striscia in plastica separata nel dorso a morsetto. Questo garantisce un supporto perfetto e consente di [&hellip;]","og_url":"https:\/\/www.uhl-menu.com\/it\/produkt\/clip-card-premium\/","og_site_name":"menu de Uhl","article_publisher":"https:\/\/www.facebook.com\/uhlspeisekarten","article_modified_time":"2026-01-07T09:16:05+00:00","og_image":[{"width":1024,"height":720,"url":"https:\/\/www.uhl-menu.com\/wp-content\/uploads\/png-1024x720.png","type":"image\/png"}],"twitter_card":"summary_large_image","twitter_misc":{"Tempo di lettura stimato":"1 minuto"},"schema":{"@context":"https:\/\/schema.org","@graph":[{"@type":"WebPage","@id":"https:\/\/www.uhl-menu.com\/it\/produkt\/clip-card-premium\/","url":"https:\/\/www.uhl-menu.com\/it\/produkt\/clip-card-premium\/","name":"Clip card Premium \u00bb Premium menu with clamp back - menu de Uhl","isPartOf":{"@id":"https:\/\/www.uhl-menu.com\/it\/#website"},"primaryImageOfPage":{"@id":"https:\/\/www.uhl-menu.com\/it\/produkt\/clip-card-premium\/#primaryimage"},"image":{"@id":"https:\/\/www.uhl-menu.com\/it\/produkt\/clip-card-premium\/#primaryimage"},"thumbnailUrl":"https:\/\/www.uhl-menu.com\/wp-content\/uploads\/png.png","datePublished":"2021-11-25T12:48:27+00:00","dateModified":"2026-01-07T09:16:05+00:00","breadcrumb":{"@id":"https:\/\/www.uhl-menu.com\/it\/produkt\/clip-card-premium\/#breadcrumb"},"inLanguage":"it-IT","potentialAction":[{"@type":"ReadAction","target":["https:\/\/www.uhl-menu.com\/it\/produkt\/clip-card-premium\/"]}]},{"@type":"ImageObject","inLanguage":"it-IT","@id":"https:\/\/www.uhl-menu.com\/it\/produkt\/clip-card-premium\/#primaryimage","url":"https:\/\/www.uhl-menu.com\/wp-content\/uploads\/png.png","contentUrl":"https:\/\/www.uhl-menu.com\/wp-content\/uploads\/png.png","width":3542,"height":2490},{"@type":"BreadcrumbList","@id":"https:\/\/www.uhl-menu.com\/it\/produkt\/clip-card-premium\/#breadcrumb","itemListElement":[{"@type":"ListItem","position":1,"name":"Startseite","item":"https:\/\/www.uhl-menu.com\/it\/"},{"@type":"ListItem","position":2,"name":"Negozio","item":"https:\/\/www.uhl-menu.com\/it\/negozio\/"},{"@type":"ListItem","position":3,"name":"Clip card Premium"}]},{"@type":"WebSite","@id":"https:\/\/www.uhl-menu.com\/it\/#website","url":"https:\/\/www.uhl-menu.com\/it\/","name":"menu de Uhl","description":"e fabricant de menus UHL, fond\u00e9 en 1982, s&#039;est donn\u00e9 d\u00e8s ses d\u00e9buts pour mission de se sp\u00e9cialiser dans les menus et les cartes des vins.","publisher":{"@id":"https:\/\/www.uhl-menu.com\/it\/#organization"},"potentialAction":[{"@type":"SearchAction","target":{"@type":"EntryPoint","urlTemplate":"https:\/\/www.uhl-menu.com\/it\/?s={search_term_string}"},"query-input":{"@type":"PropertyValueSpecification","valueRequired":true,"valueName":"search_term_string"}}],"inLanguage":"it-IT"},{"@type":"Organization","@id":"https:\/\/www.uhl-menu.com\/it\/#organization","name":"menu de Uhl","url":"https:\/\/www.uhl-menu.com\/it\/","logo":{"@type":"ImageObject","inLanguage":"it-IT","@id":"https:\/\/www.uhl-menu.com\/it\/#\/schema\/logo\/image\/","url":"https:\/\/www.uhl-menu.com\/wp-content\/uploads\/uhl-logo.png","contentUrl":"https:\/\/www.uhl-menu.com\/wp-content\/uploads\/uhl-logo.png","width":66,"height":41,"caption":"menu de Uhl"},"image":{"@id":"https:\/\/www.uhl-menu.com\/it\/#\/schema\/logo\/image\/"},"sameAs":["https:\/\/www.facebook.com\/uhlspeisekarten","https:\/\/www.youtube.com\/channel\/UCz6fCHDC_EvIaFfibirEF8A\/videos"]}]}},"_links":{"self":[{"href":"https:\/\/www.uhl-menu.com\/it\/wp-json\/wp\/v2\/product\/42766","targetHints":{"allow":["GET"]}}],"collection":[{"href":"https:\/\/www.uhl-menu.com\/it\/wp-json\/wp\/v2\/product"}],"about":[{"href":"https:\/\/www.uhl-menu.com\/it\/wp-json\/wp\/v2\/types\/product"}],"wp:featuredmedia":[{"embeddable":true,"href":"https:\/\/www.uhl-menu.com\/it\/wp-json\/wp\/v2\/media\/42768"}],"wp:attachment":[{"href":"https:\/\/www.uhl-menu.com\/it\/wp-json\/wp\/v2\/media?parent=42766"}],"wp:term":[{"taxonomy":"product_brand","embeddable":true,"href":"https:\/\/www.uhl-menu.com\/it\/wp-json\/wp\/v2\/product_brand?post=42766"},{"taxonomy":"product_cat","embeddable":true,"href":"https:\/\/www.uhl-menu.com\/it\/wp-json\/wp\/v2\/product_cat?post=42766"},{"taxonomy":"product_tag","embeddable":true,"href":"https:\/\/www.uhl-menu.com\/it\/wp-json\/wp\/v2\/product_tag?post=42766"}],"curies":[{"name":"wp","href":"https:\/\/api.w.org\/{rel}","templated":true}]}}