{"id":87303,"date":"2021-09-24T15:01:10","date_gmt":"2021-09-24T13:01:10","guid":{"rendered":"https:\/\/www.uhl-menu.com\/pagina-inicial\/"},"modified":"2026-04-20T20:27:04","modified_gmt":"2026-04-20T18:27:04","slug":"pagina-inicial","status":"publish","type":"page","link":"https:\/\/www.uhl-menu.com\/pt-pt\/","title":{"rendered":"P\u00e1gina inicial"},"content":{"rendered":"&#13;&#13;\n<p>Esta \u00e9 uma p\u00e1gina de exemplo. Difere dos artigos porque permanece sempre no mesmo lugar e \u00e9 apresentada na navega\u00e7\u00e3o do site (na maioria dos temas). A maioria come\u00e7a com um aviso legal, pol\u00edtica de privacidade ou uma p\u00e1gina \u201cSobre n\u00f3s\u201d para se apresentar aos potenciais visitantes do site. Por exemplo, poderia dizer:   <\/p>&#13;&#13;\n&#13;&#13;\n<blockquote class=\"wp-block-quote is-layout-flow wp-block-quote-is-layout-flow\">&#13;&#13;\n<p>Ol\u00e1! Durante o dia trabalho como estafeta de bicicleta, \u00e0 noite sou um aspirante a ator e este \u00e9 o meu site. Vivo em Berlim, tenho um c\u00e3o grande chamado Jack, gosto de pi\u00f1a coladas, mas n\u00e3o gosto muito de ficar \u00e0 chuva (sem guarda-chuva).  <\/p>&#13;&#13;\n<\/blockquote>&#13;&#13;\n&#13;&#13;\n<p>\u2026ou algo como isto:<\/p>&#13;&#13;\n&#13;&#13;\n<blockquote class=\"wp-block-quote is-layout-flow wp-block-quote-is-layout-flow\">&#13;&#13;\n<p>A empresa XYZ foi fundada em 1971 e desde ent\u00e3o fornece ao p\u00fablico produtos de alta qualidade. Na sua localiza\u00e7\u00e3o numa pequena cidade, a empresa emprega mais de 2.000 pessoas e apoia os residentes da cidade de v\u00e1rias formas. <\/p>&#13;&#13;\n<\/blockquote>&#13;&#13;\n&#13;&#13;\n<p>Como novo utilizador do WordPress, deve ir ao <a href=\"https:\/\/www.uhl-menu.com\/wp-admin\/\">seu painel <\/a>de controlo para eliminar esta p\u00e1gina e criar novas p\u00e1ginas e artigos para o seu site. Divirta-se! <\/p>&#13;&#13;\n","protected":false},"excerpt":{"rendered":"<p>&#13;&#13; Esta \u00e9 uma p\u00e1gina de exemplo. Difere dos artigos porque permanece sempre no mesmo lugar e \u00e9 apresentada na navega\u00e7\u00e3o do site (na maioria dos temas). A maioria come\u00e7a com um aviso legal, pol\u00edtica de privacidade ou uma p\u00e1gina \u201cSobre n\u00f3s\u201d para se apresentar aos potenciais visitantes do site. Por exemplo, poderia dizer: &#13;&#13; [&hellip;]<\/p>\n","protected":false},"author":1,"featured_media":0,"parent":0,"menu_order":1,"comment_status":"closed","ping_status":"closed","template":"","meta":{"_acf_changed":false,"footnotes":""},"class_list":["post-87303","page","type-page","status-publish","hentry"],"acf":[],"yoast_head":"<!-- This site is optimized with the Yoast SEO plugin v26.0 - https:\/\/yoast.com\/wordpress\/plugins\/seo\/ -->\n<title>\u1455\u2776\u1450 Menus e cartas de bebidas \u27a1\ufe0f Produ\u00e7\u00e3o artesanal!<\/title>\n<meta name=\"description\" content=\"\u276d\u276d\u276dMenus e cartas de bebidas de alta qualidade da UHL \u27a1\ufe0f Qualidade artesanal de excel\u00eancia \u2705 Valorize a sua marca \u2705\" \/>\n<meta name=\"robots\" content=\"index, follow, max-snippet:-1, max-image-preview:large, max-video-preview:-1\" \/>\n<link rel=\"canonical\" href=\"https:\/\/www.uhl-menu.com\/pt-pt\/\" \/>\n<meta property=\"og:locale\" content=\"pt_PT\" \/>\n<meta property=\"og:type\" content=\"article\" \/>\n<meta property=\"og:title\" content=\"\u1455\u2776\u1450 Menus e cartas de bebidas \u27a1\ufe0f Produ\u00e7\u00e3o artesanal!\" \/>\n<meta property=\"og:description\" content=\"\u276d\u276d\u276dMenus e cartas de bebidas de alta qualidade da UHL \u27a1\ufe0f Qualidade artesanal de excel\u00eancia \u2705 Valorize a sua marca \u2705\" \/>\n<meta property=\"og:url\" content=\"https:\/\/www.uhl-menu.com\/pt-pt\/\" \/>\n<meta property=\"og:site_name\" content=\"menu de Uhl\" \/>\n<meta property=\"article:publisher\" content=\"https:\/\/www.facebook.com\/uhlspeisekarten\" \/>\n<meta property=\"article:modified_time\" content=\"2026-04-20T18:27:04+00:00\" \/>\n<meta name=\"twitter:card\" content=\"summary_large_image\" \/>\n<meta name=\"twitter:label1\" content=\"Tempo estimado de leitura\" \/>\n\t<meta name=\"twitter:data1\" content=\"1 minuto\" \/>\n<script type=\"application\/ld+json\" class=\"yoast-schema-graph\">{\"@context\":\"https:\/\/schema.org\",\"@graph\":[{\"@type\":\"WebPage\",\"@id\":\"https:\/\/www.uhl-menu.com\/pt-pt\/\",\"url\":\"https:\/\/www.uhl-menu.com\/pt-pt\/\",\"name\":\"\u1455\u2776\u1450 Menus e cartas de bebidas \u27a1\ufe0f Produ\u00e7\u00e3o artesanal!\",\"isPartOf\":{\"@id\":\"https:\/\/www.uhl-menu.com\/pt-pt\/#website\"},\"datePublished\":\"2021-09-24T13:01:10+00:00\",\"dateModified\":\"2026-04-20T18:27:04+00:00\",\"description\":\"\u276d\u276d\u276dMenus e cartas de bebidas de alta qualidade da UHL \u27a1\ufe0f Qualidade artesanal de excel\u00eancia \u2705 Valorize a sua marca \u2705\",\"breadcrumb\":{\"@id\":\"https:\/\/www.uhl-menu.com\/pt-pt\/#breadcrumb\"},\"inLanguage\":\"pt-PT\",\"potentialAction\":[{\"@type\":\"ReadAction\",\"target\":[\"https:\/\/www.uhl-menu.com\/pt-pt\/\"]}]},{\"@type\":\"BreadcrumbList\",\"@id\":\"https:\/\/www.uhl-menu.com\/pt-pt\/#breadcrumb\",\"itemListElement\":[{\"@type\":\"ListItem\",\"position\":1,\"name\":\"Startseite\",\"item\":\"https:\/\/www.uhl-menu.com\/pt-pt\/pagina-inicial\/\"},{\"@type\":\"ListItem\",\"position\":2,\"name\":\"P\u00e1gina inicial\"}]},{\"@type\":\"WebSite\",\"@id\":\"https:\/\/www.uhl-menu.com\/pt-pt\/#website\",\"url\":\"https:\/\/www.uhl-menu.com\/pt-pt\/\",\"name\":\"menu de Uhl\",\"description\":\"e fabricant de menus UHL, fond\u00e9 en 1982, s&#039;est donn\u00e9 d\u00e8s ses d\u00e9buts pour mission de se sp\u00e9cialiser dans les menus et les cartes des vins.\",\"publisher\":{\"@id\":\"https:\/\/www.uhl-menu.com\/pt-pt\/#organization\"},\"potentialAction\":[{\"@type\":\"SearchAction\",\"target\":{\"@type\":\"EntryPoint\",\"urlTemplate\":\"https:\/\/www.uhl-menu.com\/pt-pt\/?s={search_term_string}\"},\"query-input\":{\"@type\":\"PropertyValueSpecification\",\"valueRequired\":true,\"valueName\":\"search_term_string\"}}],\"inLanguage\":\"pt-PT\"},{\"@type\":\"Organization\",\"@id\":\"https:\/\/www.uhl-menu.com\/pt-pt\/#organization\",\"name\":\"menu de Uhl\",\"url\":\"https:\/\/www.uhl-menu.com\/pt-pt\/\",\"logo\":{\"@type\":\"ImageObject\",\"inLanguage\":\"pt-PT\",\"@id\":\"https:\/\/www.uhl-menu.com\/pt-pt\/#\/schema\/logo\/image\/\",\"url\":\"https:\/\/www.uhl-menu.com\/wp-content\/uploads\/uhl-logo.png\",\"contentUrl\":\"https:\/\/www.uhl-menu.com\/wp-content\/uploads\/uhl-logo.png\",\"width\":66,\"height\":41,\"caption\":\"menu de Uhl\"},\"image\":{\"@id\":\"https:\/\/www.uhl-menu.com\/pt-pt\/#\/schema\/logo\/image\/\"},\"sameAs\":[\"https:\/\/www.facebook.com\/uhlspeisekarten\",\"https:\/\/www.youtube.com\/channel\/UCz6fCHDC_EvIaFfibirEF8A\/videos\"]}]}<\/script>\n<!-- \/ Yoast SEO plugin. -->","yoast_head_json":{"title":"\u1455\u2776\u1450 Menus e cartas de bebidas \u27a1\ufe0f Produ\u00e7\u00e3o artesanal!","description":"\u276d\u276d\u276dMenus e cartas de bebidas de alta qualidade da UHL \u27a1\ufe0f Qualidade artesanal de excel\u00eancia \u2705 Valorize a sua marca \u2705","robots":{"index":"index","follow":"follow","max-snippet":"max-snippet:-1","max-image-preview":"max-image-preview:large","max-video-preview":"max-video-preview:-1"},"canonical":"https:\/\/www.uhl-menu.com\/pt-pt\/","og_locale":"pt_PT","og_type":"article","og_title":"\u1455\u2776\u1450 Menus e cartas de bebidas \u27a1\ufe0f Produ\u00e7\u00e3o artesanal!","og_description":"\u276d\u276d\u276dMenus e cartas de bebidas de alta qualidade da UHL \u27a1\ufe0f Qualidade artesanal de excel\u00eancia \u2705 Valorize a sua marca \u2705","og_url":"https:\/\/www.uhl-menu.com\/pt-pt\/","og_site_name":"menu de Uhl","article_publisher":"https:\/\/www.facebook.com\/uhlspeisekarten","article_modified_time":"2026-04-20T18:27:04+00:00","twitter_card":"summary_large_image","twitter_misc":{"Tempo estimado de leitura":"1 minuto"},"schema":{"@context":"https:\/\/schema.org","@graph":[{"@type":"WebPage","@id":"https:\/\/www.uhl-menu.com\/pt-pt\/","url":"https:\/\/www.uhl-menu.com\/pt-pt\/","name":"\u1455\u2776\u1450 Menus e cartas de bebidas \u27a1\ufe0f Produ\u00e7\u00e3o artesanal!","isPartOf":{"@id":"https:\/\/www.uhl-menu.com\/pt-pt\/#website"},"datePublished":"2021-09-24T13:01:10+00:00","dateModified":"2026-04-20T18:27:04+00:00","description":"\u276d\u276d\u276dMenus e cartas de bebidas de alta qualidade da UHL \u27a1\ufe0f Qualidade artesanal de excel\u00eancia \u2705 Valorize a sua marca \u2705","breadcrumb":{"@id":"https:\/\/www.uhl-menu.com\/pt-pt\/#breadcrumb"},"inLanguage":"pt-PT","potentialAction":[{"@type":"ReadAction","target":["https:\/\/www.uhl-menu.com\/pt-pt\/"]}]},{"@type":"BreadcrumbList","@id":"https:\/\/www.uhl-menu.com\/pt-pt\/#breadcrumb","itemListElement":[{"@type":"ListItem","position":1,"name":"Startseite","item":"https:\/\/www.uhl-menu.com\/pt-pt\/pagina-inicial\/"},{"@type":"ListItem","position":2,"name":"P\u00e1gina inicial"}]},{"@type":"WebSite","@id":"https:\/\/www.uhl-menu.com\/pt-pt\/#website","url":"https:\/\/www.uhl-menu.com\/pt-pt\/","name":"menu de Uhl","description":"e fabricant de menus UHL, fond\u00e9 en 1982, s&#039;est donn\u00e9 d\u00e8s ses d\u00e9buts pour mission de se sp\u00e9cialiser dans les menus et les cartes des vins.","publisher":{"@id":"https:\/\/www.uhl-menu.com\/pt-pt\/#organization"},"potentialAction":[{"@type":"SearchAction","target":{"@type":"EntryPoint","urlTemplate":"https:\/\/www.uhl-menu.com\/pt-pt\/?s={search_term_string}"},"query-input":{"@type":"PropertyValueSpecification","valueRequired":true,"valueName":"search_term_string"}}],"inLanguage":"pt-PT"},{"@type":"Organization","@id":"https:\/\/www.uhl-menu.com\/pt-pt\/#organization","name":"menu de Uhl","url":"https:\/\/www.uhl-menu.com\/pt-pt\/","logo":{"@type":"ImageObject","inLanguage":"pt-PT","@id":"https:\/\/www.uhl-menu.com\/pt-pt\/#\/schema\/logo\/image\/","url":"https:\/\/www.uhl-menu.com\/wp-content\/uploads\/uhl-logo.png","contentUrl":"https:\/\/www.uhl-menu.com\/wp-content\/uploads\/uhl-logo.png","width":66,"height":41,"caption":"menu de Uhl"},"image":{"@id":"https:\/\/www.uhl-menu.com\/pt-pt\/#\/schema\/logo\/image\/"},"sameAs":["https:\/\/www.facebook.com\/uhlspeisekarten","https:\/\/www.youtube.com\/channel\/UCz6fCHDC_EvIaFfibirEF8A\/videos"]}]}},"_links":{"self":[{"href":"https:\/\/www.uhl-menu.com\/pt-pt\/wp-json\/wp\/v2\/pages\/87303","targetHints":{"allow":["GET"]}}],"collection":[{"href":"https:\/\/www.uhl-menu.com\/pt-pt\/wp-json\/wp\/v2\/pages"}],"about":[{"href":"https:\/\/www.uhl-menu.com\/pt-pt\/wp-json\/wp\/v2\/types\/page"}],"author":[{"embeddable":true,"href":"https:\/\/www.uhl-menu.com\/pt-pt\/wp-json\/wp\/v2\/users\/1"}],"replies":[{"embeddable":true,"href":"https:\/\/www.uhl-menu.com\/pt-pt\/wp-json\/wp\/v2\/comments?post=87303"}],"version-history":[{"count":1,"href":"https:\/\/www.uhl-menu.com\/pt-pt\/wp-json\/wp\/v2\/pages\/87303\/revisions"}],"predecessor-version":[{"id":87329,"href":"https:\/\/www.uhl-menu.com\/pt-pt\/wp-json\/wp\/v2\/pages\/87303\/revisions\/87329"}],"wp:attachment":[{"href":"https:\/\/www.uhl-menu.com\/pt-pt\/wp-json\/wp\/v2\/media?parent=87303"}],"curies":[{"name":"wp","href":"https:\/\/api.w.org\/{rel}","templated":true}]}}