{"id":78021,"date":"2021-11-06T14:28:47","date_gmt":"2021-11-06T13:28:47","guid":{"rendered":"https:\/\/www.uhl-menu.com\/produkt\/standard\/"},"modified":"2026-02-10T01:02:03","modified_gmt":"2026-02-10T00:02:03","slug":"standard","status":"publish","type":"product","link":"https:\/\/www.uhl-menu.com\/pt-pt\/produkt\/standard\/","title":{"rendered":"Standard"},"content":{"rendered":"<p>O menu Standard, que j\u00e1 se tornou um cl\u00e1ssico, oferece uma solu\u00e7\u00e3o econ\u00f3mica de sistema de menus para qualquer tipo de estabelecimento de restaura\u00e7\u00e3o.<\/p>\n<p>Com 2 a 40 op\u00e7\u00f5es de inser\u00e7\u00e3o, oferece bastante espa\u00e7o para a sua oferta individual. As bordas de fixa\u00e7\u00e3o recortadas e um protetor de canto, opcionalmente em prata ou ouro, conferem ao cart\u00e3o um aspeto atrativo. <\/p>\n<p>Todas as superf\u00edcies do menu Standard s\u00e3o repelentes \u00e0 \u00e1gua, \u00e0 gordura e \u00e0 sujidade, sendo por isso particularmente f\u00e1ceis de limpar.<\/p>\n","protected":false},"excerpt":{"rendered":"<p>O menu Standard, que j\u00e1 se tornou um cl\u00e1ssico, oferece uma solu\u00e7\u00e3o econ\u00f3mica de sistema de menus para qualquer tipo de estabelecimento de restaura\u00e7\u00e3o. Com 2 a 40 op\u00e7\u00f5es de inser\u00e7\u00e3o, oferece bastante espa\u00e7o para a sua oferta individual. As bordas de fixa\u00e7\u00e3o recortadas e um protetor de canto, opcionalmente em prata ou ouro, conferem [&hellip;]<\/p>\n","protected":false},"featured_media":24099,"template":"","meta":{"_acf_changed":false},"product_brand":[],"product_cat":[1678,1676,1677,1681,1680,1679],"product_tag":[],"class_list":{"0":"post-78021","1":"product","2":"type-product","3":"status-publish","4":"has-post-thumbnail","6":"product_cat-capa-dura","7":"product_cat-cartas-de-menu","8":"product_cat-cartas-de-vinhos","9":"product_cat-encadernado","10":"product_cat-repelente-a-agua","11":"product_cat-resistente-a-gordura","12":"pa_format-formato-a-escolha","13":"pa_format-formato-a4-horizontal","14":"pa_format-formato-a4-vertical","15":"pa_format-formato-a5-horizontal","16":"pa_format-formato-a5-vertical","17":"pa_format-formato-a6-vertical","18":"pa_format-formato-din-longo","19":"tm-has-options","21":"first","22":"instock","23":"taxable","24":"shipping-taxable","25":"purchasable","26":"product-type-variable"},"acf":[],"yoast_head":"<!-- This site is optimized with the Yoast SEO plugin v26.0 - https:\/\/yoast.com\/wordpress\/plugins\/seo\/ -->\n<title>Standard \u00bb Menu com sistema de cart\u00f5es econ\u00f3mico - menu de Uhl<\/title>\n<meta name=\"robots\" content=\"index, follow, max-snippet:-1, max-image-preview:large, max-video-preview:-1\" \/>\n<link rel=\"canonical\" href=\"https:\/\/www.uhl-menu.com\/pt-pt\/produkt\/standard\/\" \/>\n<meta property=\"og:locale\" content=\"pt_PT\" \/>\n<meta property=\"og:type\" content=\"article\" \/>\n<meta property=\"og:title\" content=\"Standard \u00bb Menu com sistema de cart\u00f5es econ\u00f3mico - menu de Uhl\" \/>\n<meta property=\"og:description\" content=\"O menu Standard, que j\u00e1 se tornou um cl\u00e1ssico, oferece uma solu\u00e7\u00e3o econ\u00f3mica de sistema de menus para qualquer tipo de estabelecimento de restaura\u00e7\u00e3o. Com 2 a 40 op\u00e7\u00f5es de inser\u00e7\u00e3o, oferece bastante espa\u00e7o para a sua oferta individual. As bordas de fixa\u00e7\u00e3o recortadas e um protetor de canto, opcionalmente em prata ou ouro, conferem [&hellip;]\" \/>\n<meta property=\"og:url\" content=\"https:\/\/www.uhl-menu.com\/pt-pt\/produkt\/standard\/\" \/>\n<meta property=\"og:site_name\" content=\"menu de Uhl\" \/>\n<meta property=\"article:publisher\" content=\"https:\/\/www.facebook.com\/uhlspeisekarten\" \/>\n<meta property=\"article:modified_time\" content=\"2026-02-10T00:02:03+00:00\" \/>\n<meta property=\"og:image\" content=\"https:\/\/www.uhl-menu.com\/wp-content\/uploads\/standard-speisekarte-mit-guenstiger-systemkartenloesung.png\" \/>\n\t<meta property=\"og:image:width\" content=\"1600\" \/>\n\t<meta property=\"og:image:height\" content=\"1125\" \/>\n\t<meta property=\"og:image:type\" content=\"image\/png\" \/>\n<meta name=\"twitter:card\" content=\"summary_large_image\" \/>\n<script type=\"application\/ld+json\" class=\"yoast-schema-graph\">{\"@context\":\"https:\/\/schema.org\",\"@graph\":[{\"@type\":\"WebPage\",\"@id\":\"https:\/\/www.uhl-menu.com\/pt-pt\/produkt\/standard\/\",\"url\":\"https:\/\/www.uhl-menu.com\/pt-pt\/produkt\/standard\/\",\"name\":\"Standard \u00bb Menu com sistema de cart\u00f5es econ\u00f3mico - menu de Uhl\",\"isPartOf\":{\"@id\":\"https:\/\/www.uhl-menu.com\/pt-pt\/#website\"},\"primaryImageOfPage\":{\"@id\":\"https:\/\/www.uhl-menu.com\/pt-pt\/produkt\/standard\/#primaryimage\"},\"image\":{\"@id\":\"https:\/\/www.uhl-menu.com\/pt-pt\/produkt\/standard\/#primaryimage\"},\"thumbnailUrl\":\"https:\/\/www.uhl-menu.com\/wp-content\/uploads\/standard-speisekarte-mit-guenstiger-systemkartenloesung.png\",\"datePublished\":\"2021-11-06T13:28:47+00:00\",\"dateModified\":\"2026-02-10T00:02:03+00:00\",\"breadcrumb\":{\"@id\":\"https:\/\/www.uhl-menu.com\/pt-pt\/produkt\/standard\/#breadcrumb\"},\"inLanguage\":\"pt-PT\",\"potentialAction\":[{\"@type\":\"ReadAction\",\"target\":[\"https:\/\/www.uhl-menu.com\/pt-pt\/produkt\/standard\/\"]}]},{\"@type\":\"ImageObject\",\"inLanguage\":\"pt-PT\",\"@id\":\"https:\/\/www.uhl-menu.com\/pt-pt\/produkt\/standard\/#primaryimage\",\"url\":\"https:\/\/www.uhl-menu.com\/wp-content\/uploads\/standard-speisekarte-mit-guenstiger-systemkartenloesung.png\",\"contentUrl\":\"https:\/\/www.uhl-menu.com\/wp-content\/uploads\/standard-speisekarte-mit-guenstiger-systemkartenloesung.png\",\"width\":1600,\"height\":1125,\"caption\":\"Inexpensive menu with system card solution: Standard model\"},{\"@type\":\"BreadcrumbList\",\"@id\":\"https:\/\/www.uhl-menu.com\/pt-pt\/produkt\/standard\/#breadcrumb\",\"itemListElement\":[{\"@type\":\"ListItem\",\"position\":1,\"name\":\"Startseite\",\"item\":\"https:\/\/www.uhl-menu.com\/pt-pt\/pagina-inicial\/\"},{\"@type\":\"ListItem\",\"position\":2,\"name\":\"Loja\",\"item\":\"https:\/\/www.uhl-menu.com\/pt-pt\/loja\/\"},{\"@type\":\"ListItem\",\"position\":3,\"name\":\"Standard\"}]},{\"@type\":\"WebSite\",\"@id\":\"https:\/\/www.uhl-menu.com\/pt-pt\/#website\",\"url\":\"https:\/\/www.uhl-menu.com\/pt-pt\/\",\"name\":\"menu de Uhl\",\"description\":\"e fabricant de menus UHL, fond\u00e9 en 1982, s&#039;est donn\u00e9 d\u00e8s ses d\u00e9buts pour mission de se sp\u00e9cialiser dans les menus et les cartes des vins.\",\"publisher\":{\"@id\":\"https:\/\/www.uhl-menu.com\/pt-pt\/#organization\"},\"potentialAction\":[{\"@type\":\"SearchAction\",\"target\":{\"@type\":\"EntryPoint\",\"urlTemplate\":\"https:\/\/www.uhl-menu.com\/pt-pt\/?s={search_term_string}\"},\"query-input\":{\"@type\":\"PropertyValueSpecification\",\"valueRequired\":true,\"valueName\":\"search_term_string\"}}],\"inLanguage\":\"pt-PT\"},{\"@type\":\"Organization\",\"@id\":\"https:\/\/www.uhl-menu.com\/pt-pt\/#organization\",\"name\":\"menu de Uhl\",\"url\":\"https:\/\/www.uhl-menu.com\/pt-pt\/\",\"logo\":{\"@type\":\"ImageObject\",\"inLanguage\":\"pt-PT\",\"@id\":\"https:\/\/www.uhl-menu.com\/pt-pt\/#\/schema\/logo\/image\/\",\"url\":\"https:\/\/www.uhl-menu.com\/wp-content\/uploads\/uhl-logo.png\",\"contentUrl\":\"https:\/\/www.uhl-menu.com\/wp-content\/uploads\/uhl-logo.png\",\"width\":66,\"height\":41,\"caption\":\"menu de Uhl\"},\"image\":{\"@id\":\"https:\/\/www.uhl-menu.com\/pt-pt\/#\/schema\/logo\/image\/\"},\"sameAs\":[\"https:\/\/www.facebook.com\/uhlspeisekarten\",\"https:\/\/www.youtube.com\/channel\/UCz6fCHDC_EvIaFfibirEF8A\/videos\"]}]}<\/script>\n<!-- \/ Yoast SEO plugin. -->","yoast_head_json":{"title":"Standard \u00bb Menu com sistema de cart\u00f5es econ\u00f3mico - menu de Uhl","robots":{"index":"index","follow":"follow","max-snippet":"max-snippet:-1","max-image-preview":"max-image-preview:large","max-video-preview":"max-video-preview:-1"},"canonical":"https:\/\/www.uhl-menu.com\/pt-pt\/produkt\/standard\/","og_locale":"pt_PT","og_type":"article","og_title":"Standard \u00bb Menu com sistema de cart\u00f5es econ\u00f3mico - menu de Uhl","og_description":"O menu Standard, que j\u00e1 se tornou um cl\u00e1ssico, oferece uma solu\u00e7\u00e3o econ\u00f3mica de sistema de menus para qualquer tipo de estabelecimento de restaura\u00e7\u00e3o. Com 2 a 40 op\u00e7\u00f5es de inser\u00e7\u00e3o, oferece bastante espa\u00e7o para a sua oferta individual. As bordas de fixa\u00e7\u00e3o recortadas e um protetor de canto, opcionalmente em prata ou ouro, conferem [&hellip;]","og_url":"https:\/\/www.uhl-menu.com\/pt-pt\/produkt\/standard\/","og_site_name":"menu de Uhl","article_publisher":"https:\/\/www.facebook.com\/uhlspeisekarten","article_modified_time":"2026-02-10T00:02:03+00:00","og_image":[{"width":1600,"height":1125,"url":"https:\/\/www.uhl-menu.com\/wp-content\/uploads\/standard-speisekarte-mit-guenstiger-systemkartenloesung.png","type":"image\/png"}],"twitter_card":"summary_large_image","schema":{"@context":"https:\/\/schema.org","@graph":[{"@type":"WebPage","@id":"https:\/\/www.uhl-menu.com\/pt-pt\/produkt\/standard\/","url":"https:\/\/www.uhl-menu.com\/pt-pt\/produkt\/standard\/","name":"Standard \u00bb Menu com sistema de cart\u00f5es econ\u00f3mico - menu de Uhl","isPartOf":{"@id":"https:\/\/www.uhl-menu.com\/pt-pt\/#website"},"primaryImageOfPage":{"@id":"https:\/\/www.uhl-menu.com\/pt-pt\/produkt\/standard\/#primaryimage"},"image":{"@id":"https:\/\/www.uhl-menu.com\/pt-pt\/produkt\/standard\/#primaryimage"},"thumbnailUrl":"https:\/\/www.uhl-menu.com\/wp-content\/uploads\/standard-speisekarte-mit-guenstiger-systemkartenloesung.png","datePublished":"2021-11-06T13:28:47+00:00","dateModified":"2026-02-10T00:02:03+00:00","breadcrumb":{"@id":"https:\/\/www.uhl-menu.com\/pt-pt\/produkt\/standard\/#breadcrumb"},"inLanguage":"pt-PT","potentialAction":[{"@type":"ReadAction","target":["https:\/\/www.uhl-menu.com\/pt-pt\/produkt\/standard\/"]}]},{"@type":"ImageObject","inLanguage":"pt-PT","@id":"https:\/\/www.uhl-menu.com\/pt-pt\/produkt\/standard\/#primaryimage","url":"https:\/\/www.uhl-menu.com\/wp-content\/uploads\/standard-speisekarte-mit-guenstiger-systemkartenloesung.png","contentUrl":"https:\/\/www.uhl-menu.com\/wp-content\/uploads\/standard-speisekarte-mit-guenstiger-systemkartenloesung.png","width":1600,"height":1125,"caption":"Inexpensive menu with system card solution: Standard model"},{"@type":"BreadcrumbList","@id":"https:\/\/www.uhl-menu.com\/pt-pt\/produkt\/standard\/#breadcrumb","itemListElement":[{"@type":"ListItem","position":1,"name":"Startseite","item":"https:\/\/www.uhl-menu.com\/pt-pt\/pagina-inicial\/"},{"@type":"ListItem","position":2,"name":"Loja","item":"https:\/\/www.uhl-menu.com\/pt-pt\/loja\/"},{"@type":"ListItem","position":3,"name":"Standard"}]},{"@type":"WebSite","@id":"https:\/\/www.uhl-menu.com\/pt-pt\/#website","url":"https:\/\/www.uhl-menu.com\/pt-pt\/","name":"menu de Uhl","description":"e fabricant de menus UHL, fond\u00e9 en 1982, s&#039;est donn\u00e9 d\u00e8s ses d\u00e9buts pour mission de se sp\u00e9cialiser dans les menus et les cartes des vins.","publisher":{"@id":"https:\/\/www.uhl-menu.com\/pt-pt\/#organization"},"potentialAction":[{"@type":"SearchAction","target":{"@type":"EntryPoint","urlTemplate":"https:\/\/www.uhl-menu.com\/pt-pt\/?s={search_term_string}"},"query-input":{"@type":"PropertyValueSpecification","valueRequired":true,"valueName":"search_term_string"}}],"inLanguage":"pt-PT"},{"@type":"Organization","@id":"https:\/\/www.uhl-menu.com\/pt-pt\/#organization","name":"menu de Uhl","url":"https:\/\/www.uhl-menu.com\/pt-pt\/","logo":{"@type":"ImageObject","inLanguage":"pt-PT","@id":"https:\/\/www.uhl-menu.com\/pt-pt\/#\/schema\/logo\/image\/","url":"https:\/\/www.uhl-menu.com\/wp-content\/uploads\/uhl-logo.png","contentUrl":"https:\/\/www.uhl-menu.com\/wp-content\/uploads\/uhl-logo.png","width":66,"height":41,"caption":"menu de Uhl"},"image":{"@id":"https:\/\/www.uhl-menu.com\/pt-pt\/#\/schema\/logo\/image\/"},"sameAs":["https:\/\/www.facebook.com\/uhlspeisekarten","https:\/\/www.youtube.com\/channel\/UCz6fCHDC_EvIaFfibirEF8A\/videos"]}]}},"_links":{"self":[{"href":"https:\/\/www.uhl-menu.com\/pt-pt\/wp-json\/wp\/v2\/product\/78021","targetHints":{"allow":["GET"]}}],"collection":[{"href":"https:\/\/www.uhl-menu.com\/pt-pt\/wp-json\/wp\/v2\/product"}],"about":[{"href":"https:\/\/www.uhl-menu.com\/pt-pt\/wp-json\/wp\/v2\/types\/product"}],"wp:featuredmedia":[{"embeddable":true,"href":"https:\/\/www.uhl-menu.com\/pt-pt\/wp-json\/wp\/v2\/media\/24099"}],"wp:attachment":[{"href":"https:\/\/www.uhl-menu.com\/pt-pt\/wp-json\/wp\/v2\/media?parent=78021"}],"wp:term":[{"taxonomy":"product_brand","embeddable":true,"href":"https:\/\/www.uhl-menu.com\/pt-pt\/wp-json\/wp\/v2\/product_brand?post=78021"},{"taxonomy":"product_cat","embeddable":true,"href":"https:\/\/www.uhl-menu.com\/pt-pt\/wp-json\/wp\/v2\/product_cat?post=78021"},{"taxonomy":"product_tag","embeddable":true,"href":"https:\/\/www.uhl-menu.com\/pt-pt\/wp-json\/wp\/v2\/product_tag?post=78021"}],"curies":[{"name":"wp","href":"https:\/\/api.w.org\/{rel}","templated":true}]}}