{"id":78297,"date":"2021-11-19T18:26:49","date_gmt":"2021-11-19T17:26:49","guid":{"rendered":"https:\/\/www.uhl-menu.com\/produkt\/cube\/"},"modified":"2026-02-10T00:53:00","modified_gmt":"2026-02-09T23:53:00","slug":"cube","status":"publish","type":"product","link":"https:\/\/www.uhl-menu.com\/pt-pt\/produkt\/cube\/","title":{"rendered":"Cube"},"content":{"rendered":"<p>Os novos e elegantes expositores s\u00e3o o destaque nas suas mesas ou no bar! De acordo com as suas prefer\u00eancias, podemos produzir o robusto suporte de mesa Cube com base quadrada ou retangular, sendo tamb\u00e9m poss\u00edvel personalizar a altura dos pain\u00e9is laterais conforme as suas necessidades. Em cada aresta lateral existe uma calha magn\u00e9tica estreita e vertical para a substitui\u00e7\u00e3o r\u00e1pida dos pap\u00e9is, permitindo trocar facilmente a sua oferta a qualquer momento. As arestas fechadas e a superf\u00edcie de f\u00e1cil manuten\u00e7\u00e3o, em tecido de linho resistente ao desgaste, tornam este suporte de mesa particularmente dur\u00e1vel para o uso di\u00e1rio.   <\/p>\n","protected":false},"excerpt":{"rendered":"<p>Os novos e elegantes expositores s\u00e3o o destaque nas suas mesas ou no bar! De acordo com as suas prefer\u00eancias, podemos produzir o robusto suporte de mesa Cube com base quadrada ou retangular, sendo tamb\u00e9m poss\u00edvel personalizar a altura dos pain\u00e9is laterais conforme as suas necessidades. Em cada aresta lateral existe uma calha magn\u00e9tica estreita [&hellip;]<\/p>\n","protected":false},"featured_media":78301,"template":"","meta":{"_acf_changed":false},"product_brand":[],"product_cat":[1677,1691,1680,1693,1690,1692],"product_tag":[],"class_list":{"0":"post-78297","1":"product","2":"type-product","3":"status-publish","4":"has-post-thumbnail","6":"product_cat-cartas-de-vinhos","7":"product_cat-linho","8":"product_cat-repelente-a-agua","9":"product_cat-restantes-modelos","10":"product_cat-suporte-de-mesa","11":"product_cat-suporte-de-mesa-pt-pt","12":"pa_format-l-11x11x30-pt-pt","13":"pa_format-m-11x11x21-pt-pt","14":"pa_format-s-11x11x15-pt-pt","15":"tm-has-options","17":"first","18":"instock","19":"taxable","20":"shipping-taxable","21":"purchasable","22":"product-type-variable"},"acf":[],"yoast_head":"<!-- This site is optimized with the Yoast SEO plugin v26.0 - https:\/\/yoast.com\/wordpress\/plugins\/seo\/ -->\n<title>Cube \u00bb Suporte de mesa robusto com 2 a 4 prateleiras - menu de Uhl<\/title>\n<meta name=\"robots\" content=\"index, follow, max-snippet:-1, max-image-preview:large, max-video-preview:-1\" \/>\n<link rel=\"canonical\" href=\"https:\/\/www.uhl-menu.com\/pt-pt\/produkt\/cube\/\" \/>\n<meta property=\"og:locale\" content=\"pt_PT\" \/>\n<meta property=\"og:type\" content=\"article\" \/>\n<meta property=\"og:title\" content=\"Cube \u00bb Suporte de mesa robusto com 2 a 4 prateleiras - menu de Uhl\" \/>\n<meta property=\"og:description\" content=\"Os novos e elegantes expositores s\u00e3o o destaque nas suas mesas ou no bar! De acordo com as suas prefer\u00eancias, podemos produzir o robusto suporte de mesa Cube com base quadrada ou retangular, sendo tamb\u00e9m poss\u00edvel personalizar a altura dos pain\u00e9is laterais conforme as suas necessidades. Em cada aresta lateral existe uma calha magn\u00e9tica estreita [&hellip;]\" \/>\n<meta property=\"og:url\" content=\"https:\/\/www.uhl-menu.com\/pt-pt\/produkt\/cube\/\" \/>\n<meta property=\"og:site_name\" content=\"menu de Uhl\" \/>\n<meta property=\"article:publisher\" content=\"https:\/\/www.facebook.com\/uhlspeisekarten\" \/>\n<meta property=\"article:modified_time\" content=\"2026-02-09T23:53:00+00:00\" \/>\n<meta property=\"og:image\" content=\"https:\/\/www.uhl-menu.com\/wp-content\/uploads\/cube-stabiler-aufsteller-mit-2-4-einschueben.png\" \/>\n\t<meta property=\"og:image:width\" content=\"1600\" \/>\n\t<meta property=\"og:image:height\" content=\"1125\" \/>\n\t<meta property=\"og:image:type\" content=\"image\/png\" \/>\n<meta name=\"twitter:card\" content=\"summary_large_image\" \/>\n<meta name=\"twitter:label1\" content=\"Tempo estimado de leitura\" \/>\n\t<meta name=\"twitter:data1\" content=\"1 minuto\" \/>\n<script type=\"application\/ld+json\" class=\"yoast-schema-graph\">{\"@context\":\"https:\/\/schema.org\",\"@graph\":[{\"@type\":\"WebPage\",\"@id\":\"https:\/\/www.uhl-menu.com\/pt-pt\/produkt\/cube\/\",\"url\":\"https:\/\/www.uhl-menu.com\/pt-pt\/produkt\/cube\/\",\"name\":\"Cube \u00bb Suporte de mesa robusto com 2 a 4 prateleiras - menu de Uhl\",\"isPartOf\":{\"@id\":\"https:\/\/www.uhl-menu.com\/pt-pt\/#website\"},\"primaryImageOfPage\":{\"@id\":\"https:\/\/www.uhl-menu.com\/pt-pt\/produkt\/cube\/#primaryimage\"},\"image\":{\"@id\":\"https:\/\/www.uhl-menu.com\/pt-pt\/produkt\/cube\/#primaryimage\"},\"thumbnailUrl\":\"https:\/\/www.uhl-menu.com\/wp-content\/uploads\/cube-stabiler-aufsteller-mit-2-4-einschueben.png\",\"datePublished\":\"2021-11-19T17:26:49+00:00\",\"dateModified\":\"2026-02-09T23:53:00+00:00\",\"breadcrumb\":{\"@id\":\"https:\/\/www.uhl-menu.com\/pt-pt\/produkt\/cube\/#breadcrumb\"},\"inLanguage\":\"pt-PT\",\"potentialAction\":[{\"@type\":\"ReadAction\",\"target\":[\"https:\/\/www.uhl-menu.com\/pt-pt\/produkt\/cube\/\"]}]},{\"@type\":\"ImageObject\",\"inLanguage\":\"pt-PT\",\"@id\":\"https:\/\/www.uhl-menu.com\/pt-pt\/produkt\/cube\/#primaryimage\",\"url\":\"https:\/\/www.uhl-menu.com\/wp-content\/uploads\/cube-stabiler-aufsteller-mit-2-4-einschueben.png\",\"contentUrl\":\"https:\/\/www.uhl-menu.com\/wp-content\/uploads\/cube-stabiler-aufsteller-mit-2-4-einschueben.png\",\"width\":1600,\"height\":1125,\"caption\":\"Suporte de mesa robusto em forma de cubo com duas a quatro prateleiras: modelo Cube da Uhl Menu\"},{\"@type\":\"BreadcrumbList\",\"@id\":\"https:\/\/www.uhl-menu.com\/pt-pt\/produkt\/cube\/#breadcrumb\",\"itemListElement\":[{\"@type\":\"ListItem\",\"position\":1,\"name\":\"Startseite\",\"item\":\"https:\/\/www.uhl-menu.com\/pt-pt\/pagina-inicial\/\"},{\"@type\":\"ListItem\",\"position\":2,\"name\":\"Loja\",\"item\":\"https:\/\/www.uhl-menu.com\/pt-pt\/loja\/\"},{\"@type\":\"ListItem\",\"position\":3,\"name\":\"Cube\"}]},{\"@type\":\"WebSite\",\"@id\":\"https:\/\/www.uhl-menu.com\/pt-pt\/#website\",\"url\":\"https:\/\/www.uhl-menu.com\/pt-pt\/\",\"name\":\"menu de Uhl\",\"description\":\"e fabricant de menus UHL, fond\u00e9 en 1982, s&#039;est donn\u00e9 d\u00e8s ses d\u00e9buts pour mission de se sp\u00e9cialiser dans les menus et les cartes des vins.\",\"publisher\":{\"@id\":\"https:\/\/www.uhl-menu.com\/pt-pt\/#organization\"},\"potentialAction\":[{\"@type\":\"SearchAction\",\"target\":{\"@type\":\"EntryPoint\",\"urlTemplate\":\"https:\/\/www.uhl-menu.com\/pt-pt\/?s={search_term_string}\"},\"query-input\":{\"@type\":\"PropertyValueSpecification\",\"valueRequired\":true,\"valueName\":\"search_term_string\"}}],\"inLanguage\":\"pt-PT\"},{\"@type\":\"Organization\",\"@id\":\"https:\/\/www.uhl-menu.com\/pt-pt\/#organization\",\"name\":\"menu de Uhl\",\"url\":\"https:\/\/www.uhl-menu.com\/pt-pt\/\",\"logo\":{\"@type\":\"ImageObject\",\"inLanguage\":\"pt-PT\",\"@id\":\"https:\/\/www.uhl-menu.com\/pt-pt\/#\/schema\/logo\/image\/\",\"url\":\"https:\/\/www.uhl-menu.com\/wp-content\/uploads\/uhl-logo.png\",\"contentUrl\":\"https:\/\/www.uhl-menu.com\/wp-content\/uploads\/uhl-logo.png\",\"width\":66,\"height\":41,\"caption\":\"menu de Uhl\"},\"image\":{\"@id\":\"https:\/\/www.uhl-menu.com\/pt-pt\/#\/schema\/logo\/image\/\"},\"sameAs\":[\"https:\/\/www.facebook.com\/uhlspeisekarten\",\"https:\/\/www.youtube.com\/channel\/UCz6fCHDC_EvIaFfibirEF8A\/videos\"]}]}<\/script>\n<!-- \/ Yoast SEO plugin. -->","yoast_head_json":{"title":"Cube \u00bb Suporte de mesa robusto com 2 a 4 prateleiras - menu de Uhl","robots":{"index":"index","follow":"follow","max-snippet":"max-snippet:-1","max-image-preview":"max-image-preview:large","max-video-preview":"max-video-preview:-1"},"canonical":"https:\/\/www.uhl-menu.com\/pt-pt\/produkt\/cube\/","og_locale":"pt_PT","og_type":"article","og_title":"Cube \u00bb Suporte de mesa robusto com 2 a 4 prateleiras - menu de Uhl","og_description":"Os novos e elegantes expositores s\u00e3o o destaque nas suas mesas ou no bar! De acordo com as suas prefer\u00eancias, podemos produzir o robusto suporte de mesa Cube com base quadrada ou retangular, sendo tamb\u00e9m poss\u00edvel personalizar a altura dos pain\u00e9is laterais conforme as suas necessidades. Em cada aresta lateral existe uma calha magn\u00e9tica estreita [&hellip;]","og_url":"https:\/\/www.uhl-menu.com\/pt-pt\/produkt\/cube\/","og_site_name":"menu de Uhl","article_publisher":"https:\/\/www.facebook.com\/uhlspeisekarten","article_modified_time":"2026-02-09T23:53:00+00:00","og_image":[{"width":1600,"height":1125,"url":"https:\/\/www.uhl-menu.com\/wp-content\/uploads\/cube-stabiler-aufsteller-mit-2-4-einschueben.png","type":"image\/png"}],"twitter_card":"summary_large_image","twitter_misc":{"Tempo estimado de leitura":"1 minuto"},"schema":{"@context":"https:\/\/schema.org","@graph":[{"@type":"WebPage","@id":"https:\/\/www.uhl-menu.com\/pt-pt\/produkt\/cube\/","url":"https:\/\/www.uhl-menu.com\/pt-pt\/produkt\/cube\/","name":"Cube \u00bb Suporte de mesa robusto com 2 a 4 prateleiras - menu de Uhl","isPartOf":{"@id":"https:\/\/www.uhl-menu.com\/pt-pt\/#website"},"primaryImageOfPage":{"@id":"https:\/\/www.uhl-menu.com\/pt-pt\/produkt\/cube\/#primaryimage"},"image":{"@id":"https:\/\/www.uhl-menu.com\/pt-pt\/produkt\/cube\/#primaryimage"},"thumbnailUrl":"https:\/\/www.uhl-menu.com\/wp-content\/uploads\/cube-stabiler-aufsteller-mit-2-4-einschueben.png","datePublished":"2021-11-19T17:26:49+00:00","dateModified":"2026-02-09T23:53:00+00:00","breadcrumb":{"@id":"https:\/\/www.uhl-menu.com\/pt-pt\/produkt\/cube\/#breadcrumb"},"inLanguage":"pt-PT","potentialAction":[{"@type":"ReadAction","target":["https:\/\/www.uhl-menu.com\/pt-pt\/produkt\/cube\/"]}]},{"@type":"ImageObject","inLanguage":"pt-PT","@id":"https:\/\/www.uhl-menu.com\/pt-pt\/produkt\/cube\/#primaryimage","url":"https:\/\/www.uhl-menu.com\/wp-content\/uploads\/cube-stabiler-aufsteller-mit-2-4-einschueben.png","contentUrl":"https:\/\/www.uhl-menu.com\/wp-content\/uploads\/cube-stabiler-aufsteller-mit-2-4-einschueben.png","width":1600,"height":1125,"caption":"Suporte de mesa robusto em forma de cubo com duas a quatro prateleiras: modelo Cube da Uhl Menu"},{"@type":"BreadcrumbList","@id":"https:\/\/www.uhl-menu.com\/pt-pt\/produkt\/cube\/#breadcrumb","itemListElement":[{"@type":"ListItem","position":1,"name":"Startseite","item":"https:\/\/www.uhl-menu.com\/pt-pt\/pagina-inicial\/"},{"@type":"ListItem","position":2,"name":"Loja","item":"https:\/\/www.uhl-menu.com\/pt-pt\/loja\/"},{"@type":"ListItem","position":3,"name":"Cube"}]},{"@type":"WebSite","@id":"https:\/\/www.uhl-menu.com\/pt-pt\/#website","url":"https:\/\/www.uhl-menu.com\/pt-pt\/","name":"menu de Uhl","description":"e fabricant de menus UHL, fond\u00e9 en 1982, s&#039;est donn\u00e9 d\u00e8s ses d\u00e9buts pour mission de se sp\u00e9cialiser dans les menus et les cartes des vins.","publisher":{"@id":"https:\/\/www.uhl-menu.com\/pt-pt\/#organization"},"potentialAction":[{"@type":"SearchAction","target":{"@type":"EntryPoint","urlTemplate":"https:\/\/www.uhl-menu.com\/pt-pt\/?s={search_term_string}"},"query-input":{"@type":"PropertyValueSpecification","valueRequired":true,"valueName":"search_term_string"}}],"inLanguage":"pt-PT"},{"@type":"Organization","@id":"https:\/\/www.uhl-menu.com\/pt-pt\/#organization","name":"menu de Uhl","url":"https:\/\/www.uhl-menu.com\/pt-pt\/","logo":{"@type":"ImageObject","inLanguage":"pt-PT","@id":"https:\/\/www.uhl-menu.com\/pt-pt\/#\/schema\/logo\/image\/","url":"https:\/\/www.uhl-menu.com\/wp-content\/uploads\/uhl-logo.png","contentUrl":"https:\/\/www.uhl-menu.com\/wp-content\/uploads\/uhl-logo.png","width":66,"height":41,"caption":"menu de Uhl"},"image":{"@id":"https:\/\/www.uhl-menu.com\/pt-pt\/#\/schema\/logo\/image\/"},"sameAs":["https:\/\/www.facebook.com\/uhlspeisekarten","https:\/\/www.youtube.com\/channel\/UCz6fCHDC_EvIaFfibirEF8A\/videos"]}]}},"_links":{"self":[{"href":"https:\/\/www.uhl-menu.com\/pt-pt\/wp-json\/wp\/v2\/product\/78297","targetHints":{"allow":["GET"]}}],"collection":[{"href":"https:\/\/www.uhl-menu.com\/pt-pt\/wp-json\/wp\/v2\/product"}],"about":[{"href":"https:\/\/www.uhl-menu.com\/pt-pt\/wp-json\/wp\/v2\/types\/product"}],"wp:featuredmedia":[{"embeddable":true,"href":"https:\/\/www.uhl-menu.com\/pt-pt\/wp-json\/wp\/v2\/media\/78301"}],"wp:attachment":[{"href":"https:\/\/www.uhl-menu.com\/pt-pt\/wp-json\/wp\/v2\/media?parent=78297"}],"wp:term":[{"taxonomy":"product_brand","embeddable":true,"href":"https:\/\/www.uhl-menu.com\/pt-pt\/wp-json\/wp\/v2\/product_brand?post=78297"},{"taxonomy":"product_cat","embeddable":true,"href":"https:\/\/www.uhl-menu.com\/pt-pt\/wp-json\/wp\/v2\/product_cat?post=78297"},{"taxonomy":"product_tag","embeddable":true,"href":"https:\/\/www.uhl-menu.com\/pt-pt\/wp-json\/wp\/v2\/product_tag?post=78297"}],"curies":[{"name":"wp","href":"https:\/\/api.w.org\/{rel}","templated":true}]}}