{"id":78408,"date":"2021-11-20T11:04:53","date_gmt":"2021-11-20T10:04:53","guid":{"rendered":"https:\/\/www.uhl-menu.com\/produkt\/prancheta\/"},"modified":"2026-02-10T01:03:04","modified_gmt":"2026-02-10T00:03:04","slug":"prancheta","status":"publish","type":"product","link":"https:\/\/www.uhl-menu.com\/pt-pt\/produkt\/prancheta\/","title":{"rendered":"Prancheta"},"content":{"rendered":"<p>Esta forma de menu est\u00e1 totalmente em tend\u00eancia para todos os tipos de conceitos de gastronomia. Numa \u00fanica p\u00e1gina, mas sem se limitar a apenas uma folha, apresenta aos seus clientes a oferta de comidas e bebidas. Uma pin\u00e7a atrativa e pr\u00e1tica \u00e9 utilizada para manter as folhas no lugar.  <\/p>\n<p>A capa r\u00edgida robusta, as arestas resistentes a vincos e as arestas fechadas, bem como as superf\u00edcies de f\u00e1cil manuten\u00e7\u00e3o, garantem a excelente durabilidade do cart\u00e3o. Como habitualmente, pode combinar materiais e cores como desejar e escolher o formato livremente. <\/p>\n<p>&nbsp;<\/p>\n","protected":false},"excerpt":{"rendered":"<p>Esta forma de menu est\u00e1 totalmente em tend\u00eancia para todos os tipos de conceitos de gastronomia. Numa \u00fanica p\u00e1gina, mas sem se limitar a apenas uma folha, apresenta aos seus clientes a oferta de comidas e bebidas. Uma pin\u00e7a atrativa e pr\u00e1tica \u00e9 utilizada para manter as folhas no lugar. A capa r\u00edgida robusta, as [&hellip;]<\/p>\n","protected":false},"featured_media":78418,"template":"","meta":{"_acf_changed":false},"product_brand":[],"product_cat":[1678,1677,1700,1699,1693],"product_tag":[],"class_list":{"0":"post-78408","1":"product","2":"type-product","3":"status-publish","4":"has-post-thumbnail","6":"product_cat-capa-dura","7":"product_cat-cartas-de-vinhos","8":"product_cat-numero-de-paginas-flexivel","9":"product_cat-pranchetas","10":"product_cat-restantes-modelos","11":"pa_format-formato-a-escolha","12":"pa_format-formato-a4-horizontal","13":"pa_format-formato-a4-vertical","14":"pa_format-formato-a5-horizontal","15":"pa_format-formato-a5-vertical","16":"pa_format-formato-din-longo","17":"tm-has-options","19":"first","20":"instock","21":"taxable","22":"shipping-taxable","23":"purchasable","24":"product-type-variable"},"acf":[],"yoast_head":"<!-- This site is optimized with the Yoast SEO plugin v26.0 - https:\/\/yoast.com\/wordpress\/plugins\/seo\/ -->\n<title>Prancheta \u00bb Menu de prancheta para restaura\u00e7\u00e3o - menu de Uhl<\/title>\n<meta name=\"robots\" content=\"index, follow, max-snippet:-1, max-image-preview:large, max-video-preview:-1\" \/>\n<link rel=\"canonical\" href=\"https:\/\/www.uhl-menu.com\/pt-pt\/produkt\/prancheta\/\" \/>\n<meta property=\"og:locale\" content=\"pt_PT\" \/>\n<meta property=\"og:type\" content=\"article\" \/>\n<meta property=\"og:title\" content=\"Prancheta \u00bb Menu de prancheta para restaura\u00e7\u00e3o - menu de Uhl\" \/>\n<meta property=\"og:description\" content=\"Esta forma de menu est\u00e1 totalmente em tend\u00eancia para todos os tipos de conceitos de gastronomia. Numa \u00fanica p\u00e1gina, mas sem se limitar a apenas uma folha, apresenta aos seus clientes a oferta de comidas e bebidas. Uma pin\u00e7a atrativa e pr\u00e1tica \u00e9 utilizada para manter as folhas no lugar. A capa r\u00edgida robusta, as [&hellip;]\" \/>\n<meta property=\"og:url\" content=\"https:\/\/www.uhl-menu.com\/pt-pt\/produkt\/prancheta\/\" \/>\n<meta property=\"og:site_name\" content=\"menu de Uhl\" \/>\n<meta property=\"article:publisher\" content=\"https:\/\/www.facebook.com\/uhlspeisekarten\" \/>\n<meta property=\"article:modified_time\" content=\"2026-02-10T00:03:04+00:00\" \/>\n<meta property=\"og:image\" content=\"https:\/\/www.uhl-menu.com\/wp-content\/uploads\/klemmbrett-gastro-klemmbrett-speisekarte.png\" \/>\n\t<meta property=\"og:image:width\" content=\"1600\" \/>\n\t<meta property=\"og:image:height\" content=\"1125\" \/>\n\t<meta property=\"og:image:type\" content=\"image\/png\" \/>\n<meta name=\"twitter:card\" content=\"summary_large_image\" \/>\n<script type=\"application\/ld+json\" class=\"yoast-schema-graph\">{\"@context\":\"https:\/\/schema.org\",\"@graph\":[{\"@type\":\"WebPage\",\"@id\":\"https:\/\/www.uhl-menu.com\/pt-pt\/produkt\/prancheta\/\",\"url\":\"https:\/\/www.uhl-menu.com\/pt-pt\/produkt\/prancheta\/\",\"name\":\"Prancheta \u00bb Menu de prancheta para restaura\u00e7\u00e3o - menu de Uhl\",\"isPartOf\":{\"@id\":\"https:\/\/www.uhl-menu.com\/pt-pt\/#website\"},\"primaryImageOfPage\":{\"@id\":\"https:\/\/www.uhl-menu.com\/pt-pt\/produkt\/prancheta\/#primaryimage\"},\"image\":{\"@id\":\"https:\/\/www.uhl-menu.com\/pt-pt\/produkt\/prancheta\/#primaryimage\"},\"thumbnailUrl\":\"https:\/\/www.uhl-menu.com\/wp-content\/uploads\/klemmbrett-gastro-klemmbrett-speisekarte.png\",\"datePublished\":\"2021-11-20T10:04:53+00:00\",\"dateModified\":\"2026-02-10T00:03:04+00:00\",\"breadcrumb\":{\"@id\":\"https:\/\/www.uhl-menu.com\/pt-pt\/produkt\/prancheta\/#breadcrumb\"},\"inLanguage\":\"pt-PT\",\"potentialAction\":[{\"@type\":\"ReadAction\",\"target\":[\"https:\/\/www.uhl-menu.com\/pt-pt\/produkt\/prancheta\/\"]}]},{\"@type\":\"ImageObject\",\"inLanguage\":\"pt-PT\",\"@id\":\"https:\/\/www.uhl-menu.com\/pt-pt\/produkt\/prancheta\/#primaryimage\",\"url\":\"https:\/\/www.uhl-menu.com\/wp-content\/uploads\/klemmbrett-gastro-klemmbrett-speisekarte.png\",\"contentUrl\":\"https:\/\/www.uhl-menu.com\/wp-content\/uploads\/klemmbrett-gastro-klemmbrett-speisekarte.png\",\"width\":1600,\"height\":1125},{\"@type\":\"BreadcrumbList\",\"@id\":\"https:\/\/www.uhl-menu.com\/pt-pt\/produkt\/prancheta\/#breadcrumb\",\"itemListElement\":[{\"@type\":\"ListItem\",\"position\":1,\"name\":\"Startseite\",\"item\":\"https:\/\/www.uhl-menu.com\/pt-pt\/pagina-inicial\/\"},{\"@type\":\"ListItem\",\"position\":2,\"name\":\"Loja\",\"item\":\"https:\/\/www.uhl-menu.com\/pt-pt\/loja\/\"},{\"@type\":\"ListItem\",\"position\":3,\"name\":\"Prancheta\"}]},{\"@type\":\"WebSite\",\"@id\":\"https:\/\/www.uhl-menu.com\/pt-pt\/#website\",\"url\":\"https:\/\/www.uhl-menu.com\/pt-pt\/\",\"name\":\"menu de Uhl\",\"description\":\"e fabricant de menus UHL, fond\u00e9 en 1982, s&#039;est donn\u00e9 d\u00e8s ses d\u00e9buts pour mission de se sp\u00e9cialiser dans les menus et les cartes des vins.\",\"publisher\":{\"@id\":\"https:\/\/www.uhl-menu.com\/pt-pt\/#organization\"},\"potentialAction\":[{\"@type\":\"SearchAction\",\"target\":{\"@type\":\"EntryPoint\",\"urlTemplate\":\"https:\/\/www.uhl-menu.com\/pt-pt\/?s={search_term_string}\"},\"query-input\":{\"@type\":\"PropertyValueSpecification\",\"valueRequired\":true,\"valueName\":\"search_term_string\"}}],\"inLanguage\":\"pt-PT\"},{\"@type\":\"Organization\",\"@id\":\"https:\/\/www.uhl-menu.com\/pt-pt\/#organization\",\"name\":\"menu de Uhl\",\"url\":\"https:\/\/www.uhl-menu.com\/pt-pt\/\",\"logo\":{\"@type\":\"ImageObject\",\"inLanguage\":\"pt-PT\",\"@id\":\"https:\/\/www.uhl-menu.com\/pt-pt\/#\/schema\/logo\/image\/\",\"url\":\"https:\/\/www.uhl-menu.com\/wp-content\/uploads\/uhl-logo.png\",\"contentUrl\":\"https:\/\/www.uhl-menu.com\/wp-content\/uploads\/uhl-logo.png\",\"width\":66,\"height\":41,\"caption\":\"menu de Uhl\"},\"image\":{\"@id\":\"https:\/\/www.uhl-menu.com\/pt-pt\/#\/schema\/logo\/image\/\"},\"sameAs\":[\"https:\/\/www.facebook.com\/uhlspeisekarten\",\"https:\/\/www.youtube.com\/channel\/UCz6fCHDC_EvIaFfibirEF8A\/videos\"]}]}<\/script>\n<!-- \/ Yoast SEO plugin. -->","yoast_head_json":{"title":"Prancheta \u00bb Menu de prancheta para restaura\u00e7\u00e3o - menu de Uhl","robots":{"index":"index","follow":"follow","max-snippet":"max-snippet:-1","max-image-preview":"max-image-preview:large","max-video-preview":"max-video-preview:-1"},"canonical":"https:\/\/www.uhl-menu.com\/pt-pt\/produkt\/prancheta\/","og_locale":"pt_PT","og_type":"article","og_title":"Prancheta \u00bb Menu de prancheta para restaura\u00e7\u00e3o - menu de Uhl","og_description":"Esta forma de menu est\u00e1 totalmente em tend\u00eancia para todos os tipos de conceitos de gastronomia. Numa \u00fanica p\u00e1gina, mas sem se limitar a apenas uma folha, apresenta aos seus clientes a oferta de comidas e bebidas. Uma pin\u00e7a atrativa e pr\u00e1tica \u00e9 utilizada para manter as folhas no lugar. A capa r\u00edgida robusta, as [&hellip;]","og_url":"https:\/\/www.uhl-menu.com\/pt-pt\/produkt\/prancheta\/","og_site_name":"menu de Uhl","article_publisher":"https:\/\/www.facebook.com\/uhlspeisekarten","article_modified_time":"2026-02-10T00:03:04+00:00","og_image":[{"width":1600,"height":1125,"url":"https:\/\/www.uhl-menu.com\/wp-content\/uploads\/klemmbrett-gastro-klemmbrett-speisekarte.png","type":"image\/png"}],"twitter_card":"summary_large_image","schema":{"@context":"https:\/\/schema.org","@graph":[{"@type":"WebPage","@id":"https:\/\/www.uhl-menu.com\/pt-pt\/produkt\/prancheta\/","url":"https:\/\/www.uhl-menu.com\/pt-pt\/produkt\/prancheta\/","name":"Prancheta \u00bb Menu de prancheta para restaura\u00e7\u00e3o - menu de Uhl","isPartOf":{"@id":"https:\/\/www.uhl-menu.com\/pt-pt\/#website"},"primaryImageOfPage":{"@id":"https:\/\/www.uhl-menu.com\/pt-pt\/produkt\/prancheta\/#primaryimage"},"image":{"@id":"https:\/\/www.uhl-menu.com\/pt-pt\/produkt\/prancheta\/#primaryimage"},"thumbnailUrl":"https:\/\/www.uhl-menu.com\/wp-content\/uploads\/klemmbrett-gastro-klemmbrett-speisekarte.png","datePublished":"2021-11-20T10:04:53+00:00","dateModified":"2026-02-10T00:03:04+00:00","breadcrumb":{"@id":"https:\/\/www.uhl-menu.com\/pt-pt\/produkt\/prancheta\/#breadcrumb"},"inLanguage":"pt-PT","potentialAction":[{"@type":"ReadAction","target":["https:\/\/www.uhl-menu.com\/pt-pt\/produkt\/prancheta\/"]}]},{"@type":"ImageObject","inLanguage":"pt-PT","@id":"https:\/\/www.uhl-menu.com\/pt-pt\/produkt\/prancheta\/#primaryimage","url":"https:\/\/www.uhl-menu.com\/wp-content\/uploads\/klemmbrett-gastro-klemmbrett-speisekarte.png","contentUrl":"https:\/\/www.uhl-menu.com\/wp-content\/uploads\/klemmbrett-gastro-klemmbrett-speisekarte.png","width":1600,"height":1125},{"@type":"BreadcrumbList","@id":"https:\/\/www.uhl-menu.com\/pt-pt\/produkt\/prancheta\/#breadcrumb","itemListElement":[{"@type":"ListItem","position":1,"name":"Startseite","item":"https:\/\/www.uhl-menu.com\/pt-pt\/pagina-inicial\/"},{"@type":"ListItem","position":2,"name":"Loja","item":"https:\/\/www.uhl-menu.com\/pt-pt\/loja\/"},{"@type":"ListItem","position":3,"name":"Prancheta"}]},{"@type":"WebSite","@id":"https:\/\/www.uhl-menu.com\/pt-pt\/#website","url":"https:\/\/www.uhl-menu.com\/pt-pt\/","name":"menu de Uhl","description":"e fabricant de menus UHL, fond\u00e9 en 1982, s&#039;est donn\u00e9 d\u00e8s ses d\u00e9buts pour mission de se sp\u00e9cialiser dans les menus et les cartes des vins.","publisher":{"@id":"https:\/\/www.uhl-menu.com\/pt-pt\/#organization"},"potentialAction":[{"@type":"SearchAction","target":{"@type":"EntryPoint","urlTemplate":"https:\/\/www.uhl-menu.com\/pt-pt\/?s={search_term_string}"},"query-input":{"@type":"PropertyValueSpecification","valueRequired":true,"valueName":"search_term_string"}}],"inLanguage":"pt-PT"},{"@type":"Organization","@id":"https:\/\/www.uhl-menu.com\/pt-pt\/#organization","name":"menu de Uhl","url":"https:\/\/www.uhl-menu.com\/pt-pt\/","logo":{"@type":"ImageObject","inLanguage":"pt-PT","@id":"https:\/\/www.uhl-menu.com\/pt-pt\/#\/schema\/logo\/image\/","url":"https:\/\/www.uhl-menu.com\/wp-content\/uploads\/uhl-logo.png","contentUrl":"https:\/\/www.uhl-menu.com\/wp-content\/uploads\/uhl-logo.png","width":66,"height":41,"caption":"menu de Uhl"},"image":{"@id":"https:\/\/www.uhl-menu.com\/pt-pt\/#\/schema\/logo\/image\/"},"sameAs":["https:\/\/www.facebook.com\/uhlspeisekarten","https:\/\/www.youtube.com\/channel\/UCz6fCHDC_EvIaFfibirEF8A\/videos"]}]}},"_links":{"self":[{"href":"https:\/\/www.uhl-menu.com\/pt-pt\/wp-json\/wp\/v2\/product\/78408","targetHints":{"allow":["GET"]}}],"collection":[{"href":"https:\/\/www.uhl-menu.com\/pt-pt\/wp-json\/wp\/v2\/product"}],"about":[{"href":"https:\/\/www.uhl-menu.com\/pt-pt\/wp-json\/wp\/v2\/types\/product"}],"wp:featuredmedia":[{"embeddable":true,"href":"https:\/\/www.uhl-menu.com\/pt-pt\/wp-json\/wp\/v2\/media\/78418"}],"wp:attachment":[{"href":"https:\/\/www.uhl-menu.com\/pt-pt\/wp-json\/wp\/v2\/media?parent=78408"}],"wp:term":[{"taxonomy":"product_brand","embeddable":true,"href":"https:\/\/www.uhl-menu.com\/pt-pt\/wp-json\/wp\/v2\/product_brand?post=78408"},{"taxonomy":"product_cat","embeddable":true,"href":"https:\/\/www.uhl-menu.com\/pt-pt\/wp-json\/wp\/v2\/product_cat?post=78408"},{"taxonomy":"product_tag","embeddable":true,"href":"https:\/\/www.uhl-menu.com\/pt-pt\/wp-json\/wp\/v2\/product_tag?post=78408"}],"curies":[{"name":"wp","href":"https:\/\/api.w.org\/{rel}","templated":true}]}}