{"id":79038,"date":"2021-11-25T11:49:47","date_gmt":"2021-11-25T10:49:47","guid":{"rendered":"https:\/\/www.uhl-menu.com\/produkt\/magnetic-card-1-sided\/"},"modified":"2026-02-10T01:08:29","modified_gmt":"2026-02-10T00:08:29","slug":"magnetic-card-1-sided","status":"publish","type":"product","link":"https:\/\/www.uhl-menu.com\/pt-pt\/produkt\/magnetic-card-1-sided\/","title":{"rendered":"Cart\u00e3o magn\u00e9tico, 1 face"},"content":{"rendered":"<p>A vers\u00e3o de uma face dos nossos cart\u00f5es magn\u00e9ticos \u00e9 simples, pr\u00e1tica e elegante. Permite, por exemplo, apresentar aos seus clientes um menu exclusivo, a sugest\u00e3o do dia, vinhos selecionados ou at\u00e9 as sobremesas, de forma imediata. Uma pr\u00e1tica faixa magn\u00e9tica \u00e9 utilizada para fixar folhas individuais.  <\/p>\n<p>A capa dura robusta, as extremidades resistentes a vincos e fechadas, bem como as superf\u00edcies de f\u00e1cil manuten\u00e7\u00e3o, garantem a excelente durabilidade do menu. Como habitual, \u00e9 poss\u00edvel combinar materiais e cores livremente e escolher o formato livremente. <\/p>\n","protected":false},"excerpt":{"rendered":"<p>A vers\u00e3o de uma face dos nossos cart\u00f5es magn\u00e9ticos \u00e9 simples, pr\u00e1tica e elegante. Permite, por exemplo, apresentar aos seus clientes um menu exclusivo, a sugest\u00e3o do dia, vinhos selecionados ou at\u00e9 as sobremesas, de forma imediata. Uma pr\u00e1tica faixa magn\u00e9tica \u00e9 utilizada para fixar folhas individuais. A capa dura robusta, as extremidades resistentes a [&hellip;]<\/p>\n","protected":false},"featured_media":79051,"template":"","meta":{"_acf_changed":false},"product_brand":[],"product_cat":[1722,1678,1721,1681,1708,1691,1710,1707,1699,1680,1679],"product_tag":[],"class_list":{"0":"post-79038","1":"product","2":"type-product","3":"status-publish","4":"has-post-thumbnail","6":"product_cat-1-face-pt-pt","7":"product_cat-capa-dura","8":"product_cat-cartas-de-sobremesas","9":"product_cat-encadernado","10":"product_cat-imitacao-de-pele","11":"product_cat-linho","12":"product_cat-material-sintetico","13":"product_cat-pele-genuina","14":"product_cat-pranchetas","15":"product_cat-repelente-a-agua","16":"product_cat-resistente-a-gordura","17":"pa_format-formato-a4-horizontal","18":"pa_format-formato-a4-vertical","19":"pa_format-formato-a5-horizontal","20":"pa_format-formato-a5-vertical","21":"pa_format-formato-din-longo","22":"pa_format-para-a3-horizontal","23":"pa_format-para-a3-vertical","24":"tm-has-options","26":"first","27":"instock","28":"taxable","29":"shipping-taxable","30":"purchasable","31":"product-type-variable"},"acf":[],"yoast_head":"<!-- This site is optimized with the Yoast SEO plugin v26.0 - https:\/\/yoast.com\/wordpress\/plugins\/seo\/ -->\n<title>Cart\u00e3o magn\u00e9tico, 1 face \u00bb Quadro de menu com faixa magn\u00e9tica - menu de Uhl<\/title>\n<meta name=\"robots\" content=\"index, follow, max-snippet:-1, max-image-preview:large, max-video-preview:-1\" \/>\n<link rel=\"canonical\" href=\"https:\/\/www.uhl-menu.com\/pt-pt\/produkt\/magnetic-card-1-sided\/\" \/>\n<meta property=\"og:locale\" content=\"pt_PT\" \/>\n<meta property=\"og:type\" content=\"article\" \/>\n<meta property=\"og:title\" content=\"Cart\u00e3o magn\u00e9tico, 1 face \u00bb Quadro de menu com faixa magn\u00e9tica - menu de Uhl\" \/>\n<meta property=\"og:description\" content=\"A vers\u00e3o de uma face dos nossos cart\u00f5es magn\u00e9ticos \u00e9 simples, pr\u00e1tica e elegante. Permite, por exemplo, apresentar aos seus clientes um menu exclusivo, a sugest\u00e3o do dia, vinhos selecionados ou at\u00e9 as sobremesas, de forma imediata. Uma pr\u00e1tica faixa magn\u00e9tica \u00e9 utilizada para fixar folhas individuais. A capa dura robusta, as extremidades resistentes a [&hellip;]\" \/>\n<meta property=\"og:url\" content=\"https:\/\/www.uhl-menu.com\/pt-pt\/produkt\/magnetic-card-1-sided\/\" \/>\n<meta property=\"og:site_name\" content=\"menu de Uhl\" \/>\n<meta property=\"article:publisher\" content=\"https:\/\/www.facebook.com\/uhlspeisekarten\" \/>\n<meta property=\"article:modified_time\" content=\"2026-02-10T00:08:29+00:00\" \/>\n<meta property=\"og:image\" content=\"https:\/\/www.uhl-menu.com\/wp-content\/uploads\/magnetkarte-1-seitig-menue-board-mit-magnetleiste.png\" \/>\n\t<meta property=\"og:image:width\" content=\"1600\" \/>\n\t<meta property=\"og:image:height\" content=\"1125\" \/>\n\t<meta property=\"og:image:type\" content=\"image\/png\" \/>\n<meta name=\"twitter:card\" content=\"summary_large_image\" \/>\n<script type=\"application\/ld+json\" class=\"yoast-schema-graph\">{\"@context\":\"https:\/\/schema.org\",\"@graph\":[{\"@type\":\"WebPage\",\"@id\":\"https:\/\/www.uhl-menu.com\/pt-pt\/produkt\/magnetic-card-1-sided\/\",\"url\":\"https:\/\/www.uhl-menu.com\/pt-pt\/produkt\/magnetic-card-1-sided\/\",\"name\":\"Cart\u00e3o magn\u00e9tico, 1 face \u00bb Quadro de menu com faixa magn\u00e9tica - menu de Uhl\",\"isPartOf\":{\"@id\":\"https:\/\/www.uhl-menu.com\/pt-pt\/#website\"},\"primaryImageOfPage\":{\"@id\":\"https:\/\/www.uhl-menu.com\/pt-pt\/produkt\/magnetic-card-1-sided\/#primaryimage\"},\"image\":{\"@id\":\"https:\/\/www.uhl-menu.com\/pt-pt\/produkt\/magnetic-card-1-sided\/#primaryimage\"},\"thumbnailUrl\":\"https:\/\/www.uhl-menu.com\/wp-content\/uploads\/magnetkarte-1-seitig-menue-board-mit-magnetleiste.png\",\"datePublished\":\"2021-11-25T10:49:47+00:00\",\"dateModified\":\"2026-02-10T00:08:29+00:00\",\"breadcrumb\":{\"@id\":\"https:\/\/www.uhl-menu.com\/pt-pt\/produkt\/magnetic-card-1-sided\/#breadcrumb\"},\"inLanguage\":\"pt-PT\",\"potentialAction\":[{\"@type\":\"ReadAction\",\"target\":[\"https:\/\/www.uhl-menu.com\/pt-pt\/produkt\/magnetic-card-1-sided\/\"]}]},{\"@type\":\"ImageObject\",\"inLanguage\":\"pt-PT\",\"@id\":\"https:\/\/www.uhl-menu.com\/pt-pt\/produkt\/magnetic-card-1-sided\/#primaryimage\",\"url\":\"https:\/\/www.uhl-menu.com\/wp-content\/uploads\/magnetkarte-1-seitig-menue-board-mit-magnetleiste.png\",\"contentUrl\":\"https:\/\/www.uhl-menu.com\/wp-content\/uploads\/magnetkarte-1-seitig-menue-board-mit-magnetleiste.png\",\"width\":1600,\"height\":1125,\"caption\":\"Cart\u00e3o de encaixe elegante com capa dura robusta para recomenda\u00e7\u00f5es di\u00e1rias, menus ou vinhos: modelo de cart\u00e3o magn\u00e9tico de 1 face\"},{\"@type\":\"BreadcrumbList\",\"@id\":\"https:\/\/www.uhl-menu.com\/pt-pt\/produkt\/magnetic-card-1-sided\/#breadcrumb\",\"itemListElement\":[{\"@type\":\"ListItem\",\"position\":1,\"name\":\"Startseite\",\"item\":\"https:\/\/www.uhl-menu.com\/pt-pt\/pagina-inicial\/\"},{\"@type\":\"ListItem\",\"position\":2,\"name\":\"Loja\",\"item\":\"https:\/\/www.uhl-menu.com\/pt-pt\/loja\/\"},{\"@type\":\"ListItem\",\"position\":3,\"name\":\"Cart\u00e3o magn\u00e9tico, 1 face\"}]},{\"@type\":\"WebSite\",\"@id\":\"https:\/\/www.uhl-menu.com\/pt-pt\/#website\",\"url\":\"https:\/\/www.uhl-menu.com\/pt-pt\/\",\"name\":\"menu de Uhl\",\"description\":\"e fabricant de menus UHL, fond\u00e9 en 1982, s&#039;est donn\u00e9 d\u00e8s ses d\u00e9buts pour mission de se sp\u00e9cialiser dans les menus et les cartes des vins.\",\"publisher\":{\"@id\":\"https:\/\/www.uhl-menu.com\/pt-pt\/#organization\"},\"potentialAction\":[{\"@type\":\"SearchAction\",\"target\":{\"@type\":\"EntryPoint\",\"urlTemplate\":\"https:\/\/www.uhl-menu.com\/pt-pt\/?s={search_term_string}\"},\"query-input\":{\"@type\":\"PropertyValueSpecification\",\"valueRequired\":true,\"valueName\":\"search_term_string\"}}],\"inLanguage\":\"pt-PT\"},{\"@type\":\"Organization\",\"@id\":\"https:\/\/www.uhl-menu.com\/pt-pt\/#organization\",\"name\":\"menu de Uhl\",\"url\":\"https:\/\/www.uhl-menu.com\/pt-pt\/\",\"logo\":{\"@type\":\"ImageObject\",\"inLanguage\":\"pt-PT\",\"@id\":\"https:\/\/www.uhl-menu.com\/pt-pt\/#\/schema\/logo\/image\/\",\"url\":\"https:\/\/www.uhl-menu.com\/wp-content\/uploads\/uhl-logo.png\",\"contentUrl\":\"https:\/\/www.uhl-menu.com\/wp-content\/uploads\/uhl-logo.png\",\"width\":66,\"height\":41,\"caption\":\"menu de Uhl\"},\"image\":{\"@id\":\"https:\/\/www.uhl-menu.com\/pt-pt\/#\/schema\/logo\/image\/\"},\"sameAs\":[\"https:\/\/www.facebook.com\/uhlspeisekarten\",\"https:\/\/www.youtube.com\/channel\/UCz6fCHDC_EvIaFfibirEF8A\/videos\"]}]}<\/script>\n<!-- \/ Yoast SEO plugin. -->","yoast_head_json":{"title":"Cart\u00e3o magn\u00e9tico, 1 face \u00bb Quadro de menu com faixa magn\u00e9tica - menu de Uhl","robots":{"index":"index","follow":"follow","max-snippet":"max-snippet:-1","max-image-preview":"max-image-preview:large","max-video-preview":"max-video-preview:-1"},"canonical":"https:\/\/www.uhl-menu.com\/pt-pt\/produkt\/magnetic-card-1-sided\/","og_locale":"pt_PT","og_type":"article","og_title":"Cart\u00e3o magn\u00e9tico, 1 face \u00bb Quadro de menu com faixa magn\u00e9tica - menu de Uhl","og_description":"A vers\u00e3o de uma face dos nossos cart\u00f5es magn\u00e9ticos \u00e9 simples, pr\u00e1tica e elegante. Permite, por exemplo, apresentar aos seus clientes um menu exclusivo, a sugest\u00e3o do dia, vinhos selecionados ou at\u00e9 as sobremesas, de forma imediata. Uma pr\u00e1tica faixa magn\u00e9tica \u00e9 utilizada para fixar folhas individuais. A capa dura robusta, as extremidades resistentes a [&hellip;]","og_url":"https:\/\/www.uhl-menu.com\/pt-pt\/produkt\/magnetic-card-1-sided\/","og_site_name":"menu de Uhl","article_publisher":"https:\/\/www.facebook.com\/uhlspeisekarten","article_modified_time":"2026-02-10T00:08:29+00:00","og_image":[{"width":1600,"height":1125,"url":"https:\/\/www.uhl-menu.com\/wp-content\/uploads\/magnetkarte-1-seitig-menue-board-mit-magnetleiste.png","type":"image\/png"}],"twitter_card":"summary_large_image","schema":{"@context":"https:\/\/schema.org","@graph":[{"@type":"WebPage","@id":"https:\/\/www.uhl-menu.com\/pt-pt\/produkt\/magnetic-card-1-sided\/","url":"https:\/\/www.uhl-menu.com\/pt-pt\/produkt\/magnetic-card-1-sided\/","name":"Cart\u00e3o magn\u00e9tico, 1 face \u00bb Quadro de menu com faixa magn\u00e9tica - menu de Uhl","isPartOf":{"@id":"https:\/\/www.uhl-menu.com\/pt-pt\/#website"},"primaryImageOfPage":{"@id":"https:\/\/www.uhl-menu.com\/pt-pt\/produkt\/magnetic-card-1-sided\/#primaryimage"},"image":{"@id":"https:\/\/www.uhl-menu.com\/pt-pt\/produkt\/magnetic-card-1-sided\/#primaryimage"},"thumbnailUrl":"https:\/\/www.uhl-menu.com\/wp-content\/uploads\/magnetkarte-1-seitig-menue-board-mit-magnetleiste.png","datePublished":"2021-11-25T10:49:47+00:00","dateModified":"2026-02-10T00:08:29+00:00","breadcrumb":{"@id":"https:\/\/www.uhl-menu.com\/pt-pt\/produkt\/magnetic-card-1-sided\/#breadcrumb"},"inLanguage":"pt-PT","potentialAction":[{"@type":"ReadAction","target":["https:\/\/www.uhl-menu.com\/pt-pt\/produkt\/magnetic-card-1-sided\/"]}]},{"@type":"ImageObject","inLanguage":"pt-PT","@id":"https:\/\/www.uhl-menu.com\/pt-pt\/produkt\/magnetic-card-1-sided\/#primaryimage","url":"https:\/\/www.uhl-menu.com\/wp-content\/uploads\/magnetkarte-1-seitig-menue-board-mit-magnetleiste.png","contentUrl":"https:\/\/www.uhl-menu.com\/wp-content\/uploads\/magnetkarte-1-seitig-menue-board-mit-magnetleiste.png","width":1600,"height":1125,"caption":"Cart\u00e3o de encaixe elegante com capa dura robusta para recomenda\u00e7\u00f5es di\u00e1rias, menus ou vinhos: modelo de cart\u00e3o magn\u00e9tico de 1 face"},{"@type":"BreadcrumbList","@id":"https:\/\/www.uhl-menu.com\/pt-pt\/produkt\/magnetic-card-1-sided\/#breadcrumb","itemListElement":[{"@type":"ListItem","position":1,"name":"Startseite","item":"https:\/\/www.uhl-menu.com\/pt-pt\/pagina-inicial\/"},{"@type":"ListItem","position":2,"name":"Loja","item":"https:\/\/www.uhl-menu.com\/pt-pt\/loja\/"},{"@type":"ListItem","position":3,"name":"Cart\u00e3o magn\u00e9tico, 1 face"}]},{"@type":"WebSite","@id":"https:\/\/www.uhl-menu.com\/pt-pt\/#website","url":"https:\/\/www.uhl-menu.com\/pt-pt\/","name":"menu de Uhl","description":"e fabricant de menus UHL, fond\u00e9 en 1982, s&#039;est donn\u00e9 d\u00e8s ses d\u00e9buts pour mission de se sp\u00e9cialiser dans les menus et les cartes des vins.","publisher":{"@id":"https:\/\/www.uhl-menu.com\/pt-pt\/#organization"},"potentialAction":[{"@type":"SearchAction","target":{"@type":"EntryPoint","urlTemplate":"https:\/\/www.uhl-menu.com\/pt-pt\/?s={search_term_string}"},"query-input":{"@type":"PropertyValueSpecification","valueRequired":true,"valueName":"search_term_string"}}],"inLanguage":"pt-PT"},{"@type":"Organization","@id":"https:\/\/www.uhl-menu.com\/pt-pt\/#organization","name":"menu de Uhl","url":"https:\/\/www.uhl-menu.com\/pt-pt\/","logo":{"@type":"ImageObject","inLanguage":"pt-PT","@id":"https:\/\/www.uhl-menu.com\/pt-pt\/#\/schema\/logo\/image\/","url":"https:\/\/www.uhl-menu.com\/wp-content\/uploads\/uhl-logo.png","contentUrl":"https:\/\/www.uhl-menu.com\/wp-content\/uploads\/uhl-logo.png","width":66,"height":41,"caption":"menu de Uhl"},"image":{"@id":"https:\/\/www.uhl-menu.com\/pt-pt\/#\/schema\/logo\/image\/"},"sameAs":["https:\/\/www.facebook.com\/uhlspeisekarten","https:\/\/www.youtube.com\/channel\/UCz6fCHDC_EvIaFfibirEF8A\/videos"]}]}},"_links":{"self":[{"href":"https:\/\/www.uhl-menu.com\/pt-pt\/wp-json\/wp\/v2\/product\/79038","targetHints":{"allow":["GET"]}}],"collection":[{"href":"https:\/\/www.uhl-menu.com\/pt-pt\/wp-json\/wp\/v2\/product"}],"about":[{"href":"https:\/\/www.uhl-menu.com\/pt-pt\/wp-json\/wp\/v2\/types\/product"}],"wp:featuredmedia":[{"embeddable":true,"href":"https:\/\/www.uhl-menu.com\/pt-pt\/wp-json\/wp\/v2\/media\/79051"}],"wp:attachment":[{"href":"https:\/\/www.uhl-menu.com\/pt-pt\/wp-json\/wp\/v2\/media?parent=79038"}],"wp:term":[{"taxonomy":"product_brand","embeddable":true,"href":"https:\/\/www.uhl-menu.com\/pt-pt\/wp-json\/wp\/v2\/product_brand?post=79038"},{"taxonomy":"product_cat","embeddable":true,"href":"https:\/\/www.uhl-menu.com\/pt-pt\/wp-json\/wp\/v2\/product_cat?post=79038"},{"taxonomy":"product_tag","embeddable":true,"href":"https:\/\/www.uhl-menu.com\/pt-pt\/wp-json\/wp\/v2\/product_tag?post=79038"}],"curies":[{"name":"wp","href":"https:\/\/api.w.org\/{rel}","templated":true}]}}