{"id":79584,"date":"2021-11-25T16:27:18","date_gmt":"2021-11-25T15:27:18","guid":{"rendered":"https:\/\/www.uhl-menu.com\/produkt\/pasta-de-quarto-de-hotel-grande\/"},"modified":"2026-02-10T01:15:22","modified_gmt":"2026-02-10T00:15:22","slug":"pasta-de-quarto-de-hotel-grande","status":"publish","type":"product","link":"https:\/\/www.uhl-menu.com\/pt-pt\/produkt\/pasta-de-quarto-de-hotel-grande\/","title":{"rendered":"Pasta de quarto de hotel Grande"},"content":{"rendered":"<p>Toda a informa\u00e7\u00e3o num s\u00f3 lugar: com a pasta de quarto de hotel Grande, pode informar os seus h\u00f3spedes sobre o seu hotel e as suas ofertas de forma n\u00e3o s\u00f3 pr\u00e1tica, mas tamb\u00e9m apelativa. O pr\u00e1tico mecanismo de argolas \u00e9 dividido em tr\u00eas partes, ou seja, inclui uma p\u00e1gina desdobr\u00e1vel adicional. <\/p>\n<p>A capa da pasta de h\u00f3spedes Grande est\u00e1 dispon\u00edvel no exterior em diversos materiais de alta qualidade, como linho, material sint\u00e9tico, couro artificial ou couro genu\u00edno, podendo ser ligeiramente almofadada mediante pedido para uma sensa\u00e7\u00e3o agrad\u00e1vel ao toque e, opcionalmente, com costuras decorativas nas bordas. Como habitual, est\u00e1 dispon\u00edvel um protetor de canto em dourado ou prateado. <\/p>\n","protected":false},"excerpt":{"rendered":"<p>Toda a informa\u00e7\u00e3o num s\u00f3 lugar: com a pasta de quarto de hotel Grande, pode informar os seus h\u00f3spedes sobre o seu hotel e as suas ofertas de forma n\u00e3o s\u00f3 pr\u00e1tica, mas tamb\u00e9m apelativa. O pr\u00e1tico mecanismo de argolas \u00e9 dividido em tr\u00eas partes, ou seja, inclui uma p\u00e1gina desdobr\u00e1vel adicional. A capa da [&hellip;]<\/p>\n","protected":false},"featured_media":79595,"template":"","meta":{"_acf_changed":false},"product_brand":[],"product_cat":[1678,1708,1691,1710,1727,1707,1680,1679,1693],"product_tag":[],"class_list":{"0":"post-79584","1":"product","2":"type-product","3":"status-publish","4":"has-post-thumbnail","6":"product_cat-capa-dura","7":"product_cat-imitacao-de-pele","8":"product_cat-linho","9":"product_cat-material-sintetico","10":"product_cat-pastas-de-hotel","11":"product_cat-pele-genuina","12":"product_cat-repelente-a-agua","13":"product_cat-resistente-a-gordura","14":"product_cat-restantes-modelos","15":"pa_format-l-11x11x30-pt-pt","16":"pa_format-m-11x11x21-pt-pt","17":"pa_format-s-11x11x15-pt-pt","18":"tm-has-options","20":"first","21":"instock","22":"taxable","23":"shipping-taxable","24":"purchasable","25":"product-type-variable","26":"has-default-attributes"},"acf":[],"yoast_head":"<!-- This site is optimized with the Yoast SEO plugin v26.0 - https:\/\/yoast.com\/wordpress\/plugins\/seo\/ -->\n<title>Pasta de quarto de hotel Grande \u00bb Pastas para hotel - menu de Uhl<\/title>\n<meta name=\"robots\" content=\"index, follow, max-snippet:-1, max-image-preview:large, max-video-preview:-1\" \/>\n<link rel=\"canonical\" href=\"https:\/\/www.uhl-menu.com\/pt-pt\/produkt\/pasta-de-quarto-de-hotel-grande\/\" \/>\n<meta property=\"og:locale\" content=\"pt_PT\" \/>\n<meta property=\"og:type\" content=\"article\" \/>\n<meta property=\"og:title\" content=\"Pasta de quarto de hotel Grande \u00bb Pastas para hotel - menu de Uhl\" \/>\n<meta property=\"og:description\" content=\"Toda a informa\u00e7\u00e3o num s\u00f3 lugar: com a pasta de quarto de hotel Grande, pode informar os seus h\u00f3spedes sobre o seu hotel e as suas ofertas de forma n\u00e3o s\u00f3 pr\u00e1tica, mas tamb\u00e9m apelativa. O pr\u00e1tico mecanismo de argolas \u00e9 dividido em tr\u00eas partes, ou seja, inclui uma p\u00e1gina desdobr\u00e1vel adicional. A capa da [&hellip;]\" \/>\n<meta property=\"og:url\" content=\"https:\/\/www.uhl-menu.com\/pt-pt\/produkt\/pasta-de-quarto-de-hotel-grande\/\" \/>\n<meta property=\"og:site_name\" content=\"menu de Uhl\" \/>\n<meta property=\"article:publisher\" content=\"https:\/\/www.facebook.com\/uhlspeisekarten\" \/>\n<meta property=\"article:modified_time\" content=\"2026-02-10T00:15:22+00:00\" \/>\n<meta property=\"og:image\" content=\"https:\/\/www.uhl-menu.com\/wp-content\/uploads\/hotelzimmermappe-grande-hotelmappen.png\" \/>\n\t<meta property=\"og:image:width\" content=\"1600\" \/>\n\t<meta property=\"og:image:height\" content=\"1125\" \/>\n\t<meta property=\"og:image:type\" content=\"image\/png\" \/>\n<meta name=\"twitter:card\" content=\"summary_large_image\" \/>\n<meta name=\"twitter:label1\" content=\"Tempo estimado de leitura\" \/>\n\t<meta name=\"twitter:data1\" content=\"1 minuto\" \/>\n<script type=\"application\/ld+json\" class=\"yoast-schema-graph\">{\"@context\":\"https:\/\/schema.org\",\"@graph\":[{\"@type\":\"WebPage\",\"@id\":\"https:\/\/www.uhl-menu.com\/pt-pt\/produkt\/pasta-de-quarto-de-hotel-grande\/\",\"url\":\"https:\/\/www.uhl-menu.com\/pt-pt\/produkt\/pasta-de-quarto-de-hotel-grande\/\",\"name\":\"Pasta de quarto de hotel Grande \u00bb Pastas para hotel - menu de Uhl\",\"isPartOf\":{\"@id\":\"https:\/\/www.uhl-menu.com\/pt-pt\/#website\"},\"primaryImageOfPage\":{\"@id\":\"https:\/\/www.uhl-menu.com\/pt-pt\/produkt\/pasta-de-quarto-de-hotel-grande\/#primaryimage\"},\"image\":{\"@id\":\"https:\/\/www.uhl-menu.com\/pt-pt\/produkt\/pasta-de-quarto-de-hotel-grande\/#primaryimage\"},\"thumbnailUrl\":\"https:\/\/www.uhl-menu.com\/wp-content\/uploads\/hotelzimmermappe-grande-hotelmappen.png\",\"datePublished\":\"2021-11-25T15:27:18+00:00\",\"dateModified\":\"2026-02-10T00:15:22+00:00\",\"breadcrumb\":{\"@id\":\"https:\/\/www.uhl-menu.com\/pt-pt\/produkt\/pasta-de-quarto-de-hotel-grande\/#breadcrumb\"},\"inLanguage\":\"pt-PT\",\"potentialAction\":[{\"@type\":\"ReadAction\",\"target\":[\"https:\/\/www.uhl-menu.com\/pt-pt\/produkt\/pasta-de-quarto-de-hotel-grande\/\"]}]},{\"@type\":\"ImageObject\",\"inLanguage\":\"pt-PT\",\"@id\":\"https:\/\/www.uhl-menu.com\/pt-pt\/produkt\/pasta-de-quarto-de-hotel-grande\/#primaryimage\",\"url\":\"https:\/\/www.uhl-menu.com\/wp-content\/uploads\/hotelzimmermappe-grande-hotelmappen.png\",\"contentUrl\":\"https:\/\/www.uhl-menu.com\/wp-content\/uploads\/hotelzimmermappe-grande-hotelmappen.png\",\"width\":1600,\"height\":1125,\"caption\":\"Pastas de hotel elegantes: pasta de quarto de hotel modelo Grande da Uhl Menu\"},{\"@type\":\"BreadcrumbList\",\"@id\":\"https:\/\/www.uhl-menu.com\/pt-pt\/produkt\/pasta-de-quarto-de-hotel-grande\/#breadcrumb\",\"itemListElement\":[{\"@type\":\"ListItem\",\"position\":1,\"name\":\"Startseite\",\"item\":\"https:\/\/www.uhl-menu.com\/pt-pt\/pagina-inicial\/\"},{\"@type\":\"ListItem\",\"position\":2,\"name\":\"Loja\",\"item\":\"https:\/\/www.uhl-menu.com\/pt-pt\/loja\/\"},{\"@type\":\"ListItem\",\"position\":3,\"name\":\"Pasta de quarto de hotel Grande\"}]},{\"@type\":\"WebSite\",\"@id\":\"https:\/\/www.uhl-menu.com\/pt-pt\/#website\",\"url\":\"https:\/\/www.uhl-menu.com\/pt-pt\/\",\"name\":\"menu de Uhl\",\"description\":\"e fabricant de menus UHL, fond\u00e9 en 1982, s&#039;est donn\u00e9 d\u00e8s ses d\u00e9buts pour mission de se sp\u00e9cialiser dans les menus et les cartes des vins.\",\"publisher\":{\"@id\":\"https:\/\/www.uhl-menu.com\/pt-pt\/#organization\"},\"potentialAction\":[{\"@type\":\"SearchAction\",\"target\":{\"@type\":\"EntryPoint\",\"urlTemplate\":\"https:\/\/www.uhl-menu.com\/pt-pt\/?s={search_term_string}\"},\"query-input\":{\"@type\":\"PropertyValueSpecification\",\"valueRequired\":true,\"valueName\":\"search_term_string\"}}],\"inLanguage\":\"pt-PT\"},{\"@type\":\"Organization\",\"@id\":\"https:\/\/www.uhl-menu.com\/pt-pt\/#organization\",\"name\":\"menu de Uhl\",\"url\":\"https:\/\/www.uhl-menu.com\/pt-pt\/\",\"logo\":{\"@type\":\"ImageObject\",\"inLanguage\":\"pt-PT\",\"@id\":\"https:\/\/www.uhl-menu.com\/pt-pt\/#\/schema\/logo\/image\/\",\"url\":\"https:\/\/www.uhl-menu.com\/wp-content\/uploads\/uhl-logo.png\",\"contentUrl\":\"https:\/\/www.uhl-menu.com\/wp-content\/uploads\/uhl-logo.png\",\"width\":66,\"height\":41,\"caption\":\"menu de Uhl\"},\"image\":{\"@id\":\"https:\/\/www.uhl-menu.com\/pt-pt\/#\/schema\/logo\/image\/\"},\"sameAs\":[\"https:\/\/www.facebook.com\/uhlspeisekarten\",\"https:\/\/www.youtube.com\/channel\/UCz6fCHDC_EvIaFfibirEF8A\/videos\"]}]}<\/script>\n<!-- \/ Yoast SEO plugin. -->","yoast_head_json":{"title":"Pasta de quarto de hotel Grande \u00bb Pastas para hotel - menu de Uhl","robots":{"index":"index","follow":"follow","max-snippet":"max-snippet:-1","max-image-preview":"max-image-preview:large","max-video-preview":"max-video-preview:-1"},"canonical":"https:\/\/www.uhl-menu.com\/pt-pt\/produkt\/pasta-de-quarto-de-hotel-grande\/","og_locale":"pt_PT","og_type":"article","og_title":"Pasta de quarto de hotel Grande \u00bb Pastas para hotel - menu de Uhl","og_description":"Toda a informa\u00e7\u00e3o num s\u00f3 lugar: com a pasta de quarto de hotel Grande, pode informar os seus h\u00f3spedes sobre o seu hotel e as suas ofertas de forma n\u00e3o s\u00f3 pr\u00e1tica, mas tamb\u00e9m apelativa. O pr\u00e1tico mecanismo de argolas \u00e9 dividido em tr\u00eas partes, ou seja, inclui uma p\u00e1gina desdobr\u00e1vel adicional. A capa da [&hellip;]","og_url":"https:\/\/www.uhl-menu.com\/pt-pt\/produkt\/pasta-de-quarto-de-hotel-grande\/","og_site_name":"menu de Uhl","article_publisher":"https:\/\/www.facebook.com\/uhlspeisekarten","article_modified_time":"2026-02-10T00:15:22+00:00","og_image":[{"width":1600,"height":1125,"url":"https:\/\/www.uhl-menu.com\/wp-content\/uploads\/hotelzimmermappe-grande-hotelmappen.png","type":"image\/png"}],"twitter_card":"summary_large_image","twitter_misc":{"Tempo estimado de leitura":"1 minuto"},"schema":{"@context":"https:\/\/schema.org","@graph":[{"@type":"WebPage","@id":"https:\/\/www.uhl-menu.com\/pt-pt\/produkt\/pasta-de-quarto-de-hotel-grande\/","url":"https:\/\/www.uhl-menu.com\/pt-pt\/produkt\/pasta-de-quarto-de-hotel-grande\/","name":"Pasta de quarto de hotel Grande \u00bb Pastas para hotel - menu de Uhl","isPartOf":{"@id":"https:\/\/www.uhl-menu.com\/pt-pt\/#website"},"primaryImageOfPage":{"@id":"https:\/\/www.uhl-menu.com\/pt-pt\/produkt\/pasta-de-quarto-de-hotel-grande\/#primaryimage"},"image":{"@id":"https:\/\/www.uhl-menu.com\/pt-pt\/produkt\/pasta-de-quarto-de-hotel-grande\/#primaryimage"},"thumbnailUrl":"https:\/\/www.uhl-menu.com\/wp-content\/uploads\/hotelzimmermappe-grande-hotelmappen.png","datePublished":"2021-11-25T15:27:18+00:00","dateModified":"2026-02-10T00:15:22+00:00","breadcrumb":{"@id":"https:\/\/www.uhl-menu.com\/pt-pt\/produkt\/pasta-de-quarto-de-hotel-grande\/#breadcrumb"},"inLanguage":"pt-PT","potentialAction":[{"@type":"ReadAction","target":["https:\/\/www.uhl-menu.com\/pt-pt\/produkt\/pasta-de-quarto-de-hotel-grande\/"]}]},{"@type":"ImageObject","inLanguage":"pt-PT","@id":"https:\/\/www.uhl-menu.com\/pt-pt\/produkt\/pasta-de-quarto-de-hotel-grande\/#primaryimage","url":"https:\/\/www.uhl-menu.com\/wp-content\/uploads\/hotelzimmermappe-grande-hotelmappen.png","contentUrl":"https:\/\/www.uhl-menu.com\/wp-content\/uploads\/hotelzimmermappe-grande-hotelmappen.png","width":1600,"height":1125,"caption":"Pastas de hotel elegantes: pasta de quarto de hotel modelo Grande da Uhl Menu"},{"@type":"BreadcrumbList","@id":"https:\/\/www.uhl-menu.com\/pt-pt\/produkt\/pasta-de-quarto-de-hotel-grande\/#breadcrumb","itemListElement":[{"@type":"ListItem","position":1,"name":"Startseite","item":"https:\/\/www.uhl-menu.com\/pt-pt\/pagina-inicial\/"},{"@type":"ListItem","position":2,"name":"Loja","item":"https:\/\/www.uhl-menu.com\/pt-pt\/loja\/"},{"@type":"ListItem","position":3,"name":"Pasta de quarto de hotel Grande"}]},{"@type":"WebSite","@id":"https:\/\/www.uhl-menu.com\/pt-pt\/#website","url":"https:\/\/www.uhl-menu.com\/pt-pt\/","name":"menu de Uhl","description":"e fabricant de menus UHL, fond\u00e9 en 1982, s&#039;est donn\u00e9 d\u00e8s ses d\u00e9buts pour mission de se sp\u00e9cialiser dans les menus et les cartes des vins.","publisher":{"@id":"https:\/\/www.uhl-menu.com\/pt-pt\/#organization"},"potentialAction":[{"@type":"SearchAction","target":{"@type":"EntryPoint","urlTemplate":"https:\/\/www.uhl-menu.com\/pt-pt\/?s={search_term_string}"},"query-input":{"@type":"PropertyValueSpecification","valueRequired":true,"valueName":"search_term_string"}}],"inLanguage":"pt-PT"},{"@type":"Organization","@id":"https:\/\/www.uhl-menu.com\/pt-pt\/#organization","name":"menu de Uhl","url":"https:\/\/www.uhl-menu.com\/pt-pt\/","logo":{"@type":"ImageObject","inLanguage":"pt-PT","@id":"https:\/\/www.uhl-menu.com\/pt-pt\/#\/schema\/logo\/image\/","url":"https:\/\/www.uhl-menu.com\/wp-content\/uploads\/uhl-logo.png","contentUrl":"https:\/\/www.uhl-menu.com\/wp-content\/uploads\/uhl-logo.png","width":66,"height":41,"caption":"menu de Uhl"},"image":{"@id":"https:\/\/www.uhl-menu.com\/pt-pt\/#\/schema\/logo\/image\/"},"sameAs":["https:\/\/www.facebook.com\/uhlspeisekarten","https:\/\/www.youtube.com\/channel\/UCz6fCHDC_EvIaFfibirEF8A\/videos"]}]}},"_links":{"self":[{"href":"https:\/\/www.uhl-menu.com\/pt-pt\/wp-json\/wp\/v2\/product\/79584","targetHints":{"allow":["GET"]}}],"collection":[{"href":"https:\/\/www.uhl-menu.com\/pt-pt\/wp-json\/wp\/v2\/product"}],"about":[{"href":"https:\/\/www.uhl-menu.com\/pt-pt\/wp-json\/wp\/v2\/types\/product"}],"wp:featuredmedia":[{"embeddable":true,"href":"https:\/\/www.uhl-menu.com\/pt-pt\/wp-json\/wp\/v2\/media\/79595"}],"wp:attachment":[{"href":"https:\/\/www.uhl-menu.com\/pt-pt\/wp-json\/wp\/v2\/media?parent=79584"}],"wp:term":[{"taxonomy":"product_brand","embeddable":true,"href":"https:\/\/www.uhl-menu.com\/pt-pt\/wp-json\/wp\/v2\/product_brand?post=79584"},{"taxonomy":"product_cat","embeddable":true,"href":"https:\/\/www.uhl-menu.com\/pt-pt\/wp-json\/wp\/v2\/product_cat?post=79584"},{"taxonomy":"product_tag","embeddable":true,"href":"https:\/\/www.uhl-menu.com\/pt-pt\/wp-json\/wp\/v2\/product_tag?post=79584"}],"curies":[{"name":"wp","href":"https:\/\/api.w.org\/{rel}","templated":true}]}}