{"id":79918,"date":"2021-11-25T12:24:21","date_gmt":"2021-11-25T11:24:21","guid":{"rendered":"https:\/\/www.uhl-menu.com\/produkt\/cartao-magnetico-de-3-partes\/"},"modified":"2021-11-25T12:24:21","modified_gmt":"2021-11-25T11:24:21","slug":"cartao-magnetico-de-3-partes","status":"publish","type":"product","link":"https:\/\/www.uhl-menu.com\/pt-pt\/produkt\/cartao-magnetico-de-3-partes\/","title":{"rendered":"Cart\u00e3o magn\u00e9tico de 3 partes"},"content":{"rendered":"<p>Semelhante ao nosso modelo Tabernacle, o cart\u00e3o magn\u00e9tico de tr\u00eas partes apresenta a sua oferta de forma particularmente apelativa. Um dos dois lados A4 deste modelo de cart\u00e3o \u00e9 dividido longitudinalmente. Isto resulta numa sec\u00e7\u00e3o central em A4 e em duas sec\u00e7\u00f5es laterais com papel A4 cortado ao meio no sentido longitudinal, ideais para entradas, sobremesas ou sugest\u00f5es do dia. Naturalmente, este cart\u00e3o tamb\u00e9m pode ser produzido para 1 folha A5 ou 1 folha A3 centrada.   <\/p>\n<p>As tiras magn\u00e9ticas verticais no interior facilitam especialmente a substitui\u00e7\u00e3o das folhas individuais. As duas abas na extremidade exterior possuem, cada uma, um trilho magn\u00e9tico vertical estreito para manter as folhas no lugar. A folha central \u00e9 mantida no lugar por um trilho magn\u00e9tico vertical estreito \u00e0 direita e \u00e0 esquerda. Isto torna o nosso cart\u00e3o magn\u00e9tico de 3 partes particularmente flex\u00edvel e as folhas muito f\u00e1ceis de substituir.   <\/p>\n<p>A capa dura apresenta um design robusto com bordas fechadas e \u00e9 revestida com material de alta qualidade tanto no interior como no exterior. As superf\u00edcies repelentes \u00e0 sujidade e de f\u00e1cil manuten\u00e7\u00e3o, bem como os materiais resistentes ao rasgo que unem as tr\u00eas partes individuais, garantem uma excelente durabilidade. <\/p>\n","protected":false},"excerpt":{"rendered":"<p>Semelhante ao nosso modelo Tabernacle, o cart\u00e3o magn\u00e9tico de tr\u00eas partes apresenta a sua oferta de forma particularmente apelativa. Um dos dois lados A4 deste modelo de cart\u00e3o \u00e9 dividido longitudinalmente. Isto resulta numa sec\u00e7\u00e3o central em A4 e em duas sec\u00e7\u00f5es laterais com papel A4 cortado ao meio no sentido longitudinal, ideais para entradas, [&hellip;]<\/p>\n","protected":false},"featured_media":79927,"template":"","meta":{"_acf_changed":false},"product_brand":[],"product_cat":[1725,1678,1676,1681,1708,1691,1710,1707,1680,1679],"product_tag":[],"class_list":{"0":"post-79918","1":"product","2":"type-product","3":"status-publish","4":"has-post-thumbnail","6":"product_cat-3-faces","7":"product_cat-capa-dura","8":"product_cat-cartas-de-menu","9":"product_cat-encadernado","10":"product_cat-imitacao-de-pele","11":"product_cat-linho","12":"product_cat-material-sintetico","13":"product_cat-pele-genuina","14":"product_cat-repelente-a-agua","15":"product_cat-resistente-a-gordura","16":"pa_format-formato-a-escolha","17":"pa_format-formato-a4-vertical","18":"pa_format-formato-din-longo","19":"pa_format-para-a3-vertical","20":"tm-has-options","22":"first","23":"instock","24":"taxable","25":"shipping-taxable","26":"purchasable","27":"product-type-variable"},"acf":[],"yoast_head":"<!-- This site is optimized with the Yoast SEO plugin v26.0 - https:\/\/yoast.com\/wordpress\/plugins\/seo\/ -->\n<title>Cart\u00e3o magn\u00e9tico de 3 partes \u00bb Prancheta de ementa com tira magn\u00e9tica - menu de Uhl<\/title>\n<meta name=\"robots\" content=\"index, follow, max-snippet:-1, max-image-preview:large, max-video-preview:-1\" \/>\n<link rel=\"canonical\" href=\"https:\/\/www.uhl-menu.com\/pt-pt\/produkt\/cartao-magnetico-de-3-partes\/\" \/>\n<meta property=\"og:locale\" content=\"pt_PT\" \/>\n<meta property=\"og:type\" content=\"article\" \/>\n<meta property=\"og:title\" content=\"Cart\u00e3o magn\u00e9tico de 3 partes \u00bb Prancheta de ementa com tira magn\u00e9tica - menu de Uhl\" \/>\n<meta property=\"og:description\" content=\"Semelhante ao nosso modelo Tabernacle, o cart\u00e3o magn\u00e9tico de tr\u00eas partes apresenta a sua oferta de forma particularmente apelativa. Um dos dois lados A4 deste modelo de cart\u00e3o \u00e9 dividido longitudinalmente. Isto resulta numa sec\u00e7\u00e3o central em A4 e em duas sec\u00e7\u00f5es laterais com papel A4 cortado ao meio no sentido longitudinal, ideais para entradas, [&hellip;]\" \/>\n<meta property=\"og:url\" content=\"https:\/\/www.uhl-menu.com\/pt-pt\/produkt\/cartao-magnetico-de-3-partes\/\" \/>\n<meta property=\"og:site_name\" content=\"menu de Uhl\" \/>\n<meta property=\"article:publisher\" content=\"https:\/\/www.facebook.com\/uhlspeisekarten\" \/>\n<meta property=\"og:image\" content=\"https:\/\/www.uhl-menu.com\/wp-content\/uploads\/magnetkarte-3-seitig-speisekarten-mappe-mit-magnetleiste.png\" \/>\n\t<meta property=\"og:image:width\" content=\"1600\" \/>\n\t<meta property=\"og:image:height\" content=\"1125\" \/>\n\t<meta property=\"og:image:type\" content=\"image\/png\" \/>\n<meta name=\"twitter:card\" content=\"summary_large_image\" \/>\n<meta name=\"twitter:label1\" content=\"Tempo estimado de leitura\" \/>\n\t<meta name=\"twitter:data1\" content=\"1 minuto\" \/>\n<script type=\"application\/ld+json\" class=\"yoast-schema-graph\">{\"@context\":\"https:\/\/schema.org\",\"@graph\":[{\"@type\":\"WebPage\",\"@id\":\"https:\/\/www.uhl-menu.com\/pt-pt\/produkt\/cartao-magnetico-de-3-partes\/\",\"url\":\"https:\/\/www.uhl-menu.com\/pt-pt\/produkt\/cartao-magnetico-de-3-partes\/\",\"name\":\"Cart\u00e3o magn\u00e9tico de 3 partes \u00bb Prancheta de ementa com tira magn\u00e9tica - menu de Uhl\",\"isPartOf\":{\"@id\":\"https:\/\/www.uhl-menu.com\/pt-pt\/#website\"},\"primaryImageOfPage\":{\"@id\":\"https:\/\/www.uhl-menu.com\/pt-pt\/produkt\/cartao-magnetico-de-3-partes\/#primaryimage\"},\"image\":{\"@id\":\"https:\/\/www.uhl-menu.com\/pt-pt\/produkt\/cartao-magnetico-de-3-partes\/#primaryimage\"},\"thumbnailUrl\":\"https:\/\/www.uhl-menu.com\/wp-content\/uploads\/magnetkarte-3-seitig-speisekarten-mappe-mit-magnetleiste.png\",\"datePublished\":\"2021-11-25T11:24:21+00:00\",\"breadcrumb\":{\"@id\":\"https:\/\/www.uhl-menu.com\/pt-pt\/produkt\/cartao-magnetico-de-3-partes\/#breadcrumb\"},\"inLanguage\":\"pt-PT\",\"potentialAction\":[{\"@type\":\"ReadAction\",\"target\":[\"https:\/\/www.uhl-menu.com\/pt-pt\/produkt\/cartao-magnetico-de-3-partes\/\"]}]},{\"@type\":\"ImageObject\",\"inLanguage\":\"pt-PT\",\"@id\":\"https:\/\/www.uhl-menu.com\/pt-pt\/produkt\/cartao-magnetico-de-3-partes\/#primaryimage\",\"url\":\"https:\/\/www.uhl-menu.com\/wp-content\/uploads\/magnetkarte-3-seitig-speisekarten-mappe-mit-magnetleiste.png\",\"contentUrl\":\"https:\/\/www.uhl-menu.com\/wp-content\/uploads\/magnetkarte-3-seitig-speisekarten-mappe-mit-magnetleiste.png\",\"width\":1600,\"height\":1125,\"caption\":\"Three-part menu: 3-sided magnetic card model\"},{\"@type\":\"BreadcrumbList\",\"@id\":\"https:\/\/www.uhl-menu.com\/pt-pt\/produkt\/cartao-magnetico-de-3-partes\/#breadcrumb\",\"itemListElement\":[{\"@type\":\"ListItem\",\"position\":1,\"name\":\"Startseite\",\"item\":\"https:\/\/www.uhl-menu.com\/pt-pt\/pagina-inicial\/\"},{\"@type\":\"ListItem\",\"position\":2,\"name\":\"Loja\",\"item\":\"https:\/\/www.uhl-menu.com\/pt-pt\/loja\/\"},{\"@type\":\"ListItem\",\"position\":3,\"name\":\"Cart\u00e3o magn\u00e9tico de 3 partes\"}]},{\"@type\":\"WebSite\",\"@id\":\"https:\/\/www.uhl-menu.com\/pt-pt\/#website\",\"url\":\"https:\/\/www.uhl-menu.com\/pt-pt\/\",\"name\":\"menu de Uhl\",\"description\":\"e fabricant de menus UHL, fond\u00e9 en 1982, s&#039;est donn\u00e9 d\u00e8s ses d\u00e9buts pour mission de se sp\u00e9cialiser dans les menus et les cartes des vins.\",\"publisher\":{\"@id\":\"https:\/\/www.uhl-menu.com\/pt-pt\/#organization\"},\"potentialAction\":[{\"@type\":\"SearchAction\",\"target\":{\"@type\":\"EntryPoint\",\"urlTemplate\":\"https:\/\/www.uhl-menu.com\/pt-pt\/?s={search_term_string}\"},\"query-input\":{\"@type\":\"PropertyValueSpecification\",\"valueRequired\":true,\"valueName\":\"search_term_string\"}}],\"inLanguage\":\"pt-PT\"},{\"@type\":\"Organization\",\"@id\":\"https:\/\/www.uhl-menu.com\/pt-pt\/#organization\",\"name\":\"menu de Uhl\",\"url\":\"https:\/\/www.uhl-menu.com\/pt-pt\/\",\"logo\":{\"@type\":\"ImageObject\",\"inLanguage\":\"pt-PT\",\"@id\":\"https:\/\/www.uhl-menu.com\/pt-pt\/#\/schema\/logo\/image\/\",\"url\":\"https:\/\/www.uhl-menu.com\/wp-content\/uploads\/uhl-logo.png\",\"contentUrl\":\"https:\/\/www.uhl-menu.com\/wp-content\/uploads\/uhl-logo.png\",\"width\":66,\"height\":41,\"caption\":\"menu de Uhl\"},\"image\":{\"@id\":\"https:\/\/www.uhl-menu.com\/pt-pt\/#\/schema\/logo\/image\/\"},\"sameAs\":[\"https:\/\/www.facebook.com\/uhlspeisekarten\",\"https:\/\/www.youtube.com\/channel\/UCz6fCHDC_EvIaFfibirEF8A\/videos\"]}]}<\/script>\n<!-- \/ Yoast SEO plugin. -->","yoast_head_json":{"title":"Cart\u00e3o magn\u00e9tico de 3 partes \u00bb Prancheta de ementa com tira magn\u00e9tica - menu de Uhl","robots":{"index":"index","follow":"follow","max-snippet":"max-snippet:-1","max-image-preview":"max-image-preview:large","max-video-preview":"max-video-preview:-1"},"canonical":"https:\/\/www.uhl-menu.com\/pt-pt\/produkt\/cartao-magnetico-de-3-partes\/","og_locale":"pt_PT","og_type":"article","og_title":"Cart\u00e3o magn\u00e9tico de 3 partes \u00bb Prancheta de ementa com tira magn\u00e9tica - menu de Uhl","og_description":"Semelhante ao nosso modelo Tabernacle, o cart\u00e3o magn\u00e9tico de tr\u00eas partes apresenta a sua oferta de forma particularmente apelativa. Um dos dois lados A4 deste modelo de cart\u00e3o \u00e9 dividido longitudinalmente. Isto resulta numa sec\u00e7\u00e3o central em A4 e em duas sec\u00e7\u00f5es laterais com papel A4 cortado ao meio no sentido longitudinal, ideais para entradas, [&hellip;]","og_url":"https:\/\/www.uhl-menu.com\/pt-pt\/produkt\/cartao-magnetico-de-3-partes\/","og_site_name":"menu de Uhl","article_publisher":"https:\/\/www.facebook.com\/uhlspeisekarten","og_image":[{"width":1600,"height":1125,"url":"https:\/\/www.uhl-menu.com\/wp-content\/uploads\/magnetkarte-3-seitig-speisekarten-mappe-mit-magnetleiste.png","type":"image\/png"}],"twitter_card":"summary_large_image","twitter_misc":{"Tempo estimado de leitura":"1 minuto"},"schema":{"@context":"https:\/\/schema.org","@graph":[{"@type":"WebPage","@id":"https:\/\/www.uhl-menu.com\/pt-pt\/produkt\/cartao-magnetico-de-3-partes\/","url":"https:\/\/www.uhl-menu.com\/pt-pt\/produkt\/cartao-magnetico-de-3-partes\/","name":"Cart\u00e3o magn\u00e9tico de 3 partes \u00bb Prancheta de ementa com tira magn\u00e9tica - menu de Uhl","isPartOf":{"@id":"https:\/\/www.uhl-menu.com\/pt-pt\/#website"},"primaryImageOfPage":{"@id":"https:\/\/www.uhl-menu.com\/pt-pt\/produkt\/cartao-magnetico-de-3-partes\/#primaryimage"},"image":{"@id":"https:\/\/www.uhl-menu.com\/pt-pt\/produkt\/cartao-magnetico-de-3-partes\/#primaryimage"},"thumbnailUrl":"https:\/\/www.uhl-menu.com\/wp-content\/uploads\/magnetkarte-3-seitig-speisekarten-mappe-mit-magnetleiste.png","datePublished":"2021-11-25T11:24:21+00:00","breadcrumb":{"@id":"https:\/\/www.uhl-menu.com\/pt-pt\/produkt\/cartao-magnetico-de-3-partes\/#breadcrumb"},"inLanguage":"pt-PT","potentialAction":[{"@type":"ReadAction","target":["https:\/\/www.uhl-menu.com\/pt-pt\/produkt\/cartao-magnetico-de-3-partes\/"]}]},{"@type":"ImageObject","inLanguage":"pt-PT","@id":"https:\/\/www.uhl-menu.com\/pt-pt\/produkt\/cartao-magnetico-de-3-partes\/#primaryimage","url":"https:\/\/www.uhl-menu.com\/wp-content\/uploads\/magnetkarte-3-seitig-speisekarten-mappe-mit-magnetleiste.png","contentUrl":"https:\/\/www.uhl-menu.com\/wp-content\/uploads\/magnetkarte-3-seitig-speisekarten-mappe-mit-magnetleiste.png","width":1600,"height":1125,"caption":"Three-part menu: 3-sided magnetic card model"},{"@type":"BreadcrumbList","@id":"https:\/\/www.uhl-menu.com\/pt-pt\/produkt\/cartao-magnetico-de-3-partes\/#breadcrumb","itemListElement":[{"@type":"ListItem","position":1,"name":"Startseite","item":"https:\/\/www.uhl-menu.com\/pt-pt\/pagina-inicial\/"},{"@type":"ListItem","position":2,"name":"Loja","item":"https:\/\/www.uhl-menu.com\/pt-pt\/loja\/"},{"@type":"ListItem","position":3,"name":"Cart\u00e3o magn\u00e9tico de 3 partes"}]},{"@type":"WebSite","@id":"https:\/\/www.uhl-menu.com\/pt-pt\/#website","url":"https:\/\/www.uhl-menu.com\/pt-pt\/","name":"menu de Uhl","description":"e fabricant de menus UHL, fond\u00e9 en 1982, s&#039;est donn\u00e9 d\u00e8s ses d\u00e9buts pour mission de se sp\u00e9cialiser dans les menus et les cartes des vins.","publisher":{"@id":"https:\/\/www.uhl-menu.com\/pt-pt\/#organization"},"potentialAction":[{"@type":"SearchAction","target":{"@type":"EntryPoint","urlTemplate":"https:\/\/www.uhl-menu.com\/pt-pt\/?s={search_term_string}"},"query-input":{"@type":"PropertyValueSpecification","valueRequired":true,"valueName":"search_term_string"}}],"inLanguage":"pt-PT"},{"@type":"Organization","@id":"https:\/\/www.uhl-menu.com\/pt-pt\/#organization","name":"menu de Uhl","url":"https:\/\/www.uhl-menu.com\/pt-pt\/","logo":{"@type":"ImageObject","inLanguage":"pt-PT","@id":"https:\/\/www.uhl-menu.com\/pt-pt\/#\/schema\/logo\/image\/","url":"https:\/\/www.uhl-menu.com\/wp-content\/uploads\/uhl-logo.png","contentUrl":"https:\/\/www.uhl-menu.com\/wp-content\/uploads\/uhl-logo.png","width":66,"height":41,"caption":"menu de Uhl"},"image":{"@id":"https:\/\/www.uhl-menu.com\/pt-pt\/#\/schema\/logo\/image\/"},"sameAs":["https:\/\/www.facebook.com\/uhlspeisekarten","https:\/\/www.youtube.com\/channel\/UCz6fCHDC_EvIaFfibirEF8A\/videos"]}]}},"_links":{"self":[{"href":"https:\/\/www.uhl-menu.com\/pt-pt\/wp-json\/wp\/v2\/product\/79918","targetHints":{"allow":["GET"]}}],"collection":[{"href":"https:\/\/www.uhl-menu.com\/pt-pt\/wp-json\/wp\/v2\/product"}],"about":[{"href":"https:\/\/www.uhl-menu.com\/pt-pt\/wp-json\/wp\/v2\/types\/product"}],"wp:featuredmedia":[{"embeddable":true,"href":"https:\/\/www.uhl-menu.com\/pt-pt\/wp-json\/wp\/v2\/media\/79927"}],"wp:attachment":[{"href":"https:\/\/www.uhl-menu.com\/pt-pt\/wp-json\/wp\/v2\/media?parent=79918"}],"wp:term":[{"taxonomy":"product_brand","embeddable":true,"href":"https:\/\/www.uhl-menu.com\/pt-pt\/wp-json\/wp\/v2\/product_brand?post=79918"},{"taxonomy":"product_cat","embeddable":true,"href":"https:\/\/www.uhl-menu.com\/pt-pt\/wp-json\/wp\/v2\/product_cat?post=79918"},{"taxonomy":"product_tag","embeddable":true,"href":"https:\/\/www.uhl-menu.com\/pt-pt\/wp-json\/wp\/v2\/product_tag?post=79918"}],"curies":[{"name":"wp","href":"https:\/\/api.w.org\/{rel}","templated":true}]}}