{"id":81738,"date":"2021-11-25T13:15:45","date_gmt":"2021-11-25T12:15:45","guid":{"rendered":"https:\/\/www.uhl-menu.com\/produkt\/new-line-pocket\/"},"modified":"2021-11-25T13:15:45","modified_gmt":"2021-11-25T12:15:45","slug":"new-line-pocket","status":"publish","type":"product","link":"https:\/\/www.uhl-menu.com\/pt-pt\/produkt\/new-line-pocket\/","title":{"rendered":"New Line Pocket"},"content":{"rendered":"<p>Cada modelo desta gama de cart\u00f5es de menu \u00e9 produzido exclusivamente por mestres artes\u00e3os, utilizando materiais de alta qualidade. Isto n\u00e3o s\u00f3 confere ao menu uma apar\u00eancia elegante, como tamb\u00e9m o torna extremamente robusto. No lado direito, disp\u00f5e de uma abertura pr\u00e1tica para inser\u00e7\u00e3o da folha.  <\/p>\n<p>Mediante pedido, pode ser aplicada uma barra magn\u00e9tica no lado esquerdo, ideal para apresentar uma sugest\u00e3o ou o menu do dia. Como destaque visual, o interior da capa integra uma moldura aplicada, e a capa dura \u00e9 revestida com um material resistente ao desgaste e ao rasgo, extremamente dur\u00e1vel e f\u00e1cil de limpar. <\/p>\n<p>Em suma: New Line Pocket combina eleg\u00e2ncia moderna com sistemas comprovados da UHL.<\/p>\n","protected":false},"excerpt":{"rendered":"<p>Cada modelo desta gama de cart\u00f5es de menu \u00e9 produzido exclusivamente por mestres artes\u00e3os, utilizando materiais de alta qualidade. Isto n\u00e3o s\u00f3 confere ao menu uma apar\u00eancia elegante, como tamb\u00e9m o torna extremamente robusto. No lado direito, disp\u00f5e de uma abertura pr\u00e1tica para inser\u00e7\u00e3o da folha. Mediante pedido, pode ser aplicada uma barra magn\u00e9tica no [&hellip;]<\/p>\n","protected":false},"featured_media":24210,"template":"","meta":{"_acf_changed":false},"product_brand":[],"product_cat":[1678,1676,1677,1742,1708,1691,1710,1711,1707,1749,1680,1679],"product_tag":[],"class_list":{"0":"post-81738","1":"product","2":"type-product","3":"status-publish","4":"has-post-thumbnail","6":"product_cat-capa-dura","7":"product_cat-cartas-de-menu","8":"product_cat-cartas-de-vinhos","9":"product_cat-flexivel","10":"product_cat-imitacao-de-pele","11":"product_cat-linho","12":"product_cat-material-sintetico","13":"product_cat-multifolhas","14":"product_cat-pele-genuina","15":"product_cat-peliculas","16":"product_cat-repelente-a-agua","17":"product_cat-resistente-a-gordura","18":"pa_format-l-11x11x30-pt-pt","19":"pa_format-m-11x11x21-pt-pt","20":"pa_format-s-11x11x15-pt-pt","21":"tm-has-options","23":"first","24":"instock","25":"taxable","26":"shipping-taxable","27":"purchasable","28":"product-type-variable"},"acf":[],"yoast_head":"<!-- This site is optimized with the Yoast SEO plugin v26.0 - https:\/\/yoast.com\/wordpress\/plugins\/seo\/ -->\n<title>New Line Pocket \u00bb Pasta de menu com bolso interior de inser\u00e7\u00e3o - menu de Uhl<\/title>\n<meta name=\"robots\" content=\"index, follow, max-snippet:-1, max-image-preview:large, max-video-preview:-1\" \/>\n<link rel=\"canonical\" href=\"https:\/\/www.uhl-menu.com\/pt-pt\/produkt\/new-line-pocket\/\" \/>\n<meta property=\"og:locale\" content=\"pt_PT\" \/>\n<meta property=\"og:type\" content=\"article\" \/>\n<meta property=\"og:title\" content=\"New Line Pocket \u00bb Pasta de menu com bolso interior de inser\u00e7\u00e3o - menu de Uhl\" \/>\n<meta property=\"og:description\" content=\"Cada modelo desta gama de cart\u00f5es de menu \u00e9 produzido exclusivamente por mestres artes\u00e3os, utilizando materiais de alta qualidade. Isto n\u00e3o s\u00f3 confere ao menu uma apar\u00eancia elegante, como tamb\u00e9m o torna extremamente robusto. No lado direito, disp\u00f5e de uma abertura pr\u00e1tica para inser\u00e7\u00e3o da folha. Mediante pedido, pode ser aplicada uma barra magn\u00e9tica no [&hellip;]\" \/>\n<meta property=\"og:url\" content=\"https:\/\/www.uhl-menu.com\/pt-pt\/produkt\/new-line-pocket\/\" \/>\n<meta property=\"og:site_name\" content=\"menu de Uhl\" \/>\n<meta property=\"article:publisher\" content=\"https:\/\/www.facebook.com\/uhlspeisekarten\" \/>\n<meta property=\"og:image\" content=\"https:\/\/www.uhl-menu.com\/wp-content\/uploads\/new-line-pocket-speisekarten-mappe-mit-einschubfach-innen.png\" \/>\n\t<meta property=\"og:image:width\" content=\"1600\" \/>\n\t<meta property=\"og:image:height\" content=\"1125\" \/>\n\t<meta property=\"og:image:type\" content=\"image\/png\" \/>\n<meta name=\"twitter:card\" content=\"summary_large_image\" \/>\n<meta name=\"twitter:label1\" content=\"Tempo estimado de leitura\" \/>\n\t<meta name=\"twitter:data1\" content=\"1 minuto\" \/>\n<script type=\"application\/ld+json\" class=\"yoast-schema-graph\">{\"@context\":\"https:\/\/schema.org\",\"@graph\":[{\"@type\":\"WebPage\",\"@id\":\"https:\/\/www.uhl-menu.com\/pt-pt\/produkt\/new-line-pocket\/\",\"url\":\"https:\/\/www.uhl-menu.com\/pt-pt\/produkt\/new-line-pocket\/\",\"name\":\"New Line Pocket \u00bb Pasta de menu com bolso interior de inser\u00e7\u00e3o - menu de Uhl\",\"isPartOf\":{\"@id\":\"https:\/\/www.uhl-menu.com\/pt-pt\/#website\"},\"primaryImageOfPage\":{\"@id\":\"https:\/\/www.uhl-menu.com\/pt-pt\/produkt\/new-line-pocket\/#primaryimage\"},\"image\":{\"@id\":\"https:\/\/www.uhl-menu.com\/pt-pt\/produkt\/new-line-pocket\/#primaryimage\"},\"thumbnailUrl\":\"https:\/\/www.uhl-menu.com\/wp-content\/uploads\/new-line-pocket-speisekarten-mappe-mit-einschubfach-innen.png\",\"datePublished\":\"2021-11-25T12:15:45+00:00\",\"breadcrumb\":{\"@id\":\"https:\/\/www.uhl-menu.com\/pt-pt\/produkt\/new-line-pocket\/#breadcrumb\"},\"inLanguage\":\"pt-PT\",\"potentialAction\":[{\"@type\":\"ReadAction\",\"target\":[\"https:\/\/www.uhl-menu.com\/pt-pt\/produkt\/new-line-pocket\/\"]}]},{\"@type\":\"ImageObject\",\"inLanguage\":\"pt-PT\",\"@id\":\"https:\/\/www.uhl-menu.com\/pt-pt\/produkt\/new-line-pocket\/#primaryimage\",\"url\":\"https:\/\/www.uhl-menu.com\/wp-content\/uploads\/new-line-pocket-speisekarten-mappe-mit-einschubfach-innen.png\",\"contentUrl\":\"https:\/\/www.uhl-menu.com\/wp-content\/uploads\/new-line-pocket-speisekarten-mappe-mit-einschubfach-innen.png\",\"width\":1600,\"height\":1125,\"caption\":\"Menu folder with insert pocket inside: Model New Line Pocket\"},{\"@type\":\"BreadcrumbList\",\"@id\":\"https:\/\/www.uhl-menu.com\/pt-pt\/produkt\/new-line-pocket\/#breadcrumb\",\"itemListElement\":[{\"@type\":\"ListItem\",\"position\":1,\"name\":\"Startseite\",\"item\":\"https:\/\/www.uhl-menu.com\/pt-pt\/pagina-inicial\/\"},{\"@type\":\"ListItem\",\"position\":2,\"name\":\"Loja\",\"item\":\"https:\/\/www.uhl-menu.com\/pt-pt\/loja\/\"},{\"@type\":\"ListItem\",\"position\":3,\"name\":\"New Line Pocket\"}]},{\"@type\":\"WebSite\",\"@id\":\"https:\/\/www.uhl-menu.com\/pt-pt\/#website\",\"url\":\"https:\/\/www.uhl-menu.com\/pt-pt\/\",\"name\":\"menu de Uhl\",\"description\":\"e fabricant de menus UHL, fond\u00e9 en 1982, s&#039;est donn\u00e9 d\u00e8s ses d\u00e9buts pour mission de se sp\u00e9cialiser dans les menus et les cartes des vins.\",\"publisher\":{\"@id\":\"https:\/\/www.uhl-menu.com\/pt-pt\/#organization\"},\"potentialAction\":[{\"@type\":\"SearchAction\",\"target\":{\"@type\":\"EntryPoint\",\"urlTemplate\":\"https:\/\/www.uhl-menu.com\/pt-pt\/?s={search_term_string}\"},\"query-input\":{\"@type\":\"PropertyValueSpecification\",\"valueRequired\":true,\"valueName\":\"search_term_string\"}}],\"inLanguage\":\"pt-PT\"},{\"@type\":\"Organization\",\"@id\":\"https:\/\/www.uhl-menu.com\/pt-pt\/#organization\",\"name\":\"menu de Uhl\",\"url\":\"https:\/\/www.uhl-menu.com\/pt-pt\/\",\"logo\":{\"@type\":\"ImageObject\",\"inLanguage\":\"pt-PT\",\"@id\":\"https:\/\/www.uhl-menu.com\/pt-pt\/#\/schema\/logo\/image\/\",\"url\":\"https:\/\/www.uhl-menu.com\/wp-content\/uploads\/uhl-logo.png\",\"contentUrl\":\"https:\/\/www.uhl-menu.com\/wp-content\/uploads\/uhl-logo.png\",\"width\":66,\"height\":41,\"caption\":\"menu de Uhl\"},\"image\":{\"@id\":\"https:\/\/www.uhl-menu.com\/pt-pt\/#\/schema\/logo\/image\/\"},\"sameAs\":[\"https:\/\/www.facebook.com\/uhlspeisekarten\",\"https:\/\/www.youtube.com\/channel\/UCz6fCHDC_EvIaFfibirEF8A\/videos\"]}]}<\/script>\n<!-- \/ Yoast SEO plugin. -->","yoast_head_json":{"title":"New Line Pocket \u00bb Pasta de menu com bolso interior de inser\u00e7\u00e3o - menu de Uhl","robots":{"index":"index","follow":"follow","max-snippet":"max-snippet:-1","max-image-preview":"max-image-preview:large","max-video-preview":"max-video-preview:-1"},"canonical":"https:\/\/www.uhl-menu.com\/pt-pt\/produkt\/new-line-pocket\/","og_locale":"pt_PT","og_type":"article","og_title":"New Line Pocket \u00bb Pasta de menu com bolso interior de inser\u00e7\u00e3o - menu de Uhl","og_description":"Cada modelo desta gama de cart\u00f5es de menu \u00e9 produzido exclusivamente por mestres artes\u00e3os, utilizando materiais de alta qualidade. Isto n\u00e3o s\u00f3 confere ao menu uma apar\u00eancia elegante, como tamb\u00e9m o torna extremamente robusto. No lado direito, disp\u00f5e de uma abertura pr\u00e1tica para inser\u00e7\u00e3o da folha. Mediante pedido, pode ser aplicada uma barra magn\u00e9tica no [&hellip;]","og_url":"https:\/\/www.uhl-menu.com\/pt-pt\/produkt\/new-line-pocket\/","og_site_name":"menu de Uhl","article_publisher":"https:\/\/www.facebook.com\/uhlspeisekarten","og_image":[{"width":1600,"height":1125,"url":"https:\/\/www.uhl-menu.com\/wp-content\/uploads\/new-line-pocket-speisekarten-mappe-mit-einschubfach-innen.png","type":"image\/png"}],"twitter_card":"summary_large_image","twitter_misc":{"Tempo estimado de leitura":"1 minuto"},"schema":{"@context":"https:\/\/schema.org","@graph":[{"@type":"WebPage","@id":"https:\/\/www.uhl-menu.com\/pt-pt\/produkt\/new-line-pocket\/","url":"https:\/\/www.uhl-menu.com\/pt-pt\/produkt\/new-line-pocket\/","name":"New Line Pocket \u00bb Pasta de menu com bolso interior de inser\u00e7\u00e3o - menu de Uhl","isPartOf":{"@id":"https:\/\/www.uhl-menu.com\/pt-pt\/#website"},"primaryImageOfPage":{"@id":"https:\/\/www.uhl-menu.com\/pt-pt\/produkt\/new-line-pocket\/#primaryimage"},"image":{"@id":"https:\/\/www.uhl-menu.com\/pt-pt\/produkt\/new-line-pocket\/#primaryimage"},"thumbnailUrl":"https:\/\/www.uhl-menu.com\/wp-content\/uploads\/new-line-pocket-speisekarten-mappe-mit-einschubfach-innen.png","datePublished":"2021-11-25T12:15:45+00:00","breadcrumb":{"@id":"https:\/\/www.uhl-menu.com\/pt-pt\/produkt\/new-line-pocket\/#breadcrumb"},"inLanguage":"pt-PT","potentialAction":[{"@type":"ReadAction","target":["https:\/\/www.uhl-menu.com\/pt-pt\/produkt\/new-line-pocket\/"]}]},{"@type":"ImageObject","inLanguage":"pt-PT","@id":"https:\/\/www.uhl-menu.com\/pt-pt\/produkt\/new-line-pocket\/#primaryimage","url":"https:\/\/www.uhl-menu.com\/wp-content\/uploads\/new-line-pocket-speisekarten-mappe-mit-einschubfach-innen.png","contentUrl":"https:\/\/www.uhl-menu.com\/wp-content\/uploads\/new-line-pocket-speisekarten-mappe-mit-einschubfach-innen.png","width":1600,"height":1125,"caption":"Menu folder with insert pocket inside: Model New Line Pocket"},{"@type":"BreadcrumbList","@id":"https:\/\/www.uhl-menu.com\/pt-pt\/produkt\/new-line-pocket\/#breadcrumb","itemListElement":[{"@type":"ListItem","position":1,"name":"Startseite","item":"https:\/\/www.uhl-menu.com\/pt-pt\/pagina-inicial\/"},{"@type":"ListItem","position":2,"name":"Loja","item":"https:\/\/www.uhl-menu.com\/pt-pt\/loja\/"},{"@type":"ListItem","position":3,"name":"New Line Pocket"}]},{"@type":"WebSite","@id":"https:\/\/www.uhl-menu.com\/pt-pt\/#website","url":"https:\/\/www.uhl-menu.com\/pt-pt\/","name":"menu de Uhl","description":"e fabricant de menus UHL, fond\u00e9 en 1982, s&#039;est donn\u00e9 d\u00e8s ses d\u00e9buts pour mission de se sp\u00e9cialiser dans les menus et les cartes des vins.","publisher":{"@id":"https:\/\/www.uhl-menu.com\/pt-pt\/#organization"},"potentialAction":[{"@type":"SearchAction","target":{"@type":"EntryPoint","urlTemplate":"https:\/\/www.uhl-menu.com\/pt-pt\/?s={search_term_string}"},"query-input":{"@type":"PropertyValueSpecification","valueRequired":true,"valueName":"search_term_string"}}],"inLanguage":"pt-PT"},{"@type":"Organization","@id":"https:\/\/www.uhl-menu.com\/pt-pt\/#organization","name":"menu de Uhl","url":"https:\/\/www.uhl-menu.com\/pt-pt\/","logo":{"@type":"ImageObject","inLanguage":"pt-PT","@id":"https:\/\/www.uhl-menu.com\/pt-pt\/#\/schema\/logo\/image\/","url":"https:\/\/www.uhl-menu.com\/wp-content\/uploads\/uhl-logo.png","contentUrl":"https:\/\/www.uhl-menu.com\/wp-content\/uploads\/uhl-logo.png","width":66,"height":41,"caption":"menu de Uhl"},"image":{"@id":"https:\/\/www.uhl-menu.com\/pt-pt\/#\/schema\/logo\/image\/"},"sameAs":["https:\/\/www.facebook.com\/uhlspeisekarten","https:\/\/www.youtube.com\/channel\/UCz6fCHDC_EvIaFfibirEF8A\/videos"]}]}},"_links":{"self":[{"href":"https:\/\/www.uhl-menu.com\/pt-pt\/wp-json\/wp\/v2\/product\/81738","targetHints":{"allow":["GET"]}}],"collection":[{"href":"https:\/\/www.uhl-menu.com\/pt-pt\/wp-json\/wp\/v2\/product"}],"about":[{"href":"https:\/\/www.uhl-menu.com\/pt-pt\/wp-json\/wp\/v2\/types\/product"}],"wp:featuredmedia":[{"embeddable":true,"href":"https:\/\/www.uhl-menu.com\/pt-pt\/wp-json\/wp\/v2\/media\/24210"}],"wp:attachment":[{"href":"https:\/\/www.uhl-menu.com\/pt-pt\/wp-json\/wp\/v2\/media?parent=81738"}],"wp:term":[{"taxonomy":"product_brand","embeddable":true,"href":"https:\/\/www.uhl-menu.com\/pt-pt\/wp-json\/wp\/v2\/product_brand?post=81738"},{"taxonomy":"product_cat","embeddable":true,"href":"https:\/\/www.uhl-menu.com\/pt-pt\/wp-json\/wp\/v2\/product_cat?post=81738"},{"taxonomy":"product_tag","embeddable":true,"href":"https:\/\/www.uhl-menu.com\/pt-pt\/wp-json\/wp\/v2\/product_tag?post=81738"}],"curies":[{"name":"wp","href":"https:\/\/api.w.org\/{rel}","templated":true}]}}