{"id":81982,"date":"2021-11-25T13:23:21","date_gmt":"2021-11-25T12:23:21","guid":{"rendered":"https:\/\/www.uhl-menu.com\/produkt\/new-line-flat-pocket\/"},"modified":"2021-11-25T13:23:21","modified_gmt":"2021-11-25T12:23:21","slug":"new-line-flat-pocket","status":"publish","type":"product","link":"https:\/\/www.uhl-menu.com\/pt-pt\/produkt\/new-line-flat-pocket\/","title":{"rendered":"New Line Flat Pocket"},"content":{"rendered":"<p>Esta variante da gama New Line destaca-se igualmente pela sua eleg\u00e2ncia moderna e pelos seus sistemas flex\u00edveis. O design deste modelo foi mantido particularmente minimalista. Tamb\u00e9m aqui tem total liberdade de personaliza\u00e7\u00e3o: pode escolher entre uma variedade de materiais, bem como a cor das costuras decorativas.  <\/p>\n<p>Ao contr\u00e1rio da vers\u00e3o New Line Pocket, esta variante n\u00e3o inclui moldura no interior da capa. No entanto, esta pasta tamb\u00e9m possui um bolso no interior direito, onde \u00e9 inserido o elemento interior. Mediante pedido, podemos produzir o elemento interior na vers\u00e3o Leading ou Standard, numa cor da s\u00e9rie Box e com o sistema de inser\u00e7\u00e3o \u00e0 sua escolha.  <\/p>\n<p>A barra magn\u00e9tica no interior esquerdo oferece m\u00e1xima funcionalidade no dia a dia da restaura\u00e7\u00e3o, por exemplo para destacar ofertas especiais ou recomenda\u00e7\u00f5es do menu. <strong>                                              <\/strong><\/p>\n<p>As nossas pastas New Line Pocket s\u00e3o produzidas manualmente com materiais de alta qualidade. Esta combina\u00e7\u00e3o de qualidade e experi\u00eancia torna-as particularmente robustas e resistentes. A capa dura resistente e as superf\u00edcies repelentes \u00e0 sujidade e \u00e0 \u00e1gua garantem uma durabilidade excecional.  <\/p>\n","protected":false},"excerpt":{"rendered":"<p>Esta variante da gama New Line destaca-se igualmente pela sua eleg\u00e2ncia moderna e pelos seus sistemas flex\u00edveis. O design deste modelo foi mantido particularmente minimalista. Tamb\u00e9m aqui tem total liberdade de personaliza\u00e7\u00e3o: pode escolher entre uma variedade de materiais, bem como a cor das costuras decorativas. Ao contr\u00e1rio da vers\u00e3o New Line Pocket, esta variante [&hellip;]<\/p>\n","protected":false},"featured_media":24095,"template":"","meta":{"_acf_changed":false},"product_brand":[],"product_cat":[1678,1676,1677,1708,1691,1710,1711,1707,1680,1679],"product_tag":[],"class_list":{"0":"post-81982","1":"product","2":"type-product","3":"status-publish","4":"has-post-thumbnail","6":"product_cat-capa-dura","7":"product_cat-cartas-de-menu","8":"product_cat-cartas-de-vinhos","9":"product_cat-imitacao-de-pele","10":"product_cat-linho","11":"product_cat-material-sintetico","12":"product_cat-multifolhas","13":"product_cat-pele-genuina","14":"product_cat-repelente-a-agua","15":"product_cat-resistente-a-gordura","16":"pa_format-l-11x11x30-pt-pt","17":"pa_format-m-11x11x21-pt-pt","18":"pa_format-s-11x11x15-pt-pt","19":"tm-has-options","21":"first","22":"instock","23":"taxable","24":"shipping-taxable","25":"purchasable","26":"product-type-variable"},"acf":[],"yoast_head":"<!-- This site is optimized with the Yoast SEO plugin v26.0 - https:\/\/yoast.com\/wordpress\/plugins\/seo\/ -->\n<title>New Line Flat Pocket \u00bb Pasta de menu flex\u00edvel - menu de Uhl<\/title>\n<meta name=\"robots\" content=\"index, follow, max-snippet:-1, max-image-preview:large, max-video-preview:-1\" \/>\n<link rel=\"canonical\" href=\"https:\/\/www.uhl-menu.com\/pt-pt\/produkt\/new-line-flat-pocket\/\" \/>\n<meta property=\"og:locale\" content=\"pt_PT\" \/>\n<meta property=\"og:type\" content=\"article\" \/>\n<meta property=\"og:title\" content=\"New Line Flat Pocket \u00bb Pasta de menu flex\u00edvel - menu de Uhl\" \/>\n<meta property=\"og:description\" content=\"Esta variante da gama New Line destaca-se igualmente pela sua eleg\u00e2ncia moderna e pelos seus sistemas flex\u00edveis. O design deste modelo foi mantido particularmente minimalista. Tamb\u00e9m aqui tem total liberdade de personaliza\u00e7\u00e3o: pode escolher entre uma variedade de materiais, bem como a cor das costuras decorativas. Ao contr\u00e1rio da vers\u00e3o New Line Pocket, esta variante [&hellip;]\" \/>\n<meta property=\"og:url\" content=\"https:\/\/www.uhl-menu.com\/pt-pt\/produkt\/new-line-flat-pocket\/\" \/>\n<meta property=\"og:site_name\" content=\"menu de Uhl\" \/>\n<meta property=\"article:publisher\" content=\"https:\/\/www.facebook.com\/uhlspeisekarten\" \/>\n<meta property=\"og:image\" content=\"https:\/\/www.uhl-menu.com\/wp-content\/uploads\/new-line-flat-pocket-speisekarten-mappe-mit-magnetleiste-innen.png\" \/>\n\t<meta property=\"og:image:width\" content=\"1600\" \/>\n\t<meta property=\"og:image:height\" content=\"1125\" \/>\n\t<meta property=\"og:image:type\" content=\"image\/png\" \/>\n<meta name=\"twitter:card\" content=\"summary_large_image\" \/>\n<meta name=\"twitter:label1\" content=\"Tempo estimado de leitura\" \/>\n\t<meta name=\"twitter:data1\" content=\"1 minuto\" \/>\n<script type=\"application\/ld+json\" class=\"yoast-schema-graph\">{\"@context\":\"https:\/\/schema.org\",\"@graph\":[{\"@type\":\"WebPage\",\"@id\":\"https:\/\/www.uhl-menu.com\/pt-pt\/produkt\/new-line-flat-pocket\/\",\"url\":\"https:\/\/www.uhl-menu.com\/pt-pt\/produkt\/new-line-flat-pocket\/\",\"name\":\"New Line Flat Pocket \u00bb Pasta de menu flex\u00edvel - menu de Uhl\",\"isPartOf\":{\"@id\":\"https:\/\/www.uhl-menu.com\/pt-pt\/#website\"},\"primaryImageOfPage\":{\"@id\":\"https:\/\/www.uhl-menu.com\/pt-pt\/produkt\/new-line-flat-pocket\/#primaryimage\"},\"image\":{\"@id\":\"https:\/\/www.uhl-menu.com\/pt-pt\/produkt\/new-line-flat-pocket\/#primaryimage\"},\"thumbnailUrl\":\"https:\/\/www.uhl-menu.com\/wp-content\/uploads\/new-line-flat-pocket-speisekarten-mappe-mit-magnetleiste-innen.png\",\"datePublished\":\"2021-11-25T12:23:21+00:00\",\"breadcrumb\":{\"@id\":\"https:\/\/www.uhl-menu.com\/pt-pt\/produkt\/new-line-flat-pocket\/#breadcrumb\"},\"inLanguage\":\"pt-PT\",\"potentialAction\":[{\"@type\":\"ReadAction\",\"target\":[\"https:\/\/www.uhl-menu.com\/pt-pt\/produkt\/new-line-flat-pocket\/\"]}]},{\"@type\":\"ImageObject\",\"inLanguage\":\"pt-PT\",\"@id\":\"https:\/\/www.uhl-menu.com\/pt-pt\/produkt\/new-line-flat-pocket\/#primaryimage\",\"url\":\"https:\/\/www.uhl-menu.com\/wp-content\/uploads\/new-line-flat-pocket-speisekarten-mappe-mit-magnetleiste-innen.png\",\"contentUrl\":\"https:\/\/www.uhl-menu.com\/wp-content\/uploads\/new-line-flat-pocket-speisekarten-mappe-mit-magnetleiste-innen.png\",\"width\":1600,\"height\":1125,\"caption\":\"Modern menu with flexible systems: New Line Flat Pocket model\"},{\"@type\":\"BreadcrumbList\",\"@id\":\"https:\/\/www.uhl-menu.com\/pt-pt\/produkt\/new-line-flat-pocket\/#breadcrumb\",\"itemListElement\":[{\"@type\":\"ListItem\",\"position\":1,\"name\":\"Startseite\",\"item\":\"https:\/\/www.uhl-menu.com\/pt-pt\/pagina-inicial\/\"},{\"@type\":\"ListItem\",\"position\":2,\"name\":\"Loja\",\"item\":\"https:\/\/www.uhl-menu.com\/pt-pt\/loja\/\"},{\"@type\":\"ListItem\",\"position\":3,\"name\":\"New Line Flat Pocket\"}]},{\"@type\":\"WebSite\",\"@id\":\"https:\/\/www.uhl-menu.com\/pt-pt\/#website\",\"url\":\"https:\/\/www.uhl-menu.com\/pt-pt\/\",\"name\":\"menu de Uhl\",\"description\":\"e fabricant de menus UHL, fond\u00e9 en 1982, s&#039;est donn\u00e9 d\u00e8s ses d\u00e9buts pour mission de se sp\u00e9cialiser dans les menus et les cartes des vins.\",\"publisher\":{\"@id\":\"https:\/\/www.uhl-menu.com\/pt-pt\/#organization\"},\"potentialAction\":[{\"@type\":\"SearchAction\",\"target\":{\"@type\":\"EntryPoint\",\"urlTemplate\":\"https:\/\/www.uhl-menu.com\/pt-pt\/?s={search_term_string}\"},\"query-input\":{\"@type\":\"PropertyValueSpecification\",\"valueRequired\":true,\"valueName\":\"search_term_string\"}}],\"inLanguage\":\"pt-PT\"},{\"@type\":\"Organization\",\"@id\":\"https:\/\/www.uhl-menu.com\/pt-pt\/#organization\",\"name\":\"menu de Uhl\",\"url\":\"https:\/\/www.uhl-menu.com\/pt-pt\/\",\"logo\":{\"@type\":\"ImageObject\",\"inLanguage\":\"pt-PT\",\"@id\":\"https:\/\/www.uhl-menu.com\/pt-pt\/#\/schema\/logo\/image\/\",\"url\":\"https:\/\/www.uhl-menu.com\/wp-content\/uploads\/uhl-logo.png\",\"contentUrl\":\"https:\/\/www.uhl-menu.com\/wp-content\/uploads\/uhl-logo.png\",\"width\":66,\"height\":41,\"caption\":\"menu de Uhl\"},\"image\":{\"@id\":\"https:\/\/www.uhl-menu.com\/pt-pt\/#\/schema\/logo\/image\/\"},\"sameAs\":[\"https:\/\/www.facebook.com\/uhlspeisekarten\",\"https:\/\/www.youtube.com\/channel\/UCz6fCHDC_EvIaFfibirEF8A\/videos\"]}]}<\/script>\n<!-- \/ Yoast SEO plugin. -->","yoast_head_json":{"title":"New Line Flat Pocket \u00bb Pasta de menu flex\u00edvel - menu de Uhl","robots":{"index":"index","follow":"follow","max-snippet":"max-snippet:-1","max-image-preview":"max-image-preview:large","max-video-preview":"max-video-preview:-1"},"canonical":"https:\/\/www.uhl-menu.com\/pt-pt\/produkt\/new-line-flat-pocket\/","og_locale":"pt_PT","og_type":"article","og_title":"New Line Flat Pocket \u00bb Pasta de menu flex\u00edvel - menu de Uhl","og_description":"Esta variante da gama New Line destaca-se igualmente pela sua eleg\u00e2ncia moderna e pelos seus sistemas flex\u00edveis. O design deste modelo foi mantido particularmente minimalista. Tamb\u00e9m aqui tem total liberdade de personaliza\u00e7\u00e3o: pode escolher entre uma variedade de materiais, bem como a cor das costuras decorativas. Ao contr\u00e1rio da vers\u00e3o New Line Pocket, esta variante [&hellip;]","og_url":"https:\/\/www.uhl-menu.com\/pt-pt\/produkt\/new-line-flat-pocket\/","og_site_name":"menu de Uhl","article_publisher":"https:\/\/www.facebook.com\/uhlspeisekarten","og_image":[{"width":1600,"height":1125,"url":"https:\/\/www.uhl-menu.com\/wp-content\/uploads\/new-line-flat-pocket-speisekarten-mappe-mit-magnetleiste-innen.png","type":"image\/png"}],"twitter_card":"summary_large_image","twitter_misc":{"Tempo estimado de leitura":"1 minuto"},"schema":{"@context":"https:\/\/schema.org","@graph":[{"@type":"WebPage","@id":"https:\/\/www.uhl-menu.com\/pt-pt\/produkt\/new-line-flat-pocket\/","url":"https:\/\/www.uhl-menu.com\/pt-pt\/produkt\/new-line-flat-pocket\/","name":"New Line Flat Pocket \u00bb Pasta de menu flex\u00edvel - menu de Uhl","isPartOf":{"@id":"https:\/\/www.uhl-menu.com\/pt-pt\/#website"},"primaryImageOfPage":{"@id":"https:\/\/www.uhl-menu.com\/pt-pt\/produkt\/new-line-flat-pocket\/#primaryimage"},"image":{"@id":"https:\/\/www.uhl-menu.com\/pt-pt\/produkt\/new-line-flat-pocket\/#primaryimage"},"thumbnailUrl":"https:\/\/www.uhl-menu.com\/wp-content\/uploads\/new-line-flat-pocket-speisekarten-mappe-mit-magnetleiste-innen.png","datePublished":"2021-11-25T12:23:21+00:00","breadcrumb":{"@id":"https:\/\/www.uhl-menu.com\/pt-pt\/produkt\/new-line-flat-pocket\/#breadcrumb"},"inLanguage":"pt-PT","potentialAction":[{"@type":"ReadAction","target":["https:\/\/www.uhl-menu.com\/pt-pt\/produkt\/new-line-flat-pocket\/"]}]},{"@type":"ImageObject","inLanguage":"pt-PT","@id":"https:\/\/www.uhl-menu.com\/pt-pt\/produkt\/new-line-flat-pocket\/#primaryimage","url":"https:\/\/www.uhl-menu.com\/wp-content\/uploads\/new-line-flat-pocket-speisekarten-mappe-mit-magnetleiste-innen.png","contentUrl":"https:\/\/www.uhl-menu.com\/wp-content\/uploads\/new-line-flat-pocket-speisekarten-mappe-mit-magnetleiste-innen.png","width":1600,"height":1125,"caption":"Modern menu with flexible systems: New Line Flat Pocket model"},{"@type":"BreadcrumbList","@id":"https:\/\/www.uhl-menu.com\/pt-pt\/produkt\/new-line-flat-pocket\/#breadcrumb","itemListElement":[{"@type":"ListItem","position":1,"name":"Startseite","item":"https:\/\/www.uhl-menu.com\/pt-pt\/pagina-inicial\/"},{"@type":"ListItem","position":2,"name":"Loja","item":"https:\/\/www.uhl-menu.com\/pt-pt\/loja\/"},{"@type":"ListItem","position":3,"name":"New Line Flat Pocket"}]},{"@type":"WebSite","@id":"https:\/\/www.uhl-menu.com\/pt-pt\/#website","url":"https:\/\/www.uhl-menu.com\/pt-pt\/","name":"menu de Uhl","description":"e fabricant de menus UHL, fond\u00e9 en 1982, s&#039;est donn\u00e9 d\u00e8s ses d\u00e9buts pour mission de se sp\u00e9cialiser dans les menus et les cartes des vins.","publisher":{"@id":"https:\/\/www.uhl-menu.com\/pt-pt\/#organization"},"potentialAction":[{"@type":"SearchAction","target":{"@type":"EntryPoint","urlTemplate":"https:\/\/www.uhl-menu.com\/pt-pt\/?s={search_term_string}"},"query-input":{"@type":"PropertyValueSpecification","valueRequired":true,"valueName":"search_term_string"}}],"inLanguage":"pt-PT"},{"@type":"Organization","@id":"https:\/\/www.uhl-menu.com\/pt-pt\/#organization","name":"menu de Uhl","url":"https:\/\/www.uhl-menu.com\/pt-pt\/","logo":{"@type":"ImageObject","inLanguage":"pt-PT","@id":"https:\/\/www.uhl-menu.com\/pt-pt\/#\/schema\/logo\/image\/","url":"https:\/\/www.uhl-menu.com\/wp-content\/uploads\/uhl-logo.png","contentUrl":"https:\/\/www.uhl-menu.com\/wp-content\/uploads\/uhl-logo.png","width":66,"height":41,"caption":"menu de Uhl"},"image":{"@id":"https:\/\/www.uhl-menu.com\/pt-pt\/#\/schema\/logo\/image\/"},"sameAs":["https:\/\/www.facebook.com\/uhlspeisekarten","https:\/\/www.youtube.com\/channel\/UCz6fCHDC_EvIaFfibirEF8A\/videos"]}]}},"_links":{"self":[{"href":"https:\/\/www.uhl-menu.com\/pt-pt\/wp-json\/wp\/v2\/product\/81982","targetHints":{"allow":["GET"]}}],"collection":[{"href":"https:\/\/www.uhl-menu.com\/pt-pt\/wp-json\/wp\/v2\/product"}],"about":[{"href":"https:\/\/www.uhl-menu.com\/pt-pt\/wp-json\/wp\/v2\/types\/product"}],"wp:featuredmedia":[{"embeddable":true,"href":"https:\/\/www.uhl-menu.com\/pt-pt\/wp-json\/wp\/v2\/media\/24095"}],"wp:attachment":[{"href":"https:\/\/www.uhl-menu.com\/pt-pt\/wp-json\/wp\/v2\/media?parent=81982"}],"wp:term":[{"taxonomy":"product_brand","embeddable":true,"href":"https:\/\/www.uhl-menu.com\/pt-pt\/wp-json\/wp\/v2\/product_brand?post=81982"},{"taxonomy":"product_cat","embeddable":true,"href":"https:\/\/www.uhl-menu.com\/pt-pt\/wp-json\/wp\/v2\/product_cat?post=81982"},{"taxonomy":"product_tag","embeddable":true,"href":"https:\/\/www.uhl-menu.com\/pt-pt\/wp-json\/wp\/v2\/product_tag?post=81982"}],"curies":[{"name":"wp","href":"https:\/\/api.w.org\/{rel}","templated":true}]}}