{"id":82247,"date":"2021-11-25T13:29:35","date_gmt":"2021-11-25T12:29:35","guid":{"rendered":"https:\/\/www.uhl-menu.com\/produkt\/board\/"},"modified":"2021-11-25T13:29:35","modified_gmt":"2021-11-25T12:29:35","slug":"board","status":"publish","type":"product","link":"https:\/\/www.uhl-menu.com\/pt-pt\/produkt\/board\/","title":{"rendered":"Board"},"content":{"rendered":"<p>Pr\u00e1tico e flex\u00edvel na utiliza\u00e7\u00e3o, o modelo Board \u00e9 particularmente adequado para recomenda\u00e7\u00f5es do dia, provas ou como carta de sobremesas. A folha \u00e9 fixada na parte frontal da pasta, mas tamb\u00e9m pode ser colocada na parte de tr\u00e1s, se desejado. <\/p>\n<p>A capa dura possui extremidades fechadas e resistentes a vincos, com prote\u00e7\u00e3o de canto em prateado ou dourado. As superf\u00edcies s\u00e3o repelentes \u00e0 \u00e1gua e \u00e0 gordura e f\u00e1ceis de limpar. <\/p>\n","protected":false},"excerpt":{"rendered":"<p>Pr\u00e1tico e flex\u00edvel na utiliza\u00e7\u00e3o, o modelo Board \u00e9 particularmente adequado para recomenda\u00e7\u00f5es do dia, provas ou como carta de sobremesas. A folha \u00e9 fixada na parte frontal da pasta, mas tamb\u00e9m pode ser colocada na parte de tr\u00e1s, se desejado. A capa dura possui extremidades fechadas e resistentes a vincos, com prote\u00e7\u00e3o de canto [&hellip;]<\/p>\n","protected":false},"featured_media":82256,"template":"","meta":{"_acf_changed":false},"product_brand":[],"product_cat":[1722,1678,1724,1721,1708,1691,1710,1707,1699,1680,1679,1693],"product_tag":[],"class_list":{"0":"post-82247","1":"product","2":"type-product","3":"status-publish","4":"has-post-thumbnail","6":"product_cat-1-face-pt-pt","7":"product_cat-capa-dura","8":"product_cat-cartao","9":"product_cat-cartas-de-sobremesas","10":"product_cat-imitacao-de-pele","11":"product_cat-linho","12":"product_cat-material-sintetico","13":"product_cat-pele-genuina","14":"product_cat-pranchetas","15":"product_cat-repelente-a-agua","16":"product_cat-resistente-a-gordura","17":"product_cat-restantes-modelos","18":"pa_format-l-11x11x30-pt-pt","19":"pa_format-m-11x11x21-pt-pt","20":"pa_format-s-11x11x15-pt-pt","21":"tm-has-options","23":"first","24":"instock","25":"taxable","26":"shipping-taxable","27":"purchasable","28":"product-type-variable"},"acf":[],"yoast_head":"<!-- This site is optimized with the Yoast SEO plugin v26.0 - https:\/\/yoast.com\/wordpress\/plugins\/seo\/ -->\n<title>Board \u00bb Prancheta de menu em capa dura com extremidade fechada - menu de Uhl<\/title>\n<meta name=\"robots\" content=\"index, follow, max-snippet:-1, max-image-preview:large, max-video-preview:-1\" \/>\n<link rel=\"canonical\" href=\"https:\/\/www.uhl-menu.com\/pt-pt\/produkt\/board\/\" \/>\n<meta property=\"og:locale\" content=\"pt_PT\" \/>\n<meta property=\"og:type\" content=\"article\" \/>\n<meta property=\"og:title\" content=\"Board \u00bb Prancheta de menu em capa dura com extremidade fechada - menu de Uhl\" \/>\n<meta property=\"og:description\" content=\"Pr\u00e1tico e flex\u00edvel na utiliza\u00e7\u00e3o, o modelo Board \u00e9 particularmente adequado para recomenda\u00e7\u00f5es do dia, provas ou como carta de sobremesas. A folha \u00e9 fixada na parte frontal da pasta, mas tamb\u00e9m pode ser colocada na parte de tr\u00e1s, se desejado. A capa dura possui extremidades fechadas e resistentes a vincos, com prote\u00e7\u00e3o de canto [&hellip;]\" \/>\n<meta property=\"og:url\" content=\"https:\/\/www.uhl-menu.com\/pt-pt\/produkt\/board\/\" \/>\n<meta property=\"og:site_name\" content=\"menu de Uhl\" \/>\n<meta property=\"article:publisher\" content=\"https:\/\/www.facebook.com\/uhlspeisekarten\" \/>\n<meta property=\"og:image\" content=\"https:\/\/www.uhl-menu.com\/wp-content\/uploads\/board-hardcover-board-mit-geschlossenem-rand.png\" \/>\n\t<meta property=\"og:image:width\" content=\"1600\" \/>\n\t<meta property=\"og:image:height\" content=\"1125\" \/>\n\t<meta property=\"og:image:type\" content=\"image\/png\" \/>\n<meta name=\"twitter:card\" content=\"summary_large_image\" \/>\n<script type=\"application\/ld+json\" class=\"yoast-schema-graph\">{\"@context\":\"https:\/\/schema.org\",\"@graph\":[{\"@type\":\"WebPage\",\"@id\":\"https:\/\/www.uhl-menu.com\/pt-pt\/produkt\/board\/\",\"url\":\"https:\/\/www.uhl-menu.com\/pt-pt\/produkt\/board\/\",\"name\":\"Board \u00bb Prancheta de menu em capa dura com extremidade fechada - menu de Uhl\",\"isPartOf\":{\"@id\":\"https:\/\/www.uhl-menu.com\/pt-pt\/#website\"},\"primaryImageOfPage\":{\"@id\":\"https:\/\/www.uhl-menu.com\/pt-pt\/produkt\/board\/#primaryimage\"},\"image\":{\"@id\":\"https:\/\/www.uhl-menu.com\/pt-pt\/produkt\/board\/#primaryimage\"},\"thumbnailUrl\":\"https:\/\/www.uhl-menu.com\/wp-content\/uploads\/board-hardcover-board-mit-geschlossenem-rand.png\",\"datePublished\":\"2021-11-25T12:29:35+00:00\",\"breadcrumb\":{\"@id\":\"https:\/\/www.uhl-menu.com\/pt-pt\/produkt\/board\/#breadcrumb\"},\"inLanguage\":\"pt-PT\",\"potentialAction\":[{\"@type\":\"ReadAction\",\"target\":[\"https:\/\/www.uhl-menu.com\/pt-pt\/produkt\/board\/\"]}]},{\"@type\":\"ImageObject\",\"inLanguage\":\"pt-PT\",\"@id\":\"https:\/\/www.uhl-menu.com\/pt-pt\/produkt\/board\/#primaryimage\",\"url\":\"https:\/\/www.uhl-menu.com\/wp-content\/uploads\/board-hardcover-board-mit-geschlossenem-rand.png\",\"contentUrl\":\"https:\/\/www.uhl-menu.com\/wp-content\/uploads\/board-hardcover-board-mit-geschlossenem-rand.png\",\"width\":1600,\"height\":1125},{\"@type\":\"BreadcrumbList\",\"@id\":\"https:\/\/www.uhl-menu.com\/pt-pt\/produkt\/board\/#breadcrumb\",\"itemListElement\":[{\"@type\":\"ListItem\",\"position\":1,\"name\":\"Startseite\",\"item\":\"https:\/\/www.uhl-menu.com\/pt-pt\/pagina-inicial\/\"},{\"@type\":\"ListItem\",\"position\":2,\"name\":\"Loja\",\"item\":\"https:\/\/www.uhl-menu.com\/pt-pt\/loja\/\"},{\"@type\":\"ListItem\",\"position\":3,\"name\":\"Board\"}]},{\"@type\":\"WebSite\",\"@id\":\"https:\/\/www.uhl-menu.com\/pt-pt\/#website\",\"url\":\"https:\/\/www.uhl-menu.com\/pt-pt\/\",\"name\":\"menu de Uhl\",\"description\":\"e fabricant de menus UHL, fond\u00e9 en 1982, s&#039;est donn\u00e9 d\u00e8s ses d\u00e9buts pour mission de se sp\u00e9cialiser dans les menus et les cartes des vins.\",\"publisher\":{\"@id\":\"https:\/\/www.uhl-menu.com\/pt-pt\/#organization\"},\"potentialAction\":[{\"@type\":\"SearchAction\",\"target\":{\"@type\":\"EntryPoint\",\"urlTemplate\":\"https:\/\/www.uhl-menu.com\/pt-pt\/?s={search_term_string}\"},\"query-input\":{\"@type\":\"PropertyValueSpecification\",\"valueRequired\":true,\"valueName\":\"search_term_string\"}}],\"inLanguage\":\"pt-PT\"},{\"@type\":\"Organization\",\"@id\":\"https:\/\/www.uhl-menu.com\/pt-pt\/#organization\",\"name\":\"menu de Uhl\",\"url\":\"https:\/\/www.uhl-menu.com\/pt-pt\/\",\"logo\":{\"@type\":\"ImageObject\",\"inLanguage\":\"pt-PT\",\"@id\":\"https:\/\/www.uhl-menu.com\/pt-pt\/#\/schema\/logo\/image\/\",\"url\":\"https:\/\/www.uhl-menu.com\/wp-content\/uploads\/uhl-logo.png\",\"contentUrl\":\"https:\/\/www.uhl-menu.com\/wp-content\/uploads\/uhl-logo.png\",\"width\":66,\"height\":41,\"caption\":\"menu de Uhl\"},\"image\":{\"@id\":\"https:\/\/www.uhl-menu.com\/pt-pt\/#\/schema\/logo\/image\/\"},\"sameAs\":[\"https:\/\/www.facebook.com\/uhlspeisekarten\",\"https:\/\/www.youtube.com\/channel\/UCz6fCHDC_EvIaFfibirEF8A\/videos\"]}]}<\/script>\n<!-- \/ Yoast SEO plugin. -->","yoast_head_json":{"title":"Board \u00bb Prancheta de menu em capa dura com extremidade fechada - menu de Uhl","robots":{"index":"index","follow":"follow","max-snippet":"max-snippet:-1","max-image-preview":"max-image-preview:large","max-video-preview":"max-video-preview:-1"},"canonical":"https:\/\/www.uhl-menu.com\/pt-pt\/produkt\/board\/","og_locale":"pt_PT","og_type":"article","og_title":"Board \u00bb Prancheta de menu em capa dura com extremidade fechada - menu de Uhl","og_description":"Pr\u00e1tico e flex\u00edvel na utiliza\u00e7\u00e3o, o modelo Board \u00e9 particularmente adequado para recomenda\u00e7\u00f5es do dia, provas ou como carta de sobremesas. A folha \u00e9 fixada na parte frontal da pasta, mas tamb\u00e9m pode ser colocada na parte de tr\u00e1s, se desejado. A capa dura possui extremidades fechadas e resistentes a vincos, com prote\u00e7\u00e3o de canto [&hellip;]","og_url":"https:\/\/www.uhl-menu.com\/pt-pt\/produkt\/board\/","og_site_name":"menu de Uhl","article_publisher":"https:\/\/www.facebook.com\/uhlspeisekarten","og_image":[{"width":1600,"height":1125,"url":"https:\/\/www.uhl-menu.com\/wp-content\/uploads\/board-hardcover-board-mit-geschlossenem-rand.png","type":"image\/png"}],"twitter_card":"summary_large_image","schema":{"@context":"https:\/\/schema.org","@graph":[{"@type":"WebPage","@id":"https:\/\/www.uhl-menu.com\/pt-pt\/produkt\/board\/","url":"https:\/\/www.uhl-menu.com\/pt-pt\/produkt\/board\/","name":"Board \u00bb Prancheta de menu em capa dura com extremidade fechada - menu de Uhl","isPartOf":{"@id":"https:\/\/www.uhl-menu.com\/pt-pt\/#website"},"primaryImageOfPage":{"@id":"https:\/\/www.uhl-menu.com\/pt-pt\/produkt\/board\/#primaryimage"},"image":{"@id":"https:\/\/www.uhl-menu.com\/pt-pt\/produkt\/board\/#primaryimage"},"thumbnailUrl":"https:\/\/www.uhl-menu.com\/wp-content\/uploads\/board-hardcover-board-mit-geschlossenem-rand.png","datePublished":"2021-11-25T12:29:35+00:00","breadcrumb":{"@id":"https:\/\/www.uhl-menu.com\/pt-pt\/produkt\/board\/#breadcrumb"},"inLanguage":"pt-PT","potentialAction":[{"@type":"ReadAction","target":["https:\/\/www.uhl-menu.com\/pt-pt\/produkt\/board\/"]}]},{"@type":"ImageObject","inLanguage":"pt-PT","@id":"https:\/\/www.uhl-menu.com\/pt-pt\/produkt\/board\/#primaryimage","url":"https:\/\/www.uhl-menu.com\/wp-content\/uploads\/board-hardcover-board-mit-geschlossenem-rand.png","contentUrl":"https:\/\/www.uhl-menu.com\/wp-content\/uploads\/board-hardcover-board-mit-geschlossenem-rand.png","width":1600,"height":1125},{"@type":"BreadcrumbList","@id":"https:\/\/www.uhl-menu.com\/pt-pt\/produkt\/board\/#breadcrumb","itemListElement":[{"@type":"ListItem","position":1,"name":"Startseite","item":"https:\/\/www.uhl-menu.com\/pt-pt\/pagina-inicial\/"},{"@type":"ListItem","position":2,"name":"Loja","item":"https:\/\/www.uhl-menu.com\/pt-pt\/loja\/"},{"@type":"ListItem","position":3,"name":"Board"}]},{"@type":"WebSite","@id":"https:\/\/www.uhl-menu.com\/pt-pt\/#website","url":"https:\/\/www.uhl-menu.com\/pt-pt\/","name":"menu de Uhl","description":"e fabricant de menus UHL, fond\u00e9 en 1982, s&#039;est donn\u00e9 d\u00e8s ses d\u00e9buts pour mission de se sp\u00e9cialiser dans les menus et les cartes des vins.","publisher":{"@id":"https:\/\/www.uhl-menu.com\/pt-pt\/#organization"},"potentialAction":[{"@type":"SearchAction","target":{"@type":"EntryPoint","urlTemplate":"https:\/\/www.uhl-menu.com\/pt-pt\/?s={search_term_string}"},"query-input":{"@type":"PropertyValueSpecification","valueRequired":true,"valueName":"search_term_string"}}],"inLanguage":"pt-PT"},{"@type":"Organization","@id":"https:\/\/www.uhl-menu.com\/pt-pt\/#organization","name":"menu de Uhl","url":"https:\/\/www.uhl-menu.com\/pt-pt\/","logo":{"@type":"ImageObject","inLanguage":"pt-PT","@id":"https:\/\/www.uhl-menu.com\/pt-pt\/#\/schema\/logo\/image\/","url":"https:\/\/www.uhl-menu.com\/wp-content\/uploads\/uhl-logo.png","contentUrl":"https:\/\/www.uhl-menu.com\/wp-content\/uploads\/uhl-logo.png","width":66,"height":41,"caption":"menu de Uhl"},"image":{"@id":"https:\/\/www.uhl-menu.com\/pt-pt\/#\/schema\/logo\/image\/"},"sameAs":["https:\/\/www.facebook.com\/uhlspeisekarten","https:\/\/www.youtube.com\/channel\/UCz6fCHDC_EvIaFfibirEF8A\/videos"]}]}},"_links":{"self":[{"href":"https:\/\/www.uhl-menu.com\/pt-pt\/wp-json\/wp\/v2\/product\/82247","targetHints":{"allow":["GET"]}}],"collection":[{"href":"https:\/\/www.uhl-menu.com\/pt-pt\/wp-json\/wp\/v2\/product"}],"about":[{"href":"https:\/\/www.uhl-menu.com\/pt-pt\/wp-json\/wp\/v2\/types\/product"}],"wp:featuredmedia":[{"embeddable":true,"href":"https:\/\/www.uhl-menu.com\/pt-pt\/wp-json\/wp\/v2\/media\/82256"}],"wp:attachment":[{"href":"https:\/\/www.uhl-menu.com\/pt-pt\/wp-json\/wp\/v2\/media?parent=82247"}],"wp:term":[{"taxonomy":"product_brand","embeddable":true,"href":"https:\/\/www.uhl-menu.com\/pt-pt\/wp-json\/wp\/v2\/product_brand?post=82247"},{"taxonomy":"product_cat","embeddable":true,"href":"https:\/\/www.uhl-menu.com\/pt-pt\/wp-json\/wp\/v2\/product_cat?post=82247"},{"taxonomy":"product_tag","embeddable":true,"href":"https:\/\/www.uhl-menu.com\/pt-pt\/wp-json\/wp\/v2\/product_tag?post=82247"}],"curies":[{"name":"wp","href":"https:\/\/api.w.org\/{rel}","templated":true}]}}