{"id":82604,"date":"2021-11-25T13:40:53","date_gmt":"2021-11-25T12:40:53","guid":{"rendered":"https:\/\/www.uhl-menu.com\/produkt\/snap-line\/"},"modified":"2021-11-25T13:40:53","modified_gmt":"2021-11-25T12:40:53","slug":"snap-line","status":"publish","type":"product","link":"https:\/\/www.uhl-menu.com\/pt-pt\/produkt\/snap-line\/","title":{"rendered":"Snap Line"},"content":{"rendered":"<p>Este menu est\u00e1 totalmente alinhado com as tend\u00eancias atuais: destaca-se pelo seu visual minimalista e moderno, bem como pelo pr\u00e1tico sistema de fecho por press\u00e3o. Permite aumentar ou reduzir o n\u00famero de folhas de forma r\u00e1pida e personalizada. Uma aba em material de alta qualidade e resistente ao rasgo, colocada no interior do dorso do menu Snap, oculta dois ou quatro bot\u00f5es de press\u00e3o, permitindo a substitui\u00e7\u00e3o particularmente r\u00e1pida das folhas perfuradas ou das capas transparentes.  <\/p>\n<p>A tira magn\u00e9tica adicional no interior do lado esquerdo facilita a apresenta\u00e7\u00e3o e o destaque das sugest\u00f5es do dia ou recomenda\u00e7\u00f5es de menu no trabalho di\u00e1rio de restaura\u00e7\u00e3o. O menu Snap Line, de f\u00e1cil manuten\u00e7\u00e3o, \u00e9 extremamente robusto e est\u00e1 dispon\u00edvel nos materiais de qualidade: linho, material sint\u00e9tico, couro sint\u00e9tico e couro genu\u00edno. Um detalhe decorativo elegante \u00e9 proporcionado pelas costuras vis\u00edveis no exterior, cuja cor pode ser escolhida livremente.  <\/p>\n<p>Este menu est\u00e1 dispon\u00edvel para todos os formatos standard de capas transparentes, bem como para qualquer formato de papel pretendido.<\/p>\n","protected":false},"excerpt":{"rendered":"<p>Este menu est\u00e1 totalmente alinhado com as tend\u00eancias atuais: destaca-se pelo seu visual minimalista e moderno, bem como pelo pr\u00e1tico sistema de fecho por press\u00e3o. Permite aumentar ou reduzir o n\u00famero de folhas de forma r\u00e1pida e personalizada. Uma aba em material de alta qualidade e resistente ao rasgo, colocada no interior do dorso do [&hellip;]<\/p>\n","protected":false},"featured_media":82613,"template":"","meta":{"_acf_changed":false},"product_brand":[],"product_cat":[1678,1737,1735,1676,1677,1739,1742,1708,1691,1710,1711,1700,1707,1749,1680,1679],"product_tag":[],"class_list":{"0":"post-82604","1":"product","2":"type-product","3":"status-publish","4":"has-post-thumbnail","6":"product_cat-capa-dura","7":"product_cat-cartas-de-bar","8":"product_cat-cartas-de-bebidas","9":"product_cat-cartas-de-menu","10":"product_cat-cartas-de-vinhos","11":"product_cat-exterior","12":"product_cat-flexivel","13":"product_cat-imitacao-de-pele","14":"product_cat-linho","15":"product_cat-material-sintetico","16":"product_cat-multifolhas","17":"product_cat-numero-de-paginas-flexivel","18":"product_cat-pele-genuina","19":"product_cat-peliculas","20":"product_cat-repelente-a-agua","21":"product_cat-resistente-a-gordura","22":"pa_format-l-11x11x30-pt-pt","23":"pa_format-m-11x11x21-pt-pt","24":"pa_format-s-11x11x15-pt-pt","25":"tm-has-options","27":"first","28":"instock","29":"taxable","30":"shipping-taxable","31":"purchasable","32":"product-type-variable"},"acf":[],"yoast_head":"<!-- This site is optimized with the Yoast SEO plugin v26.0 - https:\/\/yoast.com\/wordpress\/plugins\/seo\/ -->\n<title>Snap Line \u00bb Menu pr\u00e1tico com sistema de fecho por press\u00e3o - menu de Uhl<\/title>\n<meta name=\"robots\" content=\"index, follow, max-snippet:-1, max-image-preview:large, max-video-preview:-1\" \/>\n<link rel=\"canonical\" href=\"https:\/\/www.uhl-menu.com\/pt-pt\/produkt\/snap-line\/\" \/>\n<meta property=\"og:locale\" content=\"pt_PT\" \/>\n<meta property=\"og:type\" content=\"article\" \/>\n<meta property=\"og:title\" content=\"Snap Line \u00bb Menu pr\u00e1tico com sistema de fecho por press\u00e3o - menu de Uhl\" \/>\n<meta property=\"og:description\" content=\"Este menu est\u00e1 totalmente alinhado com as tend\u00eancias atuais: destaca-se pelo seu visual minimalista e moderno, bem como pelo pr\u00e1tico sistema de fecho por press\u00e3o. Permite aumentar ou reduzir o n\u00famero de folhas de forma r\u00e1pida e personalizada. Uma aba em material de alta qualidade e resistente ao rasgo, colocada no interior do dorso do [&hellip;]\" \/>\n<meta property=\"og:url\" content=\"https:\/\/www.uhl-menu.com\/pt-pt\/produkt\/snap-line\/\" \/>\n<meta property=\"og:site_name\" content=\"menu de Uhl\" \/>\n<meta property=\"article:publisher\" content=\"https:\/\/www.facebook.com\/uhlspeisekarten\" \/>\n<meta property=\"og:image\" content=\"https:\/\/www.uhl-menu.com\/wp-content\/uploads\/snap-line-praktische-speisekarten-mappe-mit-snap-system.png\" \/>\n\t<meta property=\"og:image:width\" content=\"1600\" \/>\n\t<meta property=\"og:image:height\" content=\"1125\" \/>\n\t<meta property=\"og:image:type\" content=\"image\/png\" \/>\n<meta name=\"twitter:card\" content=\"summary_large_image\" \/>\n<meta name=\"twitter:label1\" content=\"Tempo estimado de leitura\" \/>\n\t<meta name=\"twitter:data1\" content=\"1 minuto\" \/>\n<script type=\"application\/ld+json\" class=\"yoast-schema-graph\">{\"@context\":\"https:\/\/schema.org\",\"@graph\":[{\"@type\":\"WebPage\",\"@id\":\"https:\/\/www.uhl-menu.com\/pt-pt\/produkt\/snap-line\/\",\"url\":\"https:\/\/www.uhl-menu.com\/pt-pt\/produkt\/snap-line\/\",\"name\":\"Snap Line \u00bb Menu pr\u00e1tico com sistema de fecho por press\u00e3o - menu de Uhl\",\"isPartOf\":{\"@id\":\"https:\/\/www.uhl-menu.com\/pt-pt\/#website\"},\"primaryImageOfPage\":{\"@id\":\"https:\/\/www.uhl-menu.com\/pt-pt\/produkt\/snap-line\/#primaryimage\"},\"image\":{\"@id\":\"https:\/\/www.uhl-menu.com\/pt-pt\/produkt\/snap-line\/#primaryimage\"},\"thumbnailUrl\":\"https:\/\/www.uhl-menu.com\/wp-content\/uploads\/snap-line-praktische-speisekarten-mappe-mit-snap-system.png\",\"datePublished\":\"2021-11-25T12:40:53+00:00\",\"breadcrumb\":{\"@id\":\"https:\/\/www.uhl-menu.com\/pt-pt\/produkt\/snap-line\/#breadcrumb\"},\"inLanguage\":\"pt-PT\",\"potentialAction\":[{\"@type\":\"ReadAction\",\"target\":[\"https:\/\/www.uhl-menu.com\/pt-pt\/produkt\/snap-line\/\"]}]},{\"@type\":\"ImageObject\",\"inLanguage\":\"pt-PT\",\"@id\":\"https:\/\/www.uhl-menu.com\/pt-pt\/produkt\/snap-line\/#primaryimage\",\"url\":\"https:\/\/www.uhl-menu.com\/wp-content\/uploads\/snap-line-praktische-speisekarten-mappe-mit-snap-system.png\",\"contentUrl\":\"https:\/\/www.uhl-menu.com\/wp-content\/uploads\/snap-line-praktische-speisekarten-mappe-mit-snap-system.png\",\"width\":1600,\"height\":1125,\"caption\":\"Practical food and wine list with Snap System: Snap Line model from Uhl Menu\"},{\"@type\":\"BreadcrumbList\",\"@id\":\"https:\/\/www.uhl-menu.com\/pt-pt\/produkt\/snap-line\/#breadcrumb\",\"itemListElement\":[{\"@type\":\"ListItem\",\"position\":1,\"name\":\"Startseite\",\"item\":\"https:\/\/www.uhl-menu.com\/pt-pt\/pagina-inicial\/\"},{\"@type\":\"ListItem\",\"position\":2,\"name\":\"Loja\",\"item\":\"https:\/\/www.uhl-menu.com\/pt-pt\/loja\/\"},{\"@type\":\"ListItem\",\"position\":3,\"name\":\"Snap Line\"}]},{\"@type\":\"WebSite\",\"@id\":\"https:\/\/www.uhl-menu.com\/pt-pt\/#website\",\"url\":\"https:\/\/www.uhl-menu.com\/pt-pt\/\",\"name\":\"menu de Uhl\",\"description\":\"e fabricant de menus UHL, fond\u00e9 en 1982, s&#039;est donn\u00e9 d\u00e8s ses d\u00e9buts pour mission de se sp\u00e9cialiser dans les menus et les cartes des vins.\",\"publisher\":{\"@id\":\"https:\/\/www.uhl-menu.com\/pt-pt\/#organization\"},\"potentialAction\":[{\"@type\":\"SearchAction\",\"target\":{\"@type\":\"EntryPoint\",\"urlTemplate\":\"https:\/\/www.uhl-menu.com\/pt-pt\/?s={search_term_string}\"},\"query-input\":{\"@type\":\"PropertyValueSpecification\",\"valueRequired\":true,\"valueName\":\"search_term_string\"}}],\"inLanguage\":\"pt-PT\"},{\"@type\":\"Organization\",\"@id\":\"https:\/\/www.uhl-menu.com\/pt-pt\/#organization\",\"name\":\"menu de Uhl\",\"url\":\"https:\/\/www.uhl-menu.com\/pt-pt\/\",\"logo\":{\"@type\":\"ImageObject\",\"inLanguage\":\"pt-PT\",\"@id\":\"https:\/\/www.uhl-menu.com\/pt-pt\/#\/schema\/logo\/image\/\",\"url\":\"https:\/\/www.uhl-menu.com\/wp-content\/uploads\/uhl-logo.png\",\"contentUrl\":\"https:\/\/www.uhl-menu.com\/wp-content\/uploads\/uhl-logo.png\",\"width\":66,\"height\":41,\"caption\":\"menu de Uhl\"},\"image\":{\"@id\":\"https:\/\/www.uhl-menu.com\/pt-pt\/#\/schema\/logo\/image\/\"},\"sameAs\":[\"https:\/\/www.facebook.com\/uhlspeisekarten\",\"https:\/\/www.youtube.com\/channel\/UCz6fCHDC_EvIaFfibirEF8A\/videos\"]}]}<\/script>\n<!-- \/ Yoast SEO plugin. -->","yoast_head_json":{"title":"Snap Line \u00bb Menu pr\u00e1tico com sistema de fecho por press\u00e3o - menu de Uhl","robots":{"index":"index","follow":"follow","max-snippet":"max-snippet:-1","max-image-preview":"max-image-preview:large","max-video-preview":"max-video-preview:-1"},"canonical":"https:\/\/www.uhl-menu.com\/pt-pt\/produkt\/snap-line\/","og_locale":"pt_PT","og_type":"article","og_title":"Snap Line \u00bb Menu pr\u00e1tico com sistema de fecho por press\u00e3o - menu de Uhl","og_description":"Este menu est\u00e1 totalmente alinhado com as tend\u00eancias atuais: destaca-se pelo seu visual minimalista e moderno, bem como pelo pr\u00e1tico sistema de fecho por press\u00e3o. Permite aumentar ou reduzir o n\u00famero de folhas de forma r\u00e1pida e personalizada. Uma aba em material de alta qualidade e resistente ao rasgo, colocada no interior do dorso do [&hellip;]","og_url":"https:\/\/www.uhl-menu.com\/pt-pt\/produkt\/snap-line\/","og_site_name":"menu de Uhl","article_publisher":"https:\/\/www.facebook.com\/uhlspeisekarten","og_image":[{"width":1600,"height":1125,"url":"https:\/\/www.uhl-menu.com\/wp-content\/uploads\/snap-line-praktische-speisekarten-mappe-mit-snap-system.png","type":"image\/png"}],"twitter_card":"summary_large_image","twitter_misc":{"Tempo estimado de leitura":"1 minuto"},"schema":{"@context":"https:\/\/schema.org","@graph":[{"@type":"WebPage","@id":"https:\/\/www.uhl-menu.com\/pt-pt\/produkt\/snap-line\/","url":"https:\/\/www.uhl-menu.com\/pt-pt\/produkt\/snap-line\/","name":"Snap Line \u00bb Menu pr\u00e1tico com sistema de fecho por press\u00e3o - menu de Uhl","isPartOf":{"@id":"https:\/\/www.uhl-menu.com\/pt-pt\/#website"},"primaryImageOfPage":{"@id":"https:\/\/www.uhl-menu.com\/pt-pt\/produkt\/snap-line\/#primaryimage"},"image":{"@id":"https:\/\/www.uhl-menu.com\/pt-pt\/produkt\/snap-line\/#primaryimage"},"thumbnailUrl":"https:\/\/www.uhl-menu.com\/wp-content\/uploads\/snap-line-praktische-speisekarten-mappe-mit-snap-system.png","datePublished":"2021-11-25T12:40:53+00:00","breadcrumb":{"@id":"https:\/\/www.uhl-menu.com\/pt-pt\/produkt\/snap-line\/#breadcrumb"},"inLanguage":"pt-PT","potentialAction":[{"@type":"ReadAction","target":["https:\/\/www.uhl-menu.com\/pt-pt\/produkt\/snap-line\/"]}]},{"@type":"ImageObject","inLanguage":"pt-PT","@id":"https:\/\/www.uhl-menu.com\/pt-pt\/produkt\/snap-line\/#primaryimage","url":"https:\/\/www.uhl-menu.com\/wp-content\/uploads\/snap-line-praktische-speisekarten-mappe-mit-snap-system.png","contentUrl":"https:\/\/www.uhl-menu.com\/wp-content\/uploads\/snap-line-praktische-speisekarten-mappe-mit-snap-system.png","width":1600,"height":1125,"caption":"Practical food and wine list with Snap System: Snap Line model from Uhl Menu"},{"@type":"BreadcrumbList","@id":"https:\/\/www.uhl-menu.com\/pt-pt\/produkt\/snap-line\/#breadcrumb","itemListElement":[{"@type":"ListItem","position":1,"name":"Startseite","item":"https:\/\/www.uhl-menu.com\/pt-pt\/pagina-inicial\/"},{"@type":"ListItem","position":2,"name":"Loja","item":"https:\/\/www.uhl-menu.com\/pt-pt\/loja\/"},{"@type":"ListItem","position":3,"name":"Snap Line"}]},{"@type":"WebSite","@id":"https:\/\/www.uhl-menu.com\/pt-pt\/#website","url":"https:\/\/www.uhl-menu.com\/pt-pt\/","name":"menu de Uhl","description":"e fabricant de menus UHL, fond\u00e9 en 1982, s&#039;est donn\u00e9 d\u00e8s ses d\u00e9buts pour mission de se sp\u00e9cialiser dans les menus et les cartes des vins.","publisher":{"@id":"https:\/\/www.uhl-menu.com\/pt-pt\/#organization"},"potentialAction":[{"@type":"SearchAction","target":{"@type":"EntryPoint","urlTemplate":"https:\/\/www.uhl-menu.com\/pt-pt\/?s={search_term_string}"},"query-input":{"@type":"PropertyValueSpecification","valueRequired":true,"valueName":"search_term_string"}}],"inLanguage":"pt-PT"},{"@type":"Organization","@id":"https:\/\/www.uhl-menu.com\/pt-pt\/#organization","name":"menu de Uhl","url":"https:\/\/www.uhl-menu.com\/pt-pt\/","logo":{"@type":"ImageObject","inLanguage":"pt-PT","@id":"https:\/\/www.uhl-menu.com\/pt-pt\/#\/schema\/logo\/image\/","url":"https:\/\/www.uhl-menu.com\/wp-content\/uploads\/uhl-logo.png","contentUrl":"https:\/\/www.uhl-menu.com\/wp-content\/uploads\/uhl-logo.png","width":66,"height":41,"caption":"menu de Uhl"},"image":{"@id":"https:\/\/www.uhl-menu.com\/pt-pt\/#\/schema\/logo\/image\/"},"sameAs":["https:\/\/www.facebook.com\/uhlspeisekarten","https:\/\/www.youtube.com\/channel\/UCz6fCHDC_EvIaFfibirEF8A\/videos"]}]}},"_links":{"self":[{"href":"https:\/\/www.uhl-menu.com\/pt-pt\/wp-json\/wp\/v2\/product\/82604","targetHints":{"allow":["GET"]}}],"collection":[{"href":"https:\/\/www.uhl-menu.com\/pt-pt\/wp-json\/wp\/v2\/product"}],"about":[{"href":"https:\/\/www.uhl-menu.com\/pt-pt\/wp-json\/wp\/v2\/types\/product"}],"wp:featuredmedia":[{"embeddable":true,"href":"https:\/\/www.uhl-menu.com\/pt-pt\/wp-json\/wp\/v2\/media\/82613"}],"wp:attachment":[{"href":"https:\/\/www.uhl-menu.com\/pt-pt\/wp-json\/wp\/v2\/media?parent=82604"}],"wp:term":[{"taxonomy":"product_brand","embeddable":true,"href":"https:\/\/www.uhl-menu.com\/pt-pt\/wp-json\/wp\/v2\/product_brand?post=82604"},{"taxonomy":"product_cat","embeddable":true,"href":"https:\/\/www.uhl-menu.com\/pt-pt\/wp-json\/wp\/v2\/product_cat?post=82604"},{"taxonomy":"product_tag","embeddable":true,"href":"https:\/\/www.uhl-menu.com\/pt-pt\/wp-json\/wp\/v2\/product_tag?post=82604"}],"curies":[{"name":"wp","href":"https:\/\/api.w.org\/{rel}","templated":true}]}}