{"id":83758,"date":"2021-11-25T14:11:46","date_gmt":"2021-11-25T13:11:46","guid":{"rendered":"https:\/\/www.uhl-menu.com\/produkt\/clamp-shape\/"},"modified":"2021-11-25T14:11:46","modified_gmt":"2021-11-25T13:11:46","slug":"clamp-shape","status":"publish","type":"product","link":"https:\/\/www.uhl-menu.com\/pt-pt\/produkt\/clamp-shape\/","title":{"rendered":"Clamp shape"},"content":{"rendered":"<p>Este cart\u00e3o combina a funcionalidade do popular cart\u00e3o de fixa\u00e7\u00e3o em formato horizontal com o design exclusivo de forma ligeiramente curva: substitui\u00e7\u00e3o r\u00e1pida e simples das folhas e um visual moderno e din\u00e2mico. Um perfil de fixa\u00e7\u00e3o est\u00e1 integrado na parte posterior do cart\u00e3o curvo para manter as folhas individuais firmemente no lugar. O n\u00famero de p\u00e1ginas pode ser escolhido livremente.  <\/p>\n<p>O modelo com formato de fixa\u00e7\u00e3o est\u00e1 dispon\u00edvel exclusivamente nos materiais de alta qualidade linho, material sint\u00e9tico, couro sint\u00e9tico ou couro genu\u00edno. Todas as superf\u00edcies s\u00e3o resistentes \u00e0 \u00e1gua, \u00e0 gordura e aos raios UV. <\/p>\n","protected":false},"excerpt":{"rendered":"<p>Este cart\u00e3o combina a funcionalidade do popular cart\u00e3o de fixa\u00e7\u00e3o em formato horizontal com o design exclusivo de forma ligeiramente curva: substitui\u00e7\u00e3o r\u00e1pida e simples das folhas e um visual moderno e din\u00e2mico. Um perfil de fixa\u00e7\u00e3o est\u00e1 integrado na parte posterior do cart\u00e3o curvo para manter as folhas individuais firmemente no lugar. O n\u00famero [&hellip;]<\/p>\n","protected":false},"featured_media":83767,"template":"","meta":{"_acf_changed":false},"product_brand":[],"product_cat":[1678,1676,1677,1742,1708,1691,1710,1700,1707,1680,1679],"product_tag":[],"class_list":{"0":"post-83758","1":"product","2":"type-product","3":"status-publish","4":"has-post-thumbnail","6":"product_cat-capa-dura","7":"product_cat-cartas-de-menu","8":"product_cat-cartas-de-vinhos","9":"product_cat-flexivel","10":"product_cat-imitacao-de-pele","11":"product_cat-linho","12":"product_cat-material-sintetico","13":"product_cat-numero-de-paginas-flexivel","14":"product_cat-pele-genuina","15":"product_cat-repelente-a-agua","16":"product_cat-resistente-a-gordura","17":"pa_format-l-11x11x30-pt-pt","18":"pa_format-m-11x11x21-pt-pt","19":"pa_format-s-11x11x15-pt-pt","20":"tm-has-options","22":"first","23":"instock","24":"taxable","25":"shipping-taxable","26":"purchasable","27":"product-type-variable"},"acf":[],"yoast_head":"<!-- This site is optimized with the Yoast SEO plugin v26.0 - https:\/\/yoast.com\/wordpress\/plugins\/seo\/ -->\n<title>Clamp shape \u00bb Capa curva com perfil de fixa\u00e7\u00e3o no interior - menu de Uhl<\/title>\n<meta name=\"robots\" content=\"index, follow, max-snippet:-1, max-image-preview:large, max-video-preview:-1\" \/>\n<link rel=\"canonical\" href=\"https:\/\/www.uhl-menu.com\/pt-pt\/produkt\/clamp-shape\/\" \/>\n<meta property=\"og:locale\" content=\"pt_PT\" \/>\n<meta property=\"og:type\" content=\"article\" \/>\n<meta property=\"og:title\" content=\"Clamp shape \u00bb Capa curva com perfil de fixa\u00e7\u00e3o no interior - menu de Uhl\" \/>\n<meta property=\"og:description\" content=\"Este cart\u00e3o combina a funcionalidade do popular cart\u00e3o de fixa\u00e7\u00e3o em formato horizontal com o design exclusivo de forma ligeiramente curva: substitui\u00e7\u00e3o r\u00e1pida e simples das folhas e um visual moderno e din\u00e2mico. Um perfil de fixa\u00e7\u00e3o est\u00e1 integrado na parte posterior do cart\u00e3o curvo para manter as folhas individuais firmemente no lugar. O n\u00famero [&hellip;]\" \/>\n<meta property=\"og:url\" content=\"https:\/\/www.uhl-menu.com\/pt-pt\/produkt\/clamp-shape\/\" \/>\n<meta property=\"og:site_name\" content=\"menu de Uhl\" \/>\n<meta property=\"article:publisher\" content=\"https:\/\/www.facebook.com\/uhlspeisekarten\" \/>\n<meta property=\"og:image\" content=\"https:\/\/www.uhl-menu.com\/wp-content\/uploads\/klemm-shape-gebogener-umschlag-mit-klemmschiene-innen.png\" \/>\n\t<meta property=\"og:image:width\" content=\"1600\" \/>\n\t<meta property=\"og:image:height\" content=\"1125\" \/>\n\t<meta property=\"og:image:type\" content=\"image\/png\" \/>\n<meta name=\"twitter:card\" content=\"summary_large_image\" \/>\n<meta name=\"twitter:label1\" content=\"Tempo estimado de leitura\" \/>\n\t<meta name=\"twitter:data1\" content=\"1 minuto\" \/>\n<script type=\"application\/ld+json\" class=\"yoast-schema-graph\">{\"@context\":\"https:\/\/schema.org\",\"@graph\":[{\"@type\":\"WebPage\",\"@id\":\"https:\/\/www.uhl-menu.com\/pt-pt\/produkt\/clamp-shape\/\",\"url\":\"https:\/\/www.uhl-menu.com\/pt-pt\/produkt\/clamp-shape\/\",\"name\":\"Clamp shape \u00bb Capa curva com perfil de fixa\u00e7\u00e3o no interior - menu de Uhl\",\"isPartOf\":{\"@id\":\"https:\/\/www.uhl-menu.com\/pt-pt\/#website\"},\"primaryImageOfPage\":{\"@id\":\"https:\/\/www.uhl-menu.com\/pt-pt\/produkt\/clamp-shape\/#primaryimage\"},\"image\":{\"@id\":\"https:\/\/www.uhl-menu.com\/pt-pt\/produkt\/clamp-shape\/#primaryimage\"},\"thumbnailUrl\":\"https:\/\/www.uhl-menu.com\/wp-content\/uploads\/klemm-shape-gebogener-umschlag-mit-klemmschiene-innen.png\",\"datePublished\":\"2021-11-25T13:11:46+00:00\",\"breadcrumb\":{\"@id\":\"https:\/\/www.uhl-menu.com\/pt-pt\/produkt\/clamp-shape\/#breadcrumb\"},\"inLanguage\":\"pt-PT\",\"potentialAction\":[{\"@type\":\"ReadAction\",\"target\":[\"https:\/\/www.uhl-menu.com\/pt-pt\/produkt\/clamp-shape\/\"]}]},{\"@type\":\"ImageObject\",\"inLanguage\":\"pt-PT\",\"@id\":\"https:\/\/www.uhl-menu.com\/pt-pt\/produkt\/clamp-shape\/#primaryimage\",\"url\":\"https:\/\/www.uhl-menu.com\/wp-content\/uploads\/klemm-shape-gebogener-umschlag-mit-klemmschiene-innen.png\",\"contentUrl\":\"https:\/\/www.uhl-menu.com\/wp-content\/uploads\/klemm-shape-gebogener-umschlag-mit-klemmschiene-innen.png\",\"width\":1600,\"height\":1125,\"caption\":\"Clamp card in landscape format for bars and restaurants: clamp shape model\"},{\"@type\":\"BreadcrumbList\",\"@id\":\"https:\/\/www.uhl-menu.com\/pt-pt\/produkt\/clamp-shape\/#breadcrumb\",\"itemListElement\":[{\"@type\":\"ListItem\",\"position\":1,\"name\":\"Startseite\",\"item\":\"https:\/\/www.uhl-menu.com\/pt-pt\/pagina-inicial\/\"},{\"@type\":\"ListItem\",\"position\":2,\"name\":\"Loja\",\"item\":\"https:\/\/www.uhl-menu.com\/pt-pt\/loja\/\"},{\"@type\":\"ListItem\",\"position\":3,\"name\":\"Clamp shape\"}]},{\"@type\":\"WebSite\",\"@id\":\"https:\/\/www.uhl-menu.com\/pt-pt\/#website\",\"url\":\"https:\/\/www.uhl-menu.com\/pt-pt\/\",\"name\":\"menu de Uhl\",\"description\":\"e fabricant de menus UHL, fond\u00e9 en 1982, s&#039;est donn\u00e9 d\u00e8s ses d\u00e9buts pour mission de se sp\u00e9cialiser dans les menus et les cartes des vins.\",\"publisher\":{\"@id\":\"https:\/\/www.uhl-menu.com\/pt-pt\/#organization\"},\"potentialAction\":[{\"@type\":\"SearchAction\",\"target\":{\"@type\":\"EntryPoint\",\"urlTemplate\":\"https:\/\/www.uhl-menu.com\/pt-pt\/?s={search_term_string}\"},\"query-input\":{\"@type\":\"PropertyValueSpecification\",\"valueRequired\":true,\"valueName\":\"search_term_string\"}}],\"inLanguage\":\"pt-PT\"},{\"@type\":\"Organization\",\"@id\":\"https:\/\/www.uhl-menu.com\/pt-pt\/#organization\",\"name\":\"menu de Uhl\",\"url\":\"https:\/\/www.uhl-menu.com\/pt-pt\/\",\"logo\":{\"@type\":\"ImageObject\",\"inLanguage\":\"pt-PT\",\"@id\":\"https:\/\/www.uhl-menu.com\/pt-pt\/#\/schema\/logo\/image\/\",\"url\":\"https:\/\/www.uhl-menu.com\/wp-content\/uploads\/uhl-logo.png\",\"contentUrl\":\"https:\/\/www.uhl-menu.com\/wp-content\/uploads\/uhl-logo.png\",\"width\":66,\"height\":41,\"caption\":\"menu de Uhl\"},\"image\":{\"@id\":\"https:\/\/www.uhl-menu.com\/pt-pt\/#\/schema\/logo\/image\/\"},\"sameAs\":[\"https:\/\/www.facebook.com\/uhlspeisekarten\",\"https:\/\/www.youtube.com\/channel\/UCz6fCHDC_EvIaFfibirEF8A\/videos\"]}]}<\/script>\n<!-- \/ Yoast SEO plugin. -->","yoast_head_json":{"title":"Clamp shape \u00bb Capa curva com perfil de fixa\u00e7\u00e3o no interior - menu de Uhl","robots":{"index":"index","follow":"follow","max-snippet":"max-snippet:-1","max-image-preview":"max-image-preview:large","max-video-preview":"max-video-preview:-1"},"canonical":"https:\/\/www.uhl-menu.com\/pt-pt\/produkt\/clamp-shape\/","og_locale":"pt_PT","og_type":"article","og_title":"Clamp shape \u00bb Capa curva com perfil de fixa\u00e7\u00e3o no interior - menu de Uhl","og_description":"Este cart\u00e3o combina a funcionalidade do popular cart\u00e3o de fixa\u00e7\u00e3o em formato horizontal com o design exclusivo de forma ligeiramente curva: substitui\u00e7\u00e3o r\u00e1pida e simples das folhas e um visual moderno e din\u00e2mico. Um perfil de fixa\u00e7\u00e3o est\u00e1 integrado na parte posterior do cart\u00e3o curvo para manter as folhas individuais firmemente no lugar. O n\u00famero [&hellip;]","og_url":"https:\/\/www.uhl-menu.com\/pt-pt\/produkt\/clamp-shape\/","og_site_name":"menu de Uhl","article_publisher":"https:\/\/www.facebook.com\/uhlspeisekarten","og_image":[{"width":1600,"height":1125,"url":"https:\/\/www.uhl-menu.com\/wp-content\/uploads\/klemm-shape-gebogener-umschlag-mit-klemmschiene-innen.png","type":"image\/png"}],"twitter_card":"summary_large_image","twitter_misc":{"Tempo estimado de leitura":"1 minuto"},"schema":{"@context":"https:\/\/schema.org","@graph":[{"@type":"WebPage","@id":"https:\/\/www.uhl-menu.com\/pt-pt\/produkt\/clamp-shape\/","url":"https:\/\/www.uhl-menu.com\/pt-pt\/produkt\/clamp-shape\/","name":"Clamp shape \u00bb Capa curva com perfil de fixa\u00e7\u00e3o no interior - menu de Uhl","isPartOf":{"@id":"https:\/\/www.uhl-menu.com\/pt-pt\/#website"},"primaryImageOfPage":{"@id":"https:\/\/www.uhl-menu.com\/pt-pt\/produkt\/clamp-shape\/#primaryimage"},"image":{"@id":"https:\/\/www.uhl-menu.com\/pt-pt\/produkt\/clamp-shape\/#primaryimage"},"thumbnailUrl":"https:\/\/www.uhl-menu.com\/wp-content\/uploads\/klemm-shape-gebogener-umschlag-mit-klemmschiene-innen.png","datePublished":"2021-11-25T13:11:46+00:00","breadcrumb":{"@id":"https:\/\/www.uhl-menu.com\/pt-pt\/produkt\/clamp-shape\/#breadcrumb"},"inLanguage":"pt-PT","potentialAction":[{"@type":"ReadAction","target":["https:\/\/www.uhl-menu.com\/pt-pt\/produkt\/clamp-shape\/"]}]},{"@type":"ImageObject","inLanguage":"pt-PT","@id":"https:\/\/www.uhl-menu.com\/pt-pt\/produkt\/clamp-shape\/#primaryimage","url":"https:\/\/www.uhl-menu.com\/wp-content\/uploads\/klemm-shape-gebogener-umschlag-mit-klemmschiene-innen.png","contentUrl":"https:\/\/www.uhl-menu.com\/wp-content\/uploads\/klemm-shape-gebogener-umschlag-mit-klemmschiene-innen.png","width":1600,"height":1125,"caption":"Clamp card in landscape format for bars and restaurants: clamp shape model"},{"@type":"BreadcrumbList","@id":"https:\/\/www.uhl-menu.com\/pt-pt\/produkt\/clamp-shape\/#breadcrumb","itemListElement":[{"@type":"ListItem","position":1,"name":"Startseite","item":"https:\/\/www.uhl-menu.com\/pt-pt\/pagina-inicial\/"},{"@type":"ListItem","position":2,"name":"Loja","item":"https:\/\/www.uhl-menu.com\/pt-pt\/loja\/"},{"@type":"ListItem","position":3,"name":"Clamp shape"}]},{"@type":"WebSite","@id":"https:\/\/www.uhl-menu.com\/pt-pt\/#website","url":"https:\/\/www.uhl-menu.com\/pt-pt\/","name":"menu de Uhl","description":"e fabricant de menus UHL, fond\u00e9 en 1982, s&#039;est donn\u00e9 d\u00e8s ses d\u00e9buts pour mission de se sp\u00e9cialiser dans les menus et les cartes des vins.","publisher":{"@id":"https:\/\/www.uhl-menu.com\/pt-pt\/#organization"},"potentialAction":[{"@type":"SearchAction","target":{"@type":"EntryPoint","urlTemplate":"https:\/\/www.uhl-menu.com\/pt-pt\/?s={search_term_string}"},"query-input":{"@type":"PropertyValueSpecification","valueRequired":true,"valueName":"search_term_string"}}],"inLanguage":"pt-PT"},{"@type":"Organization","@id":"https:\/\/www.uhl-menu.com\/pt-pt\/#organization","name":"menu de Uhl","url":"https:\/\/www.uhl-menu.com\/pt-pt\/","logo":{"@type":"ImageObject","inLanguage":"pt-PT","@id":"https:\/\/www.uhl-menu.com\/pt-pt\/#\/schema\/logo\/image\/","url":"https:\/\/www.uhl-menu.com\/wp-content\/uploads\/uhl-logo.png","contentUrl":"https:\/\/www.uhl-menu.com\/wp-content\/uploads\/uhl-logo.png","width":66,"height":41,"caption":"menu de Uhl"},"image":{"@id":"https:\/\/www.uhl-menu.com\/pt-pt\/#\/schema\/logo\/image\/"},"sameAs":["https:\/\/www.facebook.com\/uhlspeisekarten","https:\/\/www.youtube.com\/channel\/UCz6fCHDC_EvIaFfibirEF8A\/videos"]}]}},"_links":{"self":[{"href":"https:\/\/www.uhl-menu.com\/pt-pt\/wp-json\/wp\/v2\/product\/83758","targetHints":{"allow":["GET"]}}],"collection":[{"href":"https:\/\/www.uhl-menu.com\/pt-pt\/wp-json\/wp\/v2\/product"}],"about":[{"href":"https:\/\/www.uhl-menu.com\/pt-pt\/wp-json\/wp\/v2\/types\/product"}],"wp:featuredmedia":[{"embeddable":true,"href":"https:\/\/www.uhl-menu.com\/pt-pt\/wp-json\/wp\/v2\/media\/83767"}],"wp:attachment":[{"href":"https:\/\/www.uhl-menu.com\/pt-pt\/wp-json\/wp\/v2\/media?parent=83758"}],"wp:term":[{"taxonomy":"product_brand","embeddable":true,"href":"https:\/\/www.uhl-menu.com\/pt-pt\/wp-json\/wp\/v2\/product_brand?post=83758"},{"taxonomy":"product_cat","embeddable":true,"href":"https:\/\/www.uhl-menu.com\/pt-pt\/wp-json\/wp\/v2\/product_cat?post=83758"},{"taxonomy":"product_tag","embeddable":true,"href":"https:\/\/www.uhl-menu.com\/pt-pt\/wp-json\/wp\/v2\/product_tag?post=83758"}],"curies":[{"name":"wp","href":"https:\/\/api.w.org\/{rel}","templated":true}]}}