{"id":84865,"date":"2021-11-25T14:24:33","date_gmt":"2021-11-25T13:24:33","guid":{"rendered":"https:\/\/www.uhl-menu.com\/produkt\/wood-back\/"},"modified":"2021-11-25T14:24:33","modified_gmt":"2021-11-25T13:24:33","slug":"wood-back","status":"publish","type":"product","link":"https:\/\/www.uhl-menu.com\/pt-pt\/produkt\/wood-back\/","title":{"rendered":"Wood Back"},"content":{"rendered":"<p>A capa do nosso menu Wood Back destaca-se pelas duas pe\u00e7as em madeira no lado esquerdo. A combina\u00e7\u00e3o da madeira, dos parafusos met\u00e1licos decorativos e do material de revestimento de alta qualidade garante uma apresenta\u00e7\u00e3o elegante da sua oferta, sendo especialmente adequada para pubs de estilo r\u00fastico. <\/p>\n<p>Os parafusos met\u00e1licos vis\u00edveis na parte traseira do menu Wood Back permitem alterar de forma simples e pr\u00e1tica a oferta de comidas e bebidas. O modelo permite ajustar o formato das p\u00e1ginas de forma flex\u00edvel e substituir facilmente folhas individuais, capas transparentes e\/ou elementos interiores. O formato exterior do menu \u00e9 adaptado ao conte\u00fado selecionado. Mediante pedido, o menu pode ser fornecido com capas transparentes ou elementos interiores de acordo com as suas especifica\u00e7\u00f5es.   <\/p>\n<p>Extremidades fechadas na capa, cantos resistentes a vincos e materiais de alta qualidade garantem maior durabilidade. Tal como todos os nossos menus, o Wood Back \u00e9 robusto e especialmente f\u00e1cil de limpar e manter. <\/p>\n","protected":false},"excerpt":{"rendered":"<p>A capa do nosso menu Wood Back destaca-se pelas duas pe\u00e7as em madeira no lado esquerdo. A combina\u00e7\u00e3o da madeira, dos parafusos met\u00e1licos decorativos e do material de revestimento de alta qualidade garante uma apresenta\u00e7\u00e3o elegante da sua oferta, sendo especialmente adequada para pubs de estilo r\u00fastico. Os parafusos met\u00e1licos vis\u00edveis na parte traseira do [&hellip;]<\/p>\n","protected":false},"featured_media":84873,"template":"","meta":{"_acf_changed":false},"product_brand":[],"product_cat":[1678,1724,1676,1677,1739,1742,1708,1691,1710,1700,1707,1749,1680,1679],"product_tag":[],"class_list":{"0":"post-84865","1":"product","2":"type-product","3":"status-publish","4":"has-post-thumbnail","6":"product_cat-capa-dura","7":"product_cat-cartao","8":"product_cat-cartas-de-menu","9":"product_cat-cartas-de-vinhos","10":"product_cat-exterior","11":"product_cat-flexivel","12":"product_cat-imitacao-de-pele","13":"product_cat-linho","14":"product_cat-material-sintetico","15":"product_cat-numero-de-paginas-flexivel","16":"product_cat-pele-genuina","17":"product_cat-peliculas","18":"product_cat-repelente-a-agua","19":"product_cat-resistente-a-gordura","20":"pa_format-l-11x11x30-pt-pt","21":"pa_format-m-11x11x21-pt-pt","22":"pa_format-s-11x11x15-pt-pt","23":"tm-has-options","25":"first","26":"instock","27":"taxable","28":"shipping-taxable","29":"purchasable","30":"product-type-variable"},"acf":[],"yoast_head":"<!-- This site is optimized with the Yoast SEO plugin v26.0 - https:\/\/yoast.com\/wordpress\/plugins\/seo\/ -->\n<title>Wood Back \u00bb Menu com ripas de madeira e parafusos de encaderna\u00e7\u00e3o - menu de Uhl<\/title>\n<meta name=\"robots\" content=\"index, follow, max-snippet:-1, max-image-preview:large, max-video-preview:-1\" \/>\n<link rel=\"canonical\" href=\"https:\/\/www.uhl-menu.com\/pt-pt\/produkt\/wood-back\/\" \/>\n<meta property=\"og:locale\" content=\"pt_PT\" \/>\n<meta property=\"og:type\" content=\"article\" \/>\n<meta property=\"og:title\" content=\"Wood Back \u00bb Menu com ripas de madeira e parafusos de encaderna\u00e7\u00e3o - menu de Uhl\" \/>\n<meta property=\"og:description\" content=\"A capa do nosso menu Wood Back destaca-se pelas duas pe\u00e7as em madeira no lado esquerdo. A combina\u00e7\u00e3o da madeira, dos parafusos met\u00e1licos decorativos e do material de revestimento de alta qualidade garante uma apresenta\u00e7\u00e3o elegante da sua oferta, sendo especialmente adequada para pubs de estilo r\u00fastico. Os parafusos met\u00e1licos vis\u00edveis na parte traseira do [&hellip;]\" \/>\n<meta property=\"og:url\" content=\"https:\/\/www.uhl-menu.com\/pt-pt\/produkt\/wood-back\/\" \/>\n<meta property=\"og:site_name\" content=\"menu de Uhl\" \/>\n<meta property=\"article:publisher\" content=\"https:\/\/www.facebook.com\/uhlspeisekarten\" \/>\n<meta property=\"og:image\" content=\"https:\/\/www.uhl-menu.com\/wp-content\/uploads\/wood-back-speisekarte-mit-holzleisten-und-buchschrauben.png\" \/>\n\t<meta property=\"og:image:width\" content=\"1600\" \/>\n\t<meta property=\"og:image:height\" content=\"1125\" \/>\n\t<meta property=\"og:image:type\" content=\"image\/png\" \/>\n<meta name=\"twitter:card\" content=\"summary_large_image\" \/>\n<meta name=\"twitter:label1\" content=\"Tempo estimado de leitura\" \/>\n\t<meta name=\"twitter:data1\" content=\"1 minuto\" \/>\n<script type=\"application\/ld+json\" class=\"yoast-schema-graph\">{\"@context\":\"https:\/\/schema.org\",\"@graph\":[{\"@type\":\"WebPage\",\"@id\":\"https:\/\/www.uhl-menu.com\/pt-pt\/produkt\/wood-back\/\",\"url\":\"https:\/\/www.uhl-menu.com\/pt-pt\/produkt\/wood-back\/\",\"name\":\"Wood Back \u00bb Menu com ripas de madeira e parafusos de encaderna\u00e7\u00e3o - menu de Uhl\",\"isPartOf\":{\"@id\":\"https:\/\/www.uhl-menu.com\/pt-pt\/#website\"},\"primaryImageOfPage\":{\"@id\":\"https:\/\/www.uhl-menu.com\/pt-pt\/produkt\/wood-back\/#primaryimage\"},\"image\":{\"@id\":\"https:\/\/www.uhl-menu.com\/pt-pt\/produkt\/wood-back\/#primaryimage\"},\"thumbnailUrl\":\"https:\/\/www.uhl-menu.com\/wp-content\/uploads\/wood-back-speisekarte-mit-holzleisten-und-buchschrauben.png\",\"datePublished\":\"2021-11-25T13:24:33+00:00\",\"breadcrumb\":{\"@id\":\"https:\/\/www.uhl-menu.com\/pt-pt\/produkt\/wood-back\/#breadcrumb\"},\"inLanguage\":\"pt-PT\",\"potentialAction\":[{\"@type\":\"ReadAction\",\"target\":[\"https:\/\/www.uhl-menu.com\/pt-pt\/produkt\/wood-back\/\"]}]},{\"@type\":\"ImageObject\",\"inLanguage\":\"pt-PT\",\"@id\":\"https:\/\/www.uhl-menu.com\/pt-pt\/produkt\/wood-back\/#primaryimage\",\"url\":\"https:\/\/www.uhl-menu.com\/wp-content\/uploads\/wood-back-speisekarte-mit-holzleisten-und-buchschrauben.png\",\"contentUrl\":\"https:\/\/www.uhl-menu.com\/wp-content\/uploads\/wood-back-speisekarte-mit-holzleisten-und-buchschrauben.png\",\"width\":1600,\"height\":1125,\"caption\":\"Rustic menu with cover material of your choice, cover with wooden slats and book screws: Wood Back model\"},{\"@type\":\"BreadcrumbList\",\"@id\":\"https:\/\/www.uhl-menu.com\/pt-pt\/produkt\/wood-back\/#breadcrumb\",\"itemListElement\":[{\"@type\":\"ListItem\",\"position\":1,\"name\":\"Startseite\",\"item\":\"https:\/\/www.uhl-menu.com\/pt-pt\/pagina-inicial\/\"},{\"@type\":\"ListItem\",\"position\":2,\"name\":\"Loja\",\"item\":\"https:\/\/www.uhl-menu.com\/pt-pt\/loja\/\"},{\"@type\":\"ListItem\",\"position\":3,\"name\":\"Wood Back\"}]},{\"@type\":\"WebSite\",\"@id\":\"https:\/\/www.uhl-menu.com\/pt-pt\/#website\",\"url\":\"https:\/\/www.uhl-menu.com\/pt-pt\/\",\"name\":\"menu de Uhl\",\"description\":\"e fabricant de menus UHL, fond\u00e9 en 1982, s&#039;est donn\u00e9 d\u00e8s ses d\u00e9buts pour mission de se sp\u00e9cialiser dans les menus et les cartes des vins.\",\"publisher\":{\"@id\":\"https:\/\/www.uhl-menu.com\/pt-pt\/#organization\"},\"potentialAction\":[{\"@type\":\"SearchAction\",\"target\":{\"@type\":\"EntryPoint\",\"urlTemplate\":\"https:\/\/www.uhl-menu.com\/pt-pt\/?s={search_term_string}\"},\"query-input\":{\"@type\":\"PropertyValueSpecification\",\"valueRequired\":true,\"valueName\":\"search_term_string\"}}],\"inLanguage\":\"pt-PT\"},{\"@type\":\"Organization\",\"@id\":\"https:\/\/www.uhl-menu.com\/pt-pt\/#organization\",\"name\":\"menu de Uhl\",\"url\":\"https:\/\/www.uhl-menu.com\/pt-pt\/\",\"logo\":{\"@type\":\"ImageObject\",\"inLanguage\":\"pt-PT\",\"@id\":\"https:\/\/www.uhl-menu.com\/pt-pt\/#\/schema\/logo\/image\/\",\"url\":\"https:\/\/www.uhl-menu.com\/wp-content\/uploads\/uhl-logo.png\",\"contentUrl\":\"https:\/\/www.uhl-menu.com\/wp-content\/uploads\/uhl-logo.png\",\"width\":66,\"height\":41,\"caption\":\"menu de Uhl\"},\"image\":{\"@id\":\"https:\/\/www.uhl-menu.com\/pt-pt\/#\/schema\/logo\/image\/\"},\"sameAs\":[\"https:\/\/www.facebook.com\/uhlspeisekarten\",\"https:\/\/www.youtube.com\/channel\/UCz6fCHDC_EvIaFfibirEF8A\/videos\"]}]}<\/script>\n<!-- \/ Yoast SEO plugin. -->","yoast_head_json":{"title":"Wood Back \u00bb Menu com ripas de madeira e parafusos de encaderna\u00e7\u00e3o - menu de Uhl","robots":{"index":"index","follow":"follow","max-snippet":"max-snippet:-1","max-image-preview":"max-image-preview:large","max-video-preview":"max-video-preview:-1"},"canonical":"https:\/\/www.uhl-menu.com\/pt-pt\/produkt\/wood-back\/","og_locale":"pt_PT","og_type":"article","og_title":"Wood Back \u00bb Menu com ripas de madeira e parafusos de encaderna\u00e7\u00e3o - menu de Uhl","og_description":"A capa do nosso menu Wood Back destaca-se pelas duas pe\u00e7as em madeira no lado esquerdo. A combina\u00e7\u00e3o da madeira, dos parafusos met\u00e1licos decorativos e do material de revestimento de alta qualidade garante uma apresenta\u00e7\u00e3o elegante da sua oferta, sendo especialmente adequada para pubs de estilo r\u00fastico. Os parafusos met\u00e1licos vis\u00edveis na parte traseira do [&hellip;]","og_url":"https:\/\/www.uhl-menu.com\/pt-pt\/produkt\/wood-back\/","og_site_name":"menu de Uhl","article_publisher":"https:\/\/www.facebook.com\/uhlspeisekarten","og_image":[{"width":1600,"height":1125,"url":"https:\/\/www.uhl-menu.com\/wp-content\/uploads\/wood-back-speisekarte-mit-holzleisten-und-buchschrauben.png","type":"image\/png"}],"twitter_card":"summary_large_image","twitter_misc":{"Tempo estimado de leitura":"1 minuto"},"schema":{"@context":"https:\/\/schema.org","@graph":[{"@type":"WebPage","@id":"https:\/\/www.uhl-menu.com\/pt-pt\/produkt\/wood-back\/","url":"https:\/\/www.uhl-menu.com\/pt-pt\/produkt\/wood-back\/","name":"Wood Back \u00bb Menu com ripas de madeira e parafusos de encaderna\u00e7\u00e3o - menu de Uhl","isPartOf":{"@id":"https:\/\/www.uhl-menu.com\/pt-pt\/#website"},"primaryImageOfPage":{"@id":"https:\/\/www.uhl-menu.com\/pt-pt\/produkt\/wood-back\/#primaryimage"},"image":{"@id":"https:\/\/www.uhl-menu.com\/pt-pt\/produkt\/wood-back\/#primaryimage"},"thumbnailUrl":"https:\/\/www.uhl-menu.com\/wp-content\/uploads\/wood-back-speisekarte-mit-holzleisten-und-buchschrauben.png","datePublished":"2021-11-25T13:24:33+00:00","breadcrumb":{"@id":"https:\/\/www.uhl-menu.com\/pt-pt\/produkt\/wood-back\/#breadcrumb"},"inLanguage":"pt-PT","potentialAction":[{"@type":"ReadAction","target":["https:\/\/www.uhl-menu.com\/pt-pt\/produkt\/wood-back\/"]}]},{"@type":"ImageObject","inLanguage":"pt-PT","@id":"https:\/\/www.uhl-menu.com\/pt-pt\/produkt\/wood-back\/#primaryimage","url":"https:\/\/www.uhl-menu.com\/wp-content\/uploads\/wood-back-speisekarte-mit-holzleisten-und-buchschrauben.png","contentUrl":"https:\/\/www.uhl-menu.com\/wp-content\/uploads\/wood-back-speisekarte-mit-holzleisten-und-buchschrauben.png","width":1600,"height":1125,"caption":"Rustic menu with cover material of your choice, cover with wooden slats and book screws: Wood Back model"},{"@type":"BreadcrumbList","@id":"https:\/\/www.uhl-menu.com\/pt-pt\/produkt\/wood-back\/#breadcrumb","itemListElement":[{"@type":"ListItem","position":1,"name":"Startseite","item":"https:\/\/www.uhl-menu.com\/pt-pt\/pagina-inicial\/"},{"@type":"ListItem","position":2,"name":"Loja","item":"https:\/\/www.uhl-menu.com\/pt-pt\/loja\/"},{"@type":"ListItem","position":3,"name":"Wood Back"}]},{"@type":"WebSite","@id":"https:\/\/www.uhl-menu.com\/pt-pt\/#website","url":"https:\/\/www.uhl-menu.com\/pt-pt\/","name":"menu de Uhl","description":"e fabricant de menus UHL, fond\u00e9 en 1982, s&#039;est donn\u00e9 d\u00e8s ses d\u00e9buts pour mission de se sp\u00e9cialiser dans les menus et les cartes des vins.","publisher":{"@id":"https:\/\/www.uhl-menu.com\/pt-pt\/#organization"},"potentialAction":[{"@type":"SearchAction","target":{"@type":"EntryPoint","urlTemplate":"https:\/\/www.uhl-menu.com\/pt-pt\/?s={search_term_string}"},"query-input":{"@type":"PropertyValueSpecification","valueRequired":true,"valueName":"search_term_string"}}],"inLanguage":"pt-PT"},{"@type":"Organization","@id":"https:\/\/www.uhl-menu.com\/pt-pt\/#organization","name":"menu de Uhl","url":"https:\/\/www.uhl-menu.com\/pt-pt\/","logo":{"@type":"ImageObject","inLanguage":"pt-PT","@id":"https:\/\/www.uhl-menu.com\/pt-pt\/#\/schema\/logo\/image\/","url":"https:\/\/www.uhl-menu.com\/wp-content\/uploads\/uhl-logo.png","contentUrl":"https:\/\/www.uhl-menu.com\/wp-content\/uploads\/uhl-logo.png","width":66,"height":41,"caption":"menu de Uhl"},"image":{"@id":"https:\/\/www.uhl-menu.com\/pt-pt\/#\/schema\/logo\/image\/"},"sameAs":["https:\/\/www.facebook.com\/uhlspeisekarten","https:\/\/www.youtube.com\/channel\/UCz6fCHDC_EvIaFfibirEF8A\/videos"]}]}},"_links":{"self":[{"href":"https:\/\/www.uhl-menu.com\/pt-pt\/wp-json\/wp\/v2\/product\/84865","targetHints":{"allow":["GET"]}}],"collection":[{"href":"https:\/\/www.uhl-menu.com\/pt-pt\/wp-json\/wp\/v2\/product"}],"about":[{"href":"https:\/\/www.uhl-menu.com\/pt-pt\/wp-json\/wp\/v2\/types\/product"}],"wp:featuredmedia":[{"embeddable":true,"href":"https:\/\/www.uhl-menu.com\/pt-pt\/wp-json\/wp\/v2\/media\/84873"}],"wp:attachment":[{"href":"https:\/\/www.uhl-menu.com\/pt-pt\/wp-json\/wp\/v2\/media?parent=84865"}],"wp:term":[{"taxonomy":"product_brand","embeddable":true,"href":"https:\/\/www.uhl-menu.com\/pt-pt\/wp-json\/wp\/v2\/product_brand?post=84865"},{"taxonomy":"product_cat","embeddable":true,"href":"https:\/\/www.uhl-menu.com\/pt-pt\/wp-json\/wp\/v2\/product_cat?post=84865"},{"taxonomy":"product_tag","embeddable":true,"href":"https:\/\/www.uhl-menu.com\/pt-pt\/wp-json\/wp\/v2\/product_tag?post=84865"}],"curies":[{"name":"wp","href":"https:\/\/api.w.org\/{rel}","templated":true}]}}