{"id":85674,"date":"2021-11-25T14:58:24","date_gmt":"2021-11-25T13:58:24","guid":{"rendered":"https:\/\/www.uhl-menu.com\/produkt\/menu-em-madeira-macica\/"},"modified":"2021-11-25T14:58:24","modified_gmt":"2021-11-25T13:58:24","slug":"menu-em-madeira-macica","status":"publish","type":"product","link":"https:\/\/www.uhl-menu.com\/pt-pt\/produkt\/menu-em-madeira-macica\/","title":{"rendered":"Menu em madeira maci\u00e7a"},"content":{"rendered":"<p>Madeiras excecionais para um design excecional: a capa dos exclusivos menus e cartas de vinhos em madeira maci\u00e7a \u00e9 produzida em faia de alta qualidade, com acabamento escurecido. Outros tipos de madeira e cores est\u00e3o dispon\u00edveis mediante pedido.  <\/p>\n<p>O n\u00facleo com os elementos interiores em cart\u00e3o de alta qualidade foi revestido com celofane, tornando-o resistente \u00e0 \u00e1gua e \u00e0 gordura. Assim, este elegante menu distingue-se tamb\u00e9m pela sua durabilidade excecional. O n\u00famero de p\u00e1ginas do modelo em madeira maci\u00e7a \u00e9 ajustado \u00e0s suas especifica\u00e7\u00f5es durante o processo de produ\u00e7\u00e3o.  <\/p>\n","protected":false},"excerpt":{"rendered":"<p>Madeiras excecionais para um design excecional: a capa dos exclusivos menus e cartas de vinhos em madeira maci\u00e7a \u00e9 produzida em faia de alta qualidade, com acabamento escurecido. Outros tipos de madeira e cores est\u00e3o dispon\u00edveis mediante pedido. O n\u00facleo com os elementos interiores em cart\u00e3o de alta qualidade foi revestido com celofane, tornando-o resistente [&hellip;]<\/p>\n","protected":false},"featured_media":85683,"template":"","meta":{"_acf_changed":false},"product_brand":[],"product_cat":[1678,1735,1677,1681,1803,1711,1679],"product_tag":[],"class_list":{"0":"post-85674","1":"product","2":"type-product","3":"status-publish","4":"has-post-thumbnail","6":"product_cat-capa-dura","7":"product_cat-cartas-de-bebidas","8":"product_cat-cartas-de-vinhos","9":"product_cat-encadernado","10":"product_cat-madeira","11":"product_cat-multifolhas","12":"product_cat-resistente-a-gordura","13":"pa_format-l-11x11x30-pt-pt","14":"pa_format-m-11x11x21-pt-pt","15":"pa_format-s-11x11x15-pt-pt","16":"tm-has-options","18":"first","19":"instock","20":"taxable","21":"shipping-taxable","22":"purchasable","23":"product-type-variable"},"acf":[],"yoast_head":"<!-- This site is optimized with the Yoast SEO plugin v26.0 - https:\/\/yoast.com\/wordpress\/plugins\/seo\/ -->\n<title>\u1455\u2776\u1450 Menus em madeira \u27a1\ufe0f Produ\u00e7\u00e3o artesanal!<\/title>\n<meta name=\"description\" content=\"\u276d\u276d\u276dMenus e cartas de bebidas em madeira de alta qualidade \u27a1\ufe0f Fabrico artesanal de excel\u00eancia \u2705 Valorize a sua marca \u2705 Manufatura UHL\" \/>\n<meta name=\"robots\" content=\"index, follow, max-snippet:-1, max-image-preview:large, max-video-preview:-1\" \/>\n<link rel=\"canonical\" href=\"https:\/\/www.uhl-menu.com\/pt-pt\/produkt\/menu-em-madeira-macica\/\" \/>\n<meta property=\"og:locale\" content=\"pt_PT\" \/>\n<meta property=\"og:type\" content=\"article\" \/>\n<meta property=\"og:title\" content=\"\u1455\u2776\u1450 Menus em madeira \u27a1\ufe0f Produ\u00e7\u00e3o artesanal!\" \/>\n<meta property=\"og:description\" content=\"\u276d\u276d\u276dMenus e cartas de bebidas em madeira de alta qualidade \u27a1\ufe0f Fabrico artesanal de excel\u00eancia \u2705 Valorize a sua marca \u2705 Manufatura UHL\" \/>\n<meta property=\"og:url\" content=\"https:\/\/www.uhl-menu.com\/pt-pt\/produkt\/menu-em-madeira-macica\/\" \/>\n<meta property=\"og:site_name\" content=\"menu de Uhl\" \/>\n<meta property=\"article:publisher\" content=\"https:\/\/www.facebook.com\/uhlspeisekarten\" \/>\n<meta property=\"og:image\" content=\"https:\/\/www.uhl-menu.com\/wp-content\/uploads\/.\/echtholz-massiv-speisekarten-mappe-gastronomie-holz.png\" \/>\n\t<meta property=\"og:image:width\" content=\"1600\" \/>\n\t<meta property=\"og:image:height\" content=\"1125\" \/>\n\t<meta property=\"og:image:type\" content=\"image\/png\" \/>\n<meta name=\"twitter:card\" content=\"summary_large_image\" \/>\n<script type=\"application\/ld+json\" class=\"yoast-schema-graph\">{\"@context\":\"https:\/\/schema.org\",\"@graph\":[{\"@type\":\"WebPage\",\"@id\":\"https:\/\/www.uhl-menu.com\/pt-pt\/produkt\/menu-em-madeira-macica\/\",\"url\":\"https:\/\/www.uhl-menu.com\/pt-pt\/produkt\/menu-em-madeira-macica\/\",\"name\":\"\u1455\u2776\u1450 Menus em madeira \u27a1\ufe0f Produ\u00e7\u00e3o artesanal!\",\"isPartOf\":{\"@id\":\"https:\/\/www.uhl-menu.com\/pt-pt\/#website\"},\"primaryImageOfPage\":{\"@id\":\"https:\/\/www.uhl-menu.com\/pt-pt\/produkt\/menu-em-madeira-macica\/#primaryimage\"},\"image\":{\"@id\":\"https:\/\/www.uhl-menu.com\/pt-pt\/produkt\/menu-em-madeira-macica\/#primaryimage\"},\"thumbnailUrl\":\"https:\/\/www.uhl-menu.com\/wp-content\/uploads\/.\/echtholz-massiv-speisekarten-mappe-gastronomie-holz.png\",\"datePublished\":\"2021-11-25T13:58:24+00:00\",\"description\":\"\u276d\u276d\u276dMenus e cartas de bebidas em madeira de alta qualidade \u27a1\ufe0f Fabrico artesanal de excel\u00eancia \u2705 Valorize a sua marca \u2705 Manufatura UHL\",\"breadcrumb\":{\"@id\":\"https:\/\/www.uhl-menu.com\/pt-pt\/produkt\/menu-em-madeira-macica\/#breadcrumb\"},\"inLanguage\":\"pt-PT\",\"potentialAction\":[{\"@type\":\"ReadAction\",\"target\":[\"https:\/\/www.uhl-menu.com\/pt-pt\/produkt\/menu-em-madeira-macica\/\"]}]},{\"@type\":\"ImageObject\",\"inLanguage\":\"pt-PT\",\"@id\":\"https:\/\/www.uhl-menu.com\/pt-pt\/produkt\/menu-em-madeira-macica\/#primaryimage\",\"url\":\"https:\/\/www.uhl-menu.com\/wp-content\/uploads\/.\/echtholz-massiv-speisekarten-mappe-gastronomie-holz.png\",\"contentUrl\":\"https:\/\/www.uhl-menu.com\/wp-content\/uploads\/.\/echtholz-massiv-speisekarten-mappe-gastronomie-holz.png\",\"width\":1600,\"height\":1125,\"caption\":\"Wooden menu and wine list: solid real wood model from Uhl Menu\"},{\"@type\":\"BreadcrumbList\",\"@id\":\"https:\/\/www.uhl-menu.com\/pt-pt\/produkt\/menu-em-madeira-macica\/#breadcrumb\",\"itemListElement\":[{\"@type\":\"ListItem\",\"position\":1,\"name\":\"Startseite\",\"item\":\"https:\/\/www.uhl-menu.com\/pt-pt\/pagina-inicial\/\"},{\"@type\":\"ListItem\",\"position\":2,\"name\":\"Loja\",\"item\":\"https:\/\/www.uhl-menu.com\/pt-pt\/loja\/\"},{\"@type\":\"ListItem\",\"position\":3,\"name\":\"Menu em madeira maci\u00e7a\"}]},{\"@type\":\"WebSite\",\"@id\":\"https:\/\/www.uhl-menu.com\/pt-pt\/#website\",\"url\":\"https:\/\/www.uhl-menu.com\/pt-pt\/\",\"name\":\"menu de Uhl\",\"description\":\"e fabricant de menus UHL, fond\u00e9 en 1982, s&#039;est donn\u00e9 d\u00e8s ses d\u00e9buts pour mission de se sp\u00e9cialiser dans les menus et les cartes des vins.\",\"publisher\":{\"@id\":\"https:\/\/www.uhl-menu.com\/pt-pt\/#organization\"},\"potentialAction\":[{\"@type\":\"SearchAction\",\"target\":{\"@type\":\"EntryPoint\",\"urlTemplate\":\"https:\/\/www.uhl-menu.com\/pt-pt\/?s={search_term_string}\"},\"query-input\":{\"@type\":\"PropertyValueSpecification\",\"valueRequired\":true,\"valueName\":\"search_term_string\"}}],\"inLanguage\":\"pt-PT\"},{\"@type\":\"Organization\",\"@id\":\"https:\/\/www.uhl-menu.com\/pt-pt\/#organization\",\"name\":\"menu de Uhl\",\"url\":\"https:\/\/www.uhl-menu.com\/pt-pt\/\",\"logo\":{\"@type\":\"ImageObject\",\"inLanguage\":\"pt-PT\",\"@id\":\"https:\/\/www.uhl-menu.com\/pt-pt\/#\/schema\/logo\/image\/\",\"url\":\"https:\/\/www.uhl-menu.com\/wp-content\/uploads\/uhl-logo.png\",\"contentUrl\":\"https:\/\/www.uhl-menu.com\/wp-content\/uploads\/uhl-logo.png\",\"width\":66,\"height\":41,\"caption\":\"menu de Uhl\"},\"image\":{\"@id\":\"https:\/\/www.uhl-menu.com\/pt-pt\/#\/schema\/logo\/image\/\"},\"sameAs\":[\"https:\/\/www.facebook.com\/uhlspeisekarten\",\"https:\/\/www.youtube.com\/channel\/UCz6fCHDC_EvIaFfibirEF8A\/videos\"]}]}<\/script>\n<!-- \/ Yoast SEO plugin. -->","yoast_head_json":{"title":"\u1455\u2776\u1450 Menus em madeira \u27a1\ufe0f Produ\u00e7\u00e3o artesanal!","description":"\u276d\u276d\u276dMenus e cartas de bebidas em madeira de alta qualidade \u27a1\ufe0f Fabrico artesanal de excel\u00eancia \u2705 Valorize a sua marca \u2705 Manufatura UHL","robots":{"index":"index","follow":"follow","max-snippet":"max-snippet:-1","max-image-preview":"max-image-preview:large","max-video-preview":"max-video-preview:-1"},"canonical":"https:\/\/www.uhl-menu.com\/pt-pt\/produkt\/menu-em-madeira-macica\/","og_locale":"pt_PT","og_type":"article","og_title":"\u1455\u2776\u1450 Menus em madeira \u27a1\ufe0f Produ\u00e7\u00e3o artesanal!","og_description":"\u276d\u276d\u276dMenus e cartas de bebidas em madeira de alta qualidade \u27a1\ufe0f Fabrico artesanal de excel\u00eancia \u2705 Valorize a sua marca \u2705 Manufatura UHL","og_url":"https:\/\/www.uhl-menu.com\/pt-pt\/produkt\/menu-em-madeira-macica\/","og_site_name":"menu de Uhl","article_publisher":"https:\/\/www.facebook.com\/uhlspeisekarten","og_image":[{"width":1600,"height":1125,"url":"https:\/\/www.uhl-menu.com\/wp-content\/uploads\/.\/echtholz-massiv-speisekarten-mappe-gastronomie-holz.png","type":"image\/png"}],"twitter_card":"summary_large_image","schema":{"@context":"https:\/\/schema.org","@graph":[{"@type":"WebPage","@id":"https:\/\/www.uhl-menu.com\/pt-pt\/produkt\/menu-em-madeira-macica\/","url":"https:\/\/www.uhl-menu.com\/pt-pt\/produkt\/menu-em-madeira-macica\/","name":"\u1455\u2776\u1450 Menus em madeira \u27a1\ufe0f Produ\u00e7\u00e3o artesanal!","isPartOf":{"@id":"https:\/\/www.uhl-menu.com\/pt-pt\/#website"},"primaryImageOfPage":{"@id":"https:\/\/www.uhl-menu.com\/pt-pt\/produkt\/menu-em-madeira-macica\/#primaryimage"},"image":{"@id":"https:\/\/www.uhl-menu.com\/pt-pt\/produkt\/menu-em-madeira-macica\/#primaryimage"},"thumbnailUrl":"https:\/\/www.uhl-menu.com\/wp-content\/uploads\/.\/echtholz-massiv-speisekarten-mappe-gastronomie-holz.png","datePublished":"2021-11-25T13:58:24+00:00","description":"\u276d\u276d\u276dMenus e cartas de bebidas em madeira de alta qualidade \u27a1\ufe0f Fabrico artesanal de excel\u00eancia \u2705 Valorize a sua marca \u2705 Manufatura UHL","breadcrumb":{"@id":"https:\/\/www.uhl-menu.com\/pt-pt\/produkt\/menu-em-madeira-macica\/#breadcrumb"},"inLanguage":"pt-PT","potentialAction":[{"@type":"ReadAction","target":["https:\/\/www.uhl-menu.com\/pt-pt\/produkt\/menu-em-madeira-macica\/"]}]},{"@type":"ImageObject","inLanguage":"pt-PT","@id":"https:\/\/www.uhl-menu.com\/pt-pt\/produkt\/menu-em-madeira-macica\/#primaryimage","url":"https:\/\/www.uhl-menu.com\/wp-content\/uploads\/.\/echtholz-massiv-speisekarten-mappe-gastronomie-holz.png","contentUrl":"https:\/\/www.uhl-menu.com\/wp-content\/uploads\/.\/echtholz-massiv-speisekarten-mappe-gastronomie-holz.png","width":1600,"height":1125,"caption":"Wooden menu and wine list: solid real wood model from Uhl Menu"},{"@type":"BreadcrumbList","@id":"https:\/\/www.uhl-menu.com\/pt-pt\/produkt\/menu-em-madeira-macica\/#breadcrumb","itemListElement":[{"@type":"ListItem","position":1,"name":"Startseite","item":"https:\/\/www.uhl-menu.com\/pt-pt\/pagina-inicial\/"},{"@type":"ListItem","position":2,"name":"Loja","item":"https:\/\/www.uhl-menu.com\/pt-pt\/loja\/"},{"@type":"ListItem","position":3,"name":"Menu em madeira maci\u00e7a"}]},{"@type":"WebSite","@id":"https:\/\/www.uhl-menu.com\/pt-pt\/#website","url":"https:\/\/www.uhl-menu.com\/pt-pt\/","name":"menu de Uhl","description":"e fabricant de menus UHL, fond\u00e9 en 1982, s&#039;est donn\u00e9 d\u00e8s ses d\u00e9buts pour mission de se sp\u00e9cialiser dans les menus et les cartes des vins.","publisher":{"@id":"https:\/\/www.uhl-menu.com\/pt-pt\/#organization"},"potentialAction":[{"@type":"SearchAction","target":{"@type":"EntryPoint","urlTemplate":"https:\/\/www.uhl-menu.com\/pt-pt\/?s={search_term_string}"},"query-input":{"@type":"PropertyValueSpecification","valueRequired":true,"valueName":"search_term_string"}}],"inLanguage":"pt-PT"},{"@type":"Organization","@id":"https:\/\/www.uhl-menu.com\/pt-pt\/#organization","name":"menu de Uhl","url":"https:\/\/www.uhl-menu.com\/pt-pt\/","logo":{"@type":"ImageObject","inLanguage":"pt-PT","@id":"https:\/\/www.uhl-menu.com\/pt-pt\/#\/schema\/logo\/image\/","url":"https:\/\/www.uhl-menu.com\/wp-content\/uploads\/uhl-logo.png","contentUrl":"https:\/\/www.uhl-menu.com\/wp-content\/uploads\/uhl-logo.png","width":66,"height":41,"caption":"menu de Uhl"},"image":{"@id":"https:\/\/www.uhl-menu.com\/pt-pt\/#\/schema\/logo\/image\/"},"sameAs":["https:\/\/www.facebook.com\/uhlspeisekarten","https:\/\/www.youtube.com\/channel\/UCz6fCHDC_EvIaFfibirEF8A\/videos"]}]}},"_links":{"self":[{"href":"https:\/\/www.uhl-menu.com\/pt-pt\/wp-json\/wp\/v2\/product\/85674","targetHints":{"allow":["GET"]}}],"collection":[{"href":"https:\/\/www.uhl-menu.com\/pt-pt\/wp-json\/wp\/v2\/product"}],"about":[{"href":"https:\/\/www.uhl-menu.com\/pt-pt\/wp-json\/wp\/v2\/types\/product"}],"wp:featuredmedia":[{"embeddable":true,"href":"https:\/\/www.uhl-menu.com\/pt-pt\/wp-json\/wp\/v2\/media\/85683"}],"wp:attachment":[{"href":"https:\/\/www.uhl-menu.com\/pt-pt\/wp-json\/wp\/v2\/media?parent=85674"}],"wp:term":[{"taxonomy":"product_brand","embeddable":true,"href":"https:\/\/www.uhl-menu.com\/pt-pt\/wp-json\/wp\/v2\/product_brand?post=85674"},{"taxonomy":"product_cat","embeddable":true,"href":"https:\/\/www.uhl-menu.com\/pt-pt\/wp-json\/wp\/v2\/product_cat?post=85674"},{"taxonomy":"product_tag","embeddable":true,"href":"https:\/\/www.uhl-menu.com\/pt-pt\/wp-json\/wp\/v2\/product_tag?post=85674"}],"curies":[{"name":"wp","href":"https:\/\/api.w.org\/{rel}","templated":true}]}}