{"id":86314,"date":"2021-11-25T16:25:16","date_gmt":"2021-11-25T15:25:16","guid":{"rendered":"https:\/\/www.uhl-menu.com\/produkt\/pasta-de-faturas-standard\/"},"modified":"2021-11-25T16:25:16","modified_gmt":"2021-11-25T15:25:16","slug":"pasta-de-faturas-standard","status":"publish","type":"product","link":"https:\/\/www.uhl-menu.com\/pt-pt\/produkt\/pasta-de-faturas-standard\/","title":{"rendered":"Pasta de faturas standard"},"content":{"rendered":"<p>A nossa pasta de faturas \u00e9 a forma mais elegante de apresentar uma fatura. O toque de elevada qualidade e o design simples representam o seu estabelecimento uma \u00faltima vez e deixam os clientes com uma sensa\u00e7\u00e3o agrad\u00e1vel. <\/p>\n<p>Todas as nossas pastas de faturas UHL s\u00e3o produzidas pelos nossos colaboradores experientes. Destacam-se pela sua elevada resist\u00eancia a influ\u00eancias externas. Esta robustez deve-se \u00e0 capa dura com estrutura s\u00f3lida e dorso refor\u00e7ado, \u00e0s margens fechadas e \u00e0 utiliza\u00e7\u00e3o exclusiva de materiais de alta qualidade. No interior, est\u00e3o equipadas com bolsos pr\u00e1ticos para cart\u00f5es de cr\u00e9dito, por exemplo, bem como bolsos em linho preto. Assim, obt\u00e9m pastas de faturas resistentes ao desgaste, repelentes \u00e0 \u00e1gua e \u00e0 gordura.    <\/p>\n","protected":false},"excerpt":{"rendered":"<p>A nossa pasta de faturas \u00e9 a forma mais elegante de apresentar uma fatura. O toque de elevada qualidade e o design simples representam o seu estabelecimento uma \u00faltima vez e deixam os clientes com uma sensa\u00e7\u00e3o agrad\u00e1vel. Todas as nossas pastas de faturas UHL s\u00e3o produzidas pelos nossos colaboradores experientes. Destacam-se pela sua elevada [&hellip;]<\/p>\n","protected":false},"featured_media":86315,"template":"","meta":{"_acf_changed":false},"product_brand":[],"product_cat":[1678,1710,1741,1680,1679,1693],"product_tag":[],"class_list":{"0":"post-86314","1":"product","2":"type-product","3":"status-publish","4":"has-post-thumbnail","6":"product_cat-capa-dura","7":"product_cat-material-sintetico","8":"product_cat-pastas-para-faturas","9":"product_cat-repelente-a-agua","10":"product_cat-resistente-a-gordura","11":"product_cat-restantes-modelos","12":"pa_format-l-11x11x30-pt-pt","13":"pa_format-m-11x11x21-pt-pt","14":"pa_format-s-11x11x15-pt-pt","15":"tm-has-options","17":"first","18":"instock","19":"taxable","20":"shipping-taxable","21":"purchasable","22":"product-type-variable"},"acf":[],"yoast_head":"<!-- This site is optimized with the Yoast SEO plugin v26.0 - https:\/\/yoast.com\/wordpress\/plugins\/seo\/ -->\n<title>Pasta de faturas standard \u00bb Pasta econ\u00f3mica para faturas - menu de Uhl<\/title>\n<meta name=\"robots\" content=\"index, follow, max-snippet:-1, max-image-preview:large, max-video-preview:-1\" \/>\n<link rel=\"canonical\" href=\"https:\/\/www.uhl-menu.com\/pt-pt\/produkt\/pasta-de-faturas-standard\/\" \/>\n<meta property=\"og:locale\" content=\"pt_PT\" \/>\n<meta property=\"og:type\" content=\"article\" \/>\n<meta property=\"og:title\" content=\"Pasta de faturas standard \u00bb Pasta econ\u00f3mica para faturas - menu de Uhl\" \/>\n<meta property=\"og:description\" content=\"A nossa pasta de faturas \u00e9 a forma mais elegante de apresentar uma fatura. O toque de elevada qualidade e o design simples representam o seu estabelecimento uma \u00faltima vez e deixam os clientes com uma sensa\u00e7\u00e3o agrad\u00e1vel. Todas as nossas pastas de faturas UHL s\u00e3o produzidas pelos nossos colaboradores experientes. Destacam-se pela sua elevada [&hellip;]\" \/>\n<meta property=\"og:url\" content=\"https:\/\/www.uhl-menu.com\/pt-pt\/produkt\/pasta-de-faturas-standard\/\" \/>\n<meta property=\"og:site_name\" content=\"menu de Uhl\" \/>\n<meta property=\"article:publisher\" content=\"https:\/\/www.facebook.com\/uhlspeisekarten\" \/>\n<meta property=\"og:image\" content=\"https:\/\/www.uhl-menu.com\/wp-content\/uploads\/rechnungsmappe-standard-guenstige-mappe-fuer-rechnungen.png\" \/>\n\t<meta property=\"og:image:width\" content=\"1600\" \/>\n\t<meta property=\"og:image:height\" content=\"1125\" \/>\n\t<meta property=\"og:image:type\" content=\"image\/png\" \/>\n<meta name=\"twitter:card\" content=\"summary_large_image\" \/>\n<meta name=\"twitter:label1\" content=\"Tempo estimado de leitura\" \/>\n\t<meta name=\"twitter:data1\" content=\"1 minuto\" \/>\n<script type=\"application\/ld+json\" class=\"yoast-schema-graph\">{\"@context\":\"https:\/\/schema.org\",\"@graph\":[{\"@type\":\"WebPage\",\"@id\":\"https:\/\/www.uhl-menu.com\/pt-pt\/produkt\/pasta-de-faturas-standard\/\",\"url\":\"https:\/\/www.uhl-menu.com\/pt-pt\/produkt\/pasta-de-faturas-standard\/\",\"name\":\"Pasta de faturas standard \u00bb Pasta econ\u00f3mica para faturas - menu de Uhl\",\"isPartOf\":{\"@id\":\"https:\/\/www.uhl-menu.com\/pt-pt\/#website\"},\"primaryImageOfPage\":{\"@id\":\"https:\/\/www.uhl-menu.com\/pt-pt\/produkt\/pasta-de-faturas-standard\/#primaryimage\"},\"image\":{\"@id\":\"https:\/\/www.uhl-menu.com\/pt-pt\/produkt\/pasta-de-faturas-standard\/#primaryimage\"},\"thumbnailUrl\":\"https:\/\/www.uhl-menu.com\/wp-content\/uploads\/rechnungsmappe-standard-guenstige-mappe-fuer-rechnungen.png\",\"datePublished\":\"2021-11-25T15:25:16+00:00\",\"breadcrumb\":{\"@id\":\"https:\/\/www.uhl-menu.com\/pt-pt\/produkt\/pasta-de-faturas-standard\/#breadcrumb\"},\"inLanguage\":\"pt-PT\",\"potentialAction\":[{\"@type\":\"ReadAction\",\"target\":[\"https:\/\/www.uhl-menu.com\/pt-pt\/produkt\/pasta-de-faturas-standard\/\"]}]},{\"@type\":\"ImageObject\",\"inLanguage\":\"pt-PT\",\"@id\":\"https:\/\/www.uhl-menu.com\/pt-pt\/produkt\/pasta-de-faturas-standard\/#primaryimage\",\"url\":\"https:\/\/www.uhl-menu.com\/wp-content\/uploads\/rechnungsmappe-standard-guenstige-mappe-fuer-rechnungen.png\",\"contentUrl\":\"https:\/\/www.uhl-menu.com\/wp-content\/uploads\/rechnungsmappe-standard-guenstige-mappe-fuer-rechnungen.png\",\"width\":1600,\"height\":1125,\"caption\":\"Inexpensive invoice folders: Standard invoice folder model from Uhl Menu\"},{\"@type\":\"BreadcrumbList\",\"@id\":\"https:\/\/www.uhl-menu.com\/pt-pt\/produkt\/pasta-de-faturas-standard\/#breadcrumb\",\"itemListElement\":[{\"@type\":\"ListItem\",\"position\":1,\"name\":\"Startseite\",\"item\":\"https:\/\/www.uhl-menu.com\/pt-pt\/pagina-inicial\/\"},{\"@type\":\"ListItem\",\"position\":2,\"name\":\"Loja\",\"item\":\"https:\/\/www.uhl-menu.com\/pt-pt\/loja\/\"},{\"@type\":\"ListItem\",\"position\":3,\"name\":\"Pasta de faturas standard\"}]},{\"@type\":\"WebSite\",\"@id\":\"https:\/\/www.uhl-menu.com\/pt-pt\/#website\",\"url\":\"https:\/\/www.uhl-menu.com\/pt-pt\/\",\"name\":\"menu de Uhl\",\"description\":\"e fabricant de menus UHL, fond\u00e9 en 1982, s&#039;est donn\u00e9 d\u00e8s ses d\u00e9buts pour mission de se sp\u00e9cialiser dans les menus et les cartes des vins.\",\"publisher\":{\"@id\":\"https:\/\/www.uhl-menu.com\/pt-pt\/#organization\"},\"potentialAction\":[{\"@type\":\"SearchAction\",\"target\":{\"@type\":\"EntryPoint\",\"urlTemplate\":\"https:\/\/www.uhl-menu.com\/pt-pt\/?s={search_term_string}\"},\"query-input\":{\"@type\":\"PropertyValueSpecification\",\"valueRequired\":true,\"valueName\":\"search_term_string\"}}],\"inLanguage\":\"pt-PT\"},{\"@type\":\"Organization\",\"@id\":\"https:\/\/www.uhl-menu.com\/pt-pt\/#organization\",\"name\":\"menu de Uhl\",\"url\":\"https:\/\/www.uhl-menu.com\/pt-pt\/\",\"logo\":{\"@type\":\"ImageObject\",\"inLanguage\":\"pt-PT\",\"@id\":\"https:\/\/www.uhl-menu.com\/pt-pt\/#\/schema\/logo\/image\/\",\"url\":\"https:\/\/www.uhl-menu.com\/wp-content\/uploads\/uhl-logo.png\",\"contentUrl\":\"https:\/\/www.uhl-menu.com\/wp-content\/uploads\/uhl-logo.png\",\"width\":66,\"height\":41,\"caption\":\"menu de Uhl\"},\"image\":{\"@id\":\"https:\/\/www.uhl-menu.com\/pt-pt\/#\/schema\/logo\/image\/\"},\"sameAs\":[\"https:\/\/www.facebook.com\/uhlspeisekarten\",\"https:\/\/www.youtube.com\/channel\/UCz6fCHDC_EvIaFfibirEF8A\/videos\"]}]}<\/script>\n<!-- \/ Yoast SEO plugin. -->","yoast_head_json":{"title":"Pasta de faturas standard \u00bb Pasta econ\u00f3mica para faturas - menu de Uhl","robots":{"index":"index","follow":"follow","max-snippet":"max-snippet:-1","max-image-preview":"max-image-preview:large","max-video-preview":"max-video-preview:-1"},"canonical":"https:\/\/www.uhl-menu.com\/pt-pt\/produkt\/pasta-de-faturas-standard\/","og_locale":"pt_PT","og_type":"article","og_title":"Pasta de faturas standard \u00bb Pasta econ\u00f3mica para faturas - menu de Uhl","og_description":"A nossa pasta de faturas \u00e9 a forma mais elegante de apresentar uma fatura. O toque de elevada qualidade e o design simples representam o seu estabelecimento uma \u00faltima vez e deixam os clientes com uma sensa\u00e7\u00e3o agrad\u00e1vel. Todas as nossas pastas de faturas UHL s\u00e3o produzidas pelos nossos colaboradores experientes. Destacam-se pela sua elevada [&hellip;]","og_url":"https:\/\/www.uhl-menu.com\/pt-pt\/produkt\/pasta-de-faturas-standard\/","og_site_name":"menu de Uhl","article_publisher":"https:\/\/www.facebook.com\/uhlspeisekarten","og_image":[{"width":1600,"height":1125,"url":"https:\/\/www.uhl-menu.com\/wp-content\/uploads\/rechnungsmappe-standard-guenstige-mappe-fuer-rechnungen.png","type":"image\/png"}],"twitter_card":"summary_large_image","twitter_misc":{"Tempo estimado de leitura":"1 minuto"},"schema":{"@context":"https:\/\/schema.org","@graph":[{"@type":"WebPage","@id":"https:\/\/www.uhl-menu.com\/pt-pt\/produkt\/pasta-de-faturas-standard\/","url":"https:\/\/www.uhl-menu.com\/pt-pt\/produkt\/pasta-de-faturas-standard\/","name":"Pasta de faturas standard \u00bb Pasta econ\u00f3mica para faturas - menu de Uhl","isPartOf":{"@id":"https:\/\/www.uhl-menu.com\/pt-pt\/#website"},"primaryImageOfPage":{"@id":"https:\/\/www.uhl-menu.com\/pt-pt\/produkt\/pasta-de-faturas-standard\/#primaryimage"},"image":{"@id":"https:\/\/www.uhl-menu.com\/pt-pt\/produkt\/pasta-de-faturas-standard\/#primaryimage"},"thumbnailUrl":"https:\/\/www.uhl-menu.com\/wp-content\/uploads\/rechnungsmappe-standard-guenstige-mappe-fuer-rechnungen.png","datePublished":"2021-11-25T15:25:16+00:00","breadcrumb":{"@id":"https:\/\/www.uhl-menu.com\/pt-pt\/produkt\/pasta-de-faturas-standard\/#breadcrumb"},"inLanguage":"pt-PT","potentialAction":[{"@type":"ReadAction","target":["https:\/\/www.uhl-menu.com\/pt-pt\/produkt\/pasta-de-faturas-standard\/"]}]},{"@type":"ImageObject","inLanguage":"pt-PT","@id":"https:\/\/www.uhl-menu.com\/pt-pt\/produkt\/pasta-de-faturas-standard\/#primaryimage","url":"https:\/\/www.uhl-menu.com\/wp-content\/uploads\/rechnungsmappe-standard-guenstige-mappe-fuer-rechnungen.png","contentUrl":"https:\/\/www.uhl-menu.com\/wp-content\/uploads\/rechnungsmappe-standard-guenstige-mappe-fuer-rechnungen.png","width":1600,"height":1125,"caption":"Inexpensive invoice folders: Standard invoice folder model from Uhl Menu"},{"@type":"BreadcrumbList","@id":"https:\/\/www.uhl-menu.com\/pt-pt\/produkt\/pasta-de-faturas-standard\/#breadcrumb","itemListElement":[{"@type":"ListItem","position":1,"name":"Startseite","item":"https:\/\/www.uhl-menu.com\/pt-pt\/pagina-inicial\/"},{"@type":"ListItem","position":2,"name":"Loja","item":"https:\/\/www.uhl-menu.com\/pt-pt\/loja\/"},{"@type":"ListItem","position":3,"name":"Pasta de faturas standard"}]},{"@type":"WebSite","@id":"https:\/\/www.uhl-menu.com\/pt-pt\/#website","url":"https:\/\/www.uhl-menu.com\/pt-pt\/","name":"menu de Uhl","description":"e fabricant de menus UHL, fond\u00e9 en 1982, s&#039;est donn\u00e9 d\u00e8s ses d\u00e9buts pour mission de se sp\u00e9cialiser dans les menus et les cartes des vins.","publisher":{"@id":"https:\/\/www.uhl-menu.com\/pt-pt\/#organization"},"potentialAction":[{"@type":"SearchAction","target":{"@type":"EntryPoint","urlTemplate":"https:\/\/www.uhl-menu.com\/pt-pt\/?s={search_term_string}"},"query-input":{"@type":"PropertyValueSpecification","valueRequired":true,"valueName":"search_term_string"}}],"inLanguage":"pt-PT"},{"@type":"Organization","@id":"https:\/\/www.uhl-menu.com\/pt-pt\/#organization","name":"menu de Uhl","url":"https:\/\/www.uhl-menu.com\/pt-pt\/","logo":{"@type":"ImageObject","inLanguage":"pt-PT","@id":"https:\/\/www.uhl-menu.com\/pt-pt\/#\/schema\/logo\/image\/","url":"https:\/\/www.uhl-menu.com\/wp-content\/uploads\/uhl-logo.png","contentUrl":"https:\/\/www.uhl-menu.com\/wp-content\/uploads\/uhl-logo.png","width":66,"height":41,"caption":"menu de Uhl"},"image":{"@id":"https:\/\/www.uhl-menu.com\/pt-pt\/#\/schema\/logo\/image\/"},"sameAs":["https:\/\/www.facebook.com\/uhlspeisekarten","https:\/\/www.youtube.com\/channel\/UCz6fCHDC_EvIaFfibirEF8A\/videos"]}]}},"_links":{"self":[{"href":"https:\/\/www.uhl-menu.com\/pt-pt\/wp-json\/wp\/v2\/product\/86314","targetHints":{"allow":["GET"]}}],"collection":[{"href":"https:\/\/www.uhl-menu.com\/pt-pt\/wp-json\/wp\/v2\/product"}],"about":[{"href":"https:\/\/www.uhl-menu.com\/pt-pt\/wp-json\/wp\/v2\/types\/product"}],"wp:featuredmedia":[{"embeddable":true,"href":"https:\/\/www.uhl-menu.com\/pt-pt\/wp-json\/wp\/v2\/media\/86315"}],"wp:attachment":[{"href":"https:\/\/www.uhl-menu.com\/pt-pt\/wp-json\/wp\/v2\/media?parent=86314"}],"wp:term":[{"taxonomy":"product_brand","embeddable":true,"href":"https:\/\/www.uhl-menu.com\/pt-pt\/wp-json\/wp\/v2\/product_brand?post=86314"},{"taxonomy":"product_cat","embeddable":true,"href":"https:\/\/www.uhl-menu.com\/pt-pt\/wp-json\/wp\/v2\/product_cat?post=86314"},{"taxonomy":"product_tag","embeddable":true,"href":"https:\/\/www.uhl-menu.com\/pt-pt\/wp-json\/wp\/v2\/product_tag?post=86314"}],"curies":[{"name":"wp","href":"https:\/\/api.w.org\/{rel}","templated":true}]}}