{"id":86328,"date":"2021-11-25T16:30:16","date_gmt":"2021-11-25T15:30:16","guid":{"rendered":"https:\/\/www.uhl-menu.com\/produkt\/pasta-de-quarto-de-hotel-unique\/"},"modified":"2021-11-25T16:30:16","modified_gmt":"2021-11-25T15:30:16","slug":"pasta-de-quarto-de-hotel-unique","status":"publish","type":"product","link":"https:\/\/www.uhl-menu.com\/pt-pt\/produkt\/pasta-de-quarto-de-hotel-unique\/","title":{"rendered":"Pasta de quarto de hotel Unique"},"content":{"rendered":"<p>Proporcione uma rece\u00e7\u00e3o agrad\u00e1vel aos seus h\u00f3spedes: a elegante pasta de h\u00f3spedes Unique \u00e9 um espa\u00e7o pr\u00e1tico para guardar todas as informa\u00e7\u00f5es sobre os servi\u00e7os e ofertas do seu hotel. Assim, os seus h\u00f3spedes ficam bem informados e acolhidos desde o primeiro momento. <\/p>\n<p>A capa da pasta est\u00e1 dispon\u00edvel em v\u00e1rios materiais de alta qualidade, como linho, couro sint\u00e9tico ou couro genu\u00edno. A capa pode ter um leve acolchoamento para um toque mais agrad\u00e1vel. Opcionalmente, a borda exterior pode ser rematada com uma costura decorativa. Como habitual, est\u00e1 dispon\u00edvel prote\u00e7\u00e3o de canto em dourado ou prateado.   <\/p>\n","protected":false},"excerpt":{"rendered":"<p>Proporcione uma rece\u00e7\u00e3o agrad\u00e1vel aos seus h\u00f3spedes: a elegante pasta de h\u00f3spedes Unique \u00e9 um espa\u00e7o pr\u00e1tico para guardar todas as informa\u00e7\u00f5es sobre os servi\u00e7os e ofertas do seu hotel. Assim, os seus h\u00f3spedes ficam bem informados e acolhidos desde o primeiro momento. A capa da pasta est\u00e1 dispon\u00edvel em v\u00e1rios materiais de alta qualidade, [&hellip;]<\/p>\n","protected":false},"featured_media":86336,"template":"","meta":{"_acf_changed":false},"product_brand":[],"product_cat":[1678,1708,1691,1710,1727,1707,1680,1679,1693],"product_tag":[],"class_list":{"0":"post-86328","1":"product","2":"type-product","3":"status-publish","4":"has-post-thumbnail","6":"product_cat-capa-dura","7":"product_cat-imitacao-de-pele","8":"product_cat-linho","9":"product_cat-material-sintetico","10":"product_cat-pastas-de-hotel","11":"product_cat-pele-genuina","12":"product_cat-repelente-a-agua","13":"product_cat-resistente-a-gordura","14":"product_cat-restantes-modelos","15":"pa_format-l-11x11x30-pt-pt","16":"pa_format-m-11x11x21-pt-pt","17":"pa_format-s-11x11x15-pt-pt","18":"tm-has-options","20":"first","21":"instock","22":"taxable","23":"shipping-taxable","24":"purchasable","25":"product-type-variable","26":"has-default-attributes"},"acf":[],"yoast_head":"<!-- This site is optimized with the Yoast SEO plugin v26.0 - https:\/\/yoast.com\/wordpress\/plugins\/seo\/ -->\n<title>Pasta de quarto de hotel Unique \u00bb Pastas para hotel - menu de Uhl<\/title>\n<meta name=\"robots\" content=\"index, follow, max-snippet:-1, max-image-preview:large, max-video-preview:-1\" \/>\n<link rel=\"canonical\" href=\"https:\/\/www.uhl-menu.com\/pt-pt\/produkt\/pasta-de-quarto-de-hotel-unique\/\" \/>\n<meta property=\"og:locale\" content=\"pt_PT\" \/>\n<meta property=\"og:type\" content=\"article\" \/>\n<meta property=\"og:title\" content=\"Pasta de quarto de hotel Unique \u00bb Pastas para hotel - menu de Uhl\" \/>\n<meta property=\"og:description\" content=\"Proporcione uma rece\u00e7\u00e3o agrad\u00e1vel aos seus h\u00f3spedes: a elegante pasta de h\u00f3spedes Unique \u00e9 um espa\u00e7o pr\u00e1tico para guardar todas as informa\u00e7\u00f5es sobre os servi\u00e7os e ofertas do seu hotel. Assim, os seus h\u00f3spedes ficam bem informados e acolhidos desde o primeiro momento. A capa da pasta est\u00e1 dispon\u00edvel em v\u00e1rios materiais de alta qualidade, [&hellip;]\" \/>\n<meta property=\"og:url\" content=\"https:\/\/www.uhl-menu.com\/pt-pt\/produkt\/pasta-de-quarto-de-hotel-unique\/\" \/>\n<meta property=\"og:site_name\" content=\"menu de Uhl\" \/>\n<meta property=\"article:publisher\" content=\"https:\/\/www.facebook.com\/uhlspeisekarten\" \/>\n<meta property=\"og:image\" content=\"https:\/\/www.uhl-menu.com\/wp-content\/uploads\/hotelzimmermappe-unique-hotelmappen.png\" \/>\n\t<meta property=\"og:image:width\" content=\"1600\" \/>\n\t<meta property=\"og:image:height\" content=\"1125\" \/>\n\t<meta property=\"og:image:type\" content=\"image\/png\" \/>\n<meta name=\"twitter:card\" content=\"summary_large_image\" \/>\n<meta name=\"twitter:label1\" content=\"Tempo estimado de leitura\" \/>\n\t<meta name=\"twitter:data1\" content=\"1 minuto\" \/>\n<script type=\"application\/ld+json\" class=\"yoast-schema-graph\">{\"@context\":\"https:\/\/schema.org\",\"@graph\":[{\"@type\":\"WebPage\",\"@id\":\"https:\/\/www.uhl-menu.com\/pt-pt\/produkt\/pasta-de-quarto-de-hotel-unique\/\",\"url\":\"https:\/\/www.uhl-menu.com\/pt-pt\/produkt\/pasta-de-quarto-de-hotel-unique\/\",\"name\":\"Pasta de quarto de hotel Unique \u00bb Pastas para hotel - menu de Uhl\",\"isPartOf\":{\"@id\":\"https:\/\/www.uhl-menu.com\/pt-pt\/#website\"},\"primaryImageOfPage\":{\"@id\":\"https:\/\/www.uhl-menu.com\/pt-pt\/produkt\/pasta-de-quarto-de-hotel-unique\/#primaryimage\"},\"image\":{\"@id\":\"https:\/\/www.uhl-menu.com\/pt-pt\/produkt\/pasta-de-quarto-de-hotel-unique\/#primaryimage\"},\"thumbnailUrl\":\"https:\/\/www.uhl-menu.com\/wp-content\/uploads\/hotelzimmermappe-unique-hotelmappen.png\",\"datePublished\":\"2021-11-25T15:30:16+00:00\",\"breadcrumb\":{\"@id\":\"https:\/\/www.uhl-menu.com\/pt-pt\/produkt\/pasta-de-quarto-de-hotel-unique\/#breadcrumb\"},\"inLanguage\":\"pt-PT\",\"potentialAction\":[{\"@type\":\"ReadAction\",\"target\":[\"https:\/\/www.uhl-menu.com\/pt-pt\/produkt\/pasta-de-quarto-de-hotel-unique\/\"]}]},{\"@type\":\"ImageObject\",\"inLanguage\":\"pt-PT\",\"@id\":\"https:\/\/www.uhl-menu.com\/pt-pt\/produkt\/pasta-de-quarto-de-hotel-unique\/#primaryimage\",\"url\":\"https:\/\/www.uhl-menu.com\/wp-content\/uploads\/hotelzimmermappe-unique-hotelmappen.png\",\"contentUrl\":\"https:\/\/www.uhl-menu.com\/wp-content\/uploads\/hotelzimmermappe-unique-hotelmappen.png\",\"width\":1600,\"height\":1125,\"caption\":\"Hotel folders &amp; room folders: Model hotel room folder Unique from Uhl Menu\"},{\"@type\":\"BreadcrumbList\",\"@id\":\"https:\/\/www.uhl-menu.com\/pt-pt\/produkt\/pasta-de-quarto-de-hotel-unique\/#breadcrumb\",\"itemListElement\":[{\"@type\":\"ListItem\",\"position\":1,\"name\":\"Startseite\",\"item\":\"https:\/\/www.uhl-menu.com\/pt-pt\/pagina-inicial\/\"},{\"@type\":\"ListItem\",\"position\":2,\"name\":\"Loja\",\"item\":\"https:\/\/www.uhl-menu.com\/pt-pt\/loja\/\"},{\"@type\":\"ListItem\",\"position\":3,\"name\":\"Pasta de quarto de hotel Unique\"}]},{\"@type\":\"WebSite\",\"@id\":\"https:\/\/www.uhl-menu.com\/pt-pt\/#website\",\"url\":\"https:\/\/www.uhl-menu.com\/pt-pt\/\",\"name\":\"menu de Uhl\",\"description\":\"e fabricant de menus UHL, fond\u00e9 en 1982, s&#039;est donn\u00e9 d\u00e8s ses d\u00e9buts pour mission de se sp\u00e9cialiser dans les menus et les cartes des vins.\",\"publisher\":{\"@id\":\"https:\/\/www.uhl-menu.com\/pt-pt\/#organization\"},\"potentialAction\":[{\"@type\":\"SearchAction\",\"target\":{\"@type\":\"EntryPoint\",\"urlTemplate\":\"https:\/\/www.uhl-menu.com\/pt-pt\/?s={search_term_string}\"},\"query-input\":{\"@type\":\"PropertyValueSpecification\",\"valueRequired\":true,\"valueName\":\"search_term_string\"}}],\"inLanguage\":\"pt-PT\"},{\"@type\":\"Organization\",\"@id\":\"https:\/\/www.uhl-menu.com\/pt-pt\/#organization\",\"name\":\"menu de Uhl\",\"url\":\"https:\/\/www.uhl-menu.com\/pt-pt\/\",\"logo\":{\"@type\":\"ImageObject\",\"inLanguage\":\"pt-PT\",\"@id\":\"https:\/\/www.uhl-menu.com\/pt-pt\/#\/schema\/logo\/image\/\",\"url\":\"https:\/\/www.uhl-menu.com\/wp-content\/uploads\/uhl-logo.png\",\"contentUrl\":\"https:\/\/www.uhl-menu.com\/wp-content\/uploads\/uhl-logo.png\",\"width\":66,\"height\":41,\"caption\":\"menu de Uhl\"},\"image\":{\"@id\":\"https:\/\/www.uhl-menu.com\/pt-pt\/#\/schema\/logo\/image\/\"},\"sameAs\":[\"https:\/\/www.facebook.com\/uhlspeisekarten\",\"https:\/\/www.youtube.com\/channel\/UCz6fCHDC_EvIaFfibirEF8A\/videos\"]}]}<\/script>\n<!-- \/ Yoast SEO plugin. -->","yoast_head_json":{"title":"Pasta de quarto de hotel Unique \u00bb Pastas para hotel - menu de Uhl","robots":{"index":"index","follow":"follow","max-snippet":"max-snippet:-1","max-image-preview":"max-image-preview:large","max-video-preview":"max-video-preview:-1"},"canonical":"https:\/\/www.uhl-menu.com\/pt-pt\/produkt\/pasta-de-quarto-de-hotel-unique\/","og_locale":"pt_PT","og_type":"article","og_title":"Pasta de quarto de hotel Unique \u00bb Pastas para hotel - menu de Uhl","og_description":"Proporcione uma rece\u00e7\u00e3o agrad\u00e1vel aos seus h\u00f3spedes: a elegante pasta de h\u00f3spedes Unique \u00e9 um espa\u00e7o pr\u00e1tico para guardar todas as informa\u00e7\u00f5es sobre os servi\u00e7os e ofertas do seu hotel. Assim, os seus h\u00f3spedes ficam bem informados e acolhidos desde o primeiro momento. A capa da pasta est\u00e1 dispon\u00edvel em v\u00e1rios materiais de alta qualidade, [&hellip;]","og_url":"https:\/\/www.uhl-menu.com\/pt-pt\/produkt\/pasta-de-quarto-de-hotel-unique\/","og_site_name":"menu de Uhl","article_publisher":"https:\/\/www.facebook.com\/uhlspeisekarten","og_image":[{"width":1600,"height":1125,"url":"https:\/\/www.uhl-menu.com\/wp-content\/uploads\/hotelzimmermappe-unique-hotelmappen.png","type":"image\/png"}],"twitter_card":"summary_large_image","twitter_misc":{"Tempo estimado de leitura":"1 minuto"},"schema":{"@context":"https:\/\/schema.org","@graph":[{"@type":"WebPage","@id":"https:\/\/www.uhl-menu.com\/pt-pt\/produkt\/pasta-de-quarto-de-hotel-unique\/","url":"https:\/\/www.uhl-menu.com\/pt-pt\/produkt\/pasta-de-quarto-de-hotel-unique\/","name":"Pasta de quarto de hotel Unique \u00bb Pastas para hotel - menu de Uhl","isPartOf":{"@id":"https:\/\/www.uhl-menu.com\/pt-pt\/#website"},"primaryImageOfPage":{"@id":"https:\/\/www.uhl-menu.com\/pt-pt\/produkt\/pasta-de-quarto-de-hotel-unique\/#primaryimage"},"image":{"@id":"https:\/\/www.uhl-menu.com\/pt-pt\/produkt\/pasta-de-quarto-de-hotel-unique\/#primaryimage"},"thumbnailUrl":"https:\/\/www.uhl-menu.com\/wp-content\/uploads\/hotelzimmermappe-unique-hotelmappen.png","datePublished":"2021-11-25T15:30:16+00:00","breadcrumb":{"@id":"https:\/\/www.uhl-menu.com\/pt-pt\/produkt\/pasta-de-quarto-de-hotel-unique\/#breadcrumb"},"inLanguage":"pt-PT","potentialAction":[{"@type":"ReadAction","target":["https:\/\/www.uhl-menu.com\/pt-pt\/produkt\/pasta-de-quarto-de-hotel-unique\/"]}]},{"@type":"ImageObject","inLanguage":"pt-PT","@id":"https:\/\/www.uhl-menu.com\/pt-pt\/produkt\/pasta-de-quarto-de-hotel-unique\/#primaryimage","url":"https:\/\/www.uhl-menu.com\/wp-content\/uploads\/hotelzimmermappe-unique-hotelmappen.png","contentUrl":"https:\/\/www.uhl-menu.com\/wp-content\/uploads\/hotelzimmermappe-unique-hotelmappen.png","width":1600,"height":1125,"caption":"Hotel folders &amp; room folders: Model hotel room folder Unique from Uhl Menu"},{"@type":"BreadcrumbList","@id":"https:\/\/www.uhl-menu.com\/pt-pt\/produkt\/pasta-de-quarto-de-hotel-unique\/#breadcrumb","itemListElement":[{"@type":"ListItem","position":1,"name":"Startseite","item":"https:\/\/www.uhl-menu.com\/pt-pt\/pagina-inicial\/"},{"@type":"ListItem","position":2,"name":"Loja","item":"https:\/\/www.uhl-menu.com\/pt-pt\/loja\/"},{"@type":"ListItem","position":3,"name":"Pasta de quarto de hotel Unique"}]},{"@type":"WebSite","@id":"https:\/\/www.uhl-menu.com\/pt-pt\/#website","url":"https:\/\/www.uhl-menu.com\/pt-pt\/","name":"menu de Uhl","description":"e fabricant de menus UHL, fond\u00e9 en 1982, s&#039;est donn\u00e9 d\u00e8s ses d\u00e9buts pour mission de se sp\u00e9cialiser dans les menus et les cartes des vins.","publisher":{"@id":"https:\/\/www.uhl-menu.com\/pt-pt\/#organization"},"potentialAction":[{"@type":"SearchAction","target":{"@type":"EntryPoint","urlTemplate":"https:\/\/www.uhl-menu.com\/pt-pt\/?s={search_term_string}"},"query-input":{"@type":"PropertyValueSpecification","valueRequired":true,"valueName":"search_term_string"}}],"inLanguage":"pt-PT"},{"@type":"Organization","@id":"https:\/\/www.uhl-menu.com\/pt-pt\/#organization","name":"menu de Uhl","url":"https:\/\/www.uhl-menu.com\/pt-pt\/","logo":{"@type":"ImageObject","inLanguage":"pt-PT","@id":"https:\/\/www.uhl-menu.com\/pt-pt\/#\/schema\/logo\/image\/","url":"https:\/\/www.uhl-menu.com\/wp-content\/uploads\/uhl-logo.png","contentUrl":"https:\/\/www.uhl-menu.com\/wp-content\/uploads\/uhl-logo.png","width":66,"height":41,"caption":"menu de Uhl"},"image":{"@id":"https:\/\/www.uhl-menu.com\/pt-pt\/#\/schema\/logo\/image\/"},"sameAs":["https:\/\/www.facebook.com\/uhlspeisekarten","https:\/\/www.youtube.com\/channel\/UCz6fCHDC_EvIaFfibirEF8A\/videos"]}]}},"_links":{"self":[{"href":"https:\/\/www.uhl-menu.com\/pt-pt\/wp-json\/wp\/v2\/product\/86328","targetHints":{"allow":["GET"]}}],"collection":[{"href":"https:\/\/www.uhl-menu.com\/pt-pt\/wp-json\/wp\/v2\/product"}],"about":[{"href":"https:\/\/www.uhl-menu.com\/pt-pt\/wp-json\/wp\/v2\/types\/product"}],"wp:featuredmedia":[{"embeddable":true,"href":"https:\/\/www.uhl-menu.com\/pt-pt\/wp-json\/wp\/v2\/media\/86336"}],"wp:attachment":[{"href":"https:\/\/www.uhl-menu.com\/pt-pt\/wp-json\/wp\/v2\/media?parent=86328"}],"wp:term":[{"taxonomy":"product_brand","embeddable":true,"href":"https:\/\/www.uhl-menu.com\/pt-pt\/wp-json\/wp\/v2\/product_brand?post=86328"},{"taxonomy":"product_cat","embeddable":true,"href":"https:\/\/www.uhl-menu.com\/pt-pt\/wp-json\/wp\/v2\/product_cat?post=86328"},{"taxonomy":"product_tag","embeddable":true,"href":"https:\/\/www.uhl-menu.com\/pt-pt\/wp-json\/wp\/v2\/product_tag?post=86328"}],"curies":[{"name":"wp","href":"https:\/\/api.w.org\/{rel}","templated":true}]}}