{"id":86338,"date":"2021-11-25T16:32:16","date_gmt":"2021-11-25T15:32:16","guid":{"rendered":"https:\/\/www.uhl-menu.com\/produkt\/pasta-para-quarto-de-hotel-anello\/"},"modified":"2021-11-25T16:32:16","modified_gmt":"2021-11-25T15:32:16","slug":"pasta-para-quarto-de-hotel-anello","status":"publish","type":"product","link":"https:\/\/www.uhl-menu.com\/pt-pt\/produkt\/pasta-para-quarto-de-hotel-anello\/","title":{"rendered":"Pasta para quarto de hotel Anello"},"content":{"rendered":"<p>Todas as informa\u00e7\u00f5es num s\u00f3 lugar: a pasta de h\u00f3spedes Anello \u00e9 ideal para guardar cuidadosamente os seus folhetos, mapas da cidade, papel timbrado e envelopes. \u00c9 precisamente isso que a torna um elemento indispens\u00e1vel para qualquer empresa. <\/p>\n<p>A capa da pasta de argolas Anello est\u00e1 dispon\u00edvel no exterior em v\u00e1rios materiais de alta qualidade, como linho, couro sint\u00e9tico ou couro genu\u00edno, podendo ter um leve acolchoamento mediante pedido para um toque mais agrad\u00e1vel e, opcionalmente, costura decorativa nas bordas. Como habitual, est\u00e1 dispon\u00edvel prote\u00e7\u00e3o de canto em dourado ou prateado. <\/p>\n","protected":false},"excerpt":{"rendered":"<p>Todas as informa\u00e7\u00f5es num s\u00f3 lugar: a pasta de h\u00f3spedes Anello \u00e9 ideal para guardar cuidadosamente os seus folhetos, mapas da cidade, papel timbrado e envelopes. \u00c9 precisamente isso que a torna um elemento indispens\u00e1vel para qualquer empresa. A capa da pasta de argolas Anello est\u00e1 dispon\u00edvel no exterior em v\u00e1rios materiais de alta qualidade, [&hellip;]<\/p>\n","protected":false},"featured_media":86348,"template":"","meta":{"_acf_changed":false},"product_brand":[],"product_cat":[1678,1708,1691,1710,1727,1707,1680,1679,1693],"product_tag":[],"class_list":{"0":"post-86338","1":"product","2":"type-product","3":"status-publish","4":"has-post-thumbnail","6":"product_cat-capa-dura","7":"product_cat-imitacao-de-pele","8":"product_cat-linho","9":"product_cat-material-sintetico","10":"product_cat-pastas-de-hotel","11":"product_cat-pele-genuina","12":"product_cat-repelente-a-agua","13":"product_cat-resistente-a-gordura","14":"product_cat-restantes-modelos","15":"pa_format-l-11x11x30-pt-pt","16":"pa_format-m-11x11x21-pt-pt","17":"pa_format-s-11x11x15-pt-pt","18":"tm-has-options","20":"first","21":"instock","22":"taxable","23":"shipping-taxable","24":"purchasable","25":"product-type-variable","26":"has-default-attributes"},"acf":[],"yoast_head":"<!-- This site is optimized with the Yoast SEO plugin v26.0 - https:\/\/yoast.com\/wordpress\/plugins\/seo\/ -->\n<title>Pasta para quarto de hotel Anello \u00bb Pastas para hotel - menu de Uhl<\/title>\n<meta name=\"robots\" content=\"index, follow, max-snippet:-1, max-image-preview:large, max-video-preview:-1\" \/>\n<link rel=\"canonical\" href=\"https:\/\/www.uhl-menu.com\/pt-pt\/produkt\/pasta-para-quarto-de-hotel-anello\/\" \/>\n<meta property=\"og:locale\" content=\"pt_PT\" \/>\n<meta property=\"og:type\" content=\"article\" \/>\n<meta property=\"og:title\" content=\"Pasta para quarto de hotel Anello \u00bb Pastas para hotel - menu de Uhl\" \/>\n<meta property=\"og:description\" content=\"Todas as informa\u00e7\u00f5es num s\u00f3 lugar: a pasta de h\u00f3spedes Anello \u00e9 ideal para guardar cuidadosamente os seus folhetos, mapas da cidade, papel timbrado e envelopes. \u00c9 precisamente isso que a torna um elemento indispens\u00e1vel para qualquer empresa. A capa da pasta de argolas Anello est\u00e1 dispon\u00edvel no exterior em v\u00e1rios materiais de alta qualidade, [&hellip;]\" \/>\n<meta property=\"og:url\" content=\"https:\/\/www.uhl-menu.com\/pt-pt\/produkt\/pasta-para-quarto-de-hotel-anello\/\" \/>\n<meta property=\"og:site_name\" content=\"menu de Uhl\" \/>\n<meta property=\"article:publisher\" content=\"https:\/\/www.facebook.com\/uhlspeisekarten\" \/>\n<meta property=\"og:image\" content=\"https:\/\/www.uhl-menu.com\/wp-content\/uploads\/hotelzimmermappe-anello-hotelmappen.png\" \/>\n\t<meta property=\"og:image:width\" content=\"1600\" \/>\n\t<meta property=\"og:image:height\" content=\"1125\" \/>\n\t<meta property=\"og:image:type\" content=\"image\/png\" \/>\n<meta name=\"twitter:card\" content=\"summary_large_image\" \/>\n<script type=\"application\/ld+json\" class=\"yoast-schema-graph\">{\"@context\":\"https:\/\/schema.org\",\"@graph\":[{\"@type\":\"WebPage\",\"@id\":\"https:\/\/www.uhl-menu.com\/pt-pt\/produkt\/pasta-para-quarto-de-hotel-anello\/\",\"url\":\"https:\/\/www.uhl-menu.com\/pt-pt\/produkt\/pasta-para-quarto-de-hotel-anello\/\",\"name\":\"Pasta para quarto de hotel Anello \u00bb Pastas para hotel - menu de Uhl\",\"isPartOf\":{\"@id\":\"https:\/\/www.uhl-menu.com\/pt-pt\/#website\"},\"primaryImageOfPage\":{\"@id\":\"https:\/\/www.uhl-menu.com\/pt-pt\/produkt\/pasta-para-quarto-de-hotel-anello\/#primaryimage\"},\"image\":{\"@id\":\"https:\/\/www.uhl-menu.com\/pt-pt\/produkt\/pasta-para-quarto-de-hotel-anello\/#primaryimage\"},\"thumbnailUrl\":\"https:\/\/www.uhl-menu.com\/wp-content\/uploads\/hotelzimmermappe-anello-hotelmappen.png\",\"datePublished\":\"2021-11-25T15:32:16+00:00\",\"breadcrumb\":{\"@id\":\"https:\/\/www.uhl-menu.com\/pt-pt\/produkt\/pasta-para-quarto-de-hotel-anello\/#breadcrumb\"},\"inLanguage\":\"pt-PT\",\"potentialAction\":[{\"@type\":\"ReadAction\",\"target\":[\"https:\/\/www.uhl-menu.com\/pt-pt\/produkt\/pasta-para-quarto-de-hotel-anello\/\"]}]},{\"@type\":\"ImageObject\",\"inLanguage\":\"pt-PT\",\"@id\":\"https:\/\/www.uhl-menu.com\/pt-pt\/produkt\/pasta-para-quarto-de-hotel-anello\/#primaryimage\",\"url\":\"https:\/\/www.uhl-menu.com\/wp-content\/uploads\/hotelzimmermappe-anello-hotelmappen.png\",\"contentUrl\":\"https:\/\/www.uhl-menu.com\/wp-content\/uploads\/hotelzimmermappe-anello-hotelmappen.png\",\"width\":1600,\"height\":1125,\"caption\":\"Hotel folders &amp; room folders: Model hotel room folder Anello from Uhl Menu\"},{\"@type\":\"BreadcrumbList\",\"@id\":\"https:\/\/www.uhl-menu.com\/pt-pt\/produkt\/pasta-para-quarto-de-hotel-anello\/#breadcrumb\",\"itemListElement\":[{\"@type\":\"ListItem\",\"position\":1,\"name\":\"Startseite\",\"item\":\"https:\/\/www.uhl-menu.com\/pt-pt\/pagina-inicial\/\"},{\"@type\":\"ListItem\",\"position\":2,\"name\":\"Loja\",\"item\":\"https:\/\/www.uhl-menu.com\/pt-pt\/loja\/\"},{\"@type\":\"ListItem\",\"position\":3,\"name\":\"Pasta para quarto de hotel Anello\"}]},{\"@type\":\"WebSite\",\"@id\":\"https:\/\/www.uhl-menu.com\/pt-pt\/#website\",\"url\":\"https:\/\/www.uhl-menu.com\/pt-pt\/\",\"name\":\"menu de Uhl\",\"description\":\"e fabricant de menus UHL, fond\u00e9 en 1982, s&#039;est donn\u00e9 d\u00e8s ses d\u00e9buts pour mission de se sp\u00e9cialiser dans les menus et les cartes des vins.\",\"publisher\":{\"@id\":\"https:\/\/www.uhl-menu.com\/pt-pt\/#organization\"},\"potentialAction\":[{\"@type\":\"SearchAction\",\"target\":{\"@type\":\"EntryPoint\",\"urlTemplate\":\"https:\/\/www.uhl-menu.com\/pt-pt\/?s={search_term_string}\"},\"query-input\":{\"@type\":\"PropertyValueSpecification\",\"valueRequired\":true,\"valueName\":\"search_term_string\"}}],\"inLanguage\":\"pt-PT\"},{\"@type\":\"Organization\",\"@id\":\"https:\/\/www.uhl-menu.com\/pt-pt\/#organization\",\"name\":\"menu de Uhl\",\"url\":\"https:\/\/www.uhl-menu.com\/pt-pt\/\",\"logo\":{\"@type\":\"ImageObject\",\"inLanguage\":\"pt-PT\",\"@id\":\"https:\/\/www.uhl-menu.com\/pt-pt\/#\/schema\/logo\/image\/\",\"url\":\"https:\/\/www.uhl-menu.com\/wp-content\/uploads\/uhl-logo.png\",\"contentUrl\":\"https:\/\/www.uhl-menu.com\/wp-content\/uploads\/uhl-logo.png\",\"width\":66,\"height\":41,\"caption\":\"menu de Uhl\"},\"image\":{\"@id\":\"https:\/\/www.uhl-menu.com\/pt-pt\/#\/schema\/logo\/image\/\"},\"sameAs\":[\"https:\/\/www.facebook.com\/uhlspeisekarten\",\"https:\/\/www.youtube.com\/channel\/UCz6fCHDC_EvIaFfibirEF8A\/videos\"]}]}<\/script>\n<!-- \/ Yoast SEO plugin. -->","yoast_head_json":{"title":"Pasta para quarto de hotel Anello \u00bb Pastas para hotel - menu de Uhl","robots":{"index":"index","follow":"follow","max-snippet":"max-snippet:-1","max-image-preview":"max-image-preview:large","max-video-preview":"max-video-preview:-1"},"canonical":"https:\/\/www.uhl-menu.com\/pt-pt\/produkt\/pasta-para-quarto-de-hotel-anello\/","og_locale":"pt_PT","og_type":"article","og_title":"Pasta para quarto de hotel Anello \u00bb Pastas para hotel - menu de Uhl","og_description":"Todas as informa\u00e7\u00f5es num s\u00f3 lugar: a pasta de h\u00f3spedes Anello \u00e9 ideal para guardar cuidadosamente os seus folhetos, mapas da cidade, papel timbrado e envelopes. \u00c9 precisamente isso que a torna um elemento indispens\u00e1vel para qualquer empresa. A capa da pasta de argolas Anello est\u00e1 dispon\u00edvel no exterior em v\u00e1rios materiais de alta qualidade, [&hellip;]","og_url":"https:\/\/www.uhl-menu.com\/pt-pt\/produkt\/pasta-para-quarto-de-hotel-anello\/","og_site_name":"menu de Uhl","article_publisher":"https:\/\/www.facebook.com\/uhlspeisekarten","og_image":[{"width":1600,"height":1125,"url":"https:\/\/www.uhl-menu.com\/wp-content\/uploads\/hotelzimmermappe-anello-hotelmappen.png","type":"image\/png"}],"twitter_card":"summary_large_image","schema":{"@context":"https:\/\/schema.org","@graph":[{"@type":"WebPage","@id":"https:\/\/www.uhl-menu.com\/pt-pt\/produkt\/pasta-para-quarto-de-hotel-anello\/","url":"https:\/\/www.uhl-menu.com\/pt-pt\/produkt\/pasta-para-quarto-de-hotel-anello\/","name":"Pasta para quarto de hotel Anello \u00bb Pastas para hotel - menu de Uhl","isPartOf":{"@id":"https:\/\/www.uhl-menu.com\/pt-pt\/#website"},"primaryImageOfPage":{"@id":"https:\/\/www.uhl-menu.com\/pt-pt\/produkt\/pasta-para-quarto-de-hotel-anello\/#primaryimage"},"image":{"@id":"https:\/\/www.uhl-menu.com\/pt-pt\/produkt\/pasta-para-quarto-de-hotel-anello\/#primaryimage"},"thumbnailUrl":"https:\/\/www.uhl-menu.com\/wp-content\/uploads\/hotelzimmermappe-anello-hotelmappen.png","datePublished":"2021-11-25T15:32:16+00:00","breadcrumb":{"@id":"https:\/\/www.uhl-menu.com\/pt-pt\/produkt\/pasta-para-quarto-de-hotel-anello\/#breadcrumb"},"inLanguage":"pt-PT","potentialAction":[{"@type":"ReadAction","target":["https:\/\/www.uhl-menu.com\/pt-pt\/produkt\/pasta-para-quarto-de-hotel-anello\/"]}]},{"@type":"ImageObject","inLanguage":"pt-PT","@id":"https:\/\/www.uhl-menu.com\/pt-pt\/produkt\/pasta-para-quarto-de-hotel-anello\/#primaryimage","url":"https:\/\/www.uhl-menu.com\/wp-content\/uploads\/hotelzimmermappe-anello-hotelmappen.png","contentUrl":"https:\/\/www.uhl-menu.com\/wp-content\/uploads\/hotelzimmermappe-anello-hotelmappen.png","width":1600,"height":1125,"caption":"Hotel folders &amp; room folders: Model hotel room folder Anello from Uhl Menu"},{"@type":"BreadcrumbList","@id":"https:\/\/www.uhl-menu.com\/pt-pt\/produkt\/pasta-para-quarto-de-hotel-anello\/#breadcrumb","itemListElement":[{"@type":"ListItem","position":1,"name":"Startseite","item":"https:\/\/www.uhl-menu.com\/pt-pt\/pagina-inicial\/"},{"@type":"ListItem","position":2,"name":"Loja","item":"https:\/\/www.uhl-menu.com\/pt-pt\/loja\/"},{"@type":"ListItem","position":3,"name":"Pasta para quarto de hotel Anello"}]},{"@type":"WebSite","@id":"https:\/\/www.uhl-menu.com\/pt-pt\/#website","url":"https:\/\/www.uhl-menu.com\/pt-pt\/","name":"menu de Uhl","description":"e fabricant de menus UHL, fond\u00e9 en 1982, s&#039;est donn\u00e9 d\u00e8s ses d\u00e9buts pour mission de se sp\u00e9cialiser dans les menus et les cartes des vins.","publisher":{"@id":"https:\/\/www.uhl-menu.com\/pt-pt\/#organization"},"potentialAction":[{"@type":"SearchAction","target":{"@type":"EntryPoint","urlTemplate":"https:\/\/www.uhl-menu.com\/pt-pt\/?s={search_term_string}"},"query-input":{"@type":"PropertyValueSpecification","valueRequired":true,"valueName":"search_term_string"}}],"inLanguage":"pt-PT"},{"@type":"Organization","@id":"https:\/\/www.uhl-menu.com\/pt-pt\/#organization","name":"menu de Uhl","url":"https:\/\/www.uhl-menu.com\/pt-pt\/","logo":{"@type":"ImageObject","inLanguage":"pt-PT","@id":"https:\/\/www.uhl-menu.com\/pt-pt\/#\/schema\/logo\/image\/","url":"https:\/\/www.uhl-menu.com\/wp-content\/uploads\/uhl-logo.png","contentUrl":"https:\/\/www.uhl-menu.com\/wp-content\/uploads\/uhl-logo.png","width":66,"height":41,"caption":"menu de Uhl"},"image":{"@id":"https:\/\/www.uhl-menu.com\/pt-pt\/#\/schema\/logo\/image\/"},"sameAs":["https:\/\/www.facebook.com\/uhlspeisekarten","https:\/\/www.youtube.com\/channel\/UCz6fCHDC_EvIaFfibirEF8A\/videos"]}]}},"_links":{"self":[{"href":"https:\/\/www.uhl-menu.com\/pt-pt\/wp-json\/wp\/v2\/product\/86338","targetHints":{"allow":["GET"]}}],"collection":[{"href":"https:\/\/www.uhl-menu.com\/pt-pt\/wp-json\/wp\/v2\/product"}],"about":[{"href":"https:\/\/www.uhl-menu.com\/pt-pt\/wp-json\/wp\/v2\/types\/product"}],"wp:featuredmedia":[{"embeddable":true,"href":"https:\/\/www.uhl-menu.com\/pt-pt\/wp-json\/wp\/v2\/media\/86348"}],"wp:attachment":[{"href":"https:\/\/www.uhl-menu.com\/pt-pt\/wp-json\/wp\/v2\/media?parent=86338"}],"wp:term":[{"taxonomy":"product_brand","embeddable":true,"href":"https:\/\/www.uhl-menu.com\/pt-pt\/wp-json\/wp\/v2\/product_brand?post=86338"},{"taxonomy":"product_cat","embeddable":true,"href":"https:\/\/www.uhl-menu.com\/pt-pt\/wp-json\/wp\/v2\/product_cat?post=86338"},{"taxonomy":"product_tag","embeddable":true,"href":"https:\/\/www.uhl-menu.com\/pt-pt\/wp-json\/wp\/v2\/product_tag?post=86338"}],"curies":[{"name":"wp","href":"https:\/\/api.w.org\/{rel}","templated":true}]}}