{"id":86456,"date":"2021-11-25T16:33:36","date_gmt":"2021-11-25T15:33:36","guid":{"rendered":"https:\/\/www.uhl-menu.com\/produkt\/suporte-de-mesa\/"},"modified":"2021-11-25T16:33:36","modified_gmt":"2021-11-25T15:33:36","slug":"suporte-de-mesa","status":"publish","type":"product","link":"https:\/\/www.uhl-menu.com\/pt-pt\/produkt\/suporte-de-mesa\/","title":{"rendered":"Suporte de mesa"},"content":{"rendered":"<p>Como um vendedor silencioso, o suporte de mesa apresenta especialidades adicionais e pratos do dia de forma elegante. Gra\u00e7as \u00e0s suas dimens\u00f5es compactas e \u00e0s v\u00e1rias varia\u00e7\u00f5es de cores, adapta-se perfeitamente a qualquer mesa e ambiente, por exemplo como um elegante suporte de mesa para menus, pratos do dia ou sobremesas. <\/p>\n<p>O suporte de mesa disp\u00f5e de duas op\u00e7\u00f5es pr\u00e1ticas de inser\u00e7\u00e3o. As bordas fechadas, a borda resistente a vincos e as superf\u00edcies de f\u00e1cil manuten\u00e7\u00e3o tornam o suporte particularmente resistente ao uso di\u00e1rio. <\/p>\n","protected":false},"excerpt":{"rendered":"<p>Como um vendedor silencioso, o suporte de mesa apresenta especialidades adicionais e pratos do dia de forma elegante. Gra\u00e7as \u00e0s suas dimens\u00f5es compactas e \u00e0s v\u00e1rias varia\u00e7\u00f5es de cores, adapta-se perfeitamente a qualquer mesa e ambiente, por exemplo como um elegante suporte de mesa para menus, pratos do dia ou sobremesas. O suporte de mesa [&hellip;]<\/p>\n","protected":false},"featured_media":86461,"template":"","meta":{"_acf_changed":false},"product_brand":[],"product_cat":[1678,1724,1731,1691,1680,1679,1693,1692,1709,1809],"product_tag":[],"class_list":{"0":"post-86456","1":"product","2":"type-product","3":"status-publish","4":"has-post-thumbnail","6":"product_cat-capa-dura","7":"product_cat-cartao","8":"product_cat-duas-faces","9":"product_cat-linho","10":"product_cat-repelente-a-agua","11":"product_cat-resistente-a-gordura","12":"product_cat-restantes-modelos","13":"product_cat-suporte-de-mesa-pt-pt","14":"product_cat-suporte-de-mesa-em-cartao","15":"product_cat-suporte-de-mesa-em-madeira","16":"pa_format-l-11x11x30-pt-pt","17":"pa_format-m-11x11x21-pt-pt","18":"pa_format-s-11x11x15-pt-pt","19":"tm-has-options","21":"first","22":"instock","23":"taxable","24":"shipping-taxable","25":"purchasable","26":"product-type-variable"},"acf":[],"yoast_head":"<!-- This site is optimized with the Yoast SEO plugin v26.0 - https:\/\/yoast.com\/wordpress\/plugins\/seo\/ -->\n<title>Suporte de mesa \u00bb Suporte de mesa elegante para menus - menu de Uhl<\/title>\n<meta name=\"robots\" content=\"index, follow, max-snippet:-1, max-image-preview:large, max-video-preview:-1\" \/>\n<link rel=\"canonical\" href=\"https:\/\/www.uhl-menu.com\/pt-pt\/produkt\/suporte-de-mesa\/\" \/>\n<meta property=\"og:locale\" content=\"pt_PT\" \/>\n<meta property=\"og:type\" content=\"article\" \/>\n<meta property=\"og:title\" content=\"Suporte de mesa \u00bb Suporte de mesa elegante para menus - menu de Uhl\" \/>\n<meta property=\"og:description\" content=\"Como um vendedor silencioso, o suporte de mesa apresenta especialidades adicionais e pratos do dia de forma elegante. Gra\u00e7as \u00e0s suas dimens\u00f5es compactas e \u00e0s v\u00e1rias varia\u00e7\u00f5es de cores, adapta-se perfeitamente a qualquer mesa e ambiente, por exemplo como um elegante suporte de mesa para menus, pratos do dia ou sobremesas. O suporte de mesa [&hellip;]\" \/>\n<meta property=\"og:url\" content=\"https:\/\/www.uhl-menu.com\/pt-pt\/produkt\/suporte-de-mesa\/\" \/>\n<meta property=\"og:site_name\" content=\"menu de Uhl\" \/>\n<meta property=\"article:publisher\" content=\"https:\/\/www.facebook.com\/uhlspeisekarten\" \/>\n<meta property=\"og:image\" content=\"https:\/\/www.uhl-menu.com\/wp-content\/uploads\/tischstaender-eleganter-tischstaender-fuer-speisekarten.png\" \/>\n\t<meta property=\"og:image:width\" content=\"1600\" \/>\n\t<meta property=\"og:image:height\" content=\"1125\" \/>\n\t<meta property=\"og:image:type\" content=\"image\/png\" \/>\n<meta name=\"twitter:card\" content=\"summary_large_image\" \/>\n<script type=\"application\/ld+json\" class=\"yoast-schema-graph\">{\"@context\":\"https:\/\/schema.org\",\"@graph\":[{\"@type\":\"WebPage\",\"@id\":\"https:\/\/www.uhl-menu.com\/pt-pt\/produkt\/suporte-de-mesa\/\",\"url\":\"https:\/\/www.uhl-menu.com\/pt-pt\/produkt\/suporte-de-mesa\/\",\"name\":\"Suporte de mesa \u00bb Suporte de mesa elegante para menus - menu de Uhl\",\"isPartOf\":{\"@id\":\"https:\/\/www.uhl-menu.com\/pt-pt\/#website\"},\"primaryImageOfPage\":{\"@id\":\"https:\/\/www.uhl-menu.com\/pt-pt\/produkt\/suporte-de-mesa\/#primaryimage\"},\"image\":{\"@id\":\"https:\/\/www.uhl-menu.com\/pt-pt\/produkt\/suporte-de-mesa\/#primaryimage\"},\"thumbnailUrl\":\"https:\/\/www.uhl-menu.com\/wp-content\/uploads\/tischstaender-eleganter-tischstaender-fuer-speisekarten.png\",\"datePublished\":\"2021-11-25T15:33:36+00:00\",\"breadcrumb\":{\"@id\":\"https:\/\/www.uhl-menu.com\/pt-pt\/produkt\/suporte-de-mesa\/#breadcrumb\"},\"inLanguage\":\"pt-PT\",\"potentialAction\":[{\"@type\":\"ReadAction\",\"target\":[\"https:\/\/www.uhl-menu.com\/pt-pt\/produkt\/suporte-de-mesa\/\"]}]},{\"@type\":\"ImageObject\",\"inLanguage\":\"pt-PT\",\"@id\":\"https:\/\/www.uhl-menu.com\/pt-pt\/produkt\/suporte-de-mesa\/#primaryimage\",\"url\":\"https:\/\/www.uhl-menu.com\/wp-content\/uploads\/tischstaender-eleganter-tischstaender-fuer-speisekarten.png\",\"contentUrl\":\"https:\/\/www.uhl-menu.com\/wp-content\/uploads\/tischstaender-eleganter-tischstaender-fuer-speisekarten.png\",\"width\":1600,\"height\":1125,\"caption\":\"Elegant table stand for menus: Table stand model from Uhl Menu\"},{\"@type\":\"BreadcrumbList\",\"@id\":\"https:\/\/www.uhl-menu.com\/pt-pt\/produkt\/suporte-de-mesa\/#breadcrumb\",\"itemListElement\":[{\"@type\":\"ListItem\",\"position\":1,\"name\":\"Startseite\",\"item\":\"https:\/\/www.uhl-menu.com\/pt-pt\/pagina-inicial\/\"},{\"@type\":\"ListItem\",\"position\":2,\"name\":\"Loja\",\"item\":\"https:\/\/www.uhl-menu.com\/pt-pt\/loja\/\"},{\"@type\":\"ListItem\",\"position\":3,\"name\":\"Suporte de mesa\"}]},{\"@type\":\"WebSite\",\"@id\":\"https:\/\/www.uhl-menu.com\/pt-pt\/#website\",\"url\":\"https:\/\/www.uhl-menu.com\/pt-pt\/\",\"name\":\"menu de Uhl\",\"description\":\"e fabricant de menus UHL, fond\u00e9 en 1982, s&#039;est donn\u00e9 d\u00e8s ses d\u00e9buts pour mission de se sp\u00e9cialiser dans les menus et les cartes des vins.\",\"publisher\":{\"@id\":\"https:\/\/www.uhl-menu.com\/pt-pt\/#organization\"},\"potentialAction\":[{\"@type\":\"SearchAction\",\"target\":{\"@type\":\"EntryPoint\",\"urlTemplate\":\"https:\/\/www.uhl-menu.com\/pt-pt\/?s={search_term_string}\"},\"query-input\":{\"@type\":\"PropertyValueSpecification\",\"valueRequired\":true,\"valueName\":\"search_term_string\"}}],\"inLanguage\":\"pt-PT\"},{\"@type\":\"Organization\",\"@id\":\"https:\/\/www.uhl-menu.com\/pt-pt\/#organization\",\"name\":\"menu de Uhl\",\"url\":\"https:\/\/www.uhl-menu.com\/pt-pt\/\",\"logo\":{\"@type\":\"ImageObject\",\"inLanguage\":\"pt-PT\",\"@id\":\"https:\/\/www.uhl-menu.com\/pt-pt\/#\/schema\/logo\/image\/\",\"url\":\"https:\/\/www.uhl-menu.com\/wp-content\/uploads\/uhl-logo.png\",\"contentUrl\":\"https:\/\/www.uhl-menu.com\/wp-content\/uploads\/uhl-logo.png\",\"width\":66,\"height\":41,\"caption\":\"menu de Uhl\"},\"image\":{\"@id\":\"https:\/\/www.uhl-menu.com\/pt-pt\/#\/schema\/logo\/image\/\"},\"sameAs\":[\"https:\/\/www.facebook.com\/uhlspeisekarten\",\"https:\/\/www.youtube.com\/channel\/UCz6fCHDC_EvIaFfibirEF8A\/videos\"]}]}<\/script>\n<!-- \/ Yoast SEO plugin. -->","yoast_head_json":{"title":"Suporte de mesa \u00bb Suporte de mesa elegante para menus - menu de Uhl","robots":{"index":"index","follow":"follow","max-snippet":"max-snippet:-1","max-image-preview":"max-image-preview:large","max-video-preview":"max-video-preview:-1"},"canonical":"https:\/\/www.uhl-menu.com\/pt-pt\/produkt\/suporte-de-mesa\/","og_locale":"pt_PT","og_type":"article","og_title":"Suporte de mesa \u00bb Suporte de mesa elegante para menus - menu de Uhl","og_description":"Como um vendedor silencioso, o suporte de mesa apresenta especialidades adicionais e pratos do dia de forma elegante. Gra\u00e7as \u00e0s suas dimens\u00f5es compactas e \u00e0s v\u00e1rias varia\u00e7\u00f5es de cores, adapta-se perfeitamente a qualquer mesa e ambiente, por exemplo como um elegante suporte de mesa para menus, pratos do dia ou sobremesas. O suporte de mesa [&hellip;]","og_url":"https:\/\/www.uhl-menu.com\/pt-pt\/produkt\/suporte-de-mesa\/","og_site_name":"menu de Uhl","article_publisher":"https:\/\/www.facebook.com\/uhlspeisekarten","og_image":[{"width":1600,"height":1125,"url":"https:\/\/www.uhl-menu.com\/wp-content\/uploads\/tischstaender-eleganter-tischstaender-fuer-speisekarten.png","type":"image\/png"}],"twitter_card":"summary_large_image","schema":{"@context":"https:\/\/schema.org","@graph":[{"@type":"WebPage","@id":"https:\/\/www.uhl-menu.com\/pt-pt\/produkt\/suporte-de-mesa\/","url":"https:\/\/www.uhl-menu.com\/pt-pt\/produkt\/suporte-de-mesa\/","name":"Suporte de mesa \u00bb Suporte de mesa elegante para menus - menu de Uhl","isPartOf":{"@id":"https:\/\/www.uhl-menu.com\/pt-pt\/#website"},"primaryImageOfPage":{"@id":"https:\/\/www.uhl-menu.com\/pt-pt\/produkt\/suporte-de-mesa\/#primaryimage"},"image":{"@id":"https:\/\/www.uhl-menu.com\/pt-pt\/produkt\/suporte-de-mesa\/#primaryimage"},"thumbnailUrl":"https:\/\/www.uhl-menu.com\/wp-content\/uploads\/tischstaender-eleganter-tischstaender-fuer-speisekarten.png","datePublished":"2021-11-25T15:33:36+00:00","breadcrumb":{"@id":"https:\/\/www.uhl-menu.com\/pt-pt\/produkt\/suporte-de-mesa\/#breadcrumb"},"inLanguage":"pt-PT","potentialAction":[{"@type":"ReadAction","target":["https:\/\/www.uhl-menu.com\/pt-pt\/produkt\/suporte-de-mesa\/"]}]},{"@type":"ImageObject","inLanguage":"pt-PT","@id":"https:\/\/www.uhl-menu.com\/pt-pt\/produkt\/suporte-de-mesa\/#primaryimage","url":"https:\/\/www.uhl-menu.com\/wp-content\/uploads\/tischstaender-eleganter-tischstaender-fuer-speisekarten.png","contentUrl":"https:\/\/www.uhl-menu.com\/wp-content\/uploads\/tischstaender-eleganter-tischstaender-fuer-speisekarten.png","width":1600,"height":1125,"caption":"Elegant table stand for menus: Table stand model from Uhl Menu"},{"@type":"BreadcrumbList","@id":"https:\/\/www.uhl-menu.com\/pt-pt\/produkt\/suporte-de-mesa\/#breadcrumb","itemListElement":[{"@type":"ListItem","position":1,"name":"Startseite","item":"https:\/\/www.uhl-menu.com\/pt-pt\/pagina-inicial\/"},{"@type":"ListItem","position":2,"name":"Loja","item":"https:\/\/www.uhl-menu.com\/pt-pt\/loja\/"},{"@type":"ListItem","position":3,"name":"Suporte de mesa"}]},{"@type":"WebSite","@id":"https:\/\/www.uhl-menu.com\/pt-pt\/#website","url":"https:\/\/www.uhl-menu.com\/pt-pt\/","name":"menu de Uhl","description":"e fabricant de menus UHL, fond\u00e9 en 1982, s&#039;est donn\u00e9 d\u00e8s ses d\u00e9buts pour mission de se sp\u00e9cialiser dans les menus et les cartes des vins.","publisher":{"@id":"https:\/\/www.uhl-menu.com\/pt-pt\/#organization"},"potentialAction":[{"@type":"SearchAction","target":{"@type":"EntryPoint","urlTemplate":"https:\/\/www.uhl-menu.com\/pt-pt\/?s={search_term_string}"},"query-input":{"@type":"PropertyValueSpecification","valueRequired":true,"valueName":"search_term_string"}}],"inLanguage":"pt-PT"},{"@type":"Organization","@id":"https:\/\/www.uhl-menu.com\/pt-pt\/#organization","name":"menu de Uhl","url":"https:\/\/www.uhl-menu.com\/pt-pt\/","logo":{"@type":"ImageObject","inLanguage":"pt-PT","@id":"https:\/\/www.uhl-menu.com\/pt-pt\/#\/schema\/logo\/image\/","url":"https:\/\/www.uhl-menu.com\/wp-content\/uploads\/uhl-logo.png","contentUrl":"https:\/\/www.uhl-menu.com\/wp-content\/uploads\/uhl-logo.png","width":66,"height":41,"caption":"menu de Uhl"},"image":{"@id":"https:\/\/www.uhl-menu.com\/pt-pt\/#\/schema\/logo\/image\/"},"sameAs":["https:\/\/www.facebook.com\/uhlspeisekarten","https:\/\/www.youtube.com\/channel\/UCz6fCHDC_EvIaFfibirEF8A\/videos"]}]}},"_links":{"self":[{"href":"https:\/\/www.uhl-menu.com\/pt-pt\/wp-json\/wp\/v2\/product\/86456","targetHints":{"allow":["GET"]}}],"collection":[{"href":"https:\/\/www.uhl-menu.com\/pt-pt\/wp-json\/wp\/v2\/product"}],"about":[{"href":"https:\/\/www.uhl-menu.com\/pt-pt\/wp-json\/wp\/v2\/types\/product"}],"wp:featuredmedia":[{"embeddable":true,"href":"https:\/\/www.uhl-menu.com\/pt-pt\/wp-json\/wp\/v2\/media\/86461"}],"wp:attachment":[{"href":"https:\/\/www.uhl-menu.com\/pt-pt\/wp-json\/wp\/v2\/media?parent=86456"}],"wp:term":[{"taxonomy":"product_brand","embeddable":true,"href":"https:\/\/www.uhl-menu.com\/pt-pt\/wp-json\/wp\/v2\/product_brand?post=86456"},{"taxonomy":"product_cat","embeddable":true,"href":"https:\/\/www.uhl-menu.com\/pt-pt\/wp-json\/wp\/v2\/product_cat?post=86456"},{"taxonomy":"product_tag","embeddable":true,"href":"https:\/\/www.uhl-menu.com\/pt-pt\/wp-json\/wp\/v2\/product_tag?post=86456"}],"curies":[{"name":"wp","href":"https:\/\/api.w.org\/{rel}","templated":true}]}}