{"id":86577,"date":"2025-01-29T08:19:14","date_gmt":"2025-01-29T07:19:14","guid":{"rendered":"https:\/\/www.uhl-menu.com\/produkt\/cartao-magnetico-de-3-faces\/"},"modified":"2025-01-29T08:19:14","modified_gmt":"2025-01-29T07:19:14","slug":"cartao-magnetico-de-3-faces","status":"publish","type":"product","link":"https:\/\/www.uhl-menu.com\/pt-pt\/produkt\/cartao-magnetico-de-3-faces\/","title":{"rendered":"Cart\u00e3o magn\u00e9tico de 3 faces"},"content":{"rendered":"<p>Semelhante ao nosso modelo Tabernacle, o nosso cart\u00e3o magn\u00e9tico de 3 faces apresenta a sua oferta de forma particularmente atrativa. Um dos dois lados A4 deste modelo \u00e9 dividido longitudinalmente. Isto resulta numa sec\u00e7\u00e3o central em A4 e em duas sec\u00e7\u00f5es laterais com papel A4 cortado ao meio no sentido do comprimento, ideais para entradas, sobremesas ou sugest\u00f5es do dia. Naturalmente, este cart\u00e3o tamb\u00e9m pode ser produzido para 1 folha A5 ou 1 folha A3 ao centro.   <\/p>\n<p>As tiras magn\u00e9ticas verticais no interior tornam particularmente f\u00e1cil trocar as folhas individuais. As duas abas na borda exterior possuem cada uma uma barra magn\u00e9tica estreita e vertical para manter as folhas no lugar. A folha central \u00e9 fixada por uma barra magn\u00e9tica estreita e vertical \u00e0 direita e \u00e0 esquerda. Isto torna o nosso cart\u00e3o magn\u00e9tico de 3 faces particularmente flex\u00edvel e as folhas muito f\u00e1ceis de substituir.   <\/p>\n<p>A capa dura tem um design robusto com bordos fechados e \u00e9 revestida com material de alta qualidade no interior e no exterior. As superf\u00edcies repelentes \u00e0 sujidade e de f\u00e1cil manuten\u00e7\u00e3o, bem como os materiais resistentes ao rasgo com que as tr\u00eas partes individuais s\u00e3o unidas, garantem uma excelente durabilidade. <\/p>\n","protected":false},"excerpt":{"rendered":"<p>Semelhante ao nosso modelo Tabernacle, o nosso cart\u00e3o magn\u00e9tico de 3 faces apresenta a sua oferta de forma particularmente atrativa. Um dos dois lados A4 deste modelo \u00e9 dividido longitudinalmente. Isto resulta numa sec\u00e7\u00e3o central em A4 e em duas sec\u00e7\u00f5es laterais com papel A4 cortado ao meio no sentido do comprimento, ideais para entradas, [&hellip;]<\/p>\n","protected":false},"featured_media":86583,"template":"","meta":{"_acf_changed":false},"product_brand":[],"product_cat":[1725,1678,1676,1681,1708,1691,1710,1707,1680,1679],"product_tag":[],"class_list":{"0":"post-86577","1":"product","2":"type-product","3":"status-publish","4":"has-post-thumbnail","6":"product_cat-3-faces","7":"product_cat-capa-dura","8":"product_cat-cartas-de-menu","9":"product_cat-encadernado","10":"product_cat-imitacao-de-pele","11":"product_cat-linho","12":"product_cat-material-sintetico","13":"product_cat-pele-genuina","14":"product_cat-repelente-a-agua","15":"product_cat-resistente-a-gordura","16":"tm-has-options","18":"first","19":"instock","20":"taxable","21":"shipping-taxable","22":"purchasable","23":"product-type-variable"},"acf":[],"yoast_head":"<!-- This site is optimized with the Yoast SEO plugin v26.0 - https:\/\/yoast.com\/wordpress\/plugins\/seo\/ -->\n<title>Cart\u00e3o magn\u00e9tico de 3 faces \u00bb Pasta de menu com barra magn\u00e9tica - menu de Uhl<\/title>\n<meta name=\"robots\" content=\"index, follow, max-snippet:-1, max-image-preview:large, max-video-preview:-1\" \/>\n<link rel=\"canonical\" href=\"https:\/\/www.uhl-menu.com\/pt-pt\/produkt\/cartao-magnetico-de-3-faces\/\" \/>\n<meta property=\"og:locale\" content=\"pt_PT\" \/>\n<meta property=\"og:type\" content=\"article\" \/>\n<meta property=\"og:title\" content=\"Cart\u00e3o magn\u00e9tico de 3 faces \u00bb Pasta de menu com barra magn\u00e9tica - menu de Uhl\" \/>\n<meta property=\"og:description\" content=\"Semelhante ao nosso modelo Tabernacle, o nosso cart\u00e3o magn\u00e9tico de 3 faces apresenta a sua oferta de forma particularmente atrativa. Um dos dois lados A4 deste modelo \u00e9 dividido longitudinalmente. Isto resulta numa sec\u00e7\u00e3o central em A4 e em duas sec\u00e7\u00f5es laterais com papel A4 cortado ao meio no sentido do comprimento, ideais para entradas, [&hellip;]\" \/>\n<meta property=\"og:url\" content=\"https:\/\/www.uhl-menu.com\/pt-pt\/produkt\/cartao-magnetico-de-3-faces\/\" \/>\n<meta property=\"og:site_name\" content=\"menu de Uhl\" \/>\n<meta property=\"article:publisher\" content=\"https:\/\/www.facebook.com\/uhlspeisekarten\" \/>\n<meta property=\"og:image\" content=\"https:\/\/www.uhl-menu.com\/wp-content\/uploads\/Magnetkarte-mit-Magic-Element_Produkt_front-3-Mittel.jpg\" \/>\n\t<meta property=\"og:image:width\" content=\"1092\" \/>\n\t<meta property=\"og:image:height\" content=\"768\" \/>\n\t<meta property=\"og:image:type\" content=\"image\/jpeg\" \/>\n<meta name=\"twitter:card\" content=\"summary_large_image\" \/>\n<meta name=\"twitter:label1\" content=\"Tempo estimado de leitura\" \/>\n\t<meta name=\"twitter:data1\" content=\"1 minuto\" \/>\n<script type=\"application\/ld+json\" class=\"yoast-schema-graph\">{\"@context\":\"https:\/\/schema.org\",\"@graph\":[{\"@type\":\"WebPage\",\"@id\":\"https:\/\/www.uhl-menu.com\/pt-pt\/produkt\/cartao-magnetico-de-3-faces\/\",\"url\":\"https:\/\/www.uhl-menu.com\/pt-pt\/produkt\/cartao-magnetico-de-3-faces\/\",\"name\":\"Cart\u00e3o magn\u00e9tico de 3 faces \u00bb Pasta de menu com barra magn\u00e9tica - menu de Uhl\",\"isPartOf\":{\"@id\":\"https:\/\/www.uhl-menu.com\/pt-pt\/#website\"},\"primaryImageOfPage\":{\"@id\":\"https:\/\/www.uhl-menu.com\/pt-pt\/produkt\/cartao-magnetico-de-3-faces\/#primaryimage\"},\"image\":{\"@id\":\"https:\/\/www.uhl-menu.com\/pt-pt\/produkt\/cartao-magnetico-de-3-faces\/#primaryimage\"},\"thumbnailUrl\":\"https:\/\/www.uhl-menu.com\/wp-content\/uploads\/Magnetkarte-mit-Magic-Element_Produkt_front-3-Mittel.jpg\",\"datePublished\":\"2025-01-29T07:19:14+00:00\",\"breadcrumb\":{\"@id\":\"https:\/\/www.uhl-menu.com\/pt-pt\/produkt\/cartao-magnetico-de-3-faces\/#breadcrumb\"},\"inLanguage\":\"pt-PT\",\"potentialAction\":[{\"@type\":\"ReadAction\",\"target\":[\"https:\/\/www.uhl-menu.com\/pt-pt\/produkt\/cartao-magnetico-de-3-faces\/\"]}]},{\"@type\":\"ImageObject\",\"inLanguage\":\"pt-PT\",\"@id\":\"https:\/\/www.uhl-menu.com\/pt-pt\/produkt\/cartao-magnetico-de-3-faces\/#primaryimage\",\"url\":\"https:\/\/www.uhl-menu.com\/wp-content\/uploads\/Magnetkarte-mit-Magic-Element_Produkt_front-3-Mittel.jpg\",\"contentUrl\":\"https:\/\/www.uhl-menu.com\/wp-content\/uploads\/Magnetkarte-mit-Magic-Element_Produkt_front-3-Mittel.jpg\",\"width\":1092,\"height\":768,\"caption\":\"Magnetkarte mit Magic Element\"},{\"@type\":\"BreadcrumbList\",\"@id\":\"https:\/\/www.uhl-menu.com\/pt-pt\/produkt\/cartao-magnetico-de-3-faces\/#breadcrumb\",\"itemListElement\":[{\"@type\":\"ListItem\",\"position\":1,\"name\":\"Startseite\",\"item\":\"https:\/\/www.uhl-menu.com\/pt-pt\/pagina-inicial\/\"},{\"@type\":\"ListItem\",\"position\":2,\"name\":\"Loja\",\"item\":\"https:\/\/www.uhl-menu.com\/pt-pt\/loja\/\"},{\"@type\":\"ListItem\",\"position\":3,\"name\":\"Cart\u00e3o magn\u00e9tico de 3 faces\"}]},{\"@type\":\"WebSite\",\"@id\":\"https:\/\/www.uhl-menu.com\/pt-pt\/#website\",\"url\":\"https:\/\/www.uhl-menu.com\/pt-pt\/\",\"name\":\"menu de Uhl\",\"description\":\"e fabricant de menus UHL, fond\u00e9 en 1982, s&#039;est donn\u00e9 d\u00e8s ses d\u00e9buts pour mission de se sp\u00e9cialiser dans les menus et les cartes des vins.\",\"publisher\":{\"@id\":\"https:\/\/www.uhl-menu.com\/pt-pt\/#organization\"},\"potentialAction\":[{\"@type\":\"SearchAction\",\"target\":{\"@type\":\"EntryPoint\",\"urlTemplate\":\"https:\/\/www.uhl-menu.com\/pt-pt\/?s={search_term_string}\"},\"query-input\":{\"@type\":\"PropertyValueSpecification\",\"valueRequired\":true,\"valueName\":\"search_term_string\"}}],\"inLanguage\":\"pt-PT\"},{\"@type\":\"Organization\",\"@id\":\"https:\/\/www.uhl-menu.com\/pt-pt\/#organization\",\"name\":\"menu de Uhl\",\"url\":\"https:\/\/www.uhl-menu.com\/pt-pt\/\",\"logo\":{\"@type\":\"ImageObject\",\"inLanguage\":\"pt-PT\",\"@id\":\"https:\/\/www.uhl-menu.com\/pt-pt\/#\/schema\/logo\/image\/\",\"url\":\"https:\/\/www.uhl-menu.com\/wp-content\/uploads\/uhl-logo.png\",\"contentUrl\":\"https:\/\/www.uhl-menu.com\/wp-content\/uploads\/uhl-logo.png\",\"width\":66,\"height\":41,\"caption\":\"menu de Uhl\"},\"image\":{\"@id\":\"https:\/\/www.uhl-menu.com\/pt-pt\/#\/schema\/logo\/image\/\"},\"sameAs\":[\"https:\/\/www.facebook.com\/uhlspeisekarten\",\"https:\/\/www.youtube.com\/channel\/UCz6fCHDC_EvIaFfibirEF8A\/videos\"]}]}<\/script>\n<!-- \/ Yoast SEO plugin. -->","yoast_head_json":{"title":"Cart\u00e3o magn\u00e9tico de 3 faces \u00bb Pasta de menu com barra magn\u00e9tica - menu de Uhl","robots":{"index":"index","follow":"follow","max-snippet":"max-snippet:-1","max-image-preview":"max-image-preview:large","max-video-preview":"max-video-preview:-1"},"canonical":"https:\/\/www.uhl-menu.com\/pt-pt\/produkt\/cartao-magnetico-de-3-faces\/","og_locale":"pt_PT","og_type":"article","og_title":"Cart\u00e3o magn\u00e9tico de 3 faces \u00bb Pasta de menu com barra magn\u00e9tica - menu de Uhl","og_description":"Semelhante ao nosso modelo Tabernacle, o nosso cart\u00e3o magn\u00e9tico de 3 faces apresenta a sua oferta de forma particularmente atrativa. Um dos dois lados A4 deste modelo \u00e9 dividido longitudinalmente. Isto resulta numa sec\u00e7\u00e3o central em A4 e em duas sec\u00e7\u00f5es laterais com papel A4 cortado ao meio no sentido do comprimento, ideais para entradas, [&hellip;]","og_url":"https:\/\/www.uhl-menu.com\/pt-pt\/produkt\/cartao-magnetico-de-3-faces\/","og_site_name":"menu de Uhl","article_publisher":"https:\/\/www.facebook.com\/uhlspeisekarten","og_image":[{"width":1092,"height":768,"url":"https:\/\/www.uhl-menu.com\/wp-content\/uploads\/Magnetkarte-mit-Magic-Element_Produkt_front-3-Mittel.jpg","type":"image\/jpeg"}],"twitter_card":"summary_large_image","twitter_misc":{"Tempo estimado de leitura":"1 minuto"},"schema":{"@context":"https:\/\/schema.org","@graph":[{"@type":"WebPage","@id":"https:\/\/www.uhl-menu.com\/pt-pt\/produkt\/cartao-magnetico-de-3-faces\/","url":"https:\/\/www.uhl-menu.com\/pt-pt\/produkt\/cartao-magnetico-de-3-faces\/","name":"Cart\u00e3o magn\u00e9tico de 3 faces \u00bb Pasta de menu com barra magn\u00e9tica - menu de Uhl","isPartOf":{"@id":"https:\/\/www.uhl-menu.com\/pt-pt\/#website"},"primaryImageOfPage":{"@id":"https:\/\/www.uhl-menu.com\/pt-pt\/produkt\/cartao-magnetico-de-3-faces\/#primaryimage"},"image":{"@id":"https:\/\/www.uhl-menu.com\/pt-pt\/produkt\/cartao-magnetico-de-3-faces\/#primaryimage"},"thumbnailUrl":"https:\/\/www.uhl-menu.com\/wp-content\/uploads\/Magnetkarte-mit-Magic-Element_Produkt_front-3-Mittel.jpg","datePublished":"2025-01-29T07:19:14+00:00","breadcrumb":{"@id":"https:\/\/www.uhl-menu.com\/pt-pt\/produkt\/cartao-magnetico-de-3-faces\/#breadcrumb"},"inLanguage":"pt-PT","potentialAction":[{"@type":"ReadAction","target":["https:\/\/www.uhl-menu.com\/pt-pt\/produkt\/cartao-magnetico-de-3-faces\/"]}]},{"@type":"ImageObject","inLanguage":"pt-PT","@id":"https:\/\/www.uhl-menu.com\/pt-pt\/produkt\/cartao-magnetico-de-3-faces\/#primaryimage","url":"https:\/\/www.uhl-menu.com\/wp-content\/uploads\/Magnetkarte-mit-Magic-Element_Produkt_front-3-Mittel.jpg","contentUrl":"https:\/\/www.uhl-menu.com\/wp-content\/uploads\/Magnetkarte-mit-Magic-Element_Produkt_front-3-Mittel.jpg","width":1092,"height":768,"caption":"Magnetkarte mit Magic Element"},{"@type":"BreadcrumbList","@id":"https:\/\/www.uhl-menu.com\/pt-pt\/produkt\/cartao-magnetico-de-3-faces\/#breadcrumb","itemListElement":[{"@type":"ListItem","position":1,"name":"Startseite","item":"https:\/\/www.uhl-menu.com\/pt-pt\/pagina-inicial\/"},{"@type":"ListItem","position":2,"name":"Loja","item":"https:\/\/www.uhl-menu.com\/pt-pt\/loja\/"},{"@type":"ListItem","position":3,"name":"Cart\u00e3o magn\u00e9tico de 3 faces"}]},{"@type":"WebSite","@id":"https:\/\/www.uhl-menu.com\/pt-pt\/#website","url":"https:\/\/www.uhl-menu.com\/pt-pt\/","name":"menu de Uhl","description":"e fabricant de menus UHL, fond\u00e9 en 1982, s&#039;est donn\u00e9 d\u00e8s ses d\u00e9buts pour mission de se sp\u00e9cialiser dans les menus et les cartes des vins.","publisher":{"@id":"https:\/\/www.uhl-menu.com\/pt-pt\/#organization"},"potentialAction":[{"@type":"SearchAction","target":{"@type":"EntryPoint","urlTemplate":"https:\/\/www.uhl-menu.com\/pt-pt\/?s={search_term_string}"},"query-input":{"@type":"PropertyValueSpecification","valueRequired":true,"valueName":"search_term_string"}}],"inLanguage":"pt-PT"},{"@type":"Organization","@id":"https:\/\/www.uhl-menu.com\/pt-pt\/#organization","name":"menu de Uhl","url":"https:\/\/www.uhl-menu.com\/pt-pt\/","logo":{"@type":"ImageObject","inLanguage":"pt-PT","@id":"https:\/\/www.uhl-menu.com\/pt-pt\/#\/schema\/logo\/image\/","url":"https:\/\/www.uhl-menu.com\/wp-content\/uploads\/uhl-logo.png","contentUrl":"https:\/\/www.uhl-menu.com\/wp-content\/uploads\/uhl-logo.png","width":66,"height":41,"caption":"menu de Uhl"},"image":{"@id":"https:\/\/www.uhl-menu.com\/pt-pt\/#\/schema\/logo\/image\/"},"sameAs":["https:\/\/www.facebook.com\/uhlspeisekarten","https:\/\/www.youtube.com\/channel\/UCz6fCHDC_EvIaFfibirEF8A\/videos"]}]}},"_links":{"self":[{"href":"https:\/\/www.uhl-menu.com\/pt-pt\/wp-json\/wp\/v2\/product\/86577","targetHints":{"allow":["GET"]}}],"collection":[{"href":"https:\/\/www.uhl-menu.com\/pt-pt\/wp-json\/wp\/v2\/product"}],"about":[{"href":"https:\/\/www.uhl-menu.com\/pt-pt\/wp-json\/wp\/v2\/types\/product"}],"wp:featuredmedia":[{"embeddable":true,"href":"https:\/\/www.uhl-menu.com\/pt-pt\/wp-json\/wp\/v2\/media\/86583"}],"wp:attachment":[{"href":"https:\/\/www.uhl-menu.com\/pt-pt\/wp-json\/wp\/v2\/media?parent=86577"}],"wp:term":[{"taxonomy":"product_brand","embeddable":true,"href":"https:\/\/www.uhl-menu.com\/pt-pt\/wp-json\/wp\/v2\/product_brand?post=86577"},{"taxonomy":"product_cat","embeddable":true,"href":"https:\/\/www.uhl-menu.com\/pt-pt\/wp-json\/wp\/v2\/product_cat?post=86577"},{"taxonomy":"product_tag","embeddable":true,"href":"https:\/\/www.uhl-menu.com\/pt-pt\/wp-json\/wp\/v2\/product_tag?post=86577"}],"curies":[{"name":"wp","href":"https:\/\/api.w.org\/{rel}","templated":true}]}}